{"id":81,"date":"2024-09-02T14:29:47","date_gmt":"2024-09-02T12:29:47","guid":{"rendered":"https:\/\/www.whw.de\/ana-sayfa\/"},"modified":"2026-03-30T12:01:47","modified_gmt":"2026-03-30T10:01:47","slug":"ana-sayfa","status":"publish","type":"page","link":"https:\/\/www.whw.de\/tr\/","title":{"rendered":"Ana Sayfa"},"content":{"rendered":"\n<div class=\"container \"><div class=\"banner bg bg-grey-lighter overlay\"><picture class=\"image\"><source media=\"(max-width: 799px)\" data-srcset=\"https:\/\/www.whw.de\/wp-content\/uploads\/whw_farbwolke-1-1920x1400px-72dpi-800x800.jpg\"\/><source media=\"(max-width: 1199px)\" data-srcset=\"https:\/\/www.whw.de\/wp-content\/uploads\/whw_farbwolke-1-1920x1400px-72dpi-1200x670.jpg\"\/><source media=\"(min-width: 1200px)\" data-srcset=\"https:\/\/www.whw.de\/wp-content\/uploads\/whw_farbwolke-1-1920x1400px-72dpi-1920x670.jpg\"\/><img decoding=\"async\" loading=\"lazy\" src=\"data:image\/svg+xml,%3Csvg xmlns=%22http:\/\/www.w3.org\/2000\/svg%22 viewBox=%220 0 192 67%22 \/%3E\" alt=\"\" data-src=\"https:\/\/www.whw.de\/wp-content\/uploads\/whw_farbwolke-1-1920x1400px-72dpi-1920x670.jpg\" width=\"1920\" height=\"670\"><\/picture><video src=\"https:\/\/www.whw.de\/wp-content\/uploads\/Video-Startseite-WHW.mp4\" autoplay muted loop playsinline><\/video><div class=\"hero\"><span>O!<\/span><div class=\"content fc-white\">\n<h1 class=\"heading wp-block-heading\"><br><br>Y\u00fczeyin etraf\u0131nda ilham veriyoruz<\/h1>\n\n\n\n<a class=\"btn btn-primary bg-leaf btn-left\" href=\"www.whw.de\" rel=\"noopener\">\u015eimdi bilgi birikimimizi ke\u015ffedin<\/a>\n<\/div><\/div><\/div><\/div>\n\n\n\n<div class=\"container width-xl\"><div class=\"cols\">\n<div class=\"col bg bg-grey-lighter\">\n<div class=\"brand-card\"><picture class=\"image logo\"><source media=\"(min-width: 0px)\" data-srcset=\"https:\/\/www.whw.de\/wp-content\/uploads\/whw_hillebrand_logo.png\"\/><img decoding=\"async\" loading=\"lazy\" src=\"data:image\/svg+xml,%3Csvg xmlns=%22http:\/\/www.w3.org\/2000\/svg%22 viewBox=%220 0 469 32%22 \/%3E\" alt=\"\" data-src=\"https:\/\/www.whw.de\/wp-content\/uploads\/whw_hillebrand_logo.png\" width=\"2814\" height=\"192\"><\/picture><h4>HER \u015eEY\u0130N B\u0130R Y\u00dcZEY\u0130 VARDIR, B\u0130Z ONU M\u00dcKEMMELLE\u015eT\u0130R\u0130YORUZ<\/h4><p><br>WHW Hillebrand yakla\u015f\u0131k 90 y\u0131ld\u0131r katodik korozyon korumas\u0131 alan\u0131nda lider kaplama \u015firketidir.<\/p><picture class=\"image icon\"><source media=\"(min-width: 0px)\" data-srcset=\"https:\/\/www.whw.de\/wp-content\/uploads\/whw_Icon-hillebrand.png\"\/><img decoding=\"async\" loading=\"lazy\" src=\"data:image\/svg+xml,%3Csvg xmlns=%22http:\/\/www.w3.org\/2000\/svg%22 viewBox=%220 0 151 155%22 \/%3E\" alt=\"\" data-src=\"https:\/\/www.whw.de\/wp-content\/uploads\/whw_Icon-hillebrand.png\" width=\"151\" height=\"155\"><\/picture>\n<a class=\"btn btn-primary bg-leaf btn-left\" href=\"https:\/\/www.whw.de\/tr\/whw-hillebrand\/\" rel=\"noopener\">\u015eimdi ke\u015ffedin<\/a>\n<\/div>\n<\/div>\n\n\n\n<div class=\"col bg bg-grey-lighter\">\n<div class=\"brand-card\"><img data-picture-setting=\"grid-image-1x1\" class=\"wp-image-undefinedlogo\"\/><h4>KAPLAMA K\u0130MYASI B\u0130Z\u0130M ELEMENT\u0130M\u0130ZD\u0130R<\/h4><p><br>Hillebrand Chemicals, kaplama teknolojilerinin geli\u015ftirilmesi ve m\u00fc\u015fteriye \u00f6zel kaplama kimyasallar\u0131n\u0131n \u00fcretimi konusunda lider uzmand\u0131r.<\/p><picture class=\"image icon\"><source media=\"(min-width: 0px)\" data-srcset=\"https:\/\/www.whw.de\/wp-content\/uploads\/whw_Icon-chemicals.png\"\/><img decoding=\"async\" loading=\"lazy\" src=\"data:image\/svg+xml,%3Csvg xmlns=%22http:\/\/www.w3.org\/2000\/svg%22 viewBox=%220 0 151 155%22 \/%3E\" alt=\"\" data-src=\"https:\/\/www.whw.de\/wp-content\/uploads\/whw_Icon-chemicals.png\" width=\"151\" height=\"155\"><\/picture>\n<a class=\"btn btn-primary bg-leaf btn-left\" href=\"https:\/\/www.whw.de\/tr\/hillebrand-chemicals\/\" rel=\"noopener\">\u015eimdi ke\u015ffedin<\/a>\n<\/div>\n<\/div>\n<\/div><\/div>\n\n\n\n<div class=\"container width-xl\"><div class=\"banner bg bg-black\"><picture class=\"image\"><source media=\"(min-width: 0px)\" data-srcset=\"https:\/\/www.whw.de\/wp-content\/uploads\/Design-ohne-Titel-74.png\"\/><img decoding=\"async\" loading=\"lazy\" src=\"data:image\/svg+xml,%3Csvg xmlns=%22http:\/\/www.w3.org\/2000\/svg%22 viewBox=%220 0 2 1%22 \/%3E\" alt=\"\" data-src=\"https:\/\/www.whw.de\/wp-content\/uploads\/Design-ohne-Titel-74.png\" width=\"500\" height=\"250\"><\/picture><div class=\"content fc-white\">\n<h4 class=\"heading wp-block-heading\"><br>En y\u00fcksek mekanik dayan\u0131m ve elektriksel iletkenlik<\/h4>\n\n\n\n<h2 class=\"heading wp-block-heading\"><strong>SYNO<\/strong>GARD<br><\/h2>\n\n\n\n<p><br>En y\u00fcksek gereksinimler i\u00e7in kaplama inovasyonu<\/p>\n\n\n\n<a class=\"btn btn-primary bg-black btn-left\" href=\"https:\/\/www.whw.de\/?page_id=1383\" rel=\"noopener\">Daha fazla bilgi al\u0131n<\/a>\n<\/div><\/div><\/div>\n\n\n\n<div class=\"container width-xl\"><div class=\"cols\">\n<div class=\"col\">\n<div class=\"image-column align-center\"><picture class=\"image\"><source media=\"(min-width: 0px)\" data-srcset=\"https:\/\/www.whw.de\/wp-content\/uploads\/whw_waterdrops-scaled.jpg\"\/><img decoding=\"async\" loading=\"lazy\" src=\"data:image\/svg+xml,%3Csvg xmlns=%22http:\/\/www.w3.org\/2000\/svg%22 viewBox=%220 0 80 53%22 \/%3E\" alt=\"Beautiful water droplets on the grass shine in the sunlight close-up macro. Abstract summer nature background with drops of dew.\" data-src=\"https:\/\/www.whw.de\/wp-content\/uploads\/whw_waterdrops-scaled.jpg\" width=\"2560\" height=\"1696\"><\/picture><\/div>\n<\/div>\n\n\n\n<div class=\"col\">\n<div class=\"text-column\"><h3 class=\"headline\"><br>D\u00dc\u015e\u00dcNMEK VE HAREKET ETMEK<\/h3><h5 class=\"sub-headline\"><br>S\u00dcRD\u00dcR\u00dcLEB\u0130L\u0130R B\u0130R GELECE\u011eE G\u0130DEN YOLUMUZ<\/h5><div class=\"hr-leaf\"><\/div><p><br>S\u00fcrd\u00fcr\u00fclebilirlik sorumluluk almak ve bilin\u00e7li hareket etmek anlam\u0131na gelir. Amac\u0131m\u0131z, yenilik\u00e7i stratejiler ve \u00e7evre dostu s\u00fcre\u00e7ler arac\u0131l\u0131\u011f\u0131yla gelece\u011fe olumlu bir katk\u0131 sa\u011flamakt\u0131r. Bu do\u011frultuda, iklim n\u00f6tr bir \u00fcretime ula\u015fmak i\u00e7in a\u00e7\u0131k hedefler, \u00f6zverili \u00e7al\u0131\u015fanlar ve s\u00fcrd\u00fcr\u00fclebilir i\u015f ortakl\u0131klar\u0131na g\u00fcveniyoruz. S\u00fcrekli optimizasyon ve yenilik\u00e7i teknolojiler sayesinde s\u00fcrd\u00fcr\u00fclebilir bir gelece\u011fe giden yolumuzu aktif \u015fekilde \u015fekillendiriyoruz.<\/p>\n<a class=\"btn btn-primary bg-black btn-left\" href=\"https:\/\/www.whw.de\/tr\/surdurulebilirlik\/\" rel=\"noopener\">Daha fazla bilgi al\u0131n<\/a>\n<\/div>\n<\/div>\n<\/div><\/div>\n\n\n\n<div class=\"container width-xl\"><div class=\"banner bg bg-grey-lighter\"><picture class=\"image\"><source media=\"(max-width: 799px)\" data-srcset=\"https:\/\/www.whw.de\/wp-content\/uploads\/whw_verlauf-final-800x800.png\"\/><source media=\"(max-width: 1199px)\" data-srcset=\"https:\/\/www.whw.de\/wp-content\/uploads\/whw_verlauf-final-1200x670.png\"\/><source media=\"(min-width: 1200px)\" data-srcset=\"https:\/\/www.whw.de\/wp-content\/uploads\/whw_verlauf-final-2000x670.png\"\/><img decoding=\"async\" loading=\"lazy\" src=\"data:image\/svg+xml,%3Csvg xmlns=%22http:\/\/www.w3.org\/2000\/svg%22 viewBox=%220 0 200 67%22 \/%3E\" alt=\"\" data-src=\"https:\/\/www.whw.de\/wp-content\/uploads\/whw_verlauf-final-2000x670.png\" width=\"2000\" height=\"670\"><\/picture><div class=\"content fc-white\">\n<h2 class=\"heading wp-block-heading\"><br>WHW \u0130LE S\u0130ZE SA\u011eLADI\u011eIMIZ KATMA DE\u011eER<\/h2>\n\n\n\n<div class=\"icon-list items-5\">\n<div class=\"icon-item\"><picture class=\"image icon\"><source media=\"(min-width: 0px)\" data-srcset=\"https:\/\/www.whw.de\/wp-content\/uploads\/whw_Icon-whw360.png\"\/><img decoding=\"async\" loading=\"lazy\" src=\"data:image\/svg+xml,%3Csvg xmlns=%22http:\/\/www.w3.org\/2000\/svg%22 viewBox=%220 0 201 200%22 \/%3E\" alt=\"\" data-src=\"https:\/\/www.whw.de\/wp-content\/uploads\/whw_Icon-whw360.png\" width=\"201\" height=\"200\"><\/picture><span class=\"title\">WHW 360: Daha fazla bilgi<\/span>\n<a class=\"btn btn-arrow bg-grey-lighter btn-left\" href=\"https:\/\/www.whw.de\/tr\/whw360\/\" rel=\"noopener\">Daha fazla bilgi<\/a>\n<\/div>\n\n\n\n<div class=\"icon-item\"><picture class=\"image icon\"><source media=\"(min-width: 0px)\" data-srcset=\"https:\/\/www.whw.de\/wp-content\/uploads\/whw_Icon-glossar.png\"\/><img decoding=\"async\" loading=\"lazy\" src=\"data:image\/svg+xml,%3Csvg xmlns=%22http:\/\/www.w3.org\/2000\/svg%22 viewBox=%220 0 201 200%22 \/%3E\" alt=\"\" data-src=\"https:\/\/www.whw.de\/wp-content\/uploads\/whw_Icon-glossar.png\" width=\"201\" height=\"200\"><\/picture><span class=\"title\">S\u00f6zl\u00fck<\/span>\n<a class=\"btn btn-arrow bg-grey-lighter btn-left\" href=\"https:\/\/www.whw.de\/ihr-mehrwert\/glossar\/\" rel=\"noopener\">Daha fazla bilgi<\/a>\n<\/div>\n\n\n\n<div class=\"icon-item\"><picture class=\"image icon\"><source media=\"(min-width: 0px)\" data-srcset=\"https:\/\/www.whw.de\/wp-content\/uploads\/whw_Icon-normen.png\"\/><img decoding=\"async\" loading=\"lazy\" src=\"data:image\/svg+xml,%3Csvg xmlns=%22http:\/\/www.w3.org\/2000\/svg%22 viewBox=%220 0 201 200%22 \/%3E\" alt=\"\" data-src=\"https:\/\/www.whw.de\/wp-content\/uploads\/whw_Icon-normen.png\" width=\"201\" height=\"200\"><\/picture><span class=\"title\">Standartlar<\/span>\n<a class=\"btn btn-arrow bg-grey-lighter btn-left\" href=\"https:\/\/www.whw.de\/tr\/standartkar\/\" rel=\"noopener\">Daha fazla bilgi<\/a>\n<\/div>\n\n\n\n<div class=\"icon-item\"><picture class=\"image icon\"><source media=\"(min-width: 0px)\" data-srcset=\"https:\/\/www.whw.de\/wp-content\/uploads\/whw_Icon-downloads.png\"\/><img decoding=\"async\" loading=\"lazy\" src=\"data:image\/svg+xml,%3Csvg xmlns=%22http:\/\/www.w3.org\/2000\/svg%22 viewBox=%220 0 201 200%22 \/%3E\" alt=\"\" data-src=\"https:\/\/www.whw.de\/wp-content\/uploads\/whw_Icon-downloads.png\" width=\"201\" height=\"200\"><\/picture><span class=\"title\">\u0130ndirmeler<\/span>\n<a class=\"btn btn-arrow bg-grey-lighter btn-left\" href=\"https:\/\/www.whw.de\/ihr-mehrwert\/downloads\/\" rel=\"noopener\">Daha fazla bilgi<\/a>\n<\/div>\n<\/div>\n<\/div><\/div><\/div>\n\n\n\n<div class=\"container width-xl\"><div class=\"banner bg bg-grey-lighter\"><picture class=\"image\"><source media=\"(max-width: 799px)\" data-srcset=\"https:\/\/www.whw.de\/wp-content\/uploads\/whw_farbwolke-2-mit-mutter-1920x1444px-72dpi-800x800.jpg\"\/><source media=\"(max-width: 1199px)\" data-srcset=\"https:\/\/www.whw.de\/wp-content\/uploads\/whw_farbwolke-2-mit-mutter-1920x1444px-72dpi-1200x670.jpg\"\/><source media=\"(min-width: 1200px)\" data-srcset=\"https:\/\/www.whw.de\/wp-content\/uploads\/whw_farbwolke-2-mit-mutter-1920x1444px-72dpi-1920x670.jpg\"\/><img decoding=\"async\" loading=\"lazy\" src=\"data:image\/svg+xml,%3Csvg xmlns=%22http:\/\/www.w3.org\/2000\/svg%22 viewBox=%220 0 192 67%22 \/%3E\" alt=\"\" data-src=\"https:\/\/www.whw.de\/wp-content\/uploads\/whw_farbwolke-2-mit-mutter-1920x1444px-72dpi-1920x670.jpg\" width=\"1920\" height=\"670\"><\/picture><div class=\"content fc-black\">\n<h2 class=\"heading wp-block-heading\"><br>METAL \u2013 \u00d6ZEL \u015eEK\u0130LDE KORUNMU\u015e<\/h2>\n\n\n\n<a class=\"btn btn-primary bg-black btn-left\" href=\"https:\/\/www.whw.de\/leistungen\/beschichtungstechnologie\/\" rel=\"noopener\">\u015eimdi kaplama teknolojilerimizi ke\u015ffedin<\/a>\n<\/div><\/div><\/div>\n\n\n\n<div class=\"container width-xl\"><div class=\"cols\">\n<div class=\"col\">\n<div class=\"text-column\"><picture class=\"image\"><source media=\"(min-width: 0px)\" data-srcset=\"https:\/\/www.whw.de\/wp-content\/uploads\/WHW_Akademie_O_Logo_Q_4c.jpg\"\/><img decoding=\"async\" loading=\"lazy\" src=\"data:image\/svg+xml,%3Csvg xmlns=%22http:\/\/www.w3.org\/2000\/svg%22 viewBox=%220 0 1864 619%22 \/%3E\" alt=\"\" data-src=\"https:\/\/www.whw.de\/wp-content\/uploads\/WHW_Akademie_O_Logo_Q_4c.jpg\" width=\"1864\" height=\"619\"><\/picture><h3 class=\"headline\"><strong><strong><br>Yenilik\u00e7i konsept: WHW Uzmanlar\u0131<\/strong><\/strong><\/h3><h5 class=\"sub-headline\"><strong><br>Bizim i\u00e7in, m\u00fc\u015fterilerimiz i\u00e7in, <\/strong><br><strong>daha iyi \u00e7\u00f6z\u00fcmler i\u00e7in<\/strong><\/h5><div class=\"hr-leaf\"><\/div><p>WHW AKADEM\u0130 O! yaln\u0131zca \u00e7al\u0131\u015fanlar\u0131m\u0131z ve kendi \u015firketimiz i\u00e7in de\u011fildir. Y\u00fczey i\u015flem teknolojileri alan\u0131nda teknoloji uzmanlar\u0131 olarak, m\u00fc\u015fterilerimizin ba\u015far\u0131s\u0131 ve y\u00fczey kaplama teknolojilerinin s\u00fcrd\u00fcr\u00fclebilir geli\u015fimi konusunda da sorumluluk ta\u015f\u0131yoruz. Bu nedenle m\u00fc\u015fterilerimize, i\u015f ortaklar\u0131m\u0131za ve tedarik\u00e7i \u015firketlere y\u00fczey teknolojisi ile ilgili t\u00fcm \u00f6nemli konularda e\u011fitimler, seminerler, konferanslar ve tart\u0131\u015fma forumlar\u0131 i\u00e7eren geni\u015f bir program sunuyoruz.<\/p>\n<a class=\"btn btn-secondary bg-leaf btn-left\" href=\"https:\/\/www.whw.de\/whw-akademie-o\/\" rel=\"noopener\">WHW AKADEMIE O!<\/a>\n<\/div>\n<\/div>\n\n\n\n<div class=\"col\">\n<div class=\"image-column align-center\"><picture class=\"image\"><source media=\"(min-width: 0px)\" data-srcset=\"https:\/\/www.whw.de\/wp-content\/uploads\/akademie-scaled.jpg\"\/><img decoding=\"async\" loading=\"lazy\" src=\"data:image\/svg+xml,%3Csvg xmlns=%22http:\/\/www.w3.org\/2000\/svg%22 viewBox=%220 0 1707 2560%22 \/%3E\" alt=\"\" data-src=\"https:\/\/www.whw.de\/wp-content\/uploads\/akademie-scaled.jpg\" width=\"1707\" height=\"2560\"><\/picture><\/div>\n<\/div>\n<\/div><\/div>\n","protected":false},"excerpt":{"rendered":"","protected":false},"author":3,"featured_media":0,"parent":0,"menu_order":0,"comment_status":"closed","ping_status":"closed","template":"","meta":{"footnotes":""},"class_list":["post-81","page","type-page","status-publish","hentry"],"_links":{"self":[{"href":"https:\/\/www.whw.de\/tr\/wp-json\/wp\/v2\/pages\/81","targetHints":{"allow":["GET"]}}],"collection":[{"href":"https:\/\/www.whw.de\/tr\/wp-json\/wp\/v2\/pages"}],"about":[{"href":"https:\/\/www.whw.de\/tr\/wp-json\/wp\/v2\/types\/page"}],"author":[{"embeddable":true,"href":"https:\/\/www.whw.de\/tr\/wp-json\/wp\/v2\/users\/3"}],"replies":[{"embeddable":true,"href":"https:\/\/www.whw.de\/tr\/wp-json\/wp\/v2\/comments?post=81"}],"version-history":[{"count":10,"href":"https:\/\/www.whw.de\/tr\/wp-json\/wp\/v2\/pages\/81\/revisions"}],"predecessor-version":[{"id":3632,"href":"https:\/\/www.whw.de\/tr\/wp-json\/wp\/v2\/pages\/81\/revisions\/3632"}],"wp:attachment":[{"href":"https:\/\/www.whw.de\/tr\/wp-json\/wp\/v2\/media?parent=81"}],"curies":[{"name":"wp","href":"https:\/\/api.w.org\/{rel}","templated":true}]}}