{"id":3641,"date":"2024-09-04T15:02:53","date_gmt":"2024-09-04T13:02:53","guid":{"rendered":"https:\/\/www.whw.de\/whw360\/"},"modified":"2026-03-30T12:37:10","modified_gmt":"2026-03-30T10:37:10","slug":"whw360","status":"publish","type":"page","link":"https:\/\/www.whw.de\/tr\/whw360\/","title":{"rendered":"WHW360\u00b0"},"content":{"rendered":"\n<div class=\"container \"><div class=\"banner bg bg-grey-lighter\"><picture class=\"image\"><source media=\"(max-width: 799px)\" data-srcset=\"https:\/\/www.whw.de\/wp-content\/uploads\/WHW_Farbverlauf_CMYK-800x800.jpg\"\/><source media=\"(max-width: 1199px)\" data-srcset=\"https:\/\/www.whw.de\/wp-content\/uploads\/WHW_Farbverlauf_CMYK-1200x670.jpg\"\/><source media=\"(min-width: 1200px)\" data-srcset=\"https:\/\/www.whw.de\/wp-content\/uploads\/WHW_Farbverlauf_CMYK-2000x670.jpg\"\/><img decoding=\"async\" loading=\"lazy\" src=\"data:image\/svg+xml,%3Csvg xmlns=%22http:\/\/www.w3.org\/2000\/svg%22 viewBox=%220 0 200 67%22 \/%3E\" alt=\"\" data-src=\"https:\/\/www.whw.de\/wp-content\/uploads\/WHW_Farbverlauf_CMYK-2000x670.jpg\" width=\"2000\" height=\"670\"><\/picture><div class=\"content fc-white\">\n<h2 class=\"heading wp-block-heading\">WHW360<\/h2>\n\n\n\n<h3 class=\"heading wp-block-heading\"><br>TAM B\u0130R \u00c7\u00d6Z\u00dcM: WHW 360 PROGRAMI<\/h3>\n<\/div><\/div><\/div>\n\n\n\n<div class=\"container width-xl\">\n<p>Y\u00fczey kaplama alan\u0131nda lider \u015firketlerden biri olarak, m\u00fc\u015fterilerimizin ba\u015far\u0131s\u0131 ve sekt\u00f6r\u00fcm\u00fczdeki teknolojilerin ve s\u00fcre\u00e7lerin s\u00fcrd\u00fcr\u00fclebilirli\u011fi konusunda \u00f6zel bir sorumluluk ta\u015f\u0131yoruz.<\/p>\n\n\n\n<figure class=\"figure size-large\"><picture class=\"image\"><source media=\"(min-width: 0px)\" data-srcset=\"https:\/\/www.whw.de\/wp-content\/uploads\/250311_WHW_360_Grafik_Layouts_page-0001.jpg\"\/><img decoding=\"async\" loading=\"lazy\" src=\"data:image\/svg+xml,%3Csvg xmlns=%22http:\/\/www.w3.org\/2000\/svg%22 viewBox=%220 0 1024 725%22 \/%3E\" alt=\"Unsere Vision in acht Schritten: Beratung, Projektierung, Werkstoffanalyse, Produktion, Qualit\u00e4tssicherung, Logistik & Lieferung, Digitale Verbunden, Nachbetreuung und Service\" data-src=\"https:\/\/www.whw.de\/wp-content\/uploads\/250311_WHW_360_Grafik_Layouts_page-0001.jpg\" width=\"1024\" height=\"725\"><\/picture><\/figure>\n<\/div>\n\n\n\n<div class=\"container width-xl\"><div class=\"cols\">\n<div class=\"col\"><\/div>\n\n\n\n<div class=\"col\"><\/div>\n<\/div><\/div>\n\n\n\n<div class=\"container width-xl\"><div class=\"banner bg bg-leaf\"><div class=\"content fc-white\">\n<h4 class=\"heading wp-block-heading\"><br>WHW360, modern makinelerimiz, \u00e7al\u0131\u015fanlar\u0131m\u0131z\u0131n uzmanl\u0131\u011f\u0131 ve farkl\u0131 uzmanl\u0131k alanlar\u0131n\u0131n yak\u0131n i\u015f birli\u011fi sayesinde m\u00fcmk\u00fcn olan korozyon koruma alan\u0131nda b\u00fct\u00fcnc\u00fcl bir hizmet anlay\u0131\u015f\u0131n\u0131 temsil eder.<\/h4>\n<\/div><\/div><\/div>\n\n\n\n\n\n\n\n<div class=\"container width-xl\">\n<p class=\"has-text-align-left\"><strong>WHW360 \u2013 Korozyon Korumas\u0131 \u0130\u00e7in Komple Hizmet<\/strong><\/p>\n\n\n\n<p><br>Son y\u0131llarda hizmet portf\u00f6y\u00fcm\u00fcz\u00fc s\u00fcrekli olarak geni\u015flettik ve modern teknolojilere, binalara, personele ve kapasitelere yat\u0131r\u0131m yapt\u0131k. Bug\u00fcn y\u00fcksek kaliteli korozyon koruma kaplamalar\u0131n\u0131n yan\u0131 s\u0131ra kapsaml\u0131 servis hizmetleri de sunuyoruz.<\/p>\n\n\n\n<p>Amac\u0131m\u0131z i\u015f s\u00fcre\u00e7lerini en iyi \u015fekilde birbirine ba\u011flamak ve m\u00fc\u015fterilerimize daha verimli bir tedarik zinciri sunmakt\u0131r. Daha k\u0131sa ta\u015f\u0131ma mesafeleri ve \u015firket i\u00e7i planlama sayesinde m\u00fc\u015fterilerimize sipari\u015flerinin h\u0131zl\u0131 ve hassas bir \u015fekilde ger\u00e7ekle\u015ftirilmesini sa\u011fl\u0131yoruz.<\/p>\n\n\n\n<p>Bu avantajlar\u0131 en iyi \u015fekilde kullanabilmek i\u00e7in hizmetlerimizin neredeyse tamam\u0131n\u0131 Fr\u00f6ndenberg\u2019deki tam hizmet lokasyonumuzda bir araya getirdik.<\/p>\n\n\n\n<p class=\"has-text-align-left\">Hedefimiz y\u00fczey kaplama ve korozyon koruma alan\u0131nda lider olmak ve yenilik\u00e7i teknolojiler ile s\u00fcrd\u00fcr\u00fclebilir s\u00fcre\u00e7ler sayesinde en y\u00fcksek kaliteyi sa\u011flamakt\u0131r. Uzun vadeli i\u015f ortakl\u0131klar\u0131 kurmak ve m\u00fc\u015fterilerimizin beklentilerini her zaman a\u015fmak en \u00f6nemli hedeflerimiz aras\u0131ndad\u0131r.<\/p>\n\n\n\n\n\n\n\n\n<\/div>\n\n\n\n<div class=\"container width-xl\"><div class=\"cols\">\n<div class=\"col\">\n<div class=\"image-card\"><picture class=\"image\"><source media=\"(min-width: 0px)\" data-srcset=\"https:\/\/www.whw.de\/wp-content\/uploads\/180418_Leistungen_vor_der_Beschichtung_Header-555x300-1.jpg\"\/><img decoding=\"async\" loading=\"lazy\" src=\"data:image\/svg+xml,%3Csvg xmlns=%22http:\/\/www.w3.org\/2000\/svg%22 viewBox=%220 0 37 20%22 \/%3E\" alt=\"\" data-src=\"https:\/\/www.whw.de\/wp-content\/uploads\/180418_Leistungen_vor_der_Beschichtung_Header-555x300-1.jpg\" width=\"555\" height=\"300\"><\/picture><div class=\"image-overlay\"><h4>Kaplama \u00f6ncesi hizmetler<\/h4>\n<a class=\"btn btn-primary bg-black btn-left\" href=\"https:\/\/www.whw.de\/tr\/whw-hillebrand\/kaplama-oencesi-hizmetler\/\" rel=\"noopener\">Ke\u015ffetmek<\/a>\n<\/div><\/div>\n<\/div>\n\n\n\n<div class=\"col\">\n<div class=\"image-card\"><picture class=\"image\"><source media=\"(min-width: 0px)\" data-srcset=\"https:\/\/www.whw.de\/wp-content\/uploads\/Leist.-n.-Besch.jpg\"\/><img decoding=\"async\" loading=\"lazy\" src=\"data:image\/svg+xml,%3Csvg xmlns=%22http:\/\/www.w3.org\/2000\/svg%22 viewBox=%220 0 11 6%22 \/%3E\" alt=\"\" data-src=\"https:\/\/www.whw.de\/wp-content\/uploads\/Leist.-n.-Besch.jpg\" width=\"550\" height=\"300\"><\/picture><div class=\"image-overlay\"><h4>Kaplama sonras\u0131 hizmetler<\/h4>\n<a class=\"btn btn-primary bg-black btn-left\" href=\"https:\/\/www.whw.de\/tr\/whw-hillebrand\/kaplama-sonrasi-hizmetlerimiz\/\" rel=\"noopener\">Ke\u015ffetmek<\/a>\n<\/div><\/div>\n<\/div>\n<\/div><\/div>\n\n\n\n\n","protected":false},"excerpt":{"rendered":"","protected":false},"author":3,"featured_media":0,"parent":0,"menu_order":0,"comment_status":"closed","ping_status":"closed","template":"","meta":{"footnotes":""},"class_list":["post-3641","page","type-page","status-publish","hentry"],"_links":{"self":[{"href":"https:\/\/www.whw.de\/tr\/wp-json\/wp\/v2\/pages\/3641","targetHints":{"allow":["GET"]}}],"collection":[{"href":"https:\/\/www.whw.de\/tr\/wp-json\/wp\/v2\/pages"}],"about":[{"href":"https:\/\/www.whw.de\/tr\/wp-json\/wp\/v2\/types\/page"}],"author":[{"embeddable":true,"href":"https:\/\/www.whw.de\/tr\/wp-json\/wp\/v2\/users\/3"}],"replies":[{"embeddable":true,"href":"https:\/\/www.whw.de\/tr\/wp-json\/wp\/v2\/comments?post=3641"}],"version-history":[{"count":1,"href":"https:\/\/www.whw.de\/tr\/wp-json\/wp\/v2\/pages\/3641\/revisions"}],"predecessor-version":[{"id":3642,"href":"https:\/\/www.whw.de\/tr\/wp-json\/wp\/v2\/pages\/3641\/revisions\/3642"}],"wp:attachment":[{"href":"https:\/\/www.whw.de\/tr\/wp-json\/wp\/v2\/media?parent=3641"}],"curies":[{"name":"wp","href":"https:\/\/api.w.org\/{rel}","templated":true}]}}