{"id":3635,"date":"2024-09-04T14:03:47","date_gmt":"2024-09-04T12:03:47","guid":{"rendered":"https:\/\/www.whw.de\/nachhaltigkeit\/"},"modified":"2026-03-30T12:25:36","modified_gmt":"2026-03-30T10:25:36","slug":"surdurulebilirlik","status":"publish","type":"page","link":"https:\/\/www.whw.de\/tr\/surdurulebilirlik\/","title":{"rendered":"Nachhaltigkeit"},"content":{"rendered":"\n<div class=\"container \"><div class=\"banner bg bg-leaf\"><video src=\"https:\/\/www.whw.de\/wp-content\/uploads\/Nachhaltigkeit_-1920x600-Compressed-with-FlexClip-2.mp4\" autoplay muted loop playsinline><\/video><div class=\"content fc-white\">\n<h2 class=\"heading wp-block-heading\">\u0130KL\u0130M\u0130 KORUMAK, \u00c7EVREY\u0130 GEL\u0130\u015eT\u0130RMEK:<\/h2>\n\n\n\n<h3 class=\"heading wp-block-heading\">S\u00dcRD\u00dcR\u00dcLEB\u0130L\u0130RL\u0130K ODAK NOKTAMIZDA<\/h3>\n<\/div><\/div><\/div>\n\n\n\n<div class=\"container width-xl\"><div class=\"cols\">\n<div class=\"col\">\n<div class=\"text-column\"><h3 class=\"headline\"><br>\u0130KL\u0130M N\u00d6TRL\u00dc\u011e\u00dcNE G\u0130DEN YOLDA: S\u00dcRD\u00dcR\u00dcLEB\u0130L\u0130RL\u0130K HEDEFLER\u0130M\u0130Z<\/h3><div class=\"hr-leaf\"><\/div><p><br>B\u00f6lgemizdeki insanlarla g\u00fc\u00e7l\u00fc ba\u011flara sahip bir aile \u015firketi olarak, nesiller aras\u0131 sorumluluk bizim DNA\u2019m\u0131z\u0131n bir par\u00e7as\u0131d\u0131r. Bu nedenle en y\u00fcksek i\u015fletme g\u00fcvenli\u011fi, etkili do\u011fa, su ve iklim korumas\u0131 ile s\u00fcrd\u00fcr\u00fclebilir ve \u00e7evre dostu s\u00fcre\u00e7 ve teknolojilerin geli\u015ftirilmesi i\u00e7in yo\u011fun \u015fekilde \u00e7al\u0131\u015f\u0131yoruz.<br>Amac\u0131m\u0131z d\u00fcnyay\u0131 daha g\u00fcvenli hale getirmeye katk\u0131da bulunmak ve insanlar\u0131n ya\u015fam kalitesini s\u00fcrd\u00fcr\u00fclebilir \u015fekilde art\u0131rmakt\u0131r. Bunun i\u00e7in iddial\u0131 hedefler belirledik: En ge\u00e7 2030 y\u0131l\u0131na kadar kendi CO\u2082 ayak izimizi azaltmay\u0131 ve \u00fcretimimizi %100 iklim n\u00f6tr hale getirmeyi hedefliyoruz.<br>2022 y\u0131l\u0131nda \u201cWHW 25+\u201d d\u00f6n\u00fc\u015f\u00fcm stratejimizi geli\u015ftirdik. Bu strateji kapsam\u0131nda halihaz\u0131rda somut projeler hayata ge\u00e7irilmi\u015f ve ilk ba\u015far\u0131lar elde edilmi\u015ftir. Kararl\u0131 \u00e7al\u0131\u015fanlar\u0131m\u0131zla birlikte iklim n\u00f6trl\u00fc\u011f\u00fcne giden yolda daha fazla ilerleme sa\u011flamak i\u00e7in \u00e7al\u0131\u015fmalar\u0131m\u0131z\u0131 yo\u011fun \u015fekilde s\u00fcrd\u00fcr\u00fcyoruz.<\/p><\/div>\n<\/div>\n\n\n\n<div class=\"col\">\n<div class=\"image-column align-center\"><picture class=\"image\"><source media=\"(min-width: 0px)\" data-srcset=\"https:\/\/www.whw.de\/wp-content\/uploads\/whw_waterdrops-scaled.jpg\"\/><img decoding=\"async\" loading=\"lazy\" src=\"data:image\/svg+xml,%3Csvg xmlns=%22http:\/\/www.w3.org\/2000\/svg%22 viewBox=%220 0 80 53%22 \/%3E\" alt=\"Beautiful water droplets on the grass shine in the sunlight close-up macro. Abstract summer nature background with drops of dew.\" data-src=\"https:\/\/www.whw.de\/wp-content\/uploads\/whw_waterdrops-scaled.jpg\" width=\"2560\" height=\"1696\"><\/picture><\/div>\n<\/div>\n<\/div><\/div>\n\n\n\n<div class=\"container width-xl\">\n<h2 class=\"heading wp-block-heading\">BURADAK\u0130 EYLEMLER\u0130M\u0130Z\u0130N K\u00dcRESEL \u00d6NEM\u0130 VAR<\/h2>\n\n\n\n<p><br>S\u00fcrd\u00fcr\u00fclebilirlik projelerimiz, Birle\u015fmi\u015f Milletler taraf\u0131ndan 2015 y\u0131l\u0131nda Agenda 2030 kapsam\u0131nda kabul edilen K\u00fcresel S\u00fcrd\u00fcr\u00fclebilir Kalk\u0131nma Hedefleri (SDGs) do\u011frultusunda \u015fekillendirilmektedir.<\/p>\n\n\n\n<p>WHW Hillebrand\u2019\u0131n odakland\u0131\u011f\u0131 SDG hedefleri i\u00e7in belirlenmi\u015f zorunlu performans g\u00f6stergeleri bulunmaktad\u0131r.<\/p>\n<\/div>\n\n\n\n<div class=\"container width-xl\"><div class=\"sdgs bg bg-grey-lighter\"><h2>WHW HILLEBRAND\u2019IN ODAKLANDI\u011eI SDG HEDEFLER\u0130:<\/h2><div class=\"cols\">\n<div class=\"sdgs-item\"><picture class=\"image icon\"><source media=\"(min-width: 0px)\" data-srcset=\"https:\/\/www.whw.de\/wp-content\/uploads\/Group-9002.png\"\/><img decoding=\"async\" loading=\"lazy\" src=\"data:image\/svg+xml,%3Csvg xmlns=%22http:\/\/www.w3.org\/2000\/svg%22 viewBox=%220 0 1 1%22 \/%3E\" alt=\"\" data-src=\"https:\/\/www.whw.de\/wp-content\/uploads\/Group-9002.png\" width=\"226\" height=\"226\"><\/picture><p>Strateji, de\u011fer zinciri ve \u00fcr\u00fcnler, \u00e7evre, \u00e7al\u0131\u015fanlar ve g\u00fcvenlik<\/p><\/div>\n\n\n\n<div class=\"sdgs-item\"><picture class=\"image icon\"><source media=\"(min-width: 0px)\" data-srcset=\"https:\/\/www.whw.de\/wp-content\/uploads\/Group-9003.png\"\/><img decoding=\"async\" loading=\"lazy\" src=\"data:image\/svg+xml,%3Csvg xmlns=%22http:\/\/www.w3.org\/2000\/svg%22 viewBox=%220 0 225 226%22 \/%3E\" alt=\"\" data-src=\"https:\/\/www.whw.de\/wp-content\/uploads\/Group-9003.png\" width=\"225\" height=\"226\"><\/picture><p>Strateji ve \u00e7evre<\/p><\/div>\n\n\n\n<div class=\"sdgs-item\"><picture class=\"image icon\"><source media=\"(min-width: 0px)\" data-srcset=\"https:\/\/www.whw.de\/wp-content\/uploads\/Group-9454.png\"\/><img decoding=\"async\" loading=\"lazy\" src=\"data:image\/svg+xml,%3Csvg xmlns=%22http:\/\/www.w3.org\/2000\/svg%22 viewBox=%220 0 225 226%22 \/%3E\" alt=\"\" data-src=\"https:\/\/www.whw.de\/wp-content\/uploads\/Group-9454.png\" width=\"225\" height=\"226\"><\/picture><p>De\u011fer zinciri ve \u00fcr\u00fcnler<\/p><\/div>\n\n\n\n<div class=\"sdgs-item\"><picture class=\"image icon\"><source media=\"(min-width: 0px)\" data-srcset=\"https:\/\/www.whw.de\/wp-content\/uploads\/Group-9455.png\"\/><img decoding=\"async\" loading=\"lazy\" src=\"data:image\/svg+xml,%3Csvg xmlns=%22http:\/\/www.w3.org\/2000\/svg%22 viewBox=%220 0 225 226%22 \/%3E\" alt=\"\" data-src=\"https:\/\/www.whw.de\/wp-content\/uploads\/Group-9455.png\" width=\"225\" height=\"226\"><\/picture><p>Kurumsal y\u00f6neti\u015fim &amp; uyumluluk, strateji, \u00e7evre, de\u011fer zinciri &amp; \u00fcr\u00fcnler, g\u00fcvenlik<\/p><\/div>\n\n\n\n<div class=\"sdgs-item\"><picture class=\"image icon\"><source media=\"(min-width: 0px)\" data-srcset=\"https:\/\/www.whw.de\/wp-content\/uploads\/Group-9004.png\"\/><img decoding=\"async\" loading=\"lazy\" src=\"data:image\/svg+xml,%3Csvg xmlns=%22http:\/\/www.w3.org\/2000\/svg%22 viewBox=%220 0 225 226%22 \/%3E\" alt=\"\" data-src=\"https:\/\/www.whw.de\/wp-content\/uploads\/Group-9004.png\" width=\"225\" height=\"226\"><\/picture><p>Kurumsal y\u00f6neti\u015fim &amp; uyumluluk, strateji, \u00e7evre, de\u011fer zinciri &amp; \u00fcr\u00fcnler, g\u00fcvenlik<\/p><\/div>\n\n\n\n<div class=\"sdgs-item\"><picture class=\"image icon\"><source media=\"(min-width: 0px)\" data-srcset=\"https:\/\/www.whw.de\/wp-content\/uploads\/Group-9456.png\"\/><img decoding=\"async\" loading=\"lazy\" src=\"data:image\/svg+xml,%3Csvg xmlns=%22http:\/\/www.w3.org\/2000\/svg%22 viewBox=%220 0 225 226%22 \/%3E\" alt=\"\" data-src=\"https:\/\/www.whw.de\/wp-content\/uploads\/Group-9456.png\" width=\"225\" height=\"226\"><\/picture><p>Kurumsal y\u00f6neti\u015fim &amp; uyumluluk, strateji, de\u011fer zinciri &amp; \u00fcr\u00fcnler, \u00e7evre, \u00e7al\u0131\u015fanlar ve g\u00fcvenlik<\/p><\/div>\n\n\n\n<div class=\"sdgs-item\"><picture class=\"image icon\"><source media=\"(min-width: 0px)\" data-srcset=\"https:\/\/www.whw.de\/wp-content\/uploads\/Group-9457.png\"\/><img decoding=\"async\" loading=\"lazy\" src=\"data:image\/svg+xml,%3Csvg xmlns=%22http:\/\/www.w3.org\/2000\/svg%22 viewBox=%220 0 225 226%22 \/%3E\" alt=\"\" data-src=\"https:\/\/www.whw.de\/wp-content\/uploads\/Group-9457.png\" width=\"225\" height=\"226\"><\/picture><p>\u00c7evre<\/p><\/div>\n<\/div><\/div><\/div>\n\n\n\n<div class=\"container width-xl\"><div class=\"cols\">\n<div class=\"col\">\n<div class=\"text-column\"><h3 class=\"headline\"><br>WHW ZERO EMISSION ATA\u011eI: S\u00dcRD\u00dcR\u00dcLEB\u0130L\u0130R B\u0130R GELECEK \u0130\u00c7\u0130N YOL HAR\u0130TAMIZ <\/h3><div class=\"hr-leaf\"><\/div><p><br>\u00c7evre ve iklim faaliyetlerimizi daha g\u00fc\u00e7l\u00fc \u015fekilde y\u00fcr\u00fctmek amac\u0131yla 2022 y\u0131l\u0131nda yeni bir departman olu\u015fturduk: CSR departman\u0131m\u0131z (Corporate Social Responsibility \u2013 Kurumsal Sosyal Sorumluluk), hukuki uyum, \u00e7evre koruma, s\u00fcrd\u00fcr\u00fclebilirlik ile enerji ve kaynak verimlili\u011fi konular\u0131na tamamen odaklanmaktad\u0131r.<br>2010 y\u0131l\u0131ndan bu yana t\u00fcm tesislerimiz d\u00fczenli olarak DIN EN ISO 14001 \u00e7evre standard\u0131na g\u00f6re denetlenmekte ve sertifikaland\u0131r\u0131lmaktad\u0131r. ISO 50001 enerji y\u00f6netim sistemi ise 2018 y\u0131l\u0131ndan beri uygulanmaktad\u0131r.<br>2020 y\u0131l\u0131ndan bu yana CO\u2082 emisyonlar\u0131m\u0131z\u0131 uluslararas\u0131 kabul g\u00f6rm\u00fc\u015f Greenhouse Gas Protocol (GHG) standard\u0131na g\u00f6re hesapl\u0131yoruz:<br><br><strong>Scope 1<\/strong> \u015eirket i\u00e7inde ortaya \u00e7\u0131kan do\u011frudan sera gaz\u0131 emisyonlar\u0131n\u0131 kapsar.<br><strong>Scope 2<\/strong> \u015eirketin d\u0131\u015far\u0131dan sat\u0131n ald\u0131\u011f\u0131 enerji kaynaklar\u0131ndan (\u00f6zellikle elektrik) kaynaklanan dolayl\u0131 emisyonlar\u0131 kapsar.<br><strong>Scope 3<\/strong> \u015eirketin de\u011fer zinciri boyunca olu\u015fan di\u011fer t\u00fcm dolayl\u0131 emisyonlar\u0131 kapsar.<br>(Bunlar; sat\u0131n al\u0131nan hammaddeler ve \u00fcr\u00fcnler, lojistik, sat\u0131lan \u00fcr\u00fcnler ve da\u011f\u0131t\u0131m s\u00fcre\u00e7leri gibi faaliyetlerden kaynaklan\u0131r.)<br>\u015eu anda WHW\u2019de Scope 1 ve Scope 2 emisyonlar\u0131 \u00f6l\u00e7\u00fclmektedir.<br>2025 y\u0131l\u0131ndan itibaren Scope 3 emisyonlar\u0131n\u0131 da tamamen raporlamay\u0131 planl\u0131yoruz.<br><\/p><\/div>\n<\/div>\n\n\n\n<div class=\"col\">\n<div class=\"image-column align-center\"><picture class=\"image\"><source media=\"(min-width: 0px)\" data-srcset=\"https:\/\/www.whw.de\/wp-content\/uploads\/Nachhaltigkeit.png\"\/><img decoding=\"async\" loading=\"lazy\" src=\"data:image\/svg+xml,%3Csvg xmlns=%22http:\/\/www.w3.org\/2000\/svg%22 viewBox=%220 0 288 215%22 \/%3E\" alt=\"\" data-src=\"https:\/\/www.whw.de\/wp-content\/uploads\/Nachhaltigkeit.png\" width=\"576\" height=\"430\"><\/picture><\/div>\n<\/div>\n<\/div><\/div>\n\n\n\n<div class=\"container width-xl\"><div class=\"cols\">\n<div class=\"col\">\n<div class=\"image-column align-center\"><picture class=\"image\"><source media=\"(min-width: 0px)\" data-srcset=\"https:\/\/www.whw.de\/wp-content\/uploads\/Nachhaltigkeit-1.png\"\/><img decoding=\"async\" loading=\"lazy\" src=\"data:image\/svg+xml,%3Csvg xmlns=%22http:\/\/www.w3.org\/2000\/svg%22 viewBox=%220 0 573 427%22 \/%3E\" alt=\"\" data-src=\"https:\/\/www.whw.de\/wp-content\/uploads\/Nachhaltigkeit-1.png\" width=\"573\" height=\"427\"><\/picture><\/div>\n<\/div>\n\n\n\n<div class=\"col\">\n<div class=\"text-column\"><h3 class=\"headline\"><br>G\u00dc\u00c7L\u00dc TEMEL: \u00c7ALI\u015eANLARIMIZ TAM DESTEK VER\u0130YOR<\/h3><div class=\"hr-leaf\"><\/div><p><br>Tutarl\u0131 \u00e7evre ve iklim korumas\u0131n\u0131n en \u00f6nemli fakt\u00f6r\u00fc insand\u0131r. Bu nedenle s\u00fcrd\u00fcr\u00fclebilirlik stratejimizde \u00e7al\u0131\u015fanlar\u0131m\u0131z\u0131 aktif \u015fekilde s\u00fcrece dahil ediyoruz.<br>\u00c7e\u015fitli ileti\u015fim ve bilgilendirme faaliyetleri ile \u00e7al\u0131\u015fanlar\u0131m\u0131z\u0131n i\u015f yerinde s\u00fcrd\u00fcr\u00fclebilir davran\u0131\u015f konusunda bilin\u00e7lenmesini sa\u011fl\u0131yoruz.<br>\u00c7al\u0131\u015fanlar\u0131m\u0131z\u0131n motivasyonu olduk\u00e7a y\u00fcksektir. Bu durum, \u00e7al\u0131\u015fanlar\u0131m\u0131z\u0131n kendileri taraf\u0131ndan \u00f6nerilen bir\u00e7ok s\u00fcrd\u00fcr\u00fclebilir iyile\u015ftirme fikri ve giri\u015fiminden a\u00e7\u0131k\u00e7a g\u00f6r\u00fclmektedir.<\/p><\/div>\n<\/div>\n<\/div><\/div>\n\n\n\n<div class=\"container width-xl\"><div class=\"accordion-wrapper\"><h3>KAYNAK VER\u0130ML\u0130L\u0130\u011e\u0130 EN \u00d6NEML\u0130 KONULARIMIZDANB\u0130R\u0130:\n\u0130KL\u0130M N\u00d6TRL\u00dc\u011e\u00dcN\u00dcN D\u00d6RT TEMEL S\u00dcTUNU<\/h3><div class=\"hr-leaf\"><\/div><div class=\"accordion\">\n<div id=\"accordion-item-1725452584761\" class=\"item\"><button class=\"control\" type=\"button\" aria-expanded=\"false\"><h5>Enerji tasarrufu ve yenilenebilir enerjiye ge\u00e7i\u015f<\/h5><\/button><div class=\"content\">\n<p><br>2023 y\u0131l\u0131nda toplam yat\u0131r\u0131m b\u00fct\u00e7emizin yakla\u015f\u0131k %20\u2019sini enerji ve kaynaklar\u0131n daha verimli kullan\u0131lmas\u0131na y\u00f6nelik projelere ay\u0131rd\u0131k.<br>Elektrik ve \u0131s\u0131l enerjiyi azaltmak i\u00e7in s\u00fcre\u00e7lerimizi, teknolojilerimizi ve y\u00f6ntemlerimizi s\u00fcrekli g\u00f6zden ge\u00e7iriyor ve geli\u015ftiriyoruz. \u00d6rne\u011fin baz\u0131 \u00fcr\u00fcnlerin kullan\u0131lmas\u0131 sayesinde proses s\u0131cakl\u0131klar\u0131n\u0131n \u00f6nemli \u00f6l\u00e7\u00fcde d\u00fc\u015f\u00fcr\u00fclmesi m\u00fcmk\u00fcn olmakta ve b\u00f6ylece termal enerji t\u00fcketimi ciddi \u015fekilde azalt\u0131lmaktad\u0131r.<\/p>\n\n\n\n<p>Fosil enerji kaynaklar\u0131n\u0131n yerine alternatif enerji kaynaklar\u0131n\u0131n kullan\u0131lmas\u0131 bizim i\u00e7in b\u00fcy\u00fck \u00f6nem ta\u015f\u0131maktad\u0131r. M\u00fcmk\u00fcn ve mant\u0131kl\u0131 olan her yerde fotovoltaik sistemlere yat\u0131r\u0131m yap\u0131yoruz.<br>WHW ayr\u0131ca Soest b\u00f6lgesinde y\u00fcr\u00fct\u00fclen ve devlet taraf\u0131ndan desteklenen HyStarter projesinin lider \u00fcyelerinden biridir. Bu proje kapsam\u0131nda fotovoltaik, r\u00fczgar ve hidrojen gibi yenilenebilir enerji kaynaklar\u0131yla fosil enerji kaynaklar\u0131n\u0131n tamamen de\u011fi\u015ftirilmesi ve fazla enerjinin Power-to-X teknolojileri ile depolanmas\u0131 hedeflenmektedir.<\/p>\n<\/div><\/div>\n\n\n\n<div id=\"accordion-item-1725452665981\" class=\"item\"><button class=\"control\" type=\"button\" aria-expanded=\"false\"><h5>Kaynak y\u00f6netimi<\/h5><\/button><div class=\"content\">\n<p><br>Elektrik, gaz ve su t\u00fcketimini azaltmak ve \u0131s\u0131 ile so\u011futma enerjisinin daha verimli kullan\u0131lmas\u0131n\u0131 sa\u011flamak i\u00e7in kaynak kullan\u0131m\u0131m\u0131z\u0131 optimize etmeye y\u00f6nelik yo\u011fun \u00e7al\u0131\u015fmalar y\u00fcr\u00fct\u00fcyoruz.<br>Kimya ile \u00e7al\u0131\u015fan bir \u015firket olarak temel hedeflerimizden biri daha az kimyasal kullanmak ve kullan\u0131lan kimyasallar\u0131 daha \u00e7evreci ve s\u00fcrd\u00fcr\u00fclebilir hale getirmektir.<\/p>\n\n\n\n<p>WHW Hillebrand 2023 y\u0131l\u0131nda yat\u0131r\u0131m b\u00fct\u00e7esinin yakla\u015f\u0131k %20\u2019sini enerji ve kaynaklar\u0131n daha verimli kullan\u0131lmas\u0131 i\u00e7in yap\u0131lan projelere ay\u0131rm\u0131\u015ft\u0131r.<br>Yat\u0131r\u0131mlar aras\u0131nda modern ve enerji verimli proses teknolojileri ile ak\u0131ll\u0131 proses \u0131s\u0131 y\u00f6netimi sistemleri bulunmaktad\u0131r.<br>Ayr\u0131ca s\u00fcre\u00e7ler, d\u00f6ng\u00fcsel ekonomi prensipleri do\u011frultusunda yeniden de\u011ferlendirilmekte ve yeniden tasarlanmaktad\u0131r.<\/p>\n<\/div><\/div>\n\n\n\n<div id=\"accordion-item-1725452689253\" class=\"item\"><button class=\"control\" type=\"button\" aria-expanded=\"false\"><h5>At\u0131k y\u00f6netimi ve d\u00f6ng\u00fcsel ekonomi<\/h5><\/button><div class=\"content\">\n<ul class=\"list wp-block-list\">\n<li><\/li>\n<\/ul>\n\n\n\n<p>\u00c7ok say\u0131da ve farkl\u0131 \u00f6nlem ile at\u0131k ve at\u0131k su olu\u015fumunu m\u00fcmk\u00fcn oldu\u011funca azalt\u0131yor, ka\u00e7\u0131n\u0131lmaz olan kal\u0131nt\u0131lar\u0131 ise daha verimli \u015fekilde bertaraf ediyoruz.<\/p>\n\n\n\n<p>Circular Design yakla\u015f\u0131m\u0131 sayesinde kaynaklar\u0131m\u0131z\u0131n m\u00fcmk\u00fcn oldu\u011funca kapal\u0131 d\u00f6ng\u00fc i\u00e7inde kullan\u0131lmas\u0131n\u0131 hedefliyoruz. \u00d6rne\u011fin proses suyu kullan\u0131m\u0131nda bu yakla\u015f\u0131m\u0131 uyguluyoruz.<\/p>\n<\/div><\/div>\n\n\n\n<div id=\"accordion-item-1729250874889\" class=\"item\"><button class=\"control\" type=\"button\" aria-expanded=\"false\"><h5>CO\u2082 telafisi<\/h5><\/button><div class=\"content\">\n<p>CO\u2082 emisyonlar\u0131n\u0131n azalt\u0131lmas\u0131 en y\u00fcksek \u00f6nceli\u011fimizdir. K\u0131sa vadede tamamen \u00f6nlenemeyen emisyonlar ise sertifikal\u0131 \u00e7evre ve iklim koruma projelerine destek verilerek telafi edilmektedir.<\/p>\n<\/div><\/div>\n<\/div><\/div><\/div>\n\n\n\n<div class=\"container width-xl\"><div class=\"cols\">\n<div class=\"col\">\n<div class=\"text-column\"><h3 class=\"headline\"><br>ORTAK SORUMLULUK \u2013 ORTAK BA\u015eARI:<br>S\u00dcRD\u00dcR\u00dcLEB\u0130L\u0130R \u0130\u015e ORTAKLIKLARINA \u00d6NEM VER\u0130YORUZ<br><\/h3><div class=\"hr-leaf\"><\/div><p><br>\u00dcretici bir \u015firket ve hizmet sa\u011flay\u0131c\u0131 olarak tedarik zincirinin bir par\u00e7as\u0131y\u0131z. Bu zincir bizi tedarik\u00e7ilerimiz, i\u015f ortaklar\u0131m\u0131z ve m\u00fc\u015fterilerimizle birbirine ba\u011flar.<br>Hepimiz \u00e7evre ve iklim i\u00e7in ortak sorumluluk ta\u015f\u0131yoruz ve bu sorumlulu\u011fu birlikte yerine getiriyoruz.<br>Tedarik\u00e7ilerimizden DIN EN ISO 14001 standard\u0131na uygun bir \u00e7evre y\u00f6netim sistemi uygulamalar\u0131n\u0131 veya bu sistemi kurma s\u00fcrecinde olmalar\u0131n\u0131 bekliyoruz.<br>Tedarik\u00e7i de\u011ferlendirmelerinde ayr\u0131ca DIN EN ISO 50001 enerji y\u00f6netim sisteminin uygulan\u0131p uygulanmad\u0131\u011f\u0131n\u0131 da dikkate al\u0131yoruz.<br>Tedarik\u00e7ilerimizle i\u015f birli\u011finde a\u015fa\u011f\u0131daki konular bizim i\u00e7in \u00f6nemlidir:<br><\/p>\n<ul class=\"list wp-block-list\">\n<li>Belgelenmi\u015f bir \u00e7evre y\u00f6netim sistemi uygulamalar\u0131<\/li>\n\n\n\n<li>T\u00fcm \u00e7evre yasalar\u0131na ve y\u00fcr\u00fcrl\u00fckteki y\u00f6netmeliklere uyum sa\u011flamalar\u0131<\/li>\n\n\n\n<li>Gelecekteki de\u011fi\u015fiklikleri takip edip uygulamalar\u0131<\/li>\n\n\n\n<li>Faaliyetlerinin \u00e7evresel etkilerini belirleyip belgelemeleri ve \u00f6l\u00e7\u00fclebilir iyile\u015ftirme s\u00fcre\u00e7leri olu\u015fturmas\u0131<\/li>\n\n\n\n<li>\u00c7al\u0131\u015fanlar\u0131n\u0131 \u00e7evre konular\u0131nda e\u011fitmeleri ve geli\u015ftirmeleri<br>Ayr\u0131ca ara\u015ft\u0131rma ve geli\u015ftirme, yeni \u00fcr\u00fcn geli\u015ftirme, proses planlama ve \u00fcretim s\u00fcre\u00e7lerinde \u00e7evre ve iklim korumas\u0131n\u0131 dikkate almalar\u0131.<\/li>\n<\/ul>\n<\/div>\n<\/div>\n\n\n\n<div class=\"col\">\n<div class=\"image-column align-center\"><picture class=\"image\"><source media=\"(min-width: 0px)\" data-srcset=\"https:\/\/www.whw.de\/wp-content\/uploads\/helgoland_maintenance_05-350x500-1.jpg\"\/><img decoding=\"async\" loading=\"lazy\" src=\"data:image\/svg+xml,%3Csvg xmlns=%22http:\/\/www.w3.org\/2000\/svg%22 viewBox=%220 0 7 10%22 \/%3E\" alt=\"\" data-src=\"https:\/\/www.whw.de\/wp-content\/uploads\/helgoland_maintenance_05-350x500-1.jpg\" width=\"350\" height=\"500\"><\/picture><\/div>\n<\/div>\n<\/div><\/div>\n\n\n\n<div class=\"container width-xl\"><div class=\"banner bg bg-grey-lighter\"><div class=\"content fc-black\">\n<h2 class=\"heading wp-block-heading\"><strong>S\u00fcrd\u00fcr\u00fclebilirlik bizim i\u00e7in \u00e7ok \u00f6nemlidir<br>\u0130lginiz i\u00e7in te\u015fekk\u00fcr ederiz<\/strong><\/h2>\n\n\n\n<p>WHW\u2019nin s\u00fcrd\u00fcr\u00fclebilirlik faaliyetleri hakk\u0131nda daha fazla bilgi almak i\u00e7in CSR departman\u0131m\u0131z\u0131n y\u00f6neticisi ile ileti\u015fime ge\u00e7ebilirsiniz. Size yard\u0131mc\u0131 olmaktan memnuniyet duyar\u0131z.<\/p>\n\n\n\n<div class=\"contact-list\">\n<div class=\"contact-item\"><picture class=\"image contact\"><source media=\"(min-width: 0px)\" data-srcset=\"https:\/\/www.whw.de\/wp-content\/uploads\/Nico-Bajorat-M.Sc_.-400x400-1.jpg\"\/><img decoding=\"async\" loading=\"lazy\" src=\"data:image\/svg+xml,%3Csvg xmlns=%22http:\/\/www.w3.org\/2000\/svg%22 viewBox=%220 0 1 1%22 \/%3E\" alt=\"\" data-src=\"https:\/\/www.whw.de\/wp-content\/uploads\/Nico-Bajorat-M.Sc_.-400x400-1.jpg\" width=\"400\" height=\"400\"><\/picture><h5 class=\"fc-leaf\">Nico Bajorat, M.Sc.<\/h5><span>Enerji ve S\u00fcrd\u00fcr\u00fclebilirlik Direkt\u00f6r\u00fc<\/span><a href=\"mailto:nico.bajorat@whw.de\"><span class=\"mail\">nico.bajorat@whw.de<\/span><\/a><\/div>\n<\/div>\n<\/div><\/div><\/div>\n","protected":false},"excerpt":{"rendered":"","protected":false},"author":3,"featured_media":0,"parent":0,"menu_order":0,"comment_status":"closed","ping_status":"closed","template":"","meta":{"footnotes":""},"class_list":["post-3635","page","type-page","status-publish","hentry"],"_links":{"self":[{"href":"https:\/\/www.whw.de\/tr\/wp-json\/wp\/v2\/pages\/3635","targetHints":{"allow":["GET"]}}],"collection":[{"href":"https:\/\/www.whw.de\/tr\/wp-json\/wp\/v2\/pages"}],"about":[{"href":"https:\/\/www.whw.de\/tr\/wp-json\/wp\/v2\/types\/page"}],"author":[{"embeddable":true,"href":"https:\/\/www.whw.de\/tr\/wp-json\/wp\/v2\/users\/3"}],"replies":[{"embeddable":true,"href":"https:\/\/www.whw.de\/tr\/wp-json\/wp\/v2\/comments?post=3635"}],"version-history":[{"count":1,"href":"https:\/\/www.whw.de\/tr\/wp-json\/wp\/v2\/pages\/3635\/revisions"}],"predecessor-version":[{"id":3636,"href":"https:\/\/www.whw.de\/tr\/wp-json\/wp\/v2\/pages\/3635\/revisions\/3636"}],"wp:attachment":[{"href":"https:\/\/www.whw.de\/tr\/wp-json\/wp\/v2\/media?parent=3635"}],"curies":[{"name":"wp","href":"https:\/\/api.w.org\/{rel}","templated":true}]}}