{"id":3633,"date":"2025-01-20T14:54:30","date_gmt":"2025-01-20T13:54:30","guid":{"rendered":"https:\/\/www.whw.de\/unternehmen\/"},"modified":"2026-03-30T12:26:23","modified_gmt":"2026-03-30T10:26:23","slug":"sirket","status":"publish","type":"page","link":"https:\/\/www.whw.de\/tr\/sirket\/","title":{"rendered":"Unternehmen"},"content":{"rendered":"\n<div class=\"container \"><div class=\"banner bg bg-grey-lighter overlay\"><picture class=\"image\"><source media=\"(max-width: 799px)\" data-srcset=\"https:\/\/www.whw.de\/wp-content\/uploads\/header_fallback-800x800.jpg\"\/><source media=\"(max-width: 1199px)\" data-srcset=\"https:\/\/www.whw.de\/wp-content\/uploads\/header_fallback-1200x670.jpg\"\/><source media=\"(min-width: 1200px)\" data-srcset=\"https:\/\/www.whw.de\/wp-content\/uploads\/header_fallback-2000x670.jpg\"\/><img decoding=\"async\" loading=\"lazy\" src=\"data:image\/svg+xml,%3Csvg xmlns=%22http:\/\/www.w3.org\/2000\/svg%22 viewBox=%220 0 200 67%22 \/%3E\" alt=\"\" data-src=\"https:\/\/www.whw.de\/wp-content\/uploads\/header_fallback-2000x670.jpg\" width=\"2000\" height=\"670\"><\/picture><video src=\"https:\/\/www.whw.de\/wp-content\/uploads\/WHW_Videoheader_Unternehmensgruppe_WHW360.mp4\" autoplay muted loop playsinline><\/video><div class=\"content fc-white\">\n<h2 class=\"heading wp-block-heading\"><br>Y\u00fczeyler \u00fcr\u00fcnleri korur <\/h2>\n\n\n\n<h3 class=\"heading wp-block-heading\">Biz y\u00fczeyleri koruruz<\/h3>\n<\/div><\/div><\/div>\n\n\n\n<div class=\"container width-xl\">\n<h2 class=\"heading wp-block-heading\">Y\u00fczeyin derinli\u011fine iniyoruz<\/h2>\n\n\n\n<h3 class=\"heading wp-block-heading\">S\u00fcrd\u00fcr\u00fclebilir ba\u015far\u0131n\u0131z i\u00e7in<\/h3>\n\n\n\n<p>End\u00fcstriyel \u00fcretimde her y\u00fczey \u00f6zel fonksiyonlar yerine getirir \u2013 ve \u00e7o\u011fu zaman insanlar\u0131n g\u00fcvenli\u011fi bile buna ba\u011fl\u0131d\u0131r. \u0130ster en k\u00fc\u00e7\u00fck vida olsun ister karma\u015f\u0131k \u015fekilli d\u00f6k\u00fcm par\u00e7alar: \u00dcr\u00fcnlerin ve bile\u015fenlerin uzun vadede g\u00fcvenilir ve emniyetli bir \u015fekilde kullan\u0131labilmesi i\u00e7in \u00e7ok \u00e7e\u015fitli ve en zorlu d\u0131\u015f etkilere dayanmas\u0131 gerekir.<\/p>\n\n\n\n<p>Is\u0131, so\u011fuk, nem ve UV \u0131\u015f\u0131nlar\u0131, mekanik y\u00fckler, a\u015f\u0131nma ve kimyasallar y\u00fczeylere zarar verir. M\u00fckemmel \u015fekilde uyarlanm\u0131\u015f kaplama \u00e7\u00f6z\u00fcmleri ile y\u00fczeylerin m\u00fcmk\u00fcn olan en iyi ve kal\u0131c\u0131 \u015fekilde korunmas\u0131n\u0131 sa\u011fl\u0131yoruz.<\/p>\n\n\n\n<p>WHW Hillebrand, metal konstr\u00fcksiyonlar ve bile\u015fenler i\u00e7in y\u00fcksek performansl\u0131 y\u00fczeylerin kaplanmas\u0131 konusunda uzmanla\u015fm\u0131\u015ft\u0131r. M\u00fc\u015fteri portf\u00f6y\u00fcm\u00fcz, korozyon korumas\u0131 ve fonksiyonel y\u00fczeylere ihtiya\u00e7 duyulan Avrupa\u2019daki t\u00fcm sanayi dallar\u0131n\u0131 kapsamaktad\u0131r. \u00d6zellikle otomotiv \u00fcreticileri ve onlar\u0131n tedarik\u00e7ileri gibi y\u00fcksek teknoloji alanlar\u0131, kendi \u00f6zel standartlar\u0131 ve gereksinimleri ile \u00f6nemli bir odak noktas\u0131d\u0131r.<\/p>\n\n\n\n<p>Alan\u0131m\u0131zda lider bir \u015firket olarak, ilgili malzemeye, kullan\u0131m ko\u015fullar\u0131na ve m\u00fc\u015fteri gereksinimlerine en uygun \u015fekilde uyarlanm\u0131\u015f, en y\u00fcksek kalite beklentilerini kar\u015f\u0131layan benzersiz ve yenilik\u00e7i korozyon koruma \u00e7\u00f6z\u00fcmlerini temsil ediyoruz. En modern kaplama tesisleri ile d\u00f6kme malzemelerden geometrik olarak son derece karma\u015f\u0131k bile\u015fenlere kadar her t\u00fcrl\u00fc \u00fcr\u00fcn\u00fc kapl\u0131yoruz.<\/p>\n\n\n\n<p>G\u00fc\u00e7l\u00fc y\u00f6nlerimiz; deneyimli \u00e7al\u0131\u015fanlar\u0131m\u0131z\u0131n uzmanl\u0131\u011f\u0131, kendi ara\u015ft\u0131rma ve geli\u015ftirme faaliyetlerimiz ve kaplama \u00f6ncesi ile sonras\u0131 sundu\u011fumuz esnek hizmetlerdir. Bu sayede m\u00fc\u015fterilerimize verimli ve b\u00fct\u00fcnsel \u00e7\u00f6z\u00fcmlerle tek bir kaynaktan hem teknolojik hem de ekonomik katma de\u011fer sa\u011fl\u0131yoruz. Bug\u00fcn ve gelecekte.<\/p>\n<\/div>\n\n\n\n<div class=\"container width-xl\"><div class=\"banner bg bg-grey-lighter\"><div class=\"content fc-black\">\n<h3 class=\"heading wp-block-heading\">Y\u00fczeysel bak\u0131\u015f\u0131n g\u00f6sterdi\u011finden fazlas\u0131n\u0131 g\u00f6r\u00fcn<\/h3>\n\n\n\n<p>WHW kurumsal videosunda gelece\u011fe y\u00f6nelik kaplama \u00e7\u00f6z\u00fcmleri hakk\u0131nda daha fazla bilgi edinin<\/p>\n<\/div><\/div><div class=\"video\"><iframe src=\"https:\/\/www.youtube.com\/embed\/p6wBbvpWCv0\" title=\"YouTube video player\" frameborder=\"0\" allow=\"accelerometer; autoplay; clipboard-write; encrypted-media; gyroscope; picture-in-picture; web-share\" referrerpolicy=\"strict-origin-when-cross-origin\" allowfullscreen><\/iframe><\/div><\/div>\n\n\n\n<div class=\"container width-xl\">\n<h3 class=\"heading wp-block-heading\">Yenilik\u00e7i: d\u00fcn, bug\u00fcn ve yar\u0131n<\/h3>\n\n\n\n<p><strong>K\u00d6KLER\u0130M\u0130Z VE Z\u0130RVEYE UZANAN YOLUMUZ<\/strong><\/p>\n\n\n\n<p>Wickede\u2019deki aile i\u015fletmesi olan bir zanaat i\u015fletmesinden, 85 y\u0131l i\u00e7inde 600 \u00e7al\u0131\u015fanl\u0131 son derece modern bir sanayi \u015firketi do\u011fmu\u015ftur. Bug\u00fcn Avrupa genelinde tan\u0131nm\u0131\u015f sanayi \u015firketlerinin tercih etti\u011fi bir i\u015f orta\u011f\u0131y\u0131z. Her g\u00fcn 7 farkl\u0131 lokasyonda 750 tona kadar malzeme i\u015flenmektedir. Buna ra\u011fmen b\u00f6lgesel k\u00f6kleri olan ve d\u00fcnyaya a\u00e7\u0131k bir aile \u015firketi karakterimizi koruduk. Bu durum \u00fc\u00e7\u00fcnc\u00fc nesilde de b\u00f6yle devam edecektir.<\/p>\n<\/div>\n\n\n\n<div class=\"container width-xl\">\n<h2 class=\"heading wp-block-heading\">Ortakl\u0131k sayesinde avantaj<\/h2>\n\n\n\n<h3 class=\"heading wp-block-heading\">Fark\u0131 insanlar yarat\u0131r<\/h3>\n\n\n\n<p>Bir y\u00fczey \u00e7\u00f6z\u00fcm\u00fc, projeye dahil olan t\u00fcm ki\u015filerin uyumlu \u00e7al\u0131\u015fmas\u0131 kadar iyidir. Bu nedenle \u015firket k\u00fclt\u00fcr\u00fcm\u00fcz yap\u0131c\u0131 ve i\u015f birli\u011fine dayal\u0131 bir ortakl\u0131k anlay\u0131\u015f\u0131 \u00fczerine kuruludur. M\u00fc\u015fterilerimiz ve tedarik\u00e7ilerimiz ile g\u00fcvene dayal\u0131 \u015fekilde el ele \u00e7al\u0131\u015f\u0131yoruz.<br>\u0130\u015f ili\u015fkilerimizi s\u00fcrd\u00fcr\u00fclebilir, g\u00fcvenilir ve her \u015feyden \u00f6nce ki\u015fisel bir temelde y\u00fcr\u00fct\u00fcyoruz \u2013 \u00e7\u00fcnk\u00fc insanlar\u0131n katk\u0131s\u0131 olmadan en iyi teknolojilerin bile faydas\u0131 olmaz.<\/p>\n\n\n\n<p>\u00c7al\u0131\u015fanlar\u0131m\u0131z m\u00fc\u015fterilerimizin \u00e7\u0131karlar\u0131 ile \u00f6zde\u015fle\u015fir ve en iyi \u00e7\u00f6z\u00fcm\u00fc bulmak i\u00e7in y\u00fcksek g\u00fcvenilirlik, yetkinlik ve tutku ile \u00e7al\u0131\u015f\u0131r. B\u00f6ylece de\u011fer zincirinize sorunsuz \u015fekilde entegre olur ve sizin i\u00e7in ikna edici bir katma de\u011fer olu\u015ftururuz.<\/p>\n<\/div>\n\n\n\n<div class=\"container\"><div class=\"image-carousel\" style=\"background-image:url(https:\/\/www.whw.de\/wp-content\/uploads\/Design-ohne-Titel-63.png)\"><\/div><div class=\"container width\">\n<p class=\"has-text-align-center\">WHW Hillebrand ile kariyerinizde bir sonraki ad\u0131m\u0131 at\u0131n ve hemen ba\u015fvurun.<br>Hayalinizdeki i\u015fi bulun<\/p>\n\n\n\n<a class=\"btn btn-primary bg-leaf btn-center\" href=\"https:\/\/www.whw.de\/karriere\/\" rel=\"noopener\">Hayalinizdeki i\u015fi bulun<\/a>\n<\/div><\/div>\n\n\n\n<div class=\"container width-xl\"><div class=\"cols\">\n<div class=\"col\">\n<div class=\"text-column\"><h3 class=\"headline\"><br>Her detaya dikkat ederiz<\/h3><h5 class=\"sub-headline\">\u00c7\u00fcnk\u00fc en iyi kaliteye hakk\u0131n\u0131z var<\/h5><div class=\"hr-leaf\"><\/div><p><br>En y\u00fcksek ulusal ve uluslararas\u0131 gereksinimleri ve otomotiv end\u00fcstrisinin kalite standartlar\u0131n\u0131 (IATF) kar\u015f\u0131lamam\u0131z bizim i\u00e7in zaten bir zorunluluktur. Ancak bununla yetinmiyoruz. Kalite demek: Her \u015feyi ba\u015f\u0131ndan sonuna kadar do\u011fru yapmak demektir.<br>Bu da ancak en k\u00fc\u00e7\u00fck s\u00fcre\u00e7 ad\u0131m\u0131n\u0131n bile dikkate al\u0131nmas\u0131 ve t\u00fcm \u00e7al\u0131\u015fanlar\u0131n en iyi sonu\u00e7 i\u00e7in kendi motivasyonlar\u0131yla \u00e7al\u0131\u015fmas\u0131yla m\u00fcmk\u00fcnd\u00fcr.<br>Entegre kalite y\u00f6netim sistemimiz ile \u00fcr\u00fcnleri, s\u00fcre\u00e7leri, hizmetleri ve teknolojileri s\u00fcrekli olarak geli\u015ftiriyoruz. Hatalar\u0131 \u00f6nlemek veya erken a\u015famada tespit edip ortadan kald\u0131rmak i\u00e7in \u00f6nleyici tedbirler \u00f6n plandad\u0131r.<br>Ayr\u0131ca s\u00fcrekli e\u011fitim ve geli\u015fim programlar\u0131 ile \u00e7al\u0131\u015fanlar\u0131m\u0131z\u0131n en iyi niteliklere sahip olmas\u0131n\u0131 sa\u011fl\u0131yoruz.<\/p><\/div>\n<\/div>\n\n\n\n<div class=\"col\">\n<div class=\"image-column align-center\"><picture class=\"image\"><source media=\"(min-width: 0px)\" data-srcset=\"https:\/\/www.whw.de\/wp-content\/uploads\/Unternehmensgruppe-Quali2-740x421-1.png\"\/><img decoding=\"async\" loading=\"lazy\" src=\"data:image\/svg+xml,%3Csvg xmlns=%22http:\/\/www.w3.org\/2000\/svg%22 viewBox=%220 0 740 421%22 \/%3E\" alt=\"\" data-src=\"https:\/\/www.whw.de\/wp-content\/uploads\/Unternehmensgruppe-Quali2-740x421-1.png\" width=\"740\" height=\"421\"><\/picture><\/div>\n<\/div>\n<\/div><\/div>\n\n\n\n<div class=\"container width-xl\"><div class=\"cols\">\n<div class=\"col\">\n<div class=\"image-column align-center\"><picture class=\"image\"><source media=\"(min-width: 0px)\" data-srcset=\"https:\/\/www.whw.de\/wp-content\/uploads\/Unternehmensgruppe-Quali1-1750x992-1.png\"\/><img decoding=\"async\" loading=\"lazy\" src=\"data:image\/svg+xml,%3Csvg xmlns=%22http:\/\/www.w3.org\/2000\/svg%22 viewBox=%220 0 875 496%22 \/%3E\" alt=\"\" data-src=\"https:\/\/www.whw.de\/wp-content\/uploads\/Unternehmensgruppe-Quali1-1750x992-1.png\" width=\"1750\" height=\"992\"><\/picture><\/div>\n<\/div>\n\n\n\n<div class=\"col\">\n<div class=\"text-column\"><h3 class=\"headline\"><br>Gelecek i\u00e7in ak\u0131ll\u0131 fikirler<\/h3><h5 class=\"sub-headline\"><br>Yar\u0131n\u0131n y\u00fczey sistemlerini geli\u015ftiriyoruz<\/h5><div class=\"hr-leaf\"><\/div><p><br>Y\u00fczey teknolojileri alan\u0131nda uzman bir \u015firket olarak teknolojik geli\u015fmelerin her zaman merkezindeyiz \u2013 bu geli\u015fmeler giderek h\u0131zlansa bile.<br>Wickede\u2019deki \u015firket merkezimizde bulunan WHW Innovation and Technology Center (CIT) ile yeni \u00fcr\u00fcnler ve proseslerin ara\u015ft\u0131r\u0131lmas\u0131 ve geli\u015ftirilmesi i\u00e7in modern ekipmanlara, test y\u00f6ntemlerine ve akredite laboratuvarlara sahip kapsaml\u0131 bir yetkinlik merkezimiz bulunmaktad\u0131r.<br>CIT\u2019te farkl\u0131 disiplinlerden uzmanlar y\u00fcksek motivasyon ve g\u00fc\u00e7l\u00fc bir inovasyon k\u00fclt\u00fcr\u00fc ile y\u00fczey kaplama teknolojilerini geli\u015ftirmek i\u00e7in \u00e7al\u0131\u015fmaktad\u0131r.<br>Teknik merkezimizde yeni kaplama proseslerini test ediyor ve m\u00fckemmelle\u015ftiriyoruz. S\u00fcre\u00e7lerimizi daha ak\u0131ll\u0131 hale getiriyoruz; \u00fcretim ve kalite kontrol\u00fcn\u00fcn otomatik izlenmesi ve y\u00f6netimi WHW\u2019de uzun s\u00fcredir standartt\u0131r.<br>Dijitalle\u015fme, otomasyon ve a\u011f ba\u011flant\u0131l\u0131 \u00fcretim gelece\u011fin \u00f6nemli alanlar\u0131d\u0131r ve biz bu alanlara \u00f6nemli yat\u0131r\u0131mlar yap\u0131yoruz. End\u00fcstri 4.0 i\u00e7in haz\u0131r\u0131z \u2013 siz de haz\u0131rsan\u0131z.<\/p><\/div>\n<\/div>\n<\/div><\/div>\n\n\n\n<div class=\"container width-xl\">\n<h2 class=\"heading wp-block-heading\">S\u00fcrd\u00fcr\u00fclebilirlik ileri d\u00fc\u015f\u00fcnmek demektir<\/h2>\n\n\n\n<h3 class=\"heading wp-block-heading\">\u0130nsan ve \u00e7evre sorumlulu\u011fu ile<\/h3>\n\n\n\n<p>Bir aile i\u015fletmesi olarak her zaman uzun vadeli ve nesiller aras\u0131 bir bak\u0131\u015f a\u00e7\u0131s\u0131na sahip olduk. B\u00f6lgemize olan g\u00fc\u00e7l\u00fc ba\u011fl\u0131l\u0131\u011f\u0131m\u0131z nedeniyle insan ve \u00e7evre g\u00fcvenli\u011fi konusunda \u00f6zel bir sorumluluk ta\u015f\u0131yoruz.<br>Teknolojilerimiz kimya temelli oldu\u011fu i\u00e7in do\u011fa ve su korumas\u0131na en y\u00fcksek \u00f6nemi veriyoruz. Ayr\u0131ca sekt\u00f6r\u00fcn lider \u015firketlerinden biri olarak s\u00fcrd\u00fcr\u00fclebilirlik konusunda da \u00f6rnek te\u015fkil eden standartlar belirliyoruz. Tesis ve i\u015fletme g\u00fcvenli\u011fi konusundaki kendi standartlar\u0131m\u0131z \u00e7o\u011fu zaman yasal gerekliliklerden bile daha kat\u0131d\u0131r.<br>Kaynak t\u00fcketimini azaltmak, at\u0131klar\u0131 \u00f6nlemek veya daha iyi de\u011ferlendirmek, emisyonlar\u0131 azaltmak ve enerji verimlili\u011fini sistematik olarak art\u0131rmak i\u00e7in hedefli \u00f6nlemler geli\u015ftiriyoruz.<\/p>\n\n\n\n<p>Kar\u015f\u0131 kar\u015f\u0131ya oldu\u011fumuz en b\u00fcy\u00fck hedeflerden biri 2030 y\u0131l\u0131na kadar CO\u2082 n\u00f6tr \u00fcretim ger\u00e7ekle\u015ftirmektir. Ekolojik dengeyi iyile\u015ftirmenin en iyi yolu ak\u0131ll\u0131 ve yenilik\u00e7i teknolojilerdir. Bunun i\u00e7in hem ara\u015ft\u0131rma ve geli\u015ftirme faaliyetlerimizi hem de \u00e7al\u0131\u015fanlar\u0131m\u0131z\u0131n bilgi ve deneyimlerini kullan\u0131yoruz.<\/p>\n<\/div>\n\n\n\n<div class=\"container width-xl\"><div class=\"banner bg bg-grey-lighter\"><picture class=\"image\"><source media=\"(max-width: 799px)\" data-srcset=\"https:\/\/www.whw.de\/wp-content\/uploads\/whw_verlauf-final-800x800.png\"\/><source media=\"(max-width: 1199px)\" data-srcset=\"https:\/\/www.whw.de\/wp-content\/uploads\/whw_verlauf-final-1200x670.png\"\/><source media=\"(min-width: 1200px)\" data-srcset=\"https:\/\/www.whw.de\/wp-content\/uploads\/whw_verlauf-final-2000x670.png\"\/><img decoding=\"async\" loading=\"lazy\" src=\"data:image\/svg+xml,%3Csvg xmlns=%22http:\/\/www.w3.org\/2000\/svg%22 viewBox=%220 0 200 67%22 \/%3E\" alt=\"\" data-src=\"https:\/\/www.whw.de\/wp-content\/uploads\/whw_verlauf-final-2000x670.png\" width=\"2000\" height=\"670\"><\/picture><div class=\"content fc-white\">\n<div class=\"icon-list items-5\">\n<div class=\"icon-item\"><picture class=\"image icon\"><source media=\"(min-width: 0px)\" data-srcset=\"https:\/\/www.whw.de\/wp-content\/uploads\/Group-8917-2.png\"\/><img decoding=\"async\" loading=\"lazy\" src=\"data:image\/svg+xml,%3Csvg xmlns=%22http:\/\/www.w3.org\/2000\/svg%22 viewBox=%220 0 301 300%22 \/%3E\" alt=\"\" data-src=\"https:\/\/www.whw.de\/wp-content\/uploads\/Group-8917-2.png\" width=\"301\" height=\"300\"><\/picture><span class=\"number\">650<\/span><span>\u00c7al\u0131\u015fanlar<\/span><\/div>\n\n\n\n<div class=\"icon-item\"><picture class=\"image icon\"><source media=\"(min-width: 0px)\" data-srcset=\"https:\/\/www.whw.de\/wp-content\/uploads\/Group-8917.png\"\/><img decoding=\"async\" loading=\"lazy\" src=\"data:image\/svg+xml,%3Csvg xmlns=%22http:\/\/www.w3.org\/2000\/svg%22 viewBox=%220 0 301 300%22 \/%3E\" alt=\"\" data-src=\"https:\/\/www.whw.de\/wp-content\/uploads\/Group-8917.png\" width=\"301\" height=\"300\"><\/picture><span class=\"number\">6<\/span><span>Lokasyonlar<\/span><\/div>\n\n\n\n<div class=\"icon-item\"><picture class=\"image icon\"><source media=\"(min-width: 0px)\" data-srcset=\"https:\/\/www.whw.de\/wp-content\/uploads\/Group-8917-1-1.png\"\/><img decoding=\"async\" loading=\"lazy\" src=\"data:image\/svg+xml,%3Csvg xmlns=%22http:\/\/www.w3.org\/2000\/svg%22 viewBox=%220 0 301 300%22 \/%3E\" alt=\"\" data-src=\"https:\/\/www.whw.de\/wp-content\/uploads\/Group-8917-1-1.png\" width=\"301\" height=\"300\"><\/picture><span class=\"number\">8% <\/span><span>Y\u0131ll\u0131k \u00e7al\u0131\u015fan art\u0131\u015f\u0131<\/span><\/div>\n\n\n\n<div class=\"icon-item\"><picture class=\"image icon\"><source media=\"(min-width: 0px)\" data-srcset=\"https:\/\/www.whw.de\/wp-content\/uploads\/Group-8917-3.png\"\/><img decoding=\"async\" loading=\"lazy\" src=\"data:image\/svg+xml,%3Csvg xmlns=%22http:\/\/www.w3.org\/2000\/svg%22 viewBox=%220 0 301 300%22 \/%3E\" alt=\"\" data-src=\"https:\/\/www.whw.de\/wp-content\/uploads\/Group-8917-3.png\" width=\"301\" height=\"300\"><\/picture><span class=\"number\">1937 <\/span><span>Kurulu\u015f y\u0131l\u0131<\/span><\/div>\n<\/div>\n<\/div><\/div><\/div>\n\n\n\n<div class=\"container width-xl\"><div class=\"cols\">\n<div class=\"col\">\n<div class=\"image-card\"><picture class=\"image\"><source media=\"(min-width: 0px)\" data-srcset=\"https:\/\/www.whw.de\/wp-content\/uploads\/Standorte-Kachel-500x273-1.png\"\/><img decoding=\"async\" loading=\"lazy\" src=\"data:image\/svg+xml,%3Csvg xmlns=%22http:\/\/www.w3.org\/2000\/svg%22 viewBox=%220 0 500 273%22 \/%3E\" alt=\"\" data-src=\"https:\/\/www.whw.de\/wp-content\/uploads\/Standorte-Kachel-500x273-1.png\" width=\"500\" height=\"273\"><\/picture><div class=\"image-overlay\"><h4>\u00dcretim kapasiteleri optimum \u015fekilde entegre edilmi\u015ftir<\/h4>\n<a class=\"btn btn-primary bg-leaf btn-left\" href=\"https:\/\/www.whw.de\/tr\/merkezler\/\" rel=\"noopener\">\u015eubeler<\/a>\n<\/div><\/div>\n<\/div>\n\n\n\n<div class=\"col\">\n<div class=\"image-card\"><picture class=\"image\"><source media=\"(min-width: 0px)\" data-srcset=\"https:\/\/www.whw.de\/wp-content\/uploads\/Beschichtungstechnologie-1-500x274-1.png\"\/><img decoding=\"async\" loading=\"lazy\" src=\"data:image\/svg+xml,%3Csvg xmlns=%22http:\/\/www.w3.org\/2000\/svg%22 viewBox=%220 0 250 137%22 \/%3E\" alt=\"\" data-src=\"https:\/\/www.whw.de\/wp-content\/uploads\/Beschichtungstechnologie-1-500x274-1.png\" width=\"500\" height=\"274\"><\/picture><div class=\"image-overlay\"><h4>Yakla\u015f\u0131k 90 y\u0131ld\u0131r sizin i\u00e7in \u00e7al\u0131\u015f\u0131yoruz!<\/h4>\n<a class=\"btn btn-primary bg-leaf btn-left\" href=\"https:\/\/www.whw.de\/tr\/whw-hillebrand\/kaplama-teknolojileri\/\" rel=\"noopener\">Kaplama teknolojisi<\/a>\n<\/div><\/div>\n<\/div>\n<\/div><\/div>\n\n\n\n\n","protected":false},"excerpt":{"rendered":"","protected":false},"author":3,"featured_media":0,"parent":0,"menu_order":0,"comment_status":"closed","ping_status":"closed","template":"","meta":{"footnotes":""},"class_list":["post-3633","page","type-page","status-publish","hentry"],"_links":{"self":[{"href":"https:\/\/www.whw.de\/tr\/wp-json\/wp\/v2\/pages\/3633","targetHints":{"allow":["GET"]}}],"collection":[{"href":"https:\/\/www.whw.de\/tr\/wp-json\/wp\/v2\/pages"}],"about":[{"href":"https:\/\/www.whw.de\/tr\/wp-json\/wp\/v2\/types\/page"}],"author":[{"embeddable":true,"href":"https:\/\/www.whw.de\/tr\/wp-json\/wp\/v2\/users\/3"}],"replies":[{"embeddable":true,"href":"https:\/\/www.whw.de\/tr\/wp-json\/wp\/v2\/comments?post=3633"}],"version-history":[{"count":1,"href":"https:\/\/www.whw.de\/tr\/wp-json\/wp\/v2\/pages\/3633\/revisions"}],"predecessor-version":[{"id":3634,"href":"https:\/\/www.whw.de\/tr\/wp-json\/wp\/v2\/pages\/3633\/revisions\/3634"}],"wp:attachment":[{"href":"https:\/\/www.whw.de\/tr\/wp-json\/wp\/v2\/media?parent=3633"}],"curies":[{"name":"wp","href":"https:\/\/api.w.org\/{rel}","templated":true}]}}