{"id":3395,"date":"2025-02-21T10:03:39","date_gmt":"2025-02-21T09:03:39","guid":{"rendered":"https:\/\/www.whw.de\/impressum\/"},"modified":"2025-07-22T12:09:05","modified_gmt":"2025-07-22T10:09:05","slug":"kuenye","status":"publish","type":"page","link":"https:\/\/www.whw.de\/tr\/kuenye\/","title":{"rendered":"K\u00dcNYE"},"content":{"rendered":"\n<div class=\"container width-xl\"><div class=\"banner bg bg-grey-lighter overlay\"><picture class=\"image\"><source media=\"(min-width: 0px)\" data-srcset=\"https:\/\/www.whw.de\/wp-content\/uploads\/180423_Impressum_Header-1024x340-1-800x340.jpg\"\/><img decoding=\"async\" loading=\"lazy\" src=\"data:image\/svg+xml,%3Csvg xmlns=%22http:\/\/www.w3.org\/2000\/svg%22 viewBox=%220 0 40 17%22 \/%3E\" alt=\"\" data-src=\"https:\/\/www.whw.de\/wp-content\/uploads\/180423_Impressum_Header-1024x340-1-800x340.jpg\" width=\"800\" height=\"340\"><\/picture><div class=\"content fc-white\">\n<h2 class=\"heading wp-block-heading\">K\u00dcNYE<\/h2>\n<\/div><\/div><\/div>\n\n\n\n<div class=\"container width-xl\">\n<p>Bas\u0131n Yasas\u0131 ba\u011flam\u0131nda sorumlu \u00a7 6 MDStV &amp; 6&nbsp;TDG<\/p>\n\n\n\n<p>WHW Walter Hillebrand GmbH &amp; Co. KG Westerhaar 56-58 58739 Wickede (Ruhr) Tel.: +49(0)2377-808-0 Faks: +49(0)2377-808-141<\/p>\n\n\n\n<p>Ticaret Sicil Mahkemesi: Arnsberg Yerel Mahkemesi,\u00a0HRA\u00a06268 Ki\u015fisel olarak sorumlu \u015firket orta\u011f\u0131 Verwaltungsgesellschaft Walter Hillebrand mbH Ticaret Sicil Mahkemesi: Arnsberg Yerel Mahkemesi,\u00a0Ticaret Sicil\u00a0No. 4059 M\u00fcd\u00fcr: Ernst Gregor Hillebrand, Dr. Martin Kurpjoweit<\/p>\n\n\n\n<p>Sorumluluk reddi \u2013 Hukuki bilgiler<\/p>\n\n\n\n<h3 class=\"heading wp-block-heading\">1. Sorumlulu\u011fun s\u0131n\u0131rlanmas\u0131<\/h3>\n\n\n\n<p>Bu web sitesinin i\u00e7eri\u011fi m\u00fcmk\u00fcn olan en b\u00fcy\u00fck \u00f6zenle olu\u015fturulmu\u015ftur. Bununla birlikte sa\u011flay\u0131c\u0131, sunulan i\u00e7eri\u011fin do\u011frulu\u011fu, eksiksizli\u011fi ve g\u00fcncelli\u011fi konusunda hi\u00e7bir sorumluluk kabul etmez. Web sitesi i\u00e7eri\u011finin kullan\u0131m riski kullan\u0131c\u0131ya aittir. \u0130sim belirtilerek yaz\u0131lan makaleler, ilgili yazar\u0131n kendi g\u00f6r\u00fc\u015f\u00fcd\u00fcr ve her zaman sunucunun g\u00f6r\u00fc\u015f\u00fcn\u00fc yans\u0131tmaz. Sa\u011flay\u0131c\u0131 web sitesinin sadece kullan\u0131m\u0131 ile kullan\u0131c\u0131 ve sa\u011flay\u0131c\u0131 aras\u0131nda bir s\u00f6zle\u015fme ili\u015fkisi olu\u015fmaz.<\/p>\n\n\n\n<h3 class=\"heading wp-block-heading\">2. D\u0131\u015f ba\u011flant\u0131lar<\/h3>\n\n\n\n<p>Bu web sitesi, \u00fc\u00e7\u00fcnc\u00fc taraf web sitelerine (\u201charici linkler\u201d) ait ba\u011flant\u0131lar i\u00e7ermektedir. Bu web siteleri ilgili operat\u00f6r\u00fcn sorumlulu\u011funa tabidir. Sa\u011flay\u0131c\u0131, herhangi bir yasa ihlali olup olmad\u0131\u011f\u0131n\u0131 belirlemek i\u00e7in harici ba\u011flant\u0131lar\u0131 ba\u011flarken \u00fc\u00e7\u00fcnc\u00fc taraf i\u00e7eri\u011fini kontrol etmi\u015ftir. O tarihte herhangi bir yasa ihlali g\u00f6r\u00fclmemi\u015ftir. Sa\u011flay\u0131c\u0131, ba\u011flant\u0131l\u0131 sayfalar\u0131n g\u00fcncel ve gelecekteki tasar\u0131m\u0131 ve i\u00e7eri\u011fi \u00fczerinde hi\u00e7bir etkiye sahip de\u011fildir. D\u0131\u015f ba\u011flant\u0131lar\u0131n konulmas\u0131, sa\u011flay\u0131c\u0131n\u0131n referans veya ba\u011flant\u0131 arkas\u0131ndaki i\u00e7eri\u011fi kabul etti\u011fi anlam\u0131na gelmez. Yasa ihlallerine dair somut bilgiler olmad\u0131\u011f\u0131 m\u00fcddet\u00e7e d\u0131\u015f ba\u011flant\u0131lar\u0131n s\u00fcrekli kontrol\u00fc mant\u0131kl\u0131 de\u011fildir. Ancak, yasa ihlalleri bilgisi geldi\u011finde bu t\u00fcr d\u0131\u015f ba\u011flant\u0131lar derhal silinir.<\/p>\n\n\n\n<h3 class=\"heading wp-block-heading\">3. Telif hakk\u0131 ve hizmet koruma yasalar\u0131<\/h3>\n\n\n\n<p>Bu web sitesinde yay\u0131nlanan i\u00e7erikler, Alman telif hakk\u0131 ve performans koruma yasas\u0131na tabidir. Alman telif hakk\u0131 ve performans koruma yasas\u0131nca izin verilmeyen herhangi bir kullan\u0131m, sa\u011flay\u0131c\u0131n\u0131n veya ilgili telif hakk\u0131 sahibinin \u00f6nceden yaz\u0131l\u0131 onay\u0131n\u0131 gerektirir. Bu, \u00f6zellikle veritabanlar\u0131nda veya di\u011fer elektronik ortamlarda ve sistemlerde i\u00e7eri\u011fin \u00e7o\u011falt\u0131lmas\u0131, uyarlanmas\u0131, \u00e7evrilmesi, saklanmas\u0131, i\u015flenmesi veya \u00e7o\u011falt\u0131lmas\u0131 i\u00e7in ge\u00e7erlidir. \u00dc\u00e7\u00fcnc\u00fc taraflar\u0131n i\u00e7erikleri ve haklar\u0131 ayr\u0131 olarak i\u015faretlenmi\u015ftir. \u0130\u00e7eriklerin veya tam sayfalar\u0131n izinsiz \u00e7o\u011falt\u0131lmas\u0131 veya aktar\u0131lmas\u0131 yasakt\u0131r ve cezay\u0131 gerektirir. Sadece ki\u015fisel, \u00f6zel ve ticari olmayan kullan\u0131m i\u00e7in kopyalar\u0131n \u00e7\u0131kar\u0131lmas\u0131na ve indirilmesine izin verilir. Bu web sitesinin d\u0131\u015f \u00e7er\u00e7evelerde sunulmas\u0131na sadece yaz\u0131l\u0131 izinle izin verilir.<\/p>\n\n\n\n<h3 class=\"heading wp-block-heading\">4. Veri koruma<\/h3>\n\n\n\n<p>Sa\u011flay\u0131c\u0131n\u0131n web sitesini ziyaret etti\u011finizde, eri\u015fim hakk\u0131nda bilgiler (tarih, saat, g\u00f6r\u00fcnt\u00fclenen sayfa, IP adresi) saklanabilir. Bu veriler sadece istatistiksel ama\u00e7larla de\u011ferlendirilmektedir. Ticari veya ticari olmayan ama\u00e7lar i\u00e7in \u00fc\u00e7\u00fcnc\u00fc taraflara aktar\u0131lmaz.<\/p>\n\n\n\n<p>Sitemiz i\u00e7inde ki\u015fisel veya ticari verilerin (e-posta adresleri, isimler, adresler, ba\u015fvuru belgeleri, vb.) girilmesi olas\u0131l\u0131\u011f\u0131 varsa, bu verilerin kullan\u0131c\u0131 taraf\u0131ndan a\u00e7\u0131klanmas\u0131 g\u00f6n\u00fcll\u00fc olarak ve a\u00e7\u0131k bir \u015fekilde yap\u0131lmaktad\u0131r. Verileriniz gizli olarak i\u015flenir ve \u00fc\u00e7\u00fcnc\u00fc taraflara aktar\u0131lmaz.<\/p>\n\n\n\n<p><strong>Genel Bilgiler<\/strong><\/p>\n\n\n\n<p>Bu ileti\u015fim sayfas\u0131, WHW Hillebrand GmbH &amp; Co. KG ad\u0131na EWH Holding GmbH &amp; Co. KG taraf\u0131ndan i\u015fletilmektedir. Her iki \u015firket de WHW \u015eirketler Grubuna aittir (bundan b\u00f6yle \u201cWHW\u201d olarak an\u0131lacakt\u0131r).<\/p>\n\n\n\n<p>\u0130leti\u015fim bilgileri:<\/p>\n\n\n\n<p>EWH Holding GmbH &amp; Co. KG, Westerhaar 56-58 , 58739 Wickede (Ruhr)<\/p>\n\n\n\n<p>WHW Walter Hillebrand GmbH &amp; Co. KG, 58739 Wickede (Ruhr)<\/p>\n\n\n\n<p>Tel: 02377 \/ 808-0,&nbsp;<a href=\"mailto:info@whw.de\">info@whw.de<\/a><\/p>\n\n\n\n<p>Bilgilerinizi ileti\u015fim formuna g\u00f6n\u00fcll\u00fc olarak girmekle, her iki \u015firkete AB-DSGVO Madde 6 1a F\u0131kras\u0131 uyar\u0131nca kendi ki\u015fisel verilerinizi toplama, i\u015fleme ve kullanma yetkisi vermi\u015f oluyorsunuz. Bu izin sadece talebinizle ba\u011flant\u0131l\u0131 olarak i\u015fleme ve kullan\u0131mla ilgilidir.<\/p>\n\n\n\n<p><strong>Veri depolama<\/strong><\/p>\n\n\n\n<p>Verileriniz sunucular i\u00e7in \u015fifreli iletim, rol ve yetkilendirme konsepti, veri koruma konsepti ve fiziksel koruma yoluyla yetkisiz eri\u015fime kar\u015f\u0131 korunur.<\/p>\n\n\n\n<p><strong>Veri eri\u015fimi<\/strong><\/p>\n\n\n\n<p>Kaydedilen verilerinize eri\u015fim, talebinizi i\u015flemek i\u00e7in gerekli olan ki\u015filerle s\u0131n\u0131rl\u0131d\u0131r. Bunlara, sat\u0131\u015f alan\u0131nda ve muhtemelen arka b\u00fcroda kullan\u0131lan WHW Hillebrand GmbH &amp; Co. \u00e7al\u0131\u015fanlar\u0131 dahildir. \u0130leti\u015fim formunun ve sonraki e-posta program\u0131n\u0131n i\u015fletimi ve bak\u0131m\u0131, EWH Holding GmbH &amp; Co. KG\u2019nin BT B\u00f6l\u00fcm\u00fc taraf\u0131ndan ger\u00e7ekle\u015ftirilmektedir.<\/p>\n\n\n\n<p><strong>Bilgi sorma, g\u00fcncelleme ve silme; \u0130tiraz hakk\u0131<\/strong><\/p>\n\n\n\n<p>Hakk\u0131n\u0131zda saklanan verileri almaya, engellemeye veya silmeye, verilerin i\u015flenmesine itiraz etmeye veya yanl\u0131\u015f verilerin d\u00fczeltilmesini istemeye her zaman hakk\u0131n\u0131z vard\u0131r. Verilerinizin silinmesini talep etmezseniz, verileriniz iste\u011finizin sonland\u0131r\u0131lmas\u0131ndan hemen sonra silinir. Talebiniz bir s\u00f6zle\u015fme veya ba\u015fka bir i\u015f ili\u015fkisi ile sonu\u00e7lan\u0131rsa, verileriniz bundan sonraki i\u015f ili\u015fkisi i\u00e7in gerekliyse, bir ama\u00e7 de\u011fi\u015fikli\u011fi kapsam\u0131nda kaydedilebilir ve\/veya i\u015flenebilir.<\/p>\n\n\n\n<p><strong><strong>Muhatap<\/strong><\/strong><\/p>\n\n\n\n<p>Veri koruma ile ilgili herhangi bir sorunuz varsa, her zaman \u015firket veri koruma yetkilisi ile e-posta yoluyla (<a href=\"mailto:datenschutz@whw.de\">datenschutz@whw.de<\/a>) ba\u011flant\u0131 kurabilirsiniz<\/p>\n\n\n\n<p>Sa\u011flay\u0131c\u0131, internet \u00fczerinden veri iletilmesinde (\u00f6rne\u011fin, e-posta yoluyla ileti\u015fim halinde) g\u00fcvenlik a\u00e7\u0131klar\u0131n\u0131n oldu\u011funu ve \u00fc\u00e7\u00fcnc\u00fc taraflarca eri\u015fime kar\u015f\u0131 tamamen korunamayaca\u011f\u0131na \u00f6zellikle i\u015faret eder.<\/p>\n\n\n\n<p>Sa\u011flay\u0131c\u0131 \u00f6nceden yaz\u0131l\u0131 onay vermedik\u00e7e veya zaten bir i\u015f ili\u015fkisi olmad\u0131\u011f\u0131 s\u00fcrece, k\u00fcnye ileti\u015fim detaylar\u0131n\u0131n ticari ama\u00e7larla kullan\u0131m\u0131 kesinlikle istenmemektedir. Sa\u011flay\u0131c\u0131 ve bu web sitesinde ad\u0131 ge\u00e7en t\u00fcm ki\u015filer, verilerin her t\u00fcrl\u00fc ticari ama\u00e7larla kullan\u0131m\u0131n\u0131 ve aktar\u0131lmas\u0131n\u0131 kabul etmemektedirler.<\/p>\n\n\n\n<h3 class=\"heading wp-block-heading\">5. \u00d6zel kullan\u0131m \u015fartlar\u0131<\/h3>\n\n\n\n<p>Bu web sitesinin bireysel kullan\u0131mlar\u0131 i\u00e7in \u00f6zel ko\u015fullarda, yukar\u0131da belirtilen 1 ila 4. maddelerine g\u00f6re farkl\u0131l\u0131klar uygun bir yerde a\u00e7\u0131k\u00e7a belirtilir. Bu durumda, her bir bireysel durumda \u00f6zel kullan\u0131m ko\u015fullar\u0131 ge\u00e7erlidir.<\/p>\n\n\n\n<p>Kaynak: Juraforum.de \u2013 Sorumlulu\u011fun reddi, yasalar, kararlar, forum, s\u00f6zl\u00fck, Avukatlar &amp; Vergi Dan\u0131\u015fmanlar\u0131<\/p>\n\n\n\n<h3 class=\"heading wp-block-heading\">Kullan\u0131lan g\u00f6rseller ve grafikler i\u00e7in kaynak\u00e7a bilgileri<\/h3>\n\n\n\n<p>mooshny \u2013 stock.adobe.com<\/p>\n<\/div>\n","protected":false},"excerpt":{"rendered":"","protected":false},"author":3,"featured_media":0,"parent":0,"menu_order":0,"comment_status":"closed","ping_status":"closed","template":"","meta":{"footnotes":""},"class_list":["post-3395","page","type-page","status-publish","hentry"],"_links":{"self":[{"href":"https:\/\/www.whw.de\/tr\/wp-json\/wp\/v2\/pages\/3395","targetHints":{"allow":["GET"]}}],"collection":[{"href":"https:\/\/www.whw.de\/tr\/wp-json\/wp\/v2\/pages"}],"about":[{"href":"https:\/\/www.whw.de\/tr\/wp-json\/wp\/v2\/types\/page"}],"author":[{"embeddable":true,"href":"https:\/\/www.whw.de\/tr\/wp-json\/wp\/v2\/users\/3"}],"replies":[{"embeddable":true,"href":"https:\/\/www.whw.de\/tr\/wp-json\/wp\/v2\/comments?post=3395"}],"version-history":[{"count":2,"href":"https:\/\/www.whw.de\/tr\/wp-json\/wp\/v2\/pages\/3395\/revisions"}],"predecessor-version":[{"id":3397,"href":"https:\/\/www.whw.de\/tr\/wp-json\/wp\/v2\/pages\/3395\/revisions\/3397"}],"wp:attachment":[{"href":"https:\/\/www.whw.de\/tr\/wp-json\/wp\/v2\/media?parent=3395"}],"curies":[{"name":"wp","href":"https:\/\/api.w.org\/{rel}","templated":true}]}}