{"id":3388,"date":"2024-09-04T14:44:36","date_gmt":"2024-09-04T12:44:36","guid":{"rendered":"https:\/\/www.whw.de\/kontakt\/"},"modified":"2025-07-21T15:39:05","modified_gmt":"2025-07-21T13:39:05","slug":"iletisim","status":"publish","type":"page","link":"https:\/\/www.whw.de\/tr\/iletisim\/","title":{"rendered":"\u0130leti\u015fim"},"content":{"rendered":"\n<div class=\"container \"><div class=\"banner bg bg-grey-lighter overlay\"><video src=\"https:\/\/www.whw.de\/wp-content\/uploads\/Kontakt-desktop.mp4\" autoplay muted loop playsinline><\/video><div class=\"content fc-white\">\n<h2 class=\"heading wp-block-heading\">ENDI\u015eELERINIZ BIZIM I\u00c7IN \u00d6NEMLI<\/h2>\n<\/div><\/div><\/div>\n\n\n\n<div class=\"container width-xl\">\n<p class=\"has-text-align-left\">Sizden haber almak i\u00e7in sab\u0131rs\u0131zlan\u0131yoruz! \u00dcr\u00fcnlerimiz ve hizmetlerimiz hakk\u0131nda sorular\u0131n\u0131z varsa veya bir projede deste\u011fe ihtiyac\u0131n\u0131z varsa, ekibimiz size yard\u0131mc\u0131 olmaktan mutluluk duyacakt\u0131r.<\/p>\n\n\n\n<p>\u0130leti\u015fim formunu veya sa\u011flanan ileti\u015fim se\u00e7eneklerini kullanman\u0131z yeterlidir; size en k\u0131sa s\u00fcrede geri d\u00f6nece\u011fiz.<\/p>\n\n\n\n<p class=\"has-text-align-left\">Memnuniyetiniz bizim i\u00e7in \u00e7ok \u00f6nemlidir ve size her zaman yard\u0131mc\u0131 olmaya \u00e7al\u0131\u015faca\u011f\u0131z.<br><br><\/p>\n<\/div>\n\n\n\n<div class=\"container width-xl\"><div class=\"cols\">\n<div class=\"col bg bg-grey-lighter\">\n<div class=\"brand-contact-card\"><picture class=\"image\"><source media=\"(min-width: 0px)\" data-srcset=\"https:\/\/www.whw.de\/wp-content\/uploads\/whw_hillebrand_logo.png\"\/><img decoding=\"async\" loading=\"lazy\" src=\"data:image\/svg+xml,%3Csvg xmlns=%22http:\/\/www.w3.org\/2000\/svg%22 viewBox=%220 0 469 32%22 \/%3E\" alt=\"\" data-src=\"https:\/\/www.whw.de\/wp-content\/uploads\/whw_hillebrand_logo.png\" width=\"2814\" height=\"192\"><\/picture><h5>WHW Walter Hillebrand GmbH &amp; Co. KG<\/h5><p>Westerhaar 56-58<br>58739 Wickede (Ruhr)<\/p><div class=\"contact-options\"><span class=\"tel\">+49(0)2377-808-0<\/span><span class=\"fax\">+49(0)2377-808-141<\/span><a href=\"mailto:kontakt@whw.de\"><span class=\"mail\">kontakt@whw.de<\/span><\/a><\/div><\/div>\n<\/div>\n\n\n\n<div class=\"col bg bg-grey-lighter\">\n<div class=\"brand-contact-card\"><picture class=\"image\"><source media=\"(min-width: 0px)\" data-srcset=\"https:\/\/www.whw.de\/wp-content\/uploads\/whw_hillebrand_chemicals_logo.png\"\/><img decoding=\"async\" loading=\"lazy\" src=\"data:image\/svg+xml,%3Csvg xmlns=%22http:\/\/www.w3.org\/2000\/svg%22 viewBox=%220 0 2303 242%22 \/%3E\" alt=\"\" data-src=\"https:\/\/www.whw.de\/wp-content\/uploads\/whw_hillebrand_chemicals_logo.png\" width=\"2303\" height=\"242\"><\/picture><h5>Hillebrand Chemicals GmbH<\/h5><p>Westerhaar 29<br>58739 Wickede (Ruhr)<\/p><div class=\"contact-options\"><span class=\"tel\">+49(0)2377-7870-0<\/span><span class=\"fax\">+49(0)2377-7870-270<\/span><a href=\"mailto:kontakt@hillebrand-chemicals.de\"><span class=\"mail\">kontakt@hillebrand-chemicals.de<\/span><\/a><\/div><\/div>\n<\/div>\n<\/div><\/div>\n\n\n\n<div class=\"container width-xl\">\n\n<div class=\"wpcf7 no-js\" id=\"wpcf7-f3394-o1\" lang=\"tr-TR\" dir=\"ltr\" data-wpcf7-id=\"3394\">\n<div class=\"screen-reader-response\"><p role=\"status\" aria-live=\"polite\" aria-atomic=\"true\"><\/p> <ul><\/ul><\/div>\n<form action=\"\/tr\/wp-json\/wp\/v2\/pages\/3388#wpcf7-f3394-o1\" method=\"post\" class=\"wpcf7-form init\" aria-label=\"\u0130leti\u015fim Formu\" novalidate=\"novalidate\" data-status=\"init\">\n<fieldset class=\"hidden-fields-container\"><input type=\"hidden\" name=\"_wpcf7\" value=\"3394\" \/><input type=\"hidden\" name=\"_wpcf7_version\" value=\"6.1.5\" \/><input type=\"hidden\" name=\"_wpcf7_locale\" value=\"tr_TR\" \/><input type=\"hidden\" name=\"_wpcf7_unit_tag\" value=\"wpcf7-f3394-o1\" \/><input type=\"hidden\" name=\"_wpcf7_container_post\" value=\"0\" \/><input type=\"hidden\" name=\"_wpcf7_posted_data_hash\" value=\"\" \/>\n<\/fieldset>\n<div class=\"cols\">\n\t<p><label> \u0130sim*<br \/>\n<span class=\"wpcf7-form-control-wrap\" data-name=\"your-name\"><input size=\"40\" maxlength=\"400\" class=\"wpcf7-form-control wpcf7-text wpcf7-validates-as-required\" autocomplete=\"name\" aria-required=\"true\" aria-invalid=\"false\" value=\"\" type=\"text\" name=\"your-name\" \/><\/span> <\/label>\n\t<\/p>\n\t<p><label> Soyad\u0131*<br \/>\n<span class=\"wpcf7-form-control-wrap\" data-name=\"your-name\"><input size=\"40\" maxlength=\"400\" class=\"wpcf7-form-control wpcf7-text wpcf7-validates-as-required\" autocomplete=\"name\" aria-required=\"true\" aria-invalid=\"false\" value=\"\" type=\"text\" name=\"your-name\" \/><\/span> <\/label>\n\t<\/p>\n<\/div>\n<p><label> E-Mail*<br \/>\n<span class=\"wpcf7-form-control-wrap\" data-name=\"your-email\"><input size=\"40\" maxlength=\"400\" class=\"wpcf7-form-control wpcf7-email wpcf7-validates-as-required wpcf7-text wpcf7-validates-as-email\" autocomplete=\"email\" aria-required=\"true\" aria-invalid=\"false\" value=\"\" type=\"email\" name=\"your-email\" \/><\/span> <\/label>\n<\/p>\n<p><label> Mesaj*<br \/>\n<span class=\"wpcf7-form-control-wrap\" data-name=\"message\"><textarea cols=\"40\" rows=\"10\" maxlength=\"2000\" class=\"wpcf7-form-control wpcf7-textarea wpcf7-validates-as-required\" aria-required=\"true\" aria-invalid=\"false\" name=\"message\"><\/textarea><\/span> <\/label>\n<\/p>\n<p><label> Data protection notice* <\/label><br \/>\n<span class=\"datenschutz-text\">Sa\u011flad\u0131\u011f\u0131n\u0131z veriler yaln\u0131zca talebinizin i\u015flenmesi amac\u0131yla saklanacak ve \u00fc\u00e7\u00fcnc\u00fc taraflara aktar\u0131lmayacakt\u0131r. Verilerinizi sizin izniniz olmadan toplamayaca\u011f\u0131z. Daha fazla veri koruma bilgisine buradan ula\u015fabilirsiniz.<\/span>\n<\/p>\n<p><span class=\"wpcf7-form-control-wrap\" data-name=\"checkbox-535\"><span class=\"wpcf7-form-control wpcf7-checkbox wpcf7-validates-as-required\"><span class=\"wpcf7-list-item first last\"><label><input type=\"checkbox\" name=\"checkbox-535[]\" value=\"Evet, gizlilik politikas\u0131na dikkat ettim.\" \/><span class=\"wpcf7-list-item-label\">Evet, gizlilik politikas\u0131na dikkat ettim.<\/span><\/label><\/span><\/span><\/span>\n<\/p>\n<p><input type=\"submit\" class=\"btn btn-secondary bg-leaf\" value=\"MESAJ G\u00d6NDER\" \/>\n<\/p><div class=\"wpcf7-response-output\" aria-hidden=\"true\"><\/div>\n<\/form>\n<\/div>\n\n<\/div>\n","protected":false},"excerpt":{"rendered":"","protected":false},"author":3,"featured_media":0,"parent":0,"menu_order":0,"comment_status":"closed","ping_status":"closed","template":"","meta":{"footnotes":""},"class_list":["post-3388","page","type-page","status-publish","hentry"],"_links":{"self":[{"href":"https:\/\/www.whw.de\/tr\/wp-json\/wp\/v2\/pages\/3388","targetHints":{"allow":["GET"]}}],"collection":[{"href":"https:\/\/www.whw.de\/tr\/wp-json\/wp\/v2\/pages"}],"about":[{"href":"https:\/\/www.whw.de\/tr\/wp-json\/wp\/v2\/types\/page"}],"author":[{"embeddable":true,"href":"https:\/\/www.whw.de\/tr\/wp-json\/wp\/v2\/users\/3"}],"replies":[{"embeddable":true,"href":"https:\/\/www.whw.de\/tr\/wp-json\/wp\/v2\/comments?post=3388"}],"version-history":[{"count":4,"href":"https:\/\/www.whw.de\/tr\/wp-json\/wp\/v2\/pages\/3388\/revisions"}],"predecessor-version":[{"id":3392,"href":"https:\/\/www.whw.de\/tr\/wp-json\/wp\/v2\/pages\/3388\/revisions\/3392"}],"wp:attachment":[{"href":"https:\/\/www.whw.de\/tr\/wp-json\/wp\/v2\/media?parent=3388"}],"curies":[{"name":"wp","href":"https:\/\/api.w.org\/{rel}","templated":true}]}}