{"id":3386,"date":"2024-12-10T09:59:48","date_gmt":"2024-12-10T08:59:48","guid":{"rendered":"https:\/\/www.whw.de\/standorte\/"},"modified":"2025-07-21T15:20:23","modified_gmt":"2025-07-21T13:20:23","slug":"merkezler","status":"publish","type":"page","link":"https:\/\/www.whw.de\/tr\/merkezler\/","title":{"rendered":"Merkezler"},"content":{"rendered":"\n<div class=\"container \"><div class=\"banner bg bg-grey-lighter overlay\"><video src=\"https:\/\/www.whw.de\/wp-content\/uploads\/WHW_Videoheader_Standorte.mp4\" autoplay muted loop playsinline><\/video><div class=\"content fc-white\">\n<h1 class=\"heading wp-block-heading\">Merkezler<\/h1>\n<\/div><\/div><\/div>\n\n\n\n<div class=\"container width\">\n<h2 class=\"heading has-text-align-center wp-block-heading\">\u015eirket merkezlerimiz<\/h2>\n\n\n\n<p class=\"has-text-align-left\">Bizim i\u00e7in k\u00f6kl\u00fc gelenekler ve en son teknolojiler bir \u00e7eli\u015fki de\u011fildir. D\u00fcz hiyerar\u015filer, k\u0131sa karar alma s\u00fcre\u00e7leri ve motive \u00e7al\u0131\u015fanlarla a\u00e7\u0131k ileti\u015fim ba\u015far\u0131m\u0131z\u0131n anahtar\u0131d\u0131r. Birden fazla lokasyonda bile yak\u0131nl\u0131k, etkili s\u00fcre\u00e7lerin temelini olu\u015fturmaktad\u0131r.<\/p>\n\n\n\n<p class=\"has-text-align-left\">Neredeyse 90 y\u0131ll\u0131k deneyim, 650 \u00e7al\u0131\u015fan, 6 lokasyon &#8211; ve her \u015fey tek bir \u00e7at\u0131 alt\u0131nda.<\/p>\n<\/div>\n\n\n\n<div class=\"container width-xl\"><div class=\"cols\">\n<div class=\"col\">\n<div class=\"image-card\"><picture class=\"image\"><source media=\"(min-width: 0px)\" data-srcset=\"https:\/\/www.whw.de\/wp-content\/uploads\/tile_standort_werk1_01.jpg\"\/><img decoding=\"async\" loading=\"lazy\" src=\"data:image\/svg+xml,%3Csvg xmlns=%22http:\/\/www.w3.org\/2000\/svg%22 viewBox=%220 0 365 336%22 \/%3E\" alt=\"\" data-src=\"https:\/\/www.whw.de\/wp-content\/uploads\/tile_standort_werk1_01.jpg\" width=\"365\" height=\"336\"><\/picture><div class=\"image-overlay\"><h4>FABRIKA I, Wickede<\/h4>\n<a class=\"btn btn-primary bg-leaf btn-left\" href=\"https:\/\/www.google.com\/maps\/place\/Westerhaar+56%E2%80%9358%2C+58739+Wickede+%28Ruhr%29%2C+Germany\" target=\"_blank\" rel=\"noopener\">Konum<\/a>\n<\/div><\/div>\n<\/div>\n\n\n\n<div class=\"col\">\n<div class=\"image-card\"><picture class=\"image\"><source media=\"(min-width: 0px)\" data-srcset=\"https:\/\/www.whw.de\/wp-content\/uploads\/180504_Werk_II_Standort_Kachel.jpg\"\/><img decoding=\"async\" loading=\"lazy\" src=\"data:image\/svg+xml,%3Csvg xmlns=%22http:\/\/www.w3.org\/2000\/svg%22 viewBox=%220 0 37 20%22 \/%3E\" alt=\"\" data-src=\"https:\/\/www.whw.de\/wp-content\/uploads\/180504_Werk_II_Standort_Kachel.jpg\" width=\"555\" height=\"300\"><\/picture><div class=\"image-overlay\"><h4>FABRIKA II, Wickede<\/h4>\n<a class=\"btn btn-primary bg-leaf btn-left\" href=\"https:\/\/www.google.com\/maps\/place\/Westerhaar+34%2F36,+58739+Wickede+(Ruhr),+Deutschland\/@51.5072673,7.8665114,696m\/data=!3m2!1e3!4b1!4m5!3m4!1s0x47b96f347b027595:0xac26e8916525d01!8m2!3d51.5072673!4d7.8665114!5m1!1e3?entry=ttu&amp;g_ep=EgoyMDI1MDIxMi4wIKXMDSoASAFQAw%3D%3D\" target=\"_blank\" rel=\"noopener\">Konum<\/a>\n<\/div><\/div>\n<\/div>\n<\/div><\/div>\n\n\n\n<div class=\"container width-xl\"><div class=\"cols\">\n<div class=\"col\">\n<div class=\"image-card\"><picture class=\"image\"><source media=\"(max-width: 599px)\" data-srcset=\"https:\/\/www.whw.de\/wp-content\/uploads\/Langenfeld-600x450.png\"\/><source media=\"(min-width: 600px)\" data-srcset=\"https:\/\/www.whw.de\/wp-content\/uploads\/Langenfeld-800x529.png\"\/><img decoding=\"async\" loading=\"lazy\" src=\"data:image\/svg+xml,%3Csvg xmlns=%22http:\/\/www.w3.org\/2000\/svg%22 viewBox=%220 0 800 529%22 \/%3E\" alt=\"\" data-src=\"https:\/\/www.whw.de\/wp-content\/uploads\/Langenfeld-800x529.png\" width=\"800\" height=\"529\"><\/picture><div class=\"image-overlay\"><h4>FABRIKA III, Langenfeld<\/h4>\n<a class=\"btn btn-primary bg-leaf btn-left\" href=\"https:\/\/www.google.com\/maps\/place\/Friedrich-Krupp-Stra%C3%9Fe+12%2C+40764+Langenfeld%2C+Germany\" target=\"_blank\" rel=\"noopener\">Konum<\/a>\n<\/div><\/div>\n<\/div>\n\n\n\n<div class=\"col\">\n<div class=\"image-card\"><picture class=\"image\"><source media=\"(min-width: 0px)\" data-srcset=\"https:\/\/www.whw.de\/wp-content\/uploads\/CIT-II-Kopie.jpg\"\/><img decoding=\"async\" loading=\"lazy\" src=\"data:image\/svg+xml,%3Csvg xmlns=%22http:\/\/www.w3.org\/2000\/svg%22 viewBox=%220 0 553 314%22 \/%3E\" alt=\"???????\" data-src=\"https:\/\/www.whw.de\/wp-content\/uploads\/CIT-II-Kopie.jpg\" width=\"553\" height=\"314\"><\/picture><div class=\"image-overlay\"><h4>HILLEBRAND CHEMICALS , Wickede<\/h4>\n<a class=\"btn btn-primary bg-leaf btn-left\" href=\"https:\/\/www.google.com\/maps\/place\/Westerhaar+29%2C+58739+Wickede+%28Ruhr%29%2C+Germany\" target=\"_blank\" rel=\"noopener\">Konum<\/a>\n<\/div><\/div>\n<\/div>\n<\/div><\/div>\n\n\n\n<div class=\"container width-xl\"><div class=\"cols\">\n<div class=\"col\">\n<div class=\"image-card\"><picture class=\"image\"><source media=\"(min-width: 0px)\" data-srcset=\"https:\/\/www.whw.de\/wp-content\/uploads\/180504_FullServiceFroendenberg_Standort_Kachel.jpg\"\/><img decoding=\"async\" loading=\"lazy\" src=\"data:image\/svg+xml,%3Csvg xmlns=%22http:\/\/www.w3.org\/2000\/svg%22 viewBox=%220 0 37 20%22 \/%3E\" alt=\"\" data-src=\"https:\/\/www.whw.de\/wp-content\/uploads\/180504_FullServiceFroendenberg_Standort_Kachel.jpg\" width=\"555\" height=\"300\"><\/picture><div class=\"image-overlay\"><h4>WHW DIENSTLEISTUNGEN, Fr\u00f6ndenberg<\/h4>\n<a class=\"btn btn-primary bg-leaf btn-left\" href=\"https:\/\/www.google.com\/maps\/place\/Hans-B%C3%B6ckler-Stra%C3%9Fe+2%2C+58730+Fr%C3%B6ndenberg+%28Ruhr%29%2C+Germany\" target=\"_blank\" rel=\"noopener\">Konum<\/a>\n<\/div><\/div>\n<\/div>\n\n\n\n<div class=\"col\">\n<div class=\"image-card\"><picture class=\"image\"><source media=\"(min-width: 0px)\" data-srcset=\"https:\/\/www.whw.de\/wp-content\/uploads\/180504_Haus_Gerbens_Standort_Kachel.jpg\"\/><img decoding=\"async\" loading=\"lazy\" src=\"data:image\/svg+xml,%3Csvg xmlns=%22http:\/\/www.w3.org\/2000\/svg%22 viewBox=%220 0 37 20%22 \/%3E\" alt=\"\" data-src=\"https:\/\/www.whw.de\/wp-content\/uploads\/180504_Haus_Gerbens_Standort_Kachel.jpg\" width=\"555\" height=\"300\"><\/picture><div class=\"image-overlay\"><h4>HAUS GERBENS, Wickede<\/h4>\n<a class=\"btn btn-primary bg-leaf btn-left\" href=\"https:\/\/www.google.com\/maps\/dir\/\/Hauptstra%C3%9Fe+211,+58739+Wickede\/@51.5080321,7.7940556,21646m\/data=!3m2!1e3!4b1!4m8!4m7!1m0!1m5!1m1!1s0x47b96f4bccff7997:0x1bb704209d9bc6c3!2m2!1d7.8764556!2d51.5079541!5m1!1e3?entry=ttu&amp;g_ep=EgoyMDI1MDMxNy4wIKXMDSoASAFQAw%3D%3D\" target=\"_blank\" rel=\"noopener\">Konum<\/a>\n<\/div><\/div>\n<\/div>\n<\/div><\/div>\n","protected":false},"excerpt":{"rendered":"","protected":false},"author":2,"featured_media":0,"parent":0,"menu_order":0,"comment_status":"closed","ping_status":"closed","template":"","meta":{"footnotes":""},"class_list":["post-3386","page","type-page","status-publish","hentry"],"_links":{"self":[{"href":"https:\/\/www.whw.de\/tr\/wp-json\/wp\/v2\/pages\/3386","targetHints":{"allow":["GET"]}}],"collection":[{"href":"https:\/\/www.whw.de\/tr\/wp-json\/wp\/v2\/pages"}],"about":[{"href":"https:\/\/www.whw.de\/tr\/wp-json\/wp\/v2\/types\/page"}],"author":[{"embeddable":true,"href":"https:\/\/www.whw.de\/tr\/wp-json\/wp\/v2\/users\/2"}],"replies":[{"embeddable":true,"href":"https:\/\/www.whw.de\/tr\/wp-json\/wp\/v2\/comments?post=3386"}],"version-history":[{"count":1,"href":"https:\/\/www.whw.de\/tr\/wp-json\/wp\/v2\/pages\/3386\/revisions"}],"predecessor-version":[{"id":3387,"href":"https:\/\/www.whw.de\/tr\/wp-json\/wp\/v2\/pages\/3386\/revisions\/3387"}],"wp:attachment":[{"href":"https:\/\/www.whw.de\/tr\/wp-json\/wp\/v2\/media?parent=3386"}],"curies":[{"name":"wp","href":"https:\/\/api.w.org\/{rel}","templated":true}]}}