{"id":3369,"date":"2024-10-24T14:05:25","date_gmt":"2024-10-24T12:05:25","guid":{"rendered":"https:\/\/www.whw.de\/hillebrand-chemicals\/uzmanlik-alanlari\/electronics\/"},"modified":"2025-07-18T13:53:01","modified_gmt":"2025-07-18T11:53:01","slug":"elektronik","status":"publish","type":"page","link":"https:\/\/www.whw.de\/tr\/hillebrand-chemicals\/uzmanlik-alanlari\/elektronik\/","title":{"rendered":"Elektronik"},"content":{"rendered":"\n<div class=\"container width-xl\"><div class=\"banner bg bg-grey-lighter overlay\"><picture class=\"image\"><source media=\"(min-width: 0px)\" data-srcset=\"https:\/\/www.whw.de\/wp-content\/uploads\/180514_Spezialchemie_Gilbrite_2_Header--800x238.jpg\"\/><img decoding=\"async\" loading=\"lazy\" src=\"data:image\/svg+xml,%3Csvg xmlns=%22http:\/\/www.w3.org\/2000\/svg%22 viewBox=%220 0 400 119%22 \/%3E\" alt=\"\" data-src=\"https:\/\/www.whw.de\/wp-content\/uploads\/180514_Spezialchemie_Gilbrite_2_Header--800x238.jpg\" width=\"800\" height=\"238\"><\/picture><div class=\"content fc-white\">\n<h2 class=\"heading wp-block-heading\"><strong>Elektronik &#8211; \u0130htiya\u00e7 duyulmadan \u00f6nce orada olmak.<\/strong><\/h2>\n<\/div><\/div><\/div>\n\n\n\n<div class=\"container width-xl\">\n<h2 class=\"heading wp-block-heading\">M\u00fc\u015fteri ili\u015fkilerimiz i\u00e7in do\u011fru kimya<\/h2>\n\n\n\n<p>Hillebrand Chemicals\u2019da buna \u00f6zellikle \u00f6nem veriyoruz. M\u00fc\u015fterilerimize kapsaml\u0131 \u00fcr\u00fcn bilgileri sa\u011fl\u0131yor ve m\u00fc\u015fterilere ve kullan\u0131c\u0131lara yerinde etkin bir hizmet sunuyoruz. A\u00e7\u0131k ve profesyonelce \u00f6nerilerle, numuneler ve i\u015flem banyolar\u0131 i\u00e7in hassas analiz hizmetleri sunuyoruz \u2013 ba\u011flay\u0131c\u0131, h\u0131zl\u0131 ve profesyonel bir \u015fekilde.<\/p>\n\n\n\n<h2 class=\"heading wp-block-heading\">Hemen yerinde, g\u00f6z hizas\u0131nda<\/h2>\n\n\n\n<p>\u00d6nemli bilgiler, en iyi korundu\u011fu yerlere ula\u015fmal\u0131d\u0131r: Uzmanlar\u0131n zihnine. Bu nedenle teknisyenlerimizi d\u00fczenli olarak muhataplar\u0131m\u0131z\u0131n yerine g\u00f6nderiyoruz. K\u00f6kl\u00fc d\u00fc\u015f\u00fcnce al\u0131\u015fveri\u015fi, g\u00f6z hizas\u0131nda ve her \u015feyden \u00f6nce ki\u015fisel olarak ger\u00e7ekle\u015fir. \u0130ster elektronik end\u00fcstrisindeki son geli\u015fmelerin ayr\u0131nt\u0131lar\u0131 olsun, ister yeni sofistike \u00fcr\u00fcnlerin tan\u0131t\u0131m\u0131 veya bunlar\u0131n ve uygulamas\u0131.<\/p>\n\n\n\n<p>Uygulamadaki her ad\u0131m\u0131 sonraki uygulamada do\u011fru yerde takip edilebilmemiz ve s\u00fcre\u00e7 incelemesi s\u0131ras\u0131nda t\u00fcm \u00fcr\u00fcn bilgilerin haz\u0131r bulunmas\u0131 i\u00e7in d\u00fczenli olarak s\u00fcre\u00e7 denetimlerini m\u00fcmk\u00fcn k\u0131l\u0131yoruz.<\/p>\n\n\n\n<h2 class=\"heading wp-block-heading\">Her kullan\u0131c\u0131 i\u00e7in bireysel teknik servis<\/h2>\n\n\n\n<p>Teknik bilgi al\u0131\u015fveri\u015fi, son geli\u015fmeler ve OEM gereksinimleri i\u00e7in Asya ve Kuzey Amerika \u015firketleri ile uluslararas\u0131 bir ortak olarak \u00e7al\u0131\u015f\u0131yoruz. Bunu yaparken, bununla ilgili sistem teknolojisi dahil olmak \u00fczere iletken plakalar\u0131n imalat\u0131 hakk\u0131nda k\u00f6kl\u00fc bilgi veriyoruz. Farkl\u0131 s\u0131n\u0131flardaki iletken plakalar\u0131n yayg\u0131n ve \u00f6zel standartlar\u0131 ve gereksinimlerini sa\u011flamak i\u00e7in gerekli t\u00fcm detaylar\u0131 tamaml\u0131yoruz.<\/p>\n\n\n\n<p>Servis elemanlar\u0131m\u0131z, kendi geli\u015fmelerinden edindikleri kapsaml\u0131 bilgileri beraberinde getiriyorlar. Ara\u015ft\u0131rma ve geli\u015ftirme, s\u00fcre\u00e7 optimizasyonu ve \u00fcretim alan\u0131nda tecr\u00fcbeli teknisyenler, hizmetlerimizle \u00e7ok iyi bilmekte ve Hillebrand Chemicals\u2019\u0131n kapsaml\u0131 analiz teknolojisini kolayl\u0131kla iletebilmekte ve a\u00e7\u0131klayabilmektedirler.<\/p>\n<\/div>\n\n\n\n<div class=\"container width-xl\"><div class=\"cols\">\n<div class=\"col\">\n<div class=\"image-card\"><picture class=\"image\"><source media=\"(min-width: 0px)\" data-srcset=\"https:\/\/www.whw.de\/wp-content\/uploads\/Kachel_KonzipZukunft-600x450.png\"\/><img decoding=\"async\" loading=\"lazy\" src=\"data:image\/svg+xml,%3Csvg xmlns=%22http:\/\/www.w3.org\/2000\/svg%22 viewBox=%220 0 4 3%22 \/%3E\" alt=\"\" data-src=\"https:\/\/www.whw.de\/wp-content\/uploads\/Kachel_KonzipZukunft-600x450.png\" width=\"600\" height=\"450\"><\/picture><div class=\"image-overlay\"><h4>Uzmanl\u0131k alanlar\u0131<\/h4>\n<a class=\"btn btn-primary bg-leaf btn-left\" href=\"https:\/\/www.whw.de\/tr\/hillebrand-chemicals\/uzmanlik-alanlari\/\" rel=\"noopener\">Uzmanl\u0131k alanlar\u0131<\/a>\n<\/div><\/div>\n<\/div>\n\n\n\n<div class=\"col\">\n<div class=\"image-card\"><picture class=\"image\"><source media=\"(min-width: 0px)\" data-srcset=\"https:\/\/www.whw.de\/wp-content\/uploads\/180426_Elektrolyte_Kachel.jpg\"\/><img decoding=\"async\" loading=\"lazy\" src=\"data:image\/svg+xml,%3Csvg xmlns=%22http:\/\/www.w3.org\/2000\/svg%22 viewBox=%220 0 37 20%22 \/%3E\" alt=\"\" data-src=\"https:\/\/www.whw.de\/wp-content\/uploads\/180426_Elektrolyte_Kachel.jpg\" width=\"555\" height=\"300\"><\/picture><div class=\"image-overlay\"><h4>Ara\u015ft\u0131rma ve geli\u015ftirme<\/h4>\n<a class=\"btn btn-primary bg-leaf btn-left\" href=\"https:\/\/www.whw.de\/tr\/hillebrand-chemicals\/uzmanlik-alanlari\/arastirma-ve-gelistirme\/\" rel=\"noopener\">Ara\u015ft\u0131rma ve geli\u015ftirme<\/a>\n<\/div><\/div>\n<\/div>\n<\/div><\/div>\n","protected":false},"excerpt":{"rendered":"","protected":false},"author":3,"featured_media":0,"parent":3351,"menu_order":0,"comment_status":"closed","ping_status":"closed","template":"","meta":{"footnotes":""},"class_list":["post-3369","page","type-page","status-publish","hentry"],"_links":{"self":[{"href":"https:\/\/www.whw.de\/tr\/wp-json\/wp\/v2\/pages\/3369","targetHints":{"allow":["GET"]}}],"collection":[{"href":"https:\/\/www.whw.de\/tr\/wp-json\/wp\/v2\/pages"}],"about":[{"href":"https:\/\/www.whw.de\/tr\/wp-json\/wp\/v2\/types\/page"}],"author":[{"embeddable":true,"href":"https:\/\/www.whw.de\/tr\/wp-json\/wp\/v2\/users\/3"}],"replies":[{"embeddable":true,"href":"https:\/\/www.whw.de\/tr\/wp-json\/wp\/v2\/comments?post=3369"}],"version-history":[{"count":2,"href":"https:\/\/www.whw.de\/tr\/wp-json\/wp\/v2\/pages\/3369\/revisions"}],"predecessor-version":[{"id":3373,"href":"https:\/\/www.whw.de\/tr\/wp-json\/wp\/v2\/pages\/3369\/revisions\/3373"}],"up":[{"embeddable":true,"href":"https:\/\/www.whw.de\/tr\/wp-json\/wp\/v2\/pages\/3351"}],"wp:attachment":[{"href":"https:\/\/www.whw.de\/tr\/wp-json\/wp\/v2\/media?parent=3369"}],"curies":[{"name":"wp","href":"https:\/\/api.w.org\/{rel}","templated":true}]}}