{"id":3365,"date":"2024-10-24T14:01:16","date_gmt":"2024-10-24T12:01:16","guid":{"rendered":"https:\/\/www.whw.de\/hillebrand-chemicals\/uzmanlik-alanlari\/korrosionspruefungen\/"},"modified":"2025-07-18T13:57:11","modified_gmt":"2025-07-18T11:57:11","slug":"korozyon-testi","status":"publish","type":"page","link":"https:\/\/www.whw.de\/tr\/hillebrand-chemicals\/uzmanlik-alanlari\/korozyon-testi\/","title":{"rendered":"Korozyon testi"},"content":{"rendered":"\n<div class=\"container \"><div class=\"banner bg bg-grey-lighter overlay\"><picture class=\"image\"><source media=\"(max-width: 799px)\" data-srcset=\"https:\/\/www.whw.de\/wp-content\/uploads\/180504_Korrosionspruefung_Header_2-800x400.jpg\"\/><source media=\"(min-width: 800px)\" data-srcset=\"https:\/\/www.whw.de\/wp-content\/uploads\/180504_Korrosionspruefung_Header_2-1200x400.jpg\"\/><img decoding=\"async\" loading=\"lazy\" src=\"data:image\/svg+xml,%3Csvg xmlns=%22http:\/\/www.w3.org\/2000\/svg%22 viewBox=%220 0 3 1%22 \/%3E\" alt=\"\" data-src=\"https:\/\/www.whw.de\/wp-content\/uploads\/180504_Korrosionspruefung_Header_2-1200x400.jpg\" width=\"1200\" height=\"400\"><\/picture><div class=\"content fc-white\">\n<h2 class=\"heading wp-block-heading\">DENEY\u0130Ml\u0130&nbsp; KOROZYON TESTLER\u0130&nbsp;<\/h2>\n<\/div><\/div><\/div>\n\n\n\n<div class=\"container width-xl\">\n<h2 class=\"heading wp-block-heading\">G\u00dcVENMEK \u0130Y\u0130D\u0130R, KONTROL DAHA \u0130Y\u0130D\u0130R<\/h2>\n\n\n\n<p>Standartlara uygun olarak \u00e7ok \u00e7e\u015fitli korozyon testleri yap\u0131yoruz ve test sonu\u00e7lar\u0131n\u0131, i\u015flem kimyas\u0131n\u0131n ve yeterlilik geli\u015fimini \u00f6nemli \u015fekilde etkiledikleri i\u00e7in profesyonelce ve sistematik olarak belgelendiriyoruz.<\/p>\n\n\n\n<p>M\u00fc\u015fterilerimizin yap\u0131 elemanlar\u0131 kontrol edilir ve y\u00fczeylerin onaylanmas\u0131 i\u00e7in testler yap\u0131l\u0131r. Uygulamaya y\u00f6nelik sim\u00fclasyonlar, m\u00fc\u015fteriye \u00f6zg\u00fc \u00f6zellikler ve normlar, yeni geli\u015ftirilen y\u00fczeylerin testine standart olarak dahil edilir.<\/p>\n\n\n\n<p>Korozyon koruma sistemlerimizin s\u00fcrekli test edilmesi i\u00e7in \u00e7e\u015fitli ulusal ve uluslararas\u0131 test y\u00f6ntemlerini ger\u00e7ekle\u015ftiriyoruz. \u00d6l\u00e7\u00fcm sonu\u00e7lar\u0131n\u0131n test kalitesi, kaplama\/yap\u0131 eleman\u0131 \u00fcreticileri, DGO\/ZVO ve DSV gibi dernekler ve laboratuvarlar aras\u0131 testler ile onaylanm\u0131\u015f \u015firket i\u00e7i kar\u015f\u0131la\u015ft\u0131rmal\u0131 testlerle sa\u011flan\u0131r. Laboratuvar\u0131m\u0131z\u0131n yak\u0131nl\u0131\u011f\u0131 nedeniyle, WHW Hillebrand ile t\u00fcm ara\u015ft\u0131rma ve geli\u015ftirmemizin incelenmesi, h\u0131zl\u0131 ve uzun ula\u015f\u0131m rotalar\u0131 olmadan ger\u00e7ekle\u015fmektedir. Harici m\u00fc\u015fterilere y\u00f6nelik testler, detayl\u0131 foto\u011fraf belgeleri ve test raporlar\u0131 ile h\u0131zl\u0131 ve kolay bir \u015fekilde ger\u00e7ekle\u015ftirilebilmektedir.<\/p>\n\n\n\n<p>Ulusal ve uluslararas\u0131 test y\u00f6ntemlerine di\u011ferlerinin yan\u0131 s\u0131ra dahil olan i\u015flemler:<\/p>\n\n\n\n<ul class=\"list wp-block-list\">\n<li>DIN EN ISO 9227 NSS\u2019ye g\u00f6re n\u00f6tr tuz p\u00fcsk\u00fcrtme testi<\/li>\n\n\n\n<li>DIN 50018 2.0S\u2019ye g\u00f6re Kesternich testi<\/li>\n\n\n\n<li>DIN EN ISO 6270-2 CH\u2019ye g\u00f6re yo\u011fu\u015fum suyu-sabit iklim testi<\/li>\n\n\n\n<li>DIN EN ISO 6270-2 AHT\u2019ye g\u00f6re yo\u011fu\u015fum suyu-sabit iklim testi<\/li>\n\n\n\n<li>Renault D17 1058 \/ \u2013 J\u2019ye g\u00f6re n\u00f6tr tuz p\u00fcsk\u00fcrtme testi<\/li>\n\n\n\n<li>VDA 621-415 \/ DIN EN ISO 11997-1 D\u00f6ng\u00fc B\u2019ye g\u00f6re korozyon iklim de\u011fi\u015fikli\u011fi testi<\/li>\n\n\n\n<li>VW PV 1210\u2019a g\u00f6re korozyon iklim de\u011fi\u015fikli\u011fi testi<\/li>\n\n\n\n<li>VW PV 1210\u2019a g\u00f6re korozyon iklim de\u011fi\u015fikli\u011fi testi<\/li>\n\n\n\n<li>PV 1200\u2019e g\u00f6re so\u011fuk iklim de\u011fi\u015fikli\u011fi testi<\/li>\n<\/ul>\n<\/div>\n\n\n\n<div class=\"container width-xl\"><div class=\"cols\">\n<div class=\"col\">\n<div class=\"image-card\"><picture class=\"image\"><source media=\"(min-width: 0px)\" data-srcset=\"https:\/\/www.whw.de\/wp-content\/uploads\/Kachel_KonzipZukunft-600x450.png\"\/><img decoding=\"async\" loading=\"lazy\" src=\"data:image\/svg+xml,%3Csvg xmlns=%22http:\/\/www.w3.org\/2000\/svg%22 viewBox=%220 0 4 3%22 \/%3E\" alt=\"\" data-src=\"https:\/\/www.whw.de\/wp-content\/uploads\/Kachel_KonzipZukunft-600x450.png\" width=\"600\" height=\"450\"><\/picture><div class=\"image-overlay\"><h4>Uzmanl\u0131k alanlar\u0131<\/h4>\n<a class=\"btn btn-primary bg-leaf btn-left\" href=\"https:\/\/www.whw.de\/tr\/hillebrand-chemicals\/uzmanlik-alanlari\/\" rel=\"noopener\">Uzmanl\u0131k alanlar\u0131<\/a>\n<\/div><\/div>\n<\/div>\n\n\n\n<div class=\"col\">\n<div class=\"image-card\"><picture class=\"image\"><source media=\"(min-width: 0px)\" data-srcset=\"https:\/\/www.whw.de\/wp-content\/uploads\/180426_Elektrolyte_Kachel.jpg\"\/><img decoding=\"async\" loading=\"lazy\" src=\"data:image\/svg+xml,%3Csvg xmlns=%22http:\/\/www.w3.org\/2000\/svg%22 viewBox=%220 0 37 20%22 \/%3E\" alt=\"\" data-src=\"https:\/\/www.whw.de\/wp-content\/uploads\/180426_Elektrolyte_Kachel.jpg\" width=\"555\" height=\"300\"><\/picture><div class=\"image-overlay\"><h4>Ara\u015ft\u0131rma ve geli\u015ftirme<\/h4>\n<a class=\"btn btn-primary bg-leaf btn-left\" href=\"https:\/\/www.whw.de\/tr\/hillebrand-chemicals\/uzmanlik-alanlari\/arastirma-ve-gelistirme\/\" rel=\"noopener\">Ara\u015ft\u0131rma ve geli\u015ftirme<\/a>\n<\/div><\/div>\n<\/div>\n<\/div><\/div>\n","protected":false},"excerpt":{"rendered":"","protected":false},"author":3,"featured_media":0,"parent":3351,"menu_order":0,"comment_status":"closed","ping_status":"closed","template":"","meta":{"footnotes":""},"class_list":["post-3365","page","type-page","status-publish","hentry"],"_links":{"self":[{"href":"https:\/\/www.whw.de\/tr\/wp-json\/wp\/v2\/pages\/3365","targetHints":{"allow":["GET"]}}],"collection":[{"href":"https:\/\/www.whw.de\/tr\/wp-json\/wp\/v2\/pages"}],"about":[{"href":"https:\/\/www.whw.de\/tr\/wp-json\/wp\/v2\/types\/page"}],"author":[{"embeddable":true,"href":"https:\/\/www.whw.de\/tr\/wp-json\/wp\/v2\/users\/3"}],"replies":[{"embeddable":true,"href":"https:\/\/www.whw.de\/tr\/wp-json\/wp\/v2\/comments?post=3365"}],"version-history":[{"count":3,"href":"https:\/\/www.whw.de\/tr\/wp-json\/wp\/v2\/pages\/3365\/revisions"}],"predecessor-version":[{"id":3374,"href":"https:\/\/www.whw.de\/tr\/wp-json\/wp\/v2\/pages\/3365\/revisions\/3374"}],"up":[{"embeddable":true,"href":"https:\/\/www.whw.de\/tr\/wp-json\/wp\/v2\/pages\/3351"}],"wp:attachment":[{"href":"https:\/\/www.whw.de\/tr\/wp-json\/wp\/v2\/media?parent=3365"}],"curies":[{"name":"wp","href":"https:\/\/api.w.org\/{rel}","templated":true}]}}