{"id":3363,"date":"2024-10-24T15:35:13","date_gmt":"2024-10-24T13:35:13","guid":{"rendered":"https:\/\/www.whw.de\/hillebrand-chemicals\/uzmanlik-alanlari\/befestigungselemente\/"},"modified":"2025-07-18T13:43:21","modified_gmt":"2025-07-18T11:43:21","slug":"baglanti-elemanlari","status":"publish","type":"page","link":"https:\/\/www.whw.de\/tr\/hillebrand-chemicals\/uzmanlik-alanlari\/baglanti-elemanlari\/","title":{"rendered":"Ba\u011flant\u0131 elemanlar\u0131"},"content":{"rendered":"\n<div class=\"container \"><div class=\"banner bg bg-grey-lighter overlay\"><picture class=\"image\"><source media=\"(max-width: 799px)\" data-srcset=\"https:\/\/www.whw.de\/wp-content\/uploads\/180430_Befestigungselemente_Header-800x400.jpg\"\/><source media=\"(min-width: 800px)\" data-srcset=\"https:\/\/www.whw.de\/wp-content\/uploads\/180430_Befestigungselemente_Header-1200x400.jpg\"\/><img decoding=\"async\" loading=\"lazy\" src=\"data:image\/svg+xml,%3Csvg xmlns=%22http:\/\/www.w3.org\/2000\/svg%22 viewBox=%220 0 3 1%22 \/%3E\" alt=\"\" data-src=\"https:\/\/www.whw.de\/wp-content\/uploads\/180430_Befestigungselemente_Header-1200x400.jpg\" width=\"1200\" height=\"400\"><\/picture><div class=\"content fc-white\">\n<h2 class=\"heading wp-block-heading\"><strong>Ba\u011flant\u0131 elemanlar\u0131 &#8211; Uyarlanabilir elemanlara uyarlanm\u0131\u015f i\u015fleme kimyasallar\u0131<\/strong><\/h2>\n<\/div><\/div><\/div>\n\n\n\n<div class=\"container width-xl\">\n<h2 class=\"heading wp-block-heading\">G\u00dcVENL\u0130 BA\u011eLANTILAR \u0130\u00c7\u0130N<\/h2>\n\n\n\n<p>CIT\u2019de, s\u00fcrt\u00fcnme davran\u0131\u015f\u0131 ve kaplanm\u0131\u015f yap\u0131 elemanlar\u0131n\u0131n di\u011fer parametreleri hakk\u0131nda gerekli bilgileri belirlemek i\u00e7in kullan\u0131labilen ba\u011flant\u0131 elemanlar\u0131 ve hedef odakl\u0131 \u00fcr\u00fcn geli\u015ftirme i\u00e7in \u00e7e\u015fitli kontrol standlar\u0131 vard\u0131r. Bu, \u00f6nleyici s\u00fcre\u00e7 takibi ve ayn\u0131 zamanda m\u00fc\u015fterilerimiz i\u00e7in geli\u015ftirme projelerinin hedef odakl\u0131 deste\u011fini m\u00fcmk\u00fcn k\u0131lar, b\u00f6ylece m\u00fc\u015fteri \u015fartnamelerinden veya standartlar\u0131ndan sapmalar olmas\u0131 durumunda h\u0131zl\u0131 ve esnek bir \u015fekilde m\u00fcdahale edebiliyoruz.<\/p>\n\n\n\n<h2 class=\"heading wp-block-heading\">Ba\u011flant\u0131 elemanlar\u0131 uzmanl\u0131k b\u00f6l\u00fcm\u00fc \u2013 Performans art\u0131\u015f\u0131 i\u00e7in i\u015flevsellik<\/h2>\n\n\n\n<p>Hillebrand Chemicals \u00fcr\u00fcnleri sadece ba\u011flant\u0131 elemanlar\u0131n\u0131n korozyon korumas\u0131n\u0131 \u00f6nemli \u00f6l\u00e7\u00fcde g\u00fc\u00e7lendirmekle kalmaz, ayn\u0131 zamanda c\u0131vata ve somunlar\u0131n\u0131z\u0131n performans\u0131n\u0131 da art\u0131r\u0131r. Uyarlanm\u0131\u015f ve ak\u0131ll\u0131 i\u015fleme kimyasallar\u0131m\u0131z olmadan uygun s\u00fcrt\u00fcnme \u00f6zellikleri ve optimize edilmi\u015f \u00e7oklu tak\u0131m davran\u0131\u015flar\u0131 elde edilemezdi.<\/p>\n\n\n\n<p>\u00d6l\u00e7\u00fclen kesin de\u011ferler ve ilgili uzmanl\u0131k, Ba\u011flant\u0131 Elemanlar\u0131 B\u00f6l\u00fcm\u00fcm\u00fcz taraf\u0131ndan sa\u011flanmaktad\u0131r. Vidalama, vida s\u00f6kme, vida yukar\u0131 \u00e7ekme ve di\u011fer torklar\u0131n \u00f6l\u00e7\u00fclmesi ve de\u011ferlendirilmesi burada yap\u0131l\u0131r. Sadece bu \u015fekilde \u00e7elik, al\u00fcminyum veya boyal\u0131 s\u00fcrt\u00fcnme par\u00e7alar\u0131na kar\u015f\u0131 yeni i\u015flevselle\u015ftirilmi\u015f kaplamalar geli\u015ftirebiliriz.<\/p>\n\n\n\n<p>Yak\u0131n m\u00fc\u015fteri i\u015fbirli\u011fi ve&nbsp;WHW&nbsp;Hillebrand Grubunun di\u011fer b\u00f6l\u00fcmleri aras\u0131ndaki k\u0131sa bilgi yollar\u0131, hedef odakl\u0131 \u00fcr\u00fcn geli\u015ftirmeyi m\u00fcmk\u00fcn k\u0131lmaktad\u0131r. Deneyimlerimizden faydalan\u0131n.<\/p>\n\n\n\n<h2 class=\"heading wp-block-heading\">S\u00fcrt\u00fcnme katsay\u0131s\u0131 testleri i\u00e7in test standlar\u0131<\/h2>\n<\/div>\n\n\n\n<div class=\"container width-xl\"><div class=\"banner bg bg-grey-lighter\"><picture class=\"image\"><source media=\"(min-width: 0px)\" data-srcset=\"https:\/\/www.whw.de\/wp-content\/uploads\/180511_Bildcollage_Pruefstaende-1140x356-1-800x356.jpg\"\/><img decoding=\"async\" loading=\"lazy\" src=\"data:image\/svg+xml,%3Csvg xmlns=%22http:\/\/www.w3.org\/2000\/svg%22 viewBox=%220 0 200 89%22 \/%3E\" alt=\"\" data-src=\"https:\/\/www.whw.de\/wp-content\/uploads\/180511_Bildcollage_Pruefstaende-1140x356-1-800x356.jpg\" width=\"800\" height=\"356\"><\/picture><div class=\"content fc-black\"><\/div><\/div><\/div>\n\n\n\n<div class=\"container width-xl\">\n<p><strong>Kontrol stand\u0131 1<\/strong><\/p>\n\n\n\n<ul class=\"list wp-block-list\">\n<li>Boyutlar: M27-8.8 \u2013 M39-10.9<\/li>\n\n\n\n<li>S\u0131kma h\u0131zlar\u0131: Dakikada maksimum 20 devir<\/li>\n\n\n\n<li>\u00d6l\u00e7\u00fc boyutlar\u0131: \u00d6n gerilim kuvveti\/Toplam tork\/Yatak y\u00fczeyinde s\u00fcrt\u00fcnme torku\/D\u00f6nme a\u00e7\u0131s\u0131<\/li>\n<\/ul>\n\n\n\n<p><strong><strong>Kontrol stand\u0131 2<\/strong><\/strong><\/p>\n\n\n\n<ul class=\"list wp-block-list\">\n<li>Boyutlar: M6-8.8 \u2013 M16-12.9<\/li>\n\n\n\n<li>S\u0131kma h\u0131zlar\u0131: Dakikada maksimum 250 devir<\/li>\n\n\n\n<li>\u00d6l\u00e7\u00fc boyutlar\u0131: \u00d6n gerilim kuvveti\/Toplam tork\/Yatak y\u00fczeyinde s\u00fcrt\u00fcnme torku\/D\u00f6nme a\u00e7\u0131s\u0131<\/li>\n<\/ul>\n\n\n\n<p><strong><strong>Kontrol stand\u0131 3<\/strong><\/strong><\/p>\n\n\n\n<ul class=\"list wp-block-list\">\n<li>Boyutlar: M4-8.8 \u2013 M6-12.9<\/li>\n\n\n\n<li>S\u0131kma h\u0131zlar\u0131: Dakikada maksimum 250 devir<\/li>\n\n\n\n<li>\u00d6l\u00e7\u00fc boyutlar\u0131: \u00d6n gerilim kuvveti\/Toplam tork\/Yatak y\u00fczeyinde s\u00fcrt\u00fcnme torku\/D\u00f6nme a\u00e7\u0131s\u0131<\/li>\n<\/ul>\n\n\n\n\n<\/div>\n\n\n\n<div class=\"container width-xl\"><div class=\"cols\">\n<div class=\"col\">\n<div class=\"image-column align-center\"><picture class=\"image\"><source media=\"(min-width: 0px)\" data-srcset=\"https:\/\/www.whw.de\/wp-content\/uploads\/REC_Pruefstand-1750x1750-1.jpg\"\/><img decoding=\"async\" loading=\"lazy\" src=\"data:image\/svg+xml,%3Csvg xmlns=%22http:\/\/www.w3.org\/2000\/svg%22 viewBox=%220 0 1 1%22 \/%3E\" alt=\"\" data-src=\"https:\/\/www.whw.de\/wp-content\/uploads\/REC_Pruefstand-1750x1750-1.jpg\" width=\"1750\" height=\"1750\"><\/picture><\/div>\n<\/div>\n\n\n\n<div class=\"col\">\n<div class=\"text-column\"><h3 class=\"headline\">Gerilim testleri i\u00e7in kontrol stand\u0131<\/h3><div class=\"hr-leaf\"><\/div><p><strong>k\u00fc\u00e7\u00fck \u00e7al\u0131\u015fma alan\u0131<\/strong><br>Boyutlar: \u00f82 \u2013 M6-12.9<br>S\u0131kma h\u0131zlar\u0131: Dakikada maksimum 1700 devir<br>\u00d6l\u00e7\u00fc boyutlar\u0131: Tork\/D\u00f6nme a\u00e7\u0131s\u0131<br>S\u0131kma y\u00f6ntemi: Tek ve \u00e7ok kademeli, tork kontrol\u00fc, tork kontrol\u00fc + d\u00f6nme a\u00e7\u0131s\u0131 kontrol\u00fc<br><strong>b\u00fcy\u00fck \u00e7al\u0131\u015fma alan\u0131<\/strong><br>Boyutlar: M8-8.8 \u2013 M14-12.9<br>S\u0131kma h\u0131zlar\u0131: Dakikada maksimum 350 devir<br>\u00d6l\u00e7\u00fc boyutlar\u0131: Tork\/D\u00f6nme a\u00e7\u0131s\u0131<br>Tek ve \u00e7ok kademeli, tork kontrol\u00fc, tork kontrol\u00fc + d\u00f6nme a\u00e7\u0131s\u0131 kontrol\u00fc + esneklik s\u0131n\u0131r\u0131 kontrol\u00fc<\/p><\/div>\n<\/div>\n<\/div><\/div>\n\n\n\n<div class=\"container width-xl\">\n<h2 class=\"heading wp-block-heading\">S\u0131cakl\u0131k y\u00fck\u00fc alt\u0131nda davran\u0131\u015f<\/h2>\n\n\n\n<ul class=\"list wp-block-list\">\n<li>S\u0131cakta termal gev\u015feme \u00f6zelli\u011fi<\/li>\n\n\n\n<li>S\u0131cakl\u0131k y\u00fck\u00fcnden sonra s\u00fcrt\u00fcnme de\u011fi\u015fimi<\/li>\n<\/ul>\n<\/div>\n\n\n\n<div class=\"container width-xl\"><div class=\"cols\">\n<div class=\"col\">\n<div class=\"image-card\"><picture class=\"image\"><source media=\"(min-width: 0px)\" data-srcset=\"https:\/\/www.whw.de\/wp-content\/uploads\/Kachel_KonzipZukunft-600x450.png\"\/><img decoding=\"async\" loading=\"lazy\" src=\"data:image\/svg+xml,%3Csvg xmlns=%22http:\/\/www.w3.org\/2000\/svg%22 viewBox=%220 0 4 3%22 \/%3E\" alt=\"\" data-src=\"https:\/\/www.whw.de\/wp-content\/uploads\/Kachel_KonzipZukunft-600x450.png\" width=\"600\" height=\"450\"><\/picture><div class=\"image-overlay\"><h4>Uzmanl\u0131k alanlar\u0131<\/h4>\n<a class=\"btn btn-primary bg-leaf btn-left\" href=\"https:\/\/www.whw.de\/tr\/hillebrand-chemicals\/uzmanlik-alanlari\/\" rel=\"noopener\">Uzmanl\u0131k alanlar\u0131<\/a>\n<\/div><\/div>\n<\/div>\n\n\n\n<div class=\"col\">\n<div class=\"image-card\"><picture class=\"image\"><source media=\"(min-width: 0px)\" data-srcset=\"https:\/\/www.whw.de\/wp-content\/uploads\/180426_Elektrolyte_Kachel.jpg\"\/><img decoding=\"async\" loading=\"lazy\" src=\"data:image\/svg+xml,%3Csvg xmlns=%22http:\/\/www.w3.org\/2000\/svg%22 viewBox=%220 0 37 20%22 \/%3E\" alt=\"\" data-src=\"https:\/\/www.whw.de\/wp-content\/uploads\/180426_Elektrolyte_Kachel.jpg\" width=\"555\" height=\"300\"><\/picture><div class=\"image-overlay\"><h4>Ara\u015ft\u0131rma ve geli\u015ftirme<\/h4>\n<a class=\"btn btn-primary bg-leaf btn-left\" href=\"https:\/\/www.whw.de\/tr\/hillebrand-chemicals\/uzmanlik-alanlari\/arastirma-ve-gelistirme\/\" rel=\"noopener\">Ara\u015ft\u0131rma ve geli\u015ftirme<\/a>\n<\/div><\/div>\n<\/div>\n<\/div><\/div>\n","protected":false},"excerpt":{"rendered":"","protected":false},"author":3,"featured_media":0,"parent":3351,"menu_order":0,"comment_status":"closed","ping_status":"closed","template":"","meta":{"footnotes":""},"class_list":["post-3363","page","type-page","status-publish","hentry"],"_links":{"self":[{"href":"https:\/\/www.whw.de\/tr\/wp-json\/wp\/v2\/pages\/3363","targetHints":{"allow":["GET"]}}],"collection":[{"href":"https:\/\/www.whw.de\/tr\/wp-json\/wp\/v2\/pages"}],"about":[{"href":"https:\/\/www.whw.de\/tr\/wp-json\/wp\/v2\/types\/page"}],"author":[{"embeddable":true,"href":"https:\/\/www.whw.de\/tr\/wp-json\/wp\/v2\/users\/3"}],"replies":[{"embeddable":true,"href":"https:\/\/www.whw.de\/tr\/wp-json\/wp\/v2\/comments?post=3363"}],"version-history":[{"count":1,"href":"https:\/\/www.whw.de\/tr\/wp-json\/wp\/v2\/pages\/3363\/revisions"}],"predecessor-version":[{"id":3364,"href":"https:\/\/www.whw.de\/tr\/wp-json\/wp\/v2\/pages\/3363\/revisions\/3364"}],"up":[{"embeddable":true,"href":"https:\/\/www.whw.de\/tr\/wp-json\/wp\/v2\/pages\/3351"}],"wp:attachment":[{"href":"https:\/\/www.whw.de\/tr\/wp-json\/wp\/v2\/media?parent=3363"}],"curies":[{"name":"wp","href":"https:\/\/api.w.org\/{rel}","templated":true}]}}