{"id":3361,"date":"2024-10-24T13:55:21","date_gmt":"2024-10-24T11:55:21","guid":{"rendered":"https:\/\/www.whw.de\/hillebrand-chemicals\/uzmanlik-alanlari\/material-science\/"},"modified":"2025-07-18T13:33:26","modified_gmt":"2025-07-18T11:33:26","slug":"malzeme-bilgisi","status":"publish","type":"page","link":"https:\/\/www.whw.de\/tr\/hillebrand-chemicals\/uzmanlik-alanlari\/malzeme-bilgisi\/","title":{"rendered":"Malzeme Bilgisi"},"content":{"rendered":"\n<div class=\"container \"><div class=\"banner bg bg-grey-lighter overlay\"><picture class=\"image\"><source media=\"(max-width: 799px)\" data-srcset=\"https:\/\/www.whw.de\/wp-content\/uploads\/180508_Material_Science_Header-800x400.jpg\"\/><source media=\"(min-width: 800px)\" data-srcset=\"https:\/\/www.whw.de\/wp-content\/uploads\/180508_Material_Science_Header-1200x400.jpg\"\/><img decoding=\"async\" loading=\"lazy\" src=\"data:image\/svg+xml,%3Csvg xmlns=%22http:\/\/www.w3.org\/2000\/svg%22 viewBox=%220 0 3 1%22 \/%3E\" alt=\"\" data-src=\"https:\/\/www.whw.de\/wp-content\/uploads\/180508_Material_Science_Header-1200x400.jpg\" width=\"1200\" height=\"400\"><\/picture><div class=\"content fc-white\">\n<h2 class=\"heading wp-block-heading\"><strong>Malzeme Bilgisi &#8211; Malzeme ile kaplama aras\u0131nda<\/strong><\/h2>\n<\/div><\/div><\/div>\n\n\n\n<div class=\"container width-xl\">\n<h2 class=\"heading wp-block-heading\">Y\u00dcZEY H\u0130ZMET\u0130NDE B\u0130L\u0130M<\/h2>\n\n\n\n<p>Korozyon korumas\u0131 kaplamalar\u0131n\u0131n fiziksel yap\u0131s\u0131, genel bir sistemin \u00f6zellikleri i\u00e7in \u00e7ok \u00f6nemlidir. Bu nedenle y\u00fczeyin durumu, tabaka yap\u0131s\u0131 ve incelenen tabakalar\u0131n bile\u015fimi hakk\u0131nda s\u00fcrekli bilgi al\u0131\u015f veri\u015fi son derece \u00f6nemlidir. Teslim edilen malzemenin durumu da \u00f6nemlidir. Bu nedenle, malzemeleri ve \u00f6zelliklerini kaplamadan \u00f6nce ve sonra inceliyor, tan\u0131ml\u0131yor ve belgelendiriyoruz. Ayn\u0131 \u015fekilde, bir yap\u0131 eleman\u0131 ar\u0131zas\u0131 veya erken a\u015f\u0131nma belirtileri durumunda, s\u00fcre\u00e7 geli\u015ftirme ve seri \u00fcretim i\u00e7in \u00f6nemli olan esasl\u0131 bir hasar analizi olu\u015fturuyoruz.<\/p>\n\n\n\n<p>Uzmanl\u0131k b\u00f6l\u00fcm\u00fc, galvanizli kaplamalar\u0131n malzeme ile ilgili teknik bir g\u00f6r\u00fcn\u00fcm\u00fcn\u00fc ger\u00e7ekle\u015ftirir ve ayr\u0131\u015ft\u0131rma s\u00fcreci ile temel malzeme aras\u0131ndaki kar\u015f\u0131l\u0131kl\u0131 etkiyi dikkate al\u0131r. Malzemenin tan\u0131mlanmas\u0131 i\u00e7in bu s\u0131rada gerek Enerji da\u011f\u0131l\u0131ml\u0131 X-\u0131\u015f\u0131n\u0131 analizi ile taramal\u0131 elektron mikroskobu ve gerekse optik p\u00fcr\u00fczl\u00fcl\u00fck tespiti ve y\u00fczeylerin 3B g\u00f6sterimi i\u00e7in konfokal lazer tarama mikroskobu \u00f6nemlidir. I\u015f\u0131k mikroskobu (yans\u0131yan \u0131\u015f\u0131k, stereo) ile bile\u015fen incelemesi (katman ve taban malzemesi) i\u00e7in ba\u015fka olanaklar mevcuttur. Hillebrand Chemicals\u2019\u0131n ara\u015ft\u0131rma ve geli\u015ftirme \u00e7al\u0131\u015fmalar\u0131 ve WHW Hillebrand\u2019\u0131n \u00fcretimi ile yak\u0131n i\u015fbirli\u011fi i\u00e7inde, kaplamalar\u0131n kalitesinde ve daha fazla geli\u015ftirilmesinde s\u00fcrekli bir art\u0131\u015f elde edilmi\u015ftir.<\/p>\n<\/div>\n\n\n\n<div class=\"container width-xl\"><div class=\"cols\">\n<div class=\"col\">\n<div class=\"image-card\"><picture class=\"image\"><source media=\"(min-width: 0px)\" data-srcset=\"https:\/\/www.whw.de\/wp-content\/uploads\/Kachel_KonzipZukunft-600x450.png\"\/><img decoding=\"async\" loading=\"lazy\" src=\"data:image\/svg+xml,%3Csvg xmlns=%22http:\/\/www.w3.org\/2000\/svg%22 viewBox=%220 0 4 3%22 \/%3E\" alt=\"\" data-src=\"https:\/\/www.whw.de\/wp-content\/uploads\/Kachel_KonzipZukunft-600x450.png\" width=\"600\" height=\"450\"><\/picture><div class=\"image-overlay\"><h4>Uzmanl\u0131k alanlar\u0131<\/h4>\n<a class=\"btn btn-primary bg-leaf btn-left\" href=\"https:\/\/www.whw.de\/tr\/hillebrand-chemicals\/uzmanlik-alanlari\/\" rel=\"noopener\">Uzmanl\u0131k alanlar\u0131<\/a>\n<\/div><\/div>\n<\/div>\n\n\n\n<div class=\"col\">\n<div class=\"image-card\"><picture class=\"image\"><source media=\"(min-width: 0px)\" data-srcset=\"https:\/\/www.whw.de\/wp-content\/uploads\/180426_Elektrolyte_Kachel.jpg\"\/><img decoding=\"async\" loading=\"lazy\" src=\"data:image\/svg+xml,%3Csvg xmlns=%22http:\/\/www.w3.org\/2000\/svg%22 viewBox=%220 0 37 20%22 \/%3E\" alt=\"\" data-src=\"https:\/\/www.whw.de\/wp-content\/uploads\/180426_Elektrolyte_Kachel.jpg\" width=\"555\" height=\"300\"><\/picture><div class=\"image-overlay\"><h4>Ara\u015ft\u0131rma ve geli\u015ftirme<\/h4>\n<a class=\"btn btn-primary bg-leaf btn-left\" href=\"https:\/\/www.whw.de\/tr\/hillebrand-chemicals\/uzmanlik-alanlari\/arastirma-ve-gelistirme\/\" rel=\"noopener\">Ara\u015ft\u0131rma ve geli\u015ftirme<\/a>\n<\/div><\/div>\n<\/div>\n<\/div><\/div>\n","protected":false},"excerpt":{"rendered":"","protected":false},"author":3,"featured_media":0,"parent":3351,"menu_order":0,"comment_status":"closed","ping_status":"closed","template":"","meta":{"footnotes":""},"class_list":["post-3361","page","type-page","status-publish","hentry"],"_links":{"self":[{"href":"https:\/\/www.whw.de\/tr\/wp-json\/wp\/v2\/pages\/3361","targetHints":{"allow":["GET"]}}],"collection":[{"href":"https:\/\/www.whw.de\/tr\/wp-json\/wp\/v2\/pages"}],"about":[{"href":"https:\/\/www.whw.de\/tr\/wp-json\/wp\/v2\/types\/page"}],"author":[{"embeddable":true,"href":"https:\/\/www.whw.de\/tr\/wp-json\/wp\/v2\/users\/3"}],"replies":[{"embeddable":true,"href":"https:\/\/www.whw.de\/tr\/wp-json\/wp\/v2\/comments?post=3361"}],"version-history":[{"count":1,"href":"https:\/\/www.whw.de\/tr\/wp-json\/wp\/v2\/pages\/3361\/revisions"}],"predecessor-version":[{"id":3362,"href":"https:\/\/www.whw.de\/tr\/wp-json\/wp\/v2\/pages\/3361\/revisions\/3362"}],"up":[{"embeddable":true,"href":"https:\/\/www.whw.de\/tr\/wp-json\/wp\/v2\/pages\/3351"}],"wp:attachment":[{"href":"https:\/\/www.whw.de\/tr\/wp-json\/wp\/v2\/media?parent=3361"}],"curies":[{"name":"wp","href":"https:\/\/api.w.org\/{rel}","templated":true}]}}