{"id":3359,"date":"2024-10-24T13:53:41","date_gmt":"2024-10-24T11:53:41","guid":{"rendered":"https:\/\/www.whw.de\/hillebrand-chemicals\/uzmanlik-alanlari\/technikum\/"},"modified":"2025-07-18T13:31:22","modified_gmt":"2025-07-18T11:31:22","slug":"teknik-merkez","status":"publish","type":"page","link":"https:\/\/www.whw.de\/tr\/hillebrand-chemicals\/uzmanlik-alanlari\/teknik-merkez\/","title":{"rendered":"Teknik merkez"},"content":{"rendered":"\n<div class=\"container \"><div class=\"banner bg bg-grey-lighter overlay\"><picture class=\"image\"><source media=\"(max-width: 799px)\" data-srcset=\"https:\/\/www.whw.de\/wp-content\/uploads\/180426_Technikum_Header-800x400.jpg\"\/><source media=\"(min-width: 800px)\" data-srcset=\"https:\/\/www.whw.de\/wp-content\/uploads\/180426_Technikum_Header-1200x400.jpg\"\/><img decoding=\"async\" loading=\"lazy\" src=\"data:image\/svg+xml,%3Csvg xmlns=%22http:\/\/www.w3.org\/2000\/svg%22 viewBox=%220 0 3 1%22 \/%3E\" alt=\"\" data-src=\"https:\/\/www.whw.de\/wp-content\/uploads\/180426_Technikum_Header-1200x400.jpg\" width=\"1200\" height=\"400\"><\/picture><div class=\"content fc-white\">\n<h2 class=\"heading wp-block-heading\"><strong>Teknik merkez<\/strong> <strong>\u2013 Kusursuz \u00fcr\u00fcnler i\u00e7in s\u0131n\u0131rlara varan testler<\/strong><\/h2>\n<\/div><\/div><\/div>\n\n\n\n<div class=\"container width-xl\">\n<h2 class=\"heading wp-block-heading\">\u0130LER\u0130 FONKS\u0130YONLU Y\u00dcKSEK TEKNOLOJ\u0130<\/h2>\n\n\n\n<p>Yeni geli\u015ftirilen kimyasal \u00fcr\u00fcnler, \u00f6zelliklerinin test edilmesine ve do\u011frulanmas\u0131na tabi tutulmaktad\u0131r. Teknik merkezde uygulamaya yak\u0131n \u00f6l\u00e7ekte, geli\u015ftirme laboratuvar\u0131nda a\u00e7\u0131klanamayan testler ve kontroller yap\u0131lmaktad\u0131r. Prototipleme, analiz ve malzeme ara\u015ft\u0131rma b\u00f6l\u00fcm\u00fcn\u00fc dahil ederek, s\u00fcre\u00e7leri ve \u00fcr\u00fcnleri maksimum seviyede zorluyor ve b\u00f6ylece bunlar\u0131n s\u0131n\u0131rlar\u0131 hakk\u0131nda kesin bilgiler elde ediyoruz.<\/p>\n\n\n\n<h2 class=\"heading wp-block-heading\">Kusursuz \u00fcr\u00fcnler i\u00e7in y\u00fcksek kaliteli i\u015flem testleri<\/h2>\n\n\n\n<p>Hillebrand Chemicals, toplam yakla\u015f\u0131k 6.000 litre banyo hacmi ile katodik korozyon korumas\u0131 i\u00e7in kendi pilot tesisine sahiptir. M\u00fc\u015fterilerimize teslim edilmeden \u00f6nce, taraf\u0131m\u0131zdan geli\u015ftirilen t\u00fcm i\u015flemler sorunsuz bir \u00fcretimin sa\u011flanmas\u0131 i\u00e7in burada test ve kontrol edilir. Burada ayr\u0131ca m\u00fc\u015fterilerimiz ve yeni m\u00fc\u015fteriler i\u00e7in \u00f6rnek \u00e7al\u0131\u015fmalar\u0131 yap\u0131yoruz. \u00c7ok \u00f6zel malzemelerin y\u00fczey gereksinimleri i\u00e7in bile, k\u00fc\u00e7\u00fck \u00e7apl\u0131 kaplama tesisimizde i\u015flem varyasyonlar\u0131 haz\u0131rlanabilir ve test edilebilir. Son olarak sistem, \u00fcretimde ortaya \u00e7\u0131kan sorunlar\u0131 analiz etmek ve \u00e7\u00f6z\u00fcmler geli\u015ftirmek i\u00e7in kullan\u0131l\u0131r.<\/p>\n<\/div>\n\n\n\n<div class=\"container width-xl\"><div class=\"cols\">\n<div class=\"col\">\n<div class=\"image-card\"><picture class=\"image\"><source media=\"(min-width: 0px)\" data-srcset=\"https:\/\/www.whw.de\/wp-content\/uploads\/Kachel_KonzipZukunft-600x450.png\"\/><img decoding=\"async\" loading=\"lazy\" src=\"data:image\/svg+xml,%3Csvg xmlns=%22http:\/\/www.w3.org\/2000\/svg%22 viewBox=%220 0 4 3%22 \/%3E\" alt=\"\" data-src=\"https:\/\/www.whw.de\/wp-content\/uploads\/Kachel_KonzipZukunft-600x450.png\" width=\"600\" height=\"450\"><\/picture><div class=\"image-overlay\"><h4>Uzmanl\u0131k alanlar\u0131<\/h4>\n<a class=\"btn btn-primary bg-leaf btn-left\" href=\"https:\/\/www.whw.de\/tr\/hillebrand-chemicals\/uzmanlik-alanlari\/\" rel=\"noopener\">Uzmanl\u0131k alanlar\u0131<\/a>\n<\/div><\/div>\n<\/div>\n\n\n\n<div class=\"col\">\n<div class=\"image-card\"><picture class=\"image\"><source media=\"(min-width: 0px)\" data-srcset=\"https:\/\/www.whw.de\/wp-content\/uploads\/180426_Elektrolyte_Kachel.jpg\"\/><img decoding=\"async\" loading=\"lazy\" src=\"data:image\/svg+xml,%3Csvg xmlns=%22http:\/\/www.w3.org\/2000\/svg%22 viewBox=%220 0 37 20%22 \/%3E\" alt=\"\" data-src=\"https:\/\/www.whw.de\/wp-content\/uploads\/180426_Elektrolyte_Kachel.jpg\" width=\"555\" height=\"300\"><\/picture><div class=\"image-overlay\"><h4>Ara\u015ft\u0131rma ve geli\u015ftirme<\/h4>\n<a class=\"btn btn-primary bg-leaf btn-left\" href=\"https:\/\/www.whw.de\/tr\/hillebrand-chemicals\/uzmanlik-alanlari\/arastirma-ve-gelistirme\/\" rel=\"noopener\">Ara\u015ft\u0131rma ve geli\u015ftirme<\/a>\n<\/div><\/div>\n<\/div>\n<\/div><\/div>\n","protected":false},"excerpt":{"rendered":"","protected":false},"author":3,"featured_media":0,"parent":3351,"menu_order":0,"comment_status":"closed","ping_status":"closed","template":"","meta":{"footnotes":""},"class_list":["post-3359","page","type-page","status-publish","hentry"],"_links":{"self":[{"href":"https:\/\/www.whw.de\/tr\/wp-json\/wp\/v2\/pages\/3359","targetHints":{"allow":["GET"]}}],"collection":[{"href":"https:\/\/www.whw.de\/tr\/wp-json\/wp\/v2\/pages"}],"about":[{"href":"https:\/\/www.whw.de\/tr\/wp-json\/wp\/v2\/types\/page"}],"author":[{"embeddable":true,"href":"https:\/\/www.whw.de\/tr\/wp-json\/wp\/v2\/users\/3"}],"replies":[{"embeddable":true,"href":"https:\/\/www.whw.de\/tr\/wp-json\/wp\/v2\/comments?post=3359"}],"version-history":[{"count":1,"href":"https:\/\/www.whw.de\/tr\/wp-json\/wp\/v2\/pages\/3359\/revisions"}],"predecessor-version":[{"id":3360,"href":"https:\/\/www.whw.de\/tr\/wp-json\/wp\/v2\/pages\/3359\/revisions\/3360"}],"up":[{"embeddable":true,"href":"https:\/\/www.whw.de\/tr\/wp-json\/wp\/v2\/pages\/3351"}],"wp:attachment":[{"href":"https:\/\/www.whw.de\/tr\/wp-json\/wp\/v2\/media?parent=3359"}],"curies":[{"name":"wp","href":"https:\/\/api.w.org\/{rel}","templated":true}]}}