{"id":3357,"date":"2024-10-23T15:36:06","date_gmt":"2024-10-23T13:36:06","guid":{"rendered":"https:\/\/www.whw.de\/hillebrand-chemicals\/uzmanlik-alanlari\/analytik\/"},"modified":"2025-07-18T13:23:35","modified_gmt":"2025-07-18T11:23:35","slug":"analitik","status":"publish","type":"page","link":"https:\/\/www.whw.de\/tr\/hillebrand-chemicals\/uzmanlik-alanlari\/analitik\/","title":{"rendered":"Analitik\u00a0"},"content":{"rendered":"\n<div class=\"container \"><div class=\"banner bg bg-grey-lighter overlay\"><picture class=\"image\"><source media=\"(max-width: 799px)\" data-srcset=\"https:\/\/www.whw.de\/wp-content\/uploads\/180426_Analytik_Header-800x400.jpg\"\/><source media=\"(min-width: 800px)\" data-srcset=\"https:\/\/www.whw.de\/wp-content\/uploads\/180426_Analytik_Header-1200x400.jpg\"\/><img decoding=\"async\" loading=\"lazy\" src=\"data:image\/svg+xml,%3Csvg xmlns=%22http:\/\/www.w3.org\/2000\/svg%22 viewBox=%220 0 3 1%22 \/%3E\" alt=\"\" data-src=\"https:\/\/www.whw.de\/wp-content\/uploads\/180426_Analytik_Header-1200x400.jpg\" width=\"1200\" height=\"400\"><\/picture><div class=\"content fc-white\">\n<h2 class=\"heading wp-block-heading\"><strong>Analitik &#8211; \u00fcretiminiz i\u00e7in y\u00fcksek teknoloji<\/strong><\/h2>\n<\/div><\/div><\/div>\n\n\n\n<div class=\"container width-xl\">\n<h2 class=\"heading wp-block-heading\">Detaylarda derine iner<\/h2>\n\n\n\n<p>Matematiksel analizimiz yeni \u00fcr\u00fcnlerin geli\u015ftirilmesinde \u00f6nemli bir unsurdur. Bu, kaplama parametrelerinin izlenmesini destekler ve b\u00f6ylece ince kimyasal dengeleri ayarlamaya, korumaya ve denetlemeye yard\u0131mc\u0131 olur. Bu ayn\u0131 zamanda, WHW \u00fcretimimizde kimyasal parametrelerin izlenmesi i\u00e7in de ge\u00e7erlidir. Analizlerimiz, \u00f6l\u00e7\u00fcm y\u00f6ntemlerini daha da geli\u015ftirmek ve optimize etmek i\u00e7in personel ve makine i\u00e7in d\u00fczenlenmi\u015ftir. CIT\u2019de t\u00fcm \u00fcretim s\u00fcreci i\u00e7in yeni analitik konseptler \u00fczerinde \u00e7al\u0131\u015f\u0131yoruz.<\/p>\n\n\n\n<p>Di\u011fer faaliyet alanlar\u0131, yeni analiz tekniklerinin yan\u0131 s\u0131ra, yeni analiz y\u00f6ntemlerinin geli\u015ftirilmesi ve onaylanmas\u0131d\u0131r. \u00c7evrimi\u00e7i s\u00fcre\u00e7 analiti\u011finin devreye sokulmas\u0131 ve g\u00f6zetimi, g\u00fc\u00e7l\u00fc b\u00fcy\u00fcyen di\u011fer bir faaliyet alan\u0131d\u0131r.<\/p>\n\n\n\n<p>Uygulanan analiz tekniklerinde potansiyometrik titrasyon, atomik absorpsiyon spektroskopisi (AAS), UV-VIS spektroskopisi ve kromatografi (HPLC, IC) en y\u00fcksek \u00f6nceli\u011fe sahiptir. Ayr\u0131ca fiziksel parametreler belirlenir ve uygulama testleri yap\u0131l\u0131r. Bask\u0131 devre kimyasallar\u0131ndaki katk\u0131 maddelerini analiz etmek i\u00e7in Siklik Voltametri (CVS) kullan\u0131l\u0131r.<\/p>\n\n\n\n<p><strong>Analiz parametreleri<\/strong><\/p>\n\n\n\n<ul class=\"list wp-block-list\">\n<li>Titrasyon: Asit ve bazlar\u0131n tayini (hidroklorik asit, s\u00fclf\u00fcrik asit, kostik soda)<\/li>\n\n\n\n<li>AAS: Katyonlar\u0131n tayini (\u00e7inko, nikel, krom, demir, kobalt)<\/li>\n\n\n\n<li>HPLC: Organik katk\u0131 maddelerinin tayini (parlat\u0131c\u0131, \u0131slat\u0131c\u0131 maddeler, kompleks yap\u0131c\u0131lar, inhibit\u00f6rler)<\/li>\n\n\n\n<li>IC: Anyonlar\u0131n tayini (klor\u00fcr, flor\u00fcr, nitrat, fosfat, s\u00fclfat)<\/li>\n\n\n\n<li>Fiziksel parametreler: pH de\u011feri iletkenlik, yo\u011funluk, k\u0131r\u0131lganl\u0131k endeksi, kat\u0131 maddeler, viskozite<\/li>\n\n\n\n<li>Uygulama testleri: Termal ya\u015fland\u0131rma, termal \u015fok, Cr-VI i\u00e7ermedi\u011fine dair y\u0131kayarak \u00e7\u0131karma testi<\/li>\n<\/ul>\n<\/div>\n\n\n\n<div class=\"container width-xl\"><div class=\"cols\">\n<div class=\"col\">\n<div class=\"image-card\"><picture class=\"image\"><source media=\"(min-width: 0px)\" data-srcset=\"https:\/\/www.whw.de\/wp-content\/uploads\/Kachel_KonzipZukunft-600x450.png\"\/><img decoding=\"async\" loading=\"lazy\" src=\"data:image\/svg+xml,%3Csvg xmlns=%22http:\/\/www.w3.org\/2000\/svg%22 viewBox=%220 0 4 3%22 \/%3E\" alt=\"\" data-src=\"https:\/\/www.whw.de\/wp-content\/uploads\/Kachel_KonzipZukunft-600x450.png\" width=\"600\" height=\"450\"><\/picture><div class=\"image-overlay\"><h4>Uzmanl\u0131k alanlar\u0131<\/h4>\n<a class=\"btn btn-primary bg-leaf btn-left\" href=\"https:\/\/www.whw.de\/tr\/hillebrand-chemicals\/uzmanlik-alanlari\/\" rel=\"noopener\">Uzmanl\u0131k alanlar\u0131<\/a>\n<\/div><\/div>\n<\/div>\n\n\n\n<div class=\"col\">\n<div class=\"image-card\"><picture class=\"image\"><source media=\"(min-width: 0px)\" data-srcset=\"https:\/\/www.whw.de\/wp-content\/uploads\/180426_Elektrolyte_Kachel.jpg\"\/><img decoding=\"async\" loading=\"lazy\" src=\"data:image\/svg+xml,%3Csvg xmlns=%22http:\/\/www.w3.org\/2000\/svg%22 viewBox=%220 0 37 20%22 \/%3E\" alt=\"\" data-src=\"https:\/\/www.whw.de\/wp-content\/uploads\/180426_Elektrolyte_Kachel.jpg\" width=\"555\" height=\"300\"><\/picture><div class=\"image-overlay\"><h4>\nAra\u015ft\u0131rma ve geli\u015ftirme<\/h4>\n<a class=\"btn btn-primary bg-leaf btn-left\" href=\"https:\/\/www.whw.de\/tr\/hillebrand-chemicals\/uzmanlik-alanlari\/arastirma-ve-gelistirme\/\" rel=\"noopener\">Ara\u015ft\u0131rma ve geli\u015ftirme<\/a>\n<\/div><\/div>\n<\/div>\n<\/div><\/div>\n","protected":false},"excerpt":{"rendered":"","protected":false},"author":3,"featured_media":0,"parent":3351,"menu_order":0,"comment_status":"closed","ping_status":"closed","template":"","meta":{"footnotes":""},"class_list":["post-3357","page","type-page","status-publish","hentry"],"_links":{"self":[{"href":"https:\/\/www.whw.de\/tr\/wp-json\/wp\/v2\/pages\/3357","targetHints":{"allow":["GET"]}}],"collection":[{"href":"https:\/\/www.whw.de\/tr\/wp-json\/wp\/v2\/pages"}],"about":[{"href":"https:\/\/www.whw.de\/tr\/wp-json\/wp\/v2\/types\/page"}],"author":[{"embeddable":true,"href":"https:\/\/www.whw.de\/tr\/wp-json\/wp\/v2\/users\/3"}],"replies":[{"embeddable":true,"href":"https:\/\/www.whw.de\/tr\/wp-json\/wp\/v2\/comments?post=3357"}],"version-history":[{"count":1,"href":"https:\/\/www.whw.de\/tr\/wp-json\/wp\/v2\/pages\/3357\/revisions"}],"predecessor-version":[{"id":3358,"href":"https:\/\/www.whw.de\/tr\/wp-json\/wp\/v2\/pages\/3357\/revisions\/3358"}],"up":[{"embeddable":true,"href":"https:\/\/www.whw.de\/tr\/wp-json\/wp\/v2\/pages\/3351"}],"wp:attachment":[{"href":"https:\/\/www.whw.de\/tr\/wp-json\/wp\/v2\/media?parent=3357"}],"curies":[{"name":"wp","href":"https:\/\/api.w.org\/{rel}","templated":true}]}}