{"id":3355,"date":"2024-10-23T15:28:14","date_gmt":"2024-10-23T13:28:14","guid":{"rendered":"https:\/\/www.whw.de\/hillebrand-chemicals\/uzmanlik-alanlari\/prototyping\/"},"modified":"2025-07-18T13:18:20","modified_gmt":"2025-07-18T11:18:20","slug":"prototipleme","status":"publish","type":"page","link":"https:\/\/www.whw.de\/tr\/hillebrand-chemicals\/uzmanlik-alanlari\/prototipleme\/","title":{"rendered":"Prototipleme"},"content":{"rendered":"\n<div class=\"container \"><div class=\"banner bg bg-grey-lighter overlay\"><picture class=\"image\"><source media=\"(max-width: 799px)\" data-srcset=\"https:\/\/www.whw.de\/wp-content\/uploads\/180509_Prototyping_Header-800x400.jpg\"\/><source media=\"(min-width: 800px)\" data-srcset=\"https:\/\/www.whw.de\/wp-content\/uploads\/180509_Prototyping_Header-1200x400.jpg\"\/><img decoding=\"async\" loading=\"lazy\" src=\"data:image\/svg+xml,%3Csvg xmlns=%22http:\/\/www.w3.org\/2000\/svg%22 viewBox=%220 0 3 1%22 \/%3E\" alt=\"\" data-src=\"https:\/\/www.whw.de\/wp-content\/uploads\/180509_Prototyping_Header-1200x400.jpg\" width=\"1200\" height=\"400\"><\/picture><div class=\"content fc-white\">\n<h2 class=\"heading wp-block-heading\"><strong>Prototipleme &#8211; Y\u00f6ntemlerimiz i\u00e7in iste\u011fe \u00f6zel sistem \u00e7\u00f6z\u00fcmleri<\/strong><\/h2>\n<\/div><\/div><\/div>\n\n\n\n<div class=\"container width-xl\">\n<p>Prototipleme kavram\u0131 alt\u0131nda, en verimli ve ekonomik kaplama sistemleri i\u00e7in optimize edilmi\u015f cihaz ve uygulama teknolojisinin geli\u015fimini anl\u0131yoruz. Yenilik\u00e7i tesis ve s\u00fcre\u00e7 tasar\u0131m\u0131n\u0131n yan\u0131 s\u0131ra mevcut ve yeni teknolojilerin birbirlerine ba\u011flanmas\u0131 s\u0131n\u0131rlar\u0131n yerini de\u011fi\u015ftirir ve yeni bir teknolojiyi tan\u0131mlar. \u0130\u015flem ve tesis tasar\u0131m\u0131, i\u015fleme kimyasallar\u0131n\u0131n gerekliliklerini takip eder, bunun tersini de\u011fil.<\/p>\n\n\n\n<p>Yeni teknik merkezimiz ile matematiksel analiz birlikte iyi donan\u0131ml\u0131 bir laboratuvar, prototip a\u015famas\u0131nda k\u0131smi veya k\u00fc\u00e7\u00fck tesislerin olu\u015fturulmas\u0131n\u0131 ve do\u011frulanmas\u0131n\u0131 sa\u011flar.<\/p>\n\n\n\n<p>Bunu yaparken y\u00f6ntem tekni\u011fi, kimya ve makine m\u00fchendisli\u011fi alanlar\u0131ndaki m\u00fchendislerin yetkinlik ve bilgi birikimlerine ba\u015fvuruyoruz.<\/p>\n\n\n\n<p>Bu yetkinlikler \u00fcst\u00fc yakla\u015f\u0131m, yeni geli\u015fmeler ba\u011flam\u0131nda kaplama \u00e7\u00f6z\u00fcmlerine b\u00fct\u00fcnsel bir bak\u0131\u015f\u0131 m\u00fcmk\u00fcn k\u0131lar.<\/p>\n<\/div>\n\n\n\n<div class=\"container width-xl\"><div class=\"cols\">\n<div class=\"col\">\n<div class=\"image-card\"><picture class=\"image\"><source media=\"(min-width: 0px)\" data-srcset=\"https:\/\/www.whw.de\/wp-content\/uploads\/Kachel_KonzipZukunft-600x450.png\"\/><img decoding=\"async\" loading=\"lazy\" src=\"data:image\/svg+xml,%3Csvg xmlns=%22http:\/\/www.w3.org\/2000\/svg%22 viewBox=%220 0 4 3%22 \/%3E\" alt=\"\" data-src=\"https:\/\/www.whw.de\/wp-content\/uploads\/Kachel_KonzipZukunft-600x450.png\" width=\"600\" height=\"450\"><\/picture><div class=\"image-overlay\"><h4>Uzmanl\u0131k alanlar\u0131<\/h4>\n<a class=\"btn btn-primary bg-leaf btn-left\" href=\"https:\/\/www.whw.de\/tr\/hillebrand-chemicals\/uzmanlik-alanlari\/\" rel=\"noopener\">Uzmanl\u0131k alanlar\u0131<\/a>\n<\/div><\/div>\n<\/div>\n\n\n\n<div class=\"col\">\n<div class=\"image-card\"><picture class=\"image\"><source media=\"(min-width: 0px)\" data-srcset=\"https:\/\/www.whw.de\/wp-content\/uploads\/Kachel-Webseite-550x300-2.jpg\"\/><img decoding=\"async\" loading=\"lazy\" src=\"data:image\/svg+xml,%3Csvg xmlns=%22http:\/\/www.w3.org\/2000\/svg%22 viewBox=%220 0 11 6%22 \/%3E\" alt=\"\" data-src=\"https:\/\/www.whw.de\/wp-content\/uploads\/Kachel-Webseite-550x300-2.jpg\" width=\"550\" height=\"300\"><\/picture><div class=\"image-overlay\"><h4>Ara\u015ft\u0131rma ve geli\u015ftirme<\/h4>\n<a class=\"btn btn-primary bg-leaf btn-left\" href=\"https:\/\/www.whw.de\/tr\/hillebrand-chemicals\/uzmanlik-alanlari\/arastirma-ve-gelistirme\/\" rel=\"noopener\">Ara\u015ft\u0131rma ve geli\u015ftirme<\/a>\n<\/div><\/div>\n<\/div>\n<\/div><\/div>\n\n\n\n\n","protected":false},"excerpt":{"rendered":"","protected":false},"author":3,"featured_media":0,"parent":3351,"menu_order":0,"comment_status":"closed","ping_status":"closed","template":"","meta":{"footnotes":""},"class_list":["post-3355","page","type-page","status-publish","hentry"],"_links":{"self":[{"href":"https:\/\/www.whw.de\/tr\/wp-json\/wp\/v2\/pages\/3355","targetHints":{"allow":["GET"]}}],"collection":[{"href":"https:\/\/www.whw.de\/tr\/wp-json\/wp\/v2\/pages"}],"about":[{"href":"https:\/\/www.whw.de\/tr\/wp-json\/wp\/v2\/types\/page"}],"author":[{"embeddable":true,"href":"https:\/\/www.whw.de\/tr\/wp-json\/wp\/v2\/users\/3"}],"replies":[{"embeddable":true,"href":"https:\/\/www.whw.de\/tr\/wp-json\/wp\/v2\/comments?post=3355"}],"version-history":[{"count":1,"href":"https:\/\/www.whw.de\/tr\/wp-json\/wp\/v2\/pages\/3355\/revisions"}],"predecessor-version":[{"id":3356,"href":"https:\/\/www.whw.de\/tr\/wp-json\/wp\/v2\/pages\/3355\/revisions\/3356"}],"up":[{"embeddable":true,"href":"https:\/\/www.whw.de\/tr\/wp-json\/wp\/v2\/pages\/3351"}],"wp:attachment":[{"href":"https:\/\/www.whw.de\/tr\/wp-json\/wp\/v2\/media?parent=3355"}],"curies":[{"name":"wp","href":"https:\/\/api.w.org\/{rel}","templated":true}]}}