{"id":3351,"date":"2024-10-22T15:01:09","date_gmt":"2024-10-22T13:01:09","guid":{"rendered":"https:\/\/www.whw.de\/hillebrand-chemicals\/fachbereiche\/"},"modified":"2025-07-18T13:58:59","modified_gmt":"2025-07-18T11:58:59","slug":"uzmanlik-alanlari","status":"publish","type":"page","link":"https:\/\/www.whw.de\/tr\/hillebrand-chemicals\/uzmanlik-alanlari\/","title":{"rendered":"Uzmanl\u0131k alanlar\u0131"},"content":{"rendered":"\n<div class=\"container \"><div class=\"banner bg bg-grey-lighter overlay\"><video src=\"https:\/\/www.whw.de\/wp-content\/uploads\/WHW_Videoheader_Startseite-Ubersichtsseite.mp4\" autoplay muted loop playsinline><\/video><div class=\"content fc-white\">\n<h2 class=\"heading wp-block-heading\">SINIRSIZ GELI\u0307\u015eI\u0307M<\/h2>\n\n\n\n<h3 class=\"heading wp-block-heading\">BA\u015eARINIZ I\u0307\u00c7I\u0307N DI\u0307SI\u0307PLI\u0307NLERARASI I\u0307\u015eBI\u0307RLI\u0307\u011eI\u0307<\/h3>\n<\/div><\/div><\/div>\n\n\n\n<div class=\"container width-xl\">\n<p>Her \u015fey tek bir kaynaktan, her \u015fey tek bir \u00e7at\u0131 alt\u0131nda ve her \u015fey el ele: \u0130novasyon ve Teknoloji Merkezimizde veya k\u0131saca CIT&#8217;de, profesyonel ve modern s\u00fcre\u00e7 ve \u00fcr\u00fcn geli\u015ftirmede ilgili t\u00fcm uzmanl\u0131k alanlar\u0131n\u0131n sinerjik kombinasyonu i\u00e7in m\u00fckemmel ko\u015fullar\u0131 yaratt\u0131k.<\/p>\n\n\n\n<p>Farkl\u0131 uzmanl\u0131k alanlar\u0131ndan gelen uzmanlar\u0131m\u0131z CIT&#8217;de disiplinler aras\u0131 bir \u015fekilde, hiyerar\u015fik yap\u0131lar ve departman d\u00fc\u015f\u00fcncesi olmadan ve her zaman m\u00fc\u015fterilerimizin ihtiya\u00e7 ve gereksinimlerine b\u00fct\u00fcnsel bir bak\u0131\u015f a\u00e7\u0131s\u0131yla birlikte \u00e7al\u0131\u015fmaktad\u0131r. Yarat\u0131c\u0131 \u00f6zg\u00fcrl\u00fc\u011f\u00fc, hassas analizler ve sa\u011flam bir \u015fekilde ara\u015ft\u0131r\u0131lm\u0131\u015f bilgi taban\u0131yla birle\u015ftiriyoruz.<\/p>\n\n\n\n<p>CIT&#8217;de katodik korozyon korumas\u0131 alan\u0131ndaki t\u00fcm de\u011fer zincirinin haritas\u0131n\u0131 \u00e7\u0131karabiliyoruz. Bu \u015fekilde, uzmanl\u0131k yetkinlikleri birbirini tamamlar ve her \u015fey m\u00fckemmel bir \u015fekilde i\u00e7 i\u00e7e ge\u00e7er. Ortak hedefimiz m\u00fc\u015fterilerimiz i\u00e7in m\u00fcmk\u00fcn olan en iyi \u00e7\u00f6z\u00fcm\u00fc bulmak ve y\u00fczey sistemlerini s\u00fcrd\u00fcr\u00fclebilir bir \u015fekilde daha da geli\u015ftirmektir.<\/p>\n<\/div>\n\n\n\n<div class=\"container width-xl\"><div class=\"cols cols-3\">\n<div class=\"col\">\n<div class=\"image-card\"><picture class=\"image\"><source media=\"(min-width: 0px)\" data-srcset=\"https:\/\/www.whw.de\/wp-content\/uploads\/180426_Elektrolyte_Kachel.jpg\"\/><img decoding=\"async\" loading=\"lazy\" src=\"data:image\/svg+xml,%3Csvg xmlns=%22http:\/\/www.w3.org\/2000\/svg%22 viewBox=%220 0 37 20%22 \/%3E\" alt=\"\" data-src=\"https:\/\/www.whw.de\/wp-content\/uploads\/180426_Elektrolyte_Kachel.jpg\" width=\"555\" height=\"300\"><\/picture><div class=\"image-overlay\"><h4>Ara\u015ft\u0131rma ve geli\u015ftirme<\/h4>\n<a class=\"btn btn-primary bg-black btn-left\" href=\"https:\/\/www.whw.de\/tr\/hillebrand-chemicals\/uzmanlik-alanlari\/arastirma-ve-gelistirme\/\" rel=\"noopener\">\u015eimdi ke\u015ffedin<\/a>\n<\/div><\/div>\n<\/div>\n\n\n\n<div class=\"col\">\n<div class=\"image-card\"><picture class=\"image\"><source media=\"(min-width: 0px)\" data-srcset=\"https:\/\/www.whw.de\/wp-content\/uploads\/180509_Prototyping_Kachel.jpg\"\/><img decoding=\"async\" loading=\"lazy\" src=\"data:image\/svg+xml,%3Csvg xmlns=%22http:\/\/www.w3.org\/2000\/svg%22 viewBox=%220 0 37 20%22 \/%3E\" alt=\"\" data-src=\"https:\/\/www.whw.de\/wp-content\/uploads\/180509_Prototyping_Kachel.jpg\" width=\"555\" height=\"300\"><\/picture><div class=\"image-overlay\"><h4>Prototipleme<\/h4>\n<a class=\"btn btn-primary bg-black btn-left\" href=\"https:\/\/www.whw.de\/tr\/hillebrand-chemicals\/uzmanlik-alanlari\/prototipleme\/\" rel=\"noopener\">\u015eimdi ke\u015ffedin<\/a>\n<\/div><\/div>\n<\/div>\n\n\n\n<div class=\"col\">\n<div class=\"image-card\"><picture class=\"image\"><source media=\"(min-width: 0px)\" data-srcset=\"https:\/\/www.whw.de\/wp-content\/uploads\/180503_Analytik_Kachel_neu.jpg\"\/><img decoding=\"async\" loading=\"lazy\" src=\"data:image\/svg+xml,%3Csvg xmlns=%22http:\/\/www.w3.org\/2000\/svg%22 viewBox=%220 0 37 20%22 \/%3E\" alt=\"\" data-src=\"https:\/\/www.whw.de\/wp-content\/uploads\/180503_Analytik_Kachel_neu.jpg\" width=\"555\" height=\"300\"><\/picture><div class=\"image-overlay\"><h4>Analitik<\/h4>\n<a class=\"btn btn-primary bg-black btn-left\" href=\"https:\/\/www.whw.de\/tr\/hillebrand-chemicals\/uzmanlik-alanlari\/analitik\/\" rel=\"noopener\">\u015eimdi ke\u015ffedin<\/a>\n<\/div><\/div>\n<\/div>\n<\/div><\/div>\n\n\n\n<div class=\"container width-xl\"><div class=\"cols cols-3\">\n<div class=\"col\">\n<div class=\"image-card\"><picture class=\"image\"><source media=\"(min-width: 0px)\" data-srcset=\"https:\/\/www.whw.de\/wp-content\/uploads\/TECHNIKUMSANLAGE.png\"\/><img decoding=\"async\" loading=\"lazy\" src=\"data:image\/svg+xml,%3Csvg xmlns=%22http:\/\/www.w3.org\/2000\/svg%22 viewBox=%220 0 550 301%22 \/%3E\" alt=\"\" data-src=\"https:\/\/www.whw.de\/wp-content\/uploads\/TECHNIKUMSANLAGE.png\" width=\"550\" height=\"301\"><\/picture><div class=\"image-overlay\"><h4>Teknik merkez<\/h4>\n<a class=\"btn btn-primary bg-black btn-left\" href=\"https:\/\/www.whw.de\/tr\/hillebrand-chemicals\/uzmanlik-alanlari\/teknik-merkez\/\" rel=\"noopener\">\u015eimdi ke\u015ffedin<\/a>\n<\/div><\/div>\n<\/div>\n\n\n\n<div class=\"col\">\n<div class=\"image-card\"><picture class=\"image\"><source media=\"(min-width: 0px)\" data-srcset=\"https:\/\/www.whw.de\/wp-content\/uploads\/180426_Material_Science_Kachel.jpg\"\/><img decoding=\"async\" loading=\"lazy\" src=\"data:image\/svg+xml,%3Csvg xmlns=%22http:\/\/www.w3.org\/2000\/svg%22 viewBox=%220 0 37 20%22 \/%3E\" alt=\"\" data-src=\"https:\/\/www.whw.de\/wp-content\/uploads\/180426_Material_Science_Kachel.jpg\" width=\"555\" height=\"300\"><\/picture><div class=\"image-overlay\"><h4>Malzeme Bilgisi<\/h4>\n<a class=\"btn btn-primary bg-black btn-left\" href=\"https:\/\/www.whw.de\/tr\/hillebrand-chemicals\/uzmanlik-alanlari\/malzeme-bilgisi\/\" rel=\"noopener\">\u015eimdi ke\u015ffedin<\/a>\n<\/div><\/div>\n<\/div>\n\n\n\n<div class=\"col\">\n<div class=\"image-card\"><picture class=\"image\"><source media=\"(min-width: 0px)\" data-srcset=\"https:\/\/www.whw.de\/wp-content\/uploads\/180430_Befestigungselemente_Kachel.jpg\"\/><img decoding=\"async\" loading=\"lazy\" src=\"data:image\/svg+xml,%3Csvg xmlns=%22http:\/\/www.w3.org\/2000\/svg%22 viewBox=%220 0 37 20%22 \/%3E\" alt=\"\" data-src=\"https:\/\/www.whw.de\/wp-content\/uploads\/180430_Befestigungselemente_Kachel.jpg\" width=\"555\" height=\"300\"><\/picture><div class=\"image-overlay\"><h4>Ba\u011flant\u0131 elemanlar\u0131<\/h4>\n<a class=\"btn btn-primary bg-black btn-left\" href=\"https:\/\/www.whw.de\/tr\/hillebrand-chemicals\/uzmanlik-alanlari\/baglanti-elemanlari\/\" rel=\"noopener\">\u015eimdi ke\u015ffedin<\/a>\n<\/div><\/div>\n<\/div>\n<\/div><\/div>\n\n\n\n<div class=\"container width-xl\"><div class=\"cols cols-3\">\n<div class=\"col\">\n<div class=\"image-card\"><picture class=\"image\"><source media=\"(min-width: 0px)\" data-srcset=\"https:\/\/www.whw.de\/wp-content\/uploads\/180504_Korrosionspruefung_Kachel.jpg\"\/><img decoding=\"async\" loading=\"lazy\" src=\"data:image\/svg+xml,%3Csvg xmlns=%22http:\/\/www.w3.org\/2000\/svg%22 viewBox=%220 0 37 20%22 \/%3E\" alt=\"\" data-src=\"https:\/\/www.whw.de\/wp-content\/uploads\/180504_Korrosionspruefung_Kachel.jpg\" width=\"555\" height=\"300\"><\/picture><div class=\"image-overlay\"><h4>KOROZYON TESTLER\u0130 <\/h4>\n<a class=\"btn btn-primary bg-black btn-left\" href=\"https:\/\/www.whw.de\/tr\/hillebrand-chemicals\/uzmanlik-alanlari\/korozyon-testi\/\" rel=\"noopener\">\u015eimdi ke\u015ffedin<\/a>\n<\/div><\/div>\n<\/div>\n\n\n\n<div class=\"col\"><\/div>\n<\/div><\/div>\n\n\n\n<div class=\"container width-xl\"><div class=\"banner bg bg-grey-lighter\"><picture class=\"image\"><source media=\"(max-width: 799px)\" data-srcset=\"https:\/\/www.whw.de\/wp-content\/uploads\/180509_Gewindesicherung_Neu_Header-1750x400-NEU2-800x400.jpg\"\/><source media=\"(min-width: 800px)\" data-srcset=\"https:\/\/www.whw.de\/wp-content\/uploads\/180509_Gewindesicherung_Neu_Header-1750x400-NEU2-1200x400.jpg\"\/><img decoding=\"async\" loading=\"lazy\" src=\"data:image\/svg+xml,%3Csvg xmlns=%22http:\/\/www.w3.org\/2000\/svg%22 viewBox=%220 0 3 1%22 \/%3E\" alt=\"\" data-src=\"https:\/\/www.whw.de\/wp-content\/uploads\/180509_Gewindesicherung_Neu_Header-1750x400-NEU2-1200x400.jpg\" width=\"1200\" height=\"400\"><\/picture><div class=\"content fc-white\">\n<h2 class=\"heading wp-block-heading\">SMARTE IDEEN F\u00dcR DIE ZUKUNFT &#8211; WIR ENTWICKLEN DIE OBERFL\u00c4CHENSYSTEME VON MORGEN<\/h2>\n\n\n\n<a class=\"btn btn-primary-dark bg-grey-lighter btn-left\" href=\"https:\/\/www.whw.de\/tr\/whw-hillebrand\/kaplama-teknolojileri\/\" rel=\"noopener\">Mehr erfahren<\/a>\n<\/div><\/div><\/div>\n","protected":false},"excerpt":{"rendered":"","protected":false},"author":3,"featured_media":0,"parent":3338,"menu_order":0,"comment_status":"closed","ping_status":"closed","template":"","meta":{"footnotes":""},"class_list":["post-3351","page","type-page","status-publish","hentry"],"_links":{"self":[{"href":"https:\/\/www.whw.de\/tr\/wp-json\/wp\/v2\/pages\/3351","targetHints":{"allow":["GET"]}}],"collection":[{"href":"https:\/\/www.whw.de\/tr\/wp-json\/wp\/v2\/pages"}],"about":[{"href":"https:\/\/www.whw.de\/tr\/wp-json\/wp\/v2\/types\/page"}],"author":[{"embeddable":true,"href":"https:\/\/www.whw.de\/tr\/wp-json\/wp\/v2\/users\/3"}],"replies":[{"embeddable":true,"href":"https:\/\/www.whw.de\/tr\/wp-json\/wp\/v2\/comments?post=3351"}],"version-history":[{"count":2,"href":"https:\/\/www.whw.de\/tr\/wp-json\/wp\/v2\/pages\/3351\/revisions"}],"predecessor-version":[{"id":3375,"href":"https:\/\/www.whw.de\/tr\/wp-json\/wp\/v2\/pages\/3351\/revisions\/3375"}],"up":[{"embeddable":true,"href":"https:\/\/www.whw.de\/tr\/wp-json\/wp\/v2\/pages\/3338"}],"wp:attachment":[{"href":"https:\/\/www.whw.de\/tr\/wp-json\/wp\/v2\/media?parent=3351"}],"curies":[{"name":"wp","href":"https:\/\/api.w.org\/{rel}","templated":true}]}}