{"id":3350,"date":"2024-10-23T15:22:39","date_gmt":"2024-10-23T13:22:39","guid":{"rendered":"https:\/\/www.whw.de\/forschung-und-entwicklung\/"},"modified":"2025-07-18T13:15:59","modified_gmt":"2025-07-18T11:15:59","slug":"arastirma-ve-gelistirme","status":"publish","type":"page","link":"https:\/\/www.whw.de\/tr\/hillebrand-chemicals\/uzmanlik-alanlari\/arastirma-ve-gelistirme\/","title":{"rendered":"Ara\u015ft\u0131rma ve geli\u015ftirme"},"content":{"rendered":"\n<div class=\"container \"><div class=\"banner bg bg-grey-lighter overlay\"><picture class=\"image\"><source media=\"(max-width: 799px)\" data-srcset=\"https:\/\/www.whw.de\/wp-content\/uploads\/180426_Elektolyte_Header-1-800x400.jpg\"\/><source media=\"(min-width: 800px)\" data-srcset=\"https:\/\/www.whw.de\/wp-content\/uploads\/180426_Elektolyte_Header-1-1200x400.jpg\"\/><img decoding=\"async\" loading=\"lazy\" src=\"data:image\/svg+xml,%3Csvg xmlns=%22http:\/\/www.w3.org\/2000\/svg%22 viewBox=%220 0 3 1%22 \/%3E\" alt=\"\" data-src=\"https:\/\/www.whw.de\/wp-content\/uploads\/180426_Elektolyte_Header-1-1200x400.jpg\" width=\"1200\" height=\"400\"><\/picture><div class=\"content fc-white\">\n<h2 class=\"heading wp-block-heading\"><strong>Ara\u015ft\u0131rma ve geli\u015ftirme &#8211; Ara\u015ft\u0131rma, geli\u015ftirme, ileriyi d\u00fc\u015f\u00fcnme.<\/strong><\/h2>\n<\/div><\/div><\/div>\n\n\n\n<div class=\"container width-xl\">\n<h3 class=\"heading wp-block-heading\">Komple paket olarak \u00fcr\u00fcn<\/h3>\n\n\n\n<p class=\"has-text-align-left\">Ara\u015ft\u0131rma ve geli\u015ftirme alan\u0131ndaki t\u00fcm faaliyetler a\u015fa\u011f\u0131daki hususlar dikkate al\u0131narak ger\u00e7ekle\u015ftirilmektedir:<\/p>\n\n\n\n<ul class=\"list wp-block-list\">\n<li>Eri\u015fim uygunlu\u011fu<\/li>\n\n\n\n<li>Hammadde fiyatlar\u0131nda geli\u015fme ve hizmete haz\u0131r olma<\/li>\n\n\n\n<li>Kaynaklar ve \u00e7evreyi koruma<\/li>\n\n\n\n<li>Tehlikeli madde ikamesi<\/li>\n\n\n\n<li>\u0130\u015flevsellik<\/li>\n\n\n\n<li>Standartlar<\/li>\n\n\n\n<li>Uygulamaya \u00f6zg\u00fc gereksinimler<\/li>\n<\/ul>\n\n\n\n<h3 class=\"heading wp-block-heading\">\u00d6n i\u015flem sistemleri<\/h3>\n\n\n\n<p>Teknoloji merkezimizin odakland\u0131\u011f\u0131 \u00e7ok \u00f6zel bir nokta, yenilik\u00e7i \u00f6n i\u015flem sistemlerinin geli\u015ftirilmesidir. Burada, piyasada bulunan hemen hemen t\u00fcm hammaddeler daha sonra hem tamburda hem de raf \u00fczerinde, end\u00fcstriyel olarak \u00fcretilen ger\u00e7ek yap\u0131 elemanlar\u0131 se\u00e7im performans\u0131n\u0131 test etmek i\u00e7in karma\u015f\u0131k bir tarama i\u015flemine tabi tutulur. Sadece bu % 100 kaplama ger\u00e7ekli\u011fine denk gelir ve katk\u0131lar\u0131m\u0131z i\u00e7in s\u00f6z konusu olabilir.<\/p>\n\n\n\n<p>GC PREP ya\u011f giderme katk\u0131 maddelerinin form\u00fclasyonlar\u0131nda \u00fcr\u00fcn tasar\u0131m\u0131na ve maliyetlerine b\u00fcy\u00fck \u00f6nem verilmektedir. Bu, orta dozda temizlik, uzun kullan\u0131m \u00f6mr\u00fc ve \u00e7ok geni\u015f etki alan\u0131, optimal kullan\u0131m ve dozaj, h\u0131zl\u0131 \u00e7\u00f6z\u00fcn\u00fcrl\u00fck ve basit analiz a\u00e7\u0131s\u0131ndan \u00e7ok y\u00fcksek verimlilik anlam\u0131na gelir.<\/p>\n<\/div>\n\n\n\n<div class=\"container width-xl\"><div class=\"cols\">\n<div class=\"col\">\n<div class=\"image-column align-center\"><picture class=\"image\"><source media=\"(min-width: 0px)\" data-srcset=\"https:\/\/www.whw.de\/wp-content\/uploads\/180509_Content_Bild1_1000x500px-740x370-1.jpg\"\/><img decoding=\"async\" loading=\"lazy\" src=\"data:image\/svg+xml,%3Csvg xmlns=%22http:\/\/www.w3.org\/2000\/svg%22 viewBox=%220 0 2 1%22 \/%3E\" alt=\"\" data-src=\"https:\/\/www.whw.de\/wp-content\/uploads\/180509_Content_Bild1_1000x500px-740x370-1.jpg\" width=\"740\" height=\"370\"><\/picture><\/div>\n<\/div>\n\n\n\n<div class=\"col\">\n<div class=\"text-column\"><h3 class=\"headline\">Elektrolitler<\/h3><div class=\"hr-leaf\"><\/div><p>Yenilik\u00e7i elektrolit sistemlerinin geli\u015ftirilmesi m\u00fc\u015fteri ile yak\u0131n temasa dayan\u0131r ve k\u0131sa ileti\u015fim zinciri sayesinde do\u011frudan elektrolit b\u00f6l\u00fcm\u00fcne aktar\u0131l\u0131r. Burada, istenen gereksinimler kontrol edilir, tart\u0131\u015f\u0131l\u0131r ve uygulan\u0131r; b\u00f6ylece \u00fcr\u00fcnler ve s\u00fcre\u00e7ler s\u00fcrekli geli\u015ftirilir ve optimize edilir. Pasivasyon, teknik merkez ve analiz b\u00f6l\u00fcmleri ile do\u011frudan i\u015fbirli\u011fi i\u00e7inde, t\u00fcm s\u00fcrecin t\u00fcm ilgili parametreleri, m\u00fc\u015fterilerimizin talebi \u00fczerine yerinde takip edilmekte ve incelenmektedir.<\/p><\/div>\n<\/div>\n<\/div><\/div>\n\n\n\n<div class=\"container width-xl\"><div class=\"cols\">\n<div class=\"col\">\n<div class=\"text-column\"><h3 class=\"headline\">Pasivasyon<\/h3><div class=\"hr-leaf\"><\/div><p>Pasivasyon alan\u0131, modern pasivasyon sistemlerinin geli\u015ftirilmesi, mevcut pasivasyonlar\u0131n optimizasyonu, m\u00fc\u015fteri iste\u011fine uyma veya yeni geli\u015ftirme ve \u00f6zel optik ve korozyon koruma \u00f6zellikleri i\u00e7in yeni hammaddelerin yeterlili\u011fini temsil etmektedir. Bunun d\u0131\u015f\u0131nda, \u201cyerinde\u201d s\u00fcre\u00e7 optimizasyonu ve sorun giderme de g\u00f6rev alan\u0131m\u0131z i\u00e7indedir.<br>Bu, teknisyenler ve bilim adamlar\u0131ndan olu\u015fan ve her zaman genel s\u00fcrece dikkat eden ve projeleri laboratuvar a\u015famas\u0131ndan teknik merkez \u00fczerinden seri \u00fcretim olgunlu\u011funa kadar tesiste denetleyen, b\u00fct\u00fcnsel olarak konumland\u0131r\u0131lm\u0131\u015f bir ekip ile elde edilir. Elektrolit olarak \u00e7\u00f6keltilmi\u015f metal kaplama ile s\u0131zd\u0131rmazl\u0131k veya son i\u015flem ad\u0131m\u0131 aras\u0131ndaki ba\u011flant\u0131 olarak her zaman rol\u00fcm\u00fcz\u00fcn fark\u0131nday\u0131z ve elektrolitik ve s\u0131zd\u0131rmazl\u0131k b\u00f6l\u00fcm\u00fcndeki meslekta\u015flar\u0131m\u0131zla s\u00fcrekli diyalog halindeyiz veya \u00fcretim s\u00fcrecinde teknik destek sa\u011fl\u0131yoruz. Uzun y\u0131llara dayanan deneyim hazinemizden ve ger\u00e7ek \u00fcretim ko\u015fullar\u0131nda test edilmi\u015f \u00fcr\u00fcnlerimizden yararlan\u0131n.<\/p><\/div>\n<\/div>\n\n\n\n<div class=\"col\">\n<div class=\"image-column align-center\"><picture class=\"image\"><source media=\"(min-width: 0px)\" data-srcset=\"https:\/\/www.whw.de\/wp-content\/uploads\/180509_Content_Bild2_1000x500px-740x370-1.jpg\"\/><img decoding=\"async\" loading=\"lazy\" src=\"data:image\/svg+xml,%3Csvg xmlns=%22http:\/\/www.w3.org\/2000\/svg%22 viewBox=%220 0 2 1%22 \/%3E\" alt=\"\" data-src=\"https:\/\/www.whw.de\/wp-content\/uploads\/180509_Content_Bild2_1000x500px-740x370-1.jpg\" width=\"740\" height=\"370\"><\/picture><\/div>\n<\/div>\n<\/div><\/div>\n\n\n\n<div class=\"container width-xl\">\n<h2 class=\"heading wp-block-heading\">Lak\/TopCoat b\u00f6l\u00fcm\u00fc<\/h2>\n\n\n\n<p>S\u0131zd\u0131rmazl\u0131k ve kaplama sistemleri \u00f6zellikle son y\u0131llarda \u00e7evresel, optik, korozyon korumas\u0131 ve vidalama y\u00f6nleriyle ilgili olarak \u00e7ok de\u011fi\u015fen gereksinimlere tabidir. Gerekli tabaka i\u015flevselliklerinin artan karma\u015f\u0131kl\u0131\u011f\u0131, s\u00fcrd\u00fcr\u00fclebilir m\u00fc\u015fteri memnuniyetini sa\u011flamak i\u00e7in yeni ve teknik olarak yeni yakla\u015f\u0131mlar gerektirmektedir. Son m\u00fc\u015fterilerle yo\u011fun olarak s\u00fcrd\u00fcrd\u00fc\u011f\u00fcm\u00fcz ileti\u015fim, g\u00fcncel g\u00f6revler ve modern \u00fcr\u00fcnler i\u00e7in son derece verimli bir ara\u015ft\u0131rman\u0131n sonucudur. T\u00fcm geli\u015ftirme alanlar\u0131n\u0131n disiplinler aras\u0131 \u00e7al\u0131\u015fmas\u0131, son derece kaplamalar i\u00e7in ba\u015far\u0131 fakt\u00f6r\u00fcm\u00fczd\u00fcr.<\/p>\n<\/div>\n\n\n\n<div class=\"container width-xl\"><div class=\"cols\">\n<div class=\"col\">\n<div class=\"image-card\"><picture class=\"image\"><source media=\"(min-width: 0px)\" data-srcset=\"https:\/\/www.whw.de\/wp-content\/uploads\/Kachel_KonzipZukunft-600x450.png\"\/><img decoding=\"async\" loading=\"lazy\" src=\"data:image\/svg+xml,%3Csvg xmlns=%22http:\/\/www.w3.org\/2000\/svg%22 viewBox=%220 0 4 3%22 \/%3E\" alt=\"\" data-src=\"https:\/\/www.whw.de\/wp-content\/uploads\/Kachel_KonzipZukunft-600x450.png\" width=\"600\" height=\"450\"><\/picture><div class=\"image-overlay\"><h4>FACHBEREICHE<\/h4>\n<a class=\"btn btn-primary bg-leaf btn-left\" href=\"https:\/\/www.whw.de\/tr\/hillebrand-chemicals\/uzmanlik-alanlari\/\" rel=\"noopener\">Fachbereiche<\/a>\n<\/div><\/div>\n<\/div>\n\n\n\n<div class=\"col\">\n<div class=\"image-card\"><picture class=\"image\"><source media=\"(min-width: 0px)\" data-srcset=\"https:\/\/www.whw.de\/wp-content\/uploads\/Kachel-Webseite-550x300-2.jpg\"\/><img decoding=\"async\" loading=\"lazy\" src=\"data:image\/svg+xml,%3Csvg xmlns=%22http:\/\/www.w3.org\/2000\/svg%22 viewBox=%220 0 11 6%22 \/%3E\" alt=\"\" data-src=\"https:\/\/www.whw.de\/wp-content\/uploads\/Kachel-Webseite-550x300-2.jpg\" width=\"550\" height=\"300\"><\/picture><div class=\"image-overlay\"><h4>KARRIERE<\/h4>\n<a class=\"btn btn-primary bg-leaf btn-left\" href=\"https:\/\/www.whw.de\/karriere\/\" rel=\"noopener\">Karriere<\/a>\n<\/div><\/div>\n<\/div>\n<\/div><\/div>\n","protected":false},"excerpt":{"rendered":"","protected":false},"author":3,"featured_media":0,"parent":3351,"menu_order":0,"comment_status":"closed","ping_status":"closed","template":"","meta":{"footnotes":""},"class_list":["post-3350","page","type-page","status-publish","hentry"],"_links":{"self":[{"href":"https:\/\/www.whw.de\/tr\/wp-json\/wp\/v2\/pages\/3350","targetHints":{"allow":["GET"]}}],"collection":[{"href":"https:\/\/www.whw.de\/tr\/wp-json\/wp\/v2\/pages"}],"about":[{"href":"https:\/\/www.whw.de\/tr\/wp-json\/wp\/v2\/types\/page"}],"author":[{"embeddable":true,"href":"https:\/\/www.whw.de\/tr\/wp-json\/wp\/v2\/users\/3"}],"replies":[{"embeddable":true,"href":"https:\/\/www.whw.de\/tr\/wp-json\/wp\/v2\/comments?post=3350"}],"version-history":[{"count":2,"href":"https:\/\/www.whw.de\/tr\/wp-json\/wp\/v2\/pages\/3350\/revisions"}],"predecessor-version":[{"id":3354,"href":"https:\/\/www.whw.de\/tr\/wp-json\/wp\/v2\/pages\/3350\/revisions\/3354"}],"up":[{"embeddable":true,"href":"https:\/\/www.whw.de\/tr\/wp-json\/wp\/v2\/pages\/3351"}],"wp:attachment":[{"href":"https:\/\/www.whw.de\/tr\/wp-json\/wp\/v2\/media?parent=3350"}],"curies":[{"name":"wp","href":"https:\/\/api.w.org\/{rel}","templated":true}]}}