{"id":3338,"date":"2024-09-06T14:01:45","date_gmt":"2024-09-06T12:01:45","guid":{"rendered":"https:\/\/www.whw.de\/hillebrand-chemicals\/"},"modified":"2025-07-17T13:47:19","modified_gmt":"2025-07-17T11:47:19","slug":"hillebrand-chemicals","status":"publish","type":"page","link":"https:\/\/www.whw.de\/tr\/hillebrand-chemicals\/","title":{"rendered":"Hillebrand Chemicals"},"content":{"rendered":"\n<div class=\"container \"><div class=\"banner bg bg-grey-lighter overlay\"><picture class=\"image\"><source media=\"(max-width: 799px)\" data-srcset=\"https:\/\/www.whw.de\/wp-content\/uploads\/whw_farbwolke-1-1920x1400px-72dpi-800x800.jpg\"\/><source media=\"(max-width: 1199px)\" data-srcset=\"https:\/\/www.whw.de\/wp-content\/uploads\/whw_farbwolke-1-1920x1400px-72dpi-1200x670.jpg\"\/><source media=\"(min-width: 1200px)\" data-srcset=\"https:\/\/www.whw.de\/wp-content\/uploads\/whw_farbwolke-1-1920x1400px-72dpi-1920x670.jpg\"\/><img decoding=\"async\" loading=\"lazy\" src=\"data:image\/svg+xml,%3Csvg xmlns=%22http:\/\/www.w3.org\/2000\/svg%22 viewBox=%220 0 192 67%22 \/%3E\" alt=\"\" data-src=\"https:\/\/www.whw.de\/wp-content\/uploads\/whw_farbwolke-1-1920x1400px-72dpi-1920x670.jpg\" width=\"1920\" height=\"670\"><\/picture><video src=\"https:\/\/www.whw.de\/wp-content\/uploads\/WHW_Videoheader_Unternehmensgruppe_Innovation-Technologie.mp4\" autoplay muted loop playsinline><\/video><div class=\"content fc-white\">\n<h2 class=\"heading wp-block-heading\">KAPLAMA KI\u0307MYASI BI\u0307ZI\u0307M ELEMENTI\u0307MI\u0307ZDI\u0307R<\/h2>\n\n\n\n<p>M\u00dcKEMMEL Y\u00dcZEY KORUMASI I\u00c7IN TEMEL<\/p>\n<\/div><\/div><\/div>\n\n\n\n<div class=\"container width\">\n<p class=\"has-text-align-center\"><strong>Hillebrand Chemicals<\/strong> ile s\u00fcrd\u00fcr\u00fclebilir korozyon korumas\u0131 i\u00e7in yenilik\u00e7i kimya.<\/p>\n\n\n\n<p class=\"has-text-align-left\">Ki\u015fiye \u00f6zel kimyasal \u00e7\u00f6z\u00fcmlerimizin \u00e7evresel etkiyi en aza indirirken korozyondan korunma d\u00fcnyas\u0131nda nas\u0131l devrim yaratt\u0131\u011f\u0131n\u0131 deneyimleyin.<\/p>\n<\/div>\n\n\n\n<div class=\"container width-xl\"><div class=\"cols\">\n<div class=\"col\">\n<div class=\"text-column\"><h3 class=\"headline\">KIMYASAL GELI\u015eTIRME VE \u00dcRETIM<\/h3><h5 class=\"sub-headline\">En y\u00fcksek kalite standartlar\u0131 i\u00e7in hassasiyet ve yenilik<\/h5><div class=\"hr-leaf\"><\/div><p>Y\u00fcksek performansl\u0131 bir y\u00fczey kaplamas\u0131, kimya ve s\u00fcrecin hassas bir \u015fekilde koordine edilmesini gerektirir. Hillebrand Chemicals&#8217;da kalite en \u00f6nemli \u00f6nceli\u011fimizdir.<br>Bu nedenle kendi kimyasallar\u0131m\u0131z\u0131 geli\u015ftiriyor ve \u00fcretiyoruz. Uzmanlar\u0131m\u0131z, en y\u00fcksek standartlar\u0131 sa\u011flamak i\u00e7in kapsaml\u0131 malzeme ve \u00fcr\u00fcn bilgisinin yan\u0131 s\u0131ra en son proses teknolojilerine katk\u0131da bulunur.<br><\/p>\n<a class=\"btn btn-secondary bg-black btn-left\" href=\"https:\/\/www.whw.de\/tr\/ueruenler\/\" rel=\"noopener\">\u00dcr\u00fcnler<\/a>\n<\/div>\n<\/div>\n\n\n\n<div class=\"col\">\n<div class=\"image-column align-center\"><picture class=\"image\"><source media=\"(min-width: 0px)\" data-srcset=\"https:\/\/www.whw.de\/wp-content\/uploads\/ROMI9411-scaled.jpg\"\/><img decoding=\"async\" loading=\"lazy\" src=\"data:image\/svg+xml,%3Csvg xmlns=%22http:\/\/www.w3.org\/2000\/svg%22 viewBox=%220 0 2560 1707%22 \/%3E\" alt=\"\" data-src=\"https:\/\/www.whw.de\/wp-content\/uploads\/ROMI9411-scaled.jpg\" width=\"2560\" height=\"1707\"><\/picture><\/div>\n<\/div>\n<\/div><\/div>\n\n\n\n<div class=\"container width-xl\"><div class=\"cols\">\n<div class=\"col\">\n<div class=\"image-column align-center\"><picture class=\"image\"><source media=\"(min-width: 0px)\" data-srcset=\"https:\/\/www.whw.de\/wp-content\/uploads\/ROMI1036-scaled.jpg\"\/><img decoding=\"async\" loading=\"lazy\" src=\"data:image\/svg+xml,%3Csvg xmlns=%22http:\/\/www.w3.org\/2000\/svg%22 viewBox=%220 0 2560 1707%22 \/%3E\" alt=\"\" data-src=\"https:\/\/www.whw.de\/wp-content\/uploads\/ROMI1036-scaled.jpg\" width=\"2560\" height=\"1707\"><\/picture><\/div>\n<\/div>\n\n\n\n<div class=\"col\">\n<div class=\"text-column\"><h3 class=\"headline\">I\u015eLEVSELLIK VE UYARLANABILIRLIK<\/h3><h5 class=\"sub-headline\">\u00d6zel gereksinimler i\u00e7in \u00f6zelle\u015ftirilmi\u015f \u00e7\u00f6z\u00fcmler<\/h5><div class=\"hr-leaf\"><\/div><p>Katodik koruma \u00e7inko ve \u00e7inko ala\u015f\u0131m\u0131 sistemleri i\u00e7in proses kimyasallar\u0131m\u0131z sadece korozyon korumas\u0131 sa\u011flamakla kalmaz, ayn\u0131 zamanda \u00f6zel gereksinimlerinize g\u00f6re \u00f6zelle\u015ftirilir.<br>S\u00fcrt\u00fcnme katsay\u0131lar\u0131ndan iletkenli\u011fe kadar, \u00fcr\u00fcnlerimizin ihtiya\u00e7lar\u0131n\u0131za g\u00f6re \u00f6zelle\u015ftirilmesini sa\u011fl\u0131yoruz.<br><\/p><\/div>\n<\/div>\n<\/div><\/div>\n\n\n\n<div class=\"container width-xl\"><div class=\"banner bg bg-grey-lighter overlay\"><picture class=\"image\"><source media=\"(max-width: 799px)\" data-srcset=\"https:\/\/www.whw.de\/wp-content\/uploads\/whw_verlauf-final-800x800.png\"\/><source media=\"(max-width: 1199px)\" data-srcset=\"https:\/\/www.whw.de\/wp-content\/uploads\/whw_verlauf-final-1200x670.png\"\/><source media=\"(min-width: 1200px)\" data-srcset=\"https:\/\/www.whw.de\/wp-content\/uploads\/whw_verlauf-final-2000x670.png\"\/><img decoding=\"async\" loading=\"lazy\" src=\"data:image\/svg+xml,%3Csvg xmlns=%22http:\/\/www.w3.org\/2000\/svg%22 viewBox=%220 0 200 67%22 \/%3E\" alt=\"\" data-src=\"https:\/\/www.whw.de\/wp-content\/uploads\/whw_verlauf-final-2000x670.png\" width=\"2000\" height=\"670\"><\/picture><div class=\"content fc-white\">\n<h3 class=\"heading wp-block-heading\">Y\u00dcKSEK KALITELI KOROZYON KORUMASINA HAZIR MISINIZ?<\/h3>\n\n\n\n<h6 class=\"heading wp-block-heading\"><strong>Y\u00dcZEY KAPLAMALARINIZA \u00d6ZEL \u00c7\u00d6Z\u00dcMLER I\u0307\u00c7I\u0307N BUG\u00dcN BI\u0307ZI\u0307MLE I\u0307LETI\u0307\u015eI\u0307ME GE\u00c7I\u0307N.<\/strong><\/h6>\n<\/div><\/div><\/div>\n\n\n\n<div class=\"container width-xl\"><div class=\"cols\">\n<div class=\"col\">\n<div class=\"text-column\"><h3 class=\"headline\">KALI\u0307TE G\u00dcVENCESI\u0307 VE \u00c7EVRE BI\u0307LI\u0307NCI\u0307<\/h3><h5 class=\"sub-headline\">Her ad\u0131mda verimlilik, kalite ve s\u00fcrd\u00fcr\u00fclebilirlik<\/h5><div class=\"hr-leaf\"><\/div><p>Kalite g\u00fcvencesine ve \u00e7evresel uyumlulu\u011fa b\u00fcy\u00fck \u00f6nem veriyoruz. \u00dcretimimiz yar\u0131 otomatiktir ve deneyimli uzmanlar taraf\u0131ndan izlenir. Her \u00fcr\u00fcn depomuzdan \u00e7\u0131kmadan \u00f6nce s\u0131k\u0131 bir do\u011frulamaya tabi tutulmaktad\u0131r. Ayr\u0131ca Wickede tesisimizde \u00e7evre dostu ve kaynak tasarrufu sa\u011flayan s\u00fcre\u00e7lere g\u00fcveniyoruz.<br><\/p>\n<a class=\"btn btn-secondary bg-black btn-left\" href=\"https:\/\/www.whw.de\/tr\/surdurulebilirlik\/\" rel=\"noopener\">NACHHALITIGKEIT<\/a>\n<\/div>\n<\/div>\n\n\n\n<div class=\"col\">\n<div class=\"image-column align-center\"><picture class=\"image\"><source media=\"(min-width: 0px)\" data-srcset=\"https:\/\/www.whw.de\/wp-content\/uploads\/Umweltchemie.png\"\/><img decoding=\"async\" loading=\"lazy\" src=\"data:image\/svg+xml,%3Csvg xmlns=%22http:\/\/www.w3.org\/2000\/svg%22 viewBox=%220 0 437 310%22 \/%3E\" alt=\"\" data-src=\"https:\/\/www.whw.de\/wp-content\/uploads\/Umweltchemie.png\" width=\"1748\" height=\"1240\"><\/picture><\/div>\n<\/div>\n<\/div><\/div>\n\n\n\n<div class=\"container width-xl\"><div class=\"banner bg bg-grey-lighter\"><picture class=\"image\"><source media=\"(max-width: 799px)\" data-srcset=\"https:\/\/www.whw.de\/wp-content\/uploads\/whw_verlauf-final-800x800.png\"\/><source media=\"(max-width: 1199px)\" data-srcset=\"https:\/\/www.whw.de\/wp-content\/uploads\/whw_verlauf-final-1200x670.png\"\/><source media=\"(min-width: 1200px)\" data-srcset=\"https:\/\/www.whw.de\/wp-content\/uploads\/whw_verlauf-final-2000x670.png\"\/><img decoding=\"async\" loading=\"lazy\" src=\"data:image\/svg+xml,%3Csvg xmlns=%22http:\/\/www.w3.org\/2000\/svg%22 viewBox=%220 0 200 67%22 \/%3E\" alt=\"\" data-src=\"https:\/\/www.whw.de\/wp-content\/uploads\/whw_verlauf-final-2000x670.png\" width=\"2000\" height=\"670\"><\/picture><div class=\"content fc-white\">\n<div class=\"icon-list items-4\">\n<div class=\"icon-item\"><picture class=\"image icon\"><source media=\"(min-width: 0px)\" data-srcset=\"https:\/\/www.whw.de\/wp-content\/uploads\/chemie-fass.png\"\/><img decoding=\"async\" loading=\"lazy\" src=\"data:image\/svg+xml,%3Csvg xmlns=%22http:\/\/www.w3.org\/2000\/svg%22 viewBox=%220 0 401 400%22 \/%3E\" alt=\"\" data-src=\"https:\/\/www.whw.de\/wp-content\/uploads\/chemie-fass.png\" width=\"401\" height=\"400\"><\/picture><span class=\"number\">4.000 <\/span><span>ton Y\u0131lda \u00fcretilen kimyasal madde<\/span><\/div>\n\n\n\n<div class=\"icon-item\"><picture class=\"image icon\"><source media=\"(min-width: 0px)\" data-srcset=\"https:\/\/www.whw.de\/wp-content\/uploads\/Group-8917-1.png\"\/><img decoding=\"async\" loading=\"lazy\" src=\"data:image\/svg+xml,%3Csvg xmlns=%22http:\/\/www.w3.org\/2000\/svg%22 viewBox=%220 0 301 300%22 \/%3E\" alt=\"\" data-src=\"https:\/\/www.whw.de\/wp-content\/uploads\/Group-8917-1.png\" width=\"301\" height=\"300\"><\/picture><span class=\"number\">8%<\/span><span>y\u0131lda daha fazla \u00e7al\u0131\u015fan<\/span><\/div>\n\n\n\n<div class=\"icon-item\"><picture class=\"image icon\"><source media=\"(min-width: 0px)\" data-srcset=\"https:\/\/www.whw.de\/wp-content\/uploads\/gluehbirne.png\"\/><img decoding=\"async\" loading=\"lazy\" src=\"data:image\/svg+xml,%3Csvg xmlns=%22http:\/\/www.w3.org\/2000\/svg%22 viewBox=%220 0 401 400%22 \/%3E\" alt=\"\" data-src=\"https:\/\/www.whw.de\/wp-content\/uploads\/gluehbirne.png\" width=\"401\" height=\"400\"><\/picture><span class=\"number\">53 <\/span><span>Ba\u015far\u0131yla tamamlanan geli\u015ftirme projeleri<\/span><\/div>\n\n\n\n<div class=\"icon-item\"><picture class=\"image icon\"><source media=\"(min-width: 0px)\" data-srcset=\"https:\/\/www.whw.de\/wp-content\/uploads\/auszubildende.png\"\/><img decoding=\"async\" loading=\"lazy\" src=\"data:image\/svg+xml,%3Csvg xmlns=%22http:\/\/www.w3.org\/2000\/svg%22 viewBox=%220 0 401 400%22 \/%3E\" alt=\"\" data-src=\"https:\/\/www.whw.de\/wp-content\/uploads\/auszubildende.png\" width=\"401\" height=\"400\"><\/picture><span class=\"number\">32 <\/span><span>\u00c7\u0131raklar<\/span><\/div>\n<\/div>\n<\/div><\/div><\/div>\n","protected":false},"excerpt":{"rendered":"","protected":false},"author":3,"featured_media":0,"parent":0,"menu_order":0,"comment_status":"closed","ping_status":"closed","template":"","meta":{"footnotes":""},"class_list":["post-3338","page","type-page","status-publish","hentry"],"_links":{"self":[{"href":"https:\/\/www.whw.de\/tr\/wp-json\/wp\/v2\/pages\/3338","targetHints":{"allow":["GET"]}}],"collection":[{"href":"https:\/\/www.whw.de\/tr\/wp-json\/wp\/v2\/pages"}],"about":[{"href":"https:\/\/www.whw.de\/tr\/wp-json\/wp\/v2\/types\/page"}],"author":[{"embeddable":true,"href":"https:\/\/www.whw.de\/tr\/wp-json\/wp\/v2\/users\/3"}],"replies":[{"embeddable":true,"href":"https:\/\/www.whw.de\/tr\/wp-json\/wp\/v2\/comments?post=3338"}],"version-history":[{"count":2,"href":"https:\/\/www.whw.de\/tr\/wp-json\/wp\/v2\/pages\/3338\/revisions"}],"predecessor-version":[{"id":3341,"href":"https:\/\/www.whw.de\/tr\/wp-json\/wp\/v2\/pages\/3338\/revisions\/3341"}],"wp:attachment":[{"href":"https:\/\/www.whw.de\/tr\/wp-json\/wp\/v2\/media?parent=3338"}],"curies":[{"name":"wp","href":"https:\/\/api.w.org\/{rel}","templated":true}]}}