{"id":3335,"date":"2024-09-06T13:36:24","date_gmt":"2024-09-06T11:36:24","guid":{"rendered":"https:\/\/www.whw.de\/produkte\/"},"modified":"2025-07-17T13:46:06","modified_gmt":"2025-07-17T11:46:06","slug":"ueruenler","status":"publish","type":"page","link":"https:\/\/www.whw.de\/tr\/hillebrand-chemicals\/ueruenler\/","title":{"rendered":"\u00dcr\u00fcnler"},"content":{"rendered":"\n<div class=\"container \"><div class=\"banner bg bg-leaf overlay\"><video src=\"https:\/\/www.whw.de\/wp-content\/uploads\/spezialchemie_desktop.mp4\" autoplay muted loop playsinline><\/video><div class=\"content fc-white\">\n<h2 class=\"heading wp-block-heading\">\u00dcr\u00fcn alanlar\u0131m\u0131z hakk\u0131nda daha fazla bilgi edinin<\/h2>\n<\/div><\/div><\/div>\n\n\n\n<div class=\"container width-xl\">\n\n<\/div>\n\n\n\n<div class=\"container width-xl\"><div class=\"accordion-wrapper\"><div class=\"accordion\">\n<div id=\"accordion-item-1738156605334\" class=\"item\"><button class=\"control\" type=\"button\" aria-expanded=\"false\"><h5>GC Prep \u00f6n i\u015flem + Ara\u00e7lar<\/h5><\/button><div class=\"content\"><div class=\"selected-services\">\n                        \n            <div class=\"content-column content\">\n                <picture class=\"image\">\n                                            <img decoding=\"async\" src=\"https:\/\/www.whw.de\/wp-content\/uploads\/180418_GC_Prep_Kachel.jpg\" alt=\"GC PREP 100 \u2013 SERIE\"\/>\n                                    <\/picture>\n                <h5>GC PREP 100 \u2013 SERIE<\/h5>\n                                <a class=\"btn btn-secondary bg-black\" href=\"https:\/\/www.whw.de\/tr\/hillebrand-chemicals\/service\/gc-prep-100-serie\/\">\n                    Daha fazlas\u0131n\u0131 g\u00f6ster \n                <\/a>\n            <\/div>\n\n                    \n            <div class=\"content-column content\">\n                <picture class=\"image\">\n                                            <img decoding=\"async\" src=\"https:\/\/www.whw.de\/wp-content\/uploads\/180418_GC_Prep_Kachel.jpg\" alt=\"GC PREP 200 \u2013 SERIE\"\/>\n                                    <\/picture>\n                <h5>GC PREP 200 \u2013 SERIE<\/h5>\n                                <a class=\"btn btn-secondary bg-black\" href=\"https:\/\/www.whw.de\/tr\/hillebrand-chemicals\/service\/gc-prep-200-serie\/\">\n                    Daha fazlas\u0131n\u0131 g\u00f6ster \n                <\/a>\n            <\/div>\n\n                    \n            <div class=\"content-column content\">\n                <picture class=\"image\">\n                                            <img decoding=\"async\" src=\"https:\/\/www.whw.de\/wp-content\/uploads\/180418_GC_Prep_Kachel.jpg\" alt=\"GC PREP 900 \u2013 SERIE\"\/>\n                                    <\/picture>\n                <h5>GC PREP 900 \u2013 SERIE<\/h5>\n                                <a class=\"btn btn-secondary bg-black\" href=\"https:\/\/www.whw.de\/tr\/hillebrand-chemicals\/service\/gc-prep-900-serie\/\">\n                    Daha fazlas\u0131n\u0131 g\u00f6ster \n                <\/a>\n            <\/div>\n\n            <\/div>\n<\/div><\/div>\n\n\n\n<div id=\"accordion-item-1738156643998\" class=\"item\"><button class=\"control\" type=\"button\" aria-expanded=\"false\"><h5>GC Core elektrolitleri<\/h5><\/button><div class=\"content\"><div class=\"selected-services\">\n                        \n            <div class=\"content-column content\">\n                <picture class=\"image\">\n                                            <img decoding=\"async\" src=\"https:\/\/www.whw.de\/wp-content\/uploads\/180417_GC_Pass_100_110_120_Kachel.jpg\" alt=\"GC CORE 110\/210\"\/>\n                                    <\/picture>\n                <h5>GC CORE 110\/210<\/h5>\n                                <a class=\"btn btn-secondary bg-black\" href=\"https:\/\/www.whw.de\/tr\/hillebrand-chemicals\/service\/gc-core-110-210\/\">\n                    Daha fazlas\u0131n\u0131 g\u00f6ster \n                <\/a>\n            <\/div>\n\n                    \n            <div class=\"content-column content\">\n                <picture class=\"image\">\n                                            <img decoding=\"async\" src=\"https:\/\/www.whw.de\/wp-content\/uploads\/180417_GC_Core_350_400_500_Kachel.jpg\" alt=\"GC CORE 350\/400\/500\"\/>\n                                    <\/picture>\n                <h5>GC CORE 350\/400\/500<\/h5>\n                                <a class=\"btn btn-secondary bg-black\" href=\"https:\/\/www.whw.de\/tr\/hillebrand-chemicals\/service\/gc-core-350-400-500\/\">\n                    Daha fazlas\u0131n\u0131 g\u00f6ster \n                <\/a>\n            <\/div>\n\n                    \n            <div class=\"content-column content\">\n                <picture class=\"image\">\n                                            <img decoding=\"async\" src=\"https:\/\/www.whw.de\/wp-content\/uploads\/180514_GC_LUB_Kachel.jpg\" alt=\"GC CORE 600\"\/>\n                                    <\/picture>\n                <h5>GC CORE 600<\/h5>\n                                <a class=\"btn btn-secondary bg-black\" href=\"https:\/\/www.whw.de\/tr\/hillebrand-chemicals\/service\/gc-core-600\/\">\n                    Daha fazlas\u0131n\u0131 g\u00f6ster \n                <\/a>\n            <\/div>\n\n            <\/div>\n<\/div><\/div>\n\n\n\n<div id=\"accordion-item-1738156684437\" class=\"item\"><button class=\"control\" type=\"button\" aria-expanded=\"false\"><h5>GC Pass pasivasyonlar\u0131<\/h5><\/button><div class=\"content\"><div class=\"selected-services\">\n                        \n            <div class=\"content-column content\">\n                <picture class=\"image\">\n                                            <img decoding=\"async\" src=\"https:\/\/www.whw.de\/wp-content\/uploads\/180417_DDpass_Kachel.jpg\" alt=\"DDPASS\"\/>\n                                    <\/picture>\n                <h5>DDPASS<\/h5>\n                                <a class=\"btn btn-secondary bg-black\" href=\"https:\/\/www.whw.de\/tr\/hillebrand-chemicals\/service\/ddpass\/\">\n                    Daha fazlas\u0131n\u0131 g\u00f6ster \n                <\/a>\n            <\/div>\n\n                    \n            <div class=\"content-column content\">\n                <picture class=\"image\">\n                                            <img decoding=\"async\" src=\"https:\/\/www.whw.de\/wp-content\/uploads\/180511_DD-PassZeco_Kachel-1.jpg\" alt=\"DDPASS ZECO\"\/>\n                                    <\/picture>\n                <h5>DDPASS ZECO<\/h5>\n                                <a class=\"btn btn-secondary bg-black\" href=\"https:\/\/www.whw.de\/tr\/hillebrand-chemicals\/service\/ddpass-zeco\/\">\n                    Daha fazlas\u0131n\u0131 g\u00f6ster \n                <\/a>\n            <\/div>\n\n                    \n            <div class=\"content-column content\">\n                <picture class=\"image\">\n                                            <img decoding=\"async\" src=\"https:\/\/www.whw.de\/wp-content\/uploads\/180418_GC_Multipass_Kachel-1.jpg\" alt=\"GC Multipass\"\/>\n                                    <\/picture>\n                <h5>GC Multipass<\/h5>\n                                <a class=\"btn btn-secondary bg-black\" href=\"https:\/\/www.whw.de\/tr\/hillebrand-chemicals\/service\/gc-multipass\/\">\n                    Daha fazlas\u0131n\u0131 g\u00f6ster \n                <\/a>\n            <\/div>\n\n                    \n            <div class=\"content-column content\">\n                <picture class=\"image\">\n                                            <img decoding=\"async\" src=\"https:\/\/www.whw.de\/wp-content\/uploads\/180417_GC_Pass_100_110_120_Kachel.jpg\" alt=\"GC PASS 100\/110\/120\"\/>\n                                    <\/picture>\n                <h5>GC PASS 100\/110\/120<\/h5>\n                                <a class=\"btn btn-secondary bg-black\" href=\"https:\/\/www.whw.de\/tr\/hillebrand-chemicals\/service\/gc-pass-100-110-120\/\">\n                    Daha fazlas\u0131n\u0131 g\u00f6ster \n                <\/a>\n            <\/div>\n\n                    \n            <div class=\"content-column content\">\n                <picture class=\"image\">\n                                            <img decoding=\"async\" src=\"https:\/\/www.whw.de\/wp-content\/uploads\/180417_GC_Pass_410_421_430_Kachel.jpg\" alt=\"GC PASS 410\/421\/430\"\/>\n                                    <\/picture>\n                <h5>GC PASS 410\/421\/430<\/h5>\n                                <a class=\"btn btn-secondary bg-black\" href=\"https:\/\/www.whw.de\/tr\/hillebrand-chemicals\/service\/gc-pass-410-421-430\/\">\n                    Daha fazlas\u0131n\u0131 g\u00f6ster \n                <\/a>\n            <\/div>\n\n                    \n            <div class=\"content-column content\">\n                <picture class=\"image\">\n                                            <img decoding=\"async\" src=\"https:\/\/www.whw.de\/wp-content\/uploads\/180417_GC_Pass_600_650_670_Kachel.jpg\" alt=\"GC PASS 600\/650\/670\"\/>\n                                    <\/picture>\n                <h5>GC PASS 600\/650\/670<\/h5>\n                                <a class=\"btn btn-secondary bg-black\" href=\"https:\/\/www.whw.de\/tr\/hillebrand-chemicals\/service\/gc-pass-600-650-670\/\">\n                    Daha fazlas\u0131n\u0131 g\u00f6ster \n                <\/a>\n            <\/div>\n\n                    \n            <div class=\"content-column content\">\n                <picture class=\"image\">\n                                            <img decoding=\"async\" src=\"https:\/\/www.whw.de\/wp-content\/uploads\/180416_Kathodischer_Korrosionsschutz_GC_Pass_800_Kachel.jpg\" alt=\"GC PASS 800\"\/>\n                                    <\/picture>\n                <h5>GC PASS 800<\/h5>\n                                <a class=\"btn btn-secondary bg-black\" href=\"https:\/\/www.whw.de\/tr\/hillebrand-chemicals\/service\/gc-pass-800\/\">\n                    Daha fazlas\u0131n\u0131 g\u00f6ster \n                <\/a>\n            <\/div>\n\n            <\/div>\n<\/div><\/div>\n\n\n\n<div id=\"accordion-item-1738156740980\" class=\"item\"><button class=\"control\" type=\"button\" aria-expanded=\"false\"><h5>GC Top s\u0131zd\u0131rmazl\u0131k maddeleri<\/h5><\/button><div class=\"content\"><div class=\"selected-services\">\n                        \n            <div class=\"content-column content\">\n                <picture class=\"image\">\n                                            <img decoding=\"async\" src=\"https:\/\/www.whw.de\/wp-content\/uploads\/180514_GC_LUB_Kachel.jpg\" alt=\"GC LUB 503\"\/>\n                                    <\/picture>\n                <h5>GC LUB 503<\/h5>\n                                <a class=\"btn btn-secondary bg-black\" href=\"https:\/\/www.whw.de\/tr\/hillebrand-chemicals\/service\/gc-lub-503\/\">\n                    Daha fazlas\u0131n\u0131 g\u00f6ster \n                <\/a>\n            <\/div>\n\n                    \n            <div class=\"content-column content\">\n                <picture class=\"image\">\n                                            <img decoding=\"async\" src=\"https:\/\/www.whw.de\/wp-content\/uploads\/180416_Kathodischer_Korrosionsschutz_GC_Top_120_LL_Kachel.jpg\" alt=\"GC TOP 101\"\/>\n                                    <\/picture>\n                <h5>GC TOP 101<\/h5>\n                                <a class=\"btn btn-secondary bg-black\" href=\"https:\/\/www.whw.de\/tr\/hillebrand-chemicals\/service\/gc-top-101\/\">\n                    Daha fazlas\u0131n\u0131 g\u00f6ster \n                <\/a>\n            <\/div>\n\n                    \n            <div class=\"content-column content\">\n                <picture class=\"image\">\n                                            <img decoding=\"async\" src=\"https:\/\/www.whw.de\/wp-content\/uploads\/180416_Kathodischer_Korrosionsschutz_GC_Top_120_LL_Kachel.jpg\" alt=\"GC TOP 120 (HLX)\"\/>\n                                    <\/picture>\n                <h5>GC TOP 120 (HLX)<\/h5>\n                                <a class=\"btn btn-secondary bg-black\" href=\"https:\/\/www.whw.de\/tr\/hillebrand-chemicals\/service\/gc-top-120-hlx\/\">\n                    Daha fazlas\u0131n\u0131 g\u00f6ster \n                <\/a>\n            <\/div>\n\n                    \n            <div class=\"content-column content\">\n                <picture class=\"image\">\n                                            <img decoding=\"async\" src=\"https:\/\/www.whw.de\/wp-content\/uploads\/180514_GC_Top_121_Kachel.jpg\" alt=\"GC TOP 121\"\/>\n                                    <\/picture>\n                <h5>GC TOP 121<\/h5>\n                                <a class=\"btn btn-secondary bg-black\" href=\"https:\/\/www.whw.de\/tr\/hillebrand-chemicals\/service\/gc-top-121\/\">\n                    Daha fazlas\u0131n\u0131 g\u00f6ster \n                <\/a>\n            <\/div>\n\n                    \n            <div class=\"content-column content\">\n                <picture class=\"image\">\n                                            <img decoding=\"async\" src=\"https:\/\/www.whw.de\/wp-content\/uploads\/180416_Kathodischer_Korrosionsschutz_GC_Top_180_Kachel.jpg\" alt=\"GC TOP 180\"\/>\n                                    <\/picture>\n                <h5>GC TOP 180<\/h5>\n                                <a class=\"btn btn-secondary bg-black\" href=\"https:\/\/www.whw.de\/tr\/hillebrand-chemicals\/service\/gc-top-180\/\">\n                    Daha fazlas\u0131n\u0131 g\u00f6ster \n                <\/a>\n            <\/div>\n\n                    \n            <div class=\"content-column content\">\n                <picture class=\"image\">\n                                            <img decoding=\"async\" src=\"https:\/\/www.whw.de\/wp-content\/uploads\/180417_GC_Top_189_Kachel.jpg\" alt=\"GC TOP 189\"\/>\n                                    <\/picture>\n                <h5>GC TOP 189<\/h5>\n                                <a class=\"btn btn-secondary bg-black\" href=\"https:\/\/www.whw.de\/tr\/hillebrand-chemicals\/service\/gc-top-189\/\">\n                    Daha fazlas\u0131n\u0131 g\u00f6ster \n                <\/a>\n            <\/div>\n\n                    \n            <div class=\"content-column content\">\n                <picture class=\"image\">\n                                            <img decoding=\"async\" src=\"https:\/\/www.whw.de\/wp-content\/uploads\/180417_GC_Top_311_L_Kachel.jpg\" alt=\"GC TOP 311\"\/>\n                                    <\/picture>\n                <h5>GC TOP 311<\/h5>\n                                <a class=\"btn btn-secondary bg-black\" href=\"https:\/\/www.whw.de\/tr\/hillebrand-chemicals\/service\/gc-top-311\/\">\n                    Daha fazlas\u0131n\u0131 g\u00f6ster \n                <\/a>\n            <\/div>\n\n                    \n            <div class=\"content-column content\">\n                <picture class=\"image\">\n                                            <img decoding=\"async\" src=\"https:\/\/www.whw.de\/wp-content\/uploads\/180416_Kathodischer_Korrosionsschutz_GC_Top_427_Kachel.jpg\" alt=\"GC TOP 427\"\/>\n                                    <\/picture>\n                <h5>GC TOP 427<\/h5>\n                                <a class=\"btn btn-secondary bg-black\" href=\"https:\/\/www.whw.de\/tr\/hillebrand-chemicals\/service\/gc-top-427\/\">\n                    Daha fazlas\u0131n\u0131 g\u00f6ster \n                <\/a>\n            <\/div>\n\n                    \n            <div class=\"content-column content\">\n                <picture class=\"image\">\n                                            <img decoding=\"async\" src=\"https:\/\/www.whw.de\/wp-content\/uploads\/gc-top471_01.jpg\" alt=\"GC TOP 471\"\/>\n                                    <\/picture>\n                <h5>GC TOP 471<\/h5>\n                                <a class=\"btn btn-secondary bg-black\" href=\"https:\/\/www.whw.de\/tr\/hillebrand-chemicals\/service\/gc-top-471\/\">\n                    Daha fazlas\u0131n\u0131 g\u00f6ster \n                <\/a>\n            <\/div>\n\n            <\/div>\n<\/div><\/div>\n<\/div><\/div><\/div>\n","protected":false},"excerpt":{"rendered":"","protected":false},"author":3,"featured_media":0,"parent":3338,"menu_order":0,"comment_status":"closed","ping_status":"closed","template":"","meta":{"footnotes":""},"class_list":["post-3335","page","type-page","status-publish","hentry"],"_links":{"self":[{"href":"https:\/\/www.whw.de\/tr\/wp-json\/wp\/v2\/pages\/3335","targetHints":{"allow":["GET"]}}],"collection":[{"href":"https:\/\/www.whw.de\/tr\/wp-json\/wp\/v2\/pages"}],"about":[{"href":"https:\/\/www.whw.de\/tr\/wp-json\/wp\/v2\/types\/page"}],"author":[{"embeddable":true,"href":"https:\/\/www.whw.de\/tr\/wp-json\/wp\/v2\/users\/3"}],"replies":[{"embeddable":true,"href":"https:\/\/www.whw.de\/tr\/wp-json\/wp\/v2\/comments?post=3335"}],"version-history":[{"count":3,"href":"https:\/\/www.whw.de\/tr\/wp-json\/wp\/v2\/pages\/3335\/revisions"}],"predecessor-version":[{"id":3340,"href":"https:\/\/www.whw.de\/tr\/wp-json\/wp\/v2\/pages\/3335\/revisions\/3340"}],"up":[{"embeddable":true,"href":"https:\/\/www.whw.de\/tr\/wp-json\/wp\/v2\/pages\/3338"}],"wp:attachment":[{"href":"https:\/\/www.whw.de\/tr\/wp-json\/wp\/v2\/media?parent=3335"}],"curies":[{"name":"wp","href":"https:\/\/api.w.org\/{rel}","templated":true}]}}