{"id":3234,"date":"2024-09-04T15:32:32","date_gmt":"2024-09-04T13:32:32","guid":{"rendered":"https:\/\/www.whw.de\/whw-hillebrand\/"},"modified":"2025-07-16T12:37:13","modified_gmt":"2025-07-16T10:37:13","slug":"whw-hillebrand","status":"publish","type":"page","link":"https:\/\/www.whw.de\/tr\/whw-hillebrand\/","title":{"rendered":"Startseite (WHW Hillebrand)"},"content":{"rendered":"\n<div class=\"container \"><div class=\"banner bg bg-grey-lighter overlay\"><picture class=\"image\"><source media=\"(max-width: 799px)\" data-srcset=\"https:\/\/www.whw.de\/wp-content\/uploads\/whw_farbwolke-1-1920x1400px-72dpi-800x800.jpg\"\/><source media=\"(max-width: 1199px)\" data-srcset=\"https:\/\/www.whw.de\/wp-content\/uploads\/whw_farbwolke-1-1920x1400px-72dpi-1200x670.jpg\"\/><source media=\"(min-width: 1200px)\" data-srcset=\"https:\/\/www.whw.de\/wp-content\/uploads\/whw_farbwolke-1-1920x1400px-72dpi-1920x670.jpg\"\/><img decoding=\"async\" loading=\"lazy\" src=\"data:image\/svg+xml,%3Csvg xmlns=%22http:\/\/www.w3.org\/2000\/svg%22 viewBox=%220 0 192 67%22 \/%3E\" alt=\"\" data-src=\"https:\/\/www.whw.de\/wp-content\/uploads\/whw_farbwolke-1-1920x1400px-72dpi-1920x670.jpg\" width=\"1920\" height=\"670\"><\/picture><div class=\"content fc-white\">\n<h2 class=\"heading wp-block-heading\"><strong>HER \u015eEYIN BIR Y\u00dcZEYI VARDIR<\/strong><\/h2>\n\n\n\n<h2 class=\"heading wp-block-heading\">Onlar\u0131 m\u00fckemmel hale getiriyoruz<\/h2>\n<\/div><\/div><\/div>\n\n\n\n<div class=\"container width\">\n<p class=\"has-text-align-left\">WHW Hillebrand, katodik korozyon korumas\u0131 i\u00e7in son teknoloji sistemler ve s\u00fcre\u00e7ler sunmaktad\u0131r. Deneyimli uzmanlar\u0131m\u0131z en y\u00fcksek kaliteyi garanti eder ve y\u00fczey korumas\u0131, i\u015flevsellik ve g\u00f6r\u00fcn\u00fcm i\u00e7in \u00f6zel gereksinimleri kar\u015f\u0131lar. Ak\u0131ll\u0131 proses otomasyonuna, enerji verimlili\u011fine ve s\u00fcrd\u00fcr\u00fclebilirli\u011fe odaklan\u0131yoruz. S\u00fcrekli geli\u015fim sayesinde y\u00fczey i\u015flemede lider konumday\u0131z.<\/p>\n<\/div>\n\n\n\n<div class=\"container width-xl\"><div class=\"cols\">\n<div class=\"col bg bg-grey-lighter\">\n<div class=\"simple-card fc-black\"><h5>Kaplama \u00f6ncesi hizmetler<\/h5><p>Birinci s\u0131n\u0131f \u00f6n kaplama hizmetlerimizi ke\u015ffedin: vibrasyonlu ta\u015flama, kaplama haz\u0131rl\u0131\u011f\u0131, kumlama ve t\u0131kama\/kaplama.<\/p>\n<a class=\"btn btn-secondary bg-leaf btn-left\" href=\"https:\/\/www.whw.de\/tr\/kaplama-oencesi-hizmetler\/\" rel=\"noopener\">\u015eimdi ke\u015ffedin<\/a>\n<\/div>\n<\/div>\n\n\n\n<div class=\"col bg bg-grey-lighter\">\n<div class=\"simple-card fc-black\"><h5>Kaplama teknolojileri<\/h5><p>Birinci s\u0131n\u0131f kaplama teknolojilerimizi ke\u015ffedin! Neredeyse 90 y\u0131ld\u0131r sekt\u00f6rdeki g\u00fcvenilir orta\u011f\u0131n\u0131z\u0131z.<\/p>\n<a class=\"btn btn-secondary bg-leaf btn-left\" href=\"https:\/\/www.whw.de\/tr\/kaplama-teknolojileri\/\" rel=\"noopener\">\u015eimdi ke\u015ffedin<\/a>\n<\/div>\n<\/div>\n<\/div><\/div>\n\n\n\n<div class=\"container width-xl\"><div class=\"cols\">\n<div class=\"col bg bg-grey-lighter\">\n<div class=\"simple-card fc-black\"><h5>Kaplama sonras\u0131 hizmetlerimiz<\/h5><p>Kaplama sonras\u0131 birinci s\u0131n\u0131f hizmetlerimizi ke\u015ffedin! 100 ay\u0131klama, di\u015f kilitleme, montaj ve test, paketleme ve lojistik ile ihtiya\u00e7lar\u0131n\u0131z i\u00e7in kapsaml\u0131 \u00e7\u00f6z\u00fcmler sunuyoruz.<\/p>\n<a class=\"btn btn-secondary bg-leaf btn-left\" href=\"https:\/\/www.whw.de\/tr\/kaplama-sonrasi-hizmetlerimiz\/\" rel=\"noopener\">\u015eimdi ke\u015ffedin<\/a>\n<\/div>\n<\/div>\n\n\n\n<div class=\"col bg bg-grey-lighter\">\n<div class=\"simple-card fc-black\"><h5>Vida di\u015fi korumas\u0131<\/h5><p>\u00c7ok \u00e7e\u015fitli di\u015f kilitleme se\u00e7eneklerini ke\u015ffedin: Yap\u0131\u015ft\u0131r\u0131c\u0131, kelep\u00e7eleme veya s\u0131zd\u0131rmazl\u0131k &#8211; gereksinimleriniz i\u00e7in do\u011fru \u00e7\u00f6z\u00fcm\u00fc sunuyoruz. Daha fazlas\u0131n\u0131 \u00f6\u011frenin!<\/p>\n<a class=\"btn btn-secondary bg-leaf btn-left\" href=\"https:\/\/www.whw.de\/tr\/vida-disi-korumasi\/\" rel=\"noopener\">\u015eimdi ke\u015ffedin<\/a>\n<\/div>\n<\/div>\n<\/div><\/div>\n\n\n\n<div class=\"container width-xl\"><div class=\"banner bg bg-grey-lighter\"><picture class=\"image\"><source media=\"(max-width: 799px)\" data-srcset=\"https:\/\/www.whw.de\/wp-content\/uploads\/whw_verlauf-final-800x800.png\"\/><source media=\"(max-width: 1199px)\" data-srcset=\"https:\/\/www.whw.de\/wp-content\/uploads\/whw_verlauf-final-1200x670.png\"\/><source media=\"(min-width: 1200px)\" data-srcset=\"https:\/\/www.whw.de\/wp-content\/uploads\/whw_verlauf-final-2000x670.png\"\/><img decoding=\"async\" loading=\"lazy\" src=\"data:image\/svg+xml,%3Csvg xmlns=%22http:\/\/www.w3.org\/2000\/svg%22 viewBox=%220 0 200 67%22 \/%3E\" alt=\"\" data-src=\"https:\/\/www.whw.de\/wp-content\/uploads\/whw_verlauf-final-2000x670.png\" width=\"2000\" height=\"670\"><\/picture><div class=\"content fc-white\">\n<div class=\"icon-list items-5\">\n<div class=\"icon-item\"><picture class=\"image icon\"><source media=\"(min-width: 0px)\" data-srcset=\"https:\/\/www.whw.de\/wp-content\/uploads\/Group-8917.png\"\/><img decoding=\"async\" loading=\"lazy\" src=\"data:image\/svg+xml,%3Csvg xmlns=%22http:\/\/www.w3.org\/2000\/svg%22 viewBox=%220 0 301 300%22 \/%3E\" alt=\"\" data-src=\"https:\/\/www.whw.de\/wp-content\/uploads\/Group-8917.png\" width=\"301\" height=\"300\"><\/picture><span class=\"number\">6<\/span><span>merkez<\/span><\/div>\n\n\n\n<div class=\"icon-item\"><picture class=\"image icon\"><source media=\"(min-width: 0px)\" data-srcset=\"https:\/\/www.whw.de\/wp-content\/uploads\/Group-8917-1-1.png\"\/><img decoding=\"async\" loading=\"lazy\" src=\"data:image\/svg+xml,%3Csvg xmlns=%22http:\/\/www.w3.org\/2000\/svg%22 viewBox=%220 0 301 300%22 \/%3E\" alt=\"\" data-src=\"https:\/\/www.whw.de\/wp-content\/uploads\/Group-8917-1-1.png\" width=\"301\" height=\"300\"><\/picture><span class=\"number\">8%<\/span><span>Y\u0131lda daha fazla \u00e7al\u0131\u015fan<\/span><\/div>\n\n\n\n<div class=\"icon-item\"><picture class=\"image icon\"><source media=\"(min-width: 0px)\" data-srcset=\"https:\/\/www.whw.de\/wp-content\/uploads\/Group-8917-2.png\"\/><img decoding=\"async\" loading=\"lazy\" src=\"data:image\/svg+xml,%3Csvg xmlns=%22http:\/\/www.w3.org\/2000\/svg%22 viewBox=%220 0 301 300%22 \/%3E\" alt=\"\" data-src=\"https:\/\/www.whw.de\/wp-content\/uploads\/Group-8917-2.png\" width=\"301\" height=\"300\"><\/picture><span class=\"number\">650<\/span><span>\u00e7al\u0131\u015fan<\/span><\/div>\n\n\n\n<div class=\"icon-item\"><picture class=\"image icon\"><source media=\"(min-width: 0px)\" data-srcset=\"https:\/\/www.whw.de\/wp-content\/uploads\/Group-8917-3.png\"\/><img decoding=\"async\" loading=\"lazy\" src=\"data:image\/svg+xml,%3Csvg xmlns=%22http:\/\/www.w3.org\/2000\/svg%22 viewBox=%220 0 301 300%22 \/%3E\" alt=\"\" data-src=\"https:\/\/www.whw.de\/wp-content\/uploads\/Group-8917-3.png\" width=\"301\" height=\"300\"><\/picture><span class=\"number\">1937<\/span><span>kurulu\u015f<\/span><\/div>\n<\/div>\n<\/div><\/div><\/div>\n","protected":false},"excerpt":{"rendered":"","protected":false},"author":3,"featured_media":0,"parent":0,"menu_order":0,"comment_status":"closed","ping_status":"closed","template":"","meta":{"footnotes":""},"class_list":["post-3234","page","type-page","status-publish","hentry"],"_links":{"self":[{"href":"https:\/\/www.whw.de\/tr\/wp-json\/wp\/v2\/pages\/3234","targetHints":{"allow":["GET"]}}],"collection":[{"href":"https:\/\/www.whw.de\/tr\/wp-json\/wp\/v2\/pages"}],"about":[{"href":"https:\/\/www.whw.de\/tr\/wp-json\/wp\/v2\/types\/page"}],"author":[{"embeddable":true,"href":"https:\/\/www.whw.de\/tr\/wp-json\/wp\/v2\/users\/3"}],"replies":[{"embeddable":true,"href":"https:\/\/www.whw.de\/tr\/wp-json\/wp\/v2\/comments?post=3234"}],"version-history":[{"count":2,"href":"https:\/\/www.whw.de\/tr\/wp-json\/wp\/v2\/pages\/3234\/revisions"}],"predecessor-version":[{"id":3242,"href":"https:\/\/www.whw.de\/tr\/wp-json\/wp\/v2\/pages\/3234\/revisions\/3242"}],"wp:attachment":[{"href":"https:\/\/www.whw.de\/tr\/wp-json\/wp\/v2\/media?parent=3234"}],"curies":[{"name":"wp","href":"https:\/\/api.w.org\/{rel}","templated":true}]}}