{"id":3226,"date":"2024-10-11T11:43:11","date_gmt":"2024-10-11T09:43:11","guid":{"rendered":"https:\/\/www.whw.de\/gewindesicherung\/"},"modified":"2025-07-16T15:26:50","modified_gmt":"2025-07-16T13:26:50","slug":"vida-disi-korumasi","status":"publish","type":"page","link":"https:\/\/www.whw.de\/tr\/whw-hillebrand\/vida-disi-korumasi\/","title":{"rendered":"Vida di\u015fi korumas\u0131"},"content":{"rendered":"\n<div class=\"container \"><div class=\"banner bg bg-grey-lighter\"><video src=\"https:\/\/www.whw.de\/wp-content\/uploads\/WHW_Videoheader_LeistungennachderBeschichtung.mp4\" autoplay muted loop playsinline><\/video><div class=\"content fc-white\">\n<h2 class=\"heading wp-block-heading\">Vida di\u015fi korumas\u0131<\/h2>\n<\/div><\/div><\/div>\n\n\n\n<div class=\"container width-xl\"><div class=\"cols\">\n<div class=\"col\">\n<div class=\"image-column real-size align-center\"><picture class=\"image\"><source media=\"(min-width: 0px)\" data-srcset=\"https:\/\/www.whw.de\/wp-content\/uploads\/precote-Zertifikat-2022-555x740-1.png\"\/><img decoding=\"async\" loading=\"lazy\" src=\"data:image\/svg+xml,%3Csvg xmlns=%22http:\/\/www.w3.org\/2000\/svg%22 viewBox=%220 0 3 4%22 \/%3E\" alt=\"\" data-src=\"https:\/\/www.whw.de\/wp-content\/uploads\/precote-Zertifikat-2022-555x740-1.png\" width=\"555\" height=\"740\"><\/picture><\/div>\n<\/div>\n\n\n\n<div class=\"col\">\n<div class=\"text-column\"><h3 class=\"headline\">Vida di\u015fi korumas\u0131<\/h3><h5 class=\"sub-headline\">kesinlikle g\u00fcvenilir ba\u011flant\u0131lar i\u00e7in<\/h5><div class=\"hr-leaf\"><\/div><p><br>WHW Hillebrand\u2019in vida di\u015fi \u00f6n kaplamas\u0131 d\u00fcnya \u00e7ap\u0131nda \u00e7e\u015fitli sekt\u00f6rlerde ba\u015far\u0131yla kullan\u0131lmaktad\u0131r. M\u00fc\u015fterilerimize DIN 267-27 \/ 28 standard\u0131na ve \u00fcretici \u015fartnamelerine g\u00f6re t\u00fcm yayg\u0131n vida di\u015fi \u00f6n kaplamalar\u0131n\u0131n yan\u0131 s\u0131ra en yeni \u00fcretim donan\u0131mlar\u0131n\u0131 kullanarak \u00f6zel uygulamalar i\u00e7in \u00f6zel \u00e7\u00f6z\u00fcmler sunuyoruz. Bununla, geni\u015f hizmet yelpazemizi \u00f6nemli bir yap\u0131 ta\u015f\u0131 ile tamaml\u0131yoruz ve b\u00f6ylece daha d\u00fc\u015f\u00fck \u00fcretim s\u00fcreleri ve lojistik maliyetleriyle tam bir hizmet paketi sunuyoruz.<br>WHW Hillebrand kaplama i\u015fini, WHW tam servis yeri Fr\u00f6ndenberg\u2019de \u00fcnl\u00fc \u015firket Emanuele MASCHERPA s.p.a (\u0130talya) ile i\u015fbirli\u011fi i\u00e7inde yapmaktad\u0131r. OmniTECHNIK Mikroverkapselungs GmbH\u2019n\u0131n sertifikal\u0131 bir orta\u011f\u0131 olarak t\u00fcm yayg\u0131n precote \u00ae \u00fcr\u00fcnlerini kapl\u0131yoruz. Ayr\u0131ca, 3M ScotchGrip \u00fcr\u00fcnleri ve DIN 267-28\u2019e g\u00f6re poliamid kaplamalar sunuyoruz.<\/p><\/div>\n<\/div>\n<\/div><\/div>\n\n\n\n<div class=\"container width\"><\/div>\n\n\n\n<div class=\"container width-xl\"><div class=\"banner bg bg-grey-lighter\"><picture class=\"image\"><source media=\"(max-width: 799px)\" data-srcset=\"https:\/\/www.whw.de\/wp-content\/uploads\/whw_verlauf-final-800x800.png\"\/><source media=\"(max-width: 1199px)\" data-srcset=\"https:\/\/www.whw.de\/wp-content\/uploads\/whw_verlauf-final-1200x670.png\"\/><source media=\"(min-width: 1200px)\" data-srcset=\"https:\/\/www.whw.de\/wp-content\/uploads\/whw_verlauf-final-2000x670.png\"\/><img decoding=\"async\" loading=\"lazy\" src=\"data:image\/svg+xml,%3Csvg xmlns=%22http:\/\/www.w3.org\/2000\/svg%22 viewBox=%220 0 200 67%22 \/%3E\" alt=\"\" data-src=\"https:\/\/www.whw.de\/wp-content\/uploads\/whw_verlauf-final-2000x670.png\" width=\"2000\" height=\"670\"><\/picture><div class=\"content fc-white\">\n<div class=\"icon-list items-5\">\n<div class=\"icon-item\"><picture class=\"image icon\"><source media=\"(min-width: 0px)\" data-srcset=\"https:\/\/www.whw.de\/wp-content\/uploads\/Group-8917.png\"\/><img decoding=\"async\" loading=\"lazy\" src=\"data:image\/svg+xml,%3Csvg xmlns=%22http:\/\/www.w3.org\/2000\/svg%22 viewBox=%220 0 301 300%22 \/%3E\" alt=\"\" data-src=\"https:\/\/www.whw.de\/wp-content\/uploads\/Group-8917.png\" width=\"301\" height=\"300\"><\/picture><span class=\"number\">6<\/span><span>merkez<\/span><\/div>\n\n\n\n<div class=\"icon-item\"><picture class=\"image icon\"><source media=\"(min-width: 0px)\" data-srcset=\"https:\/\/www.whw.de\/wp-content\/uploads\/Group-8917-2.png\"\/><img decoding=\"async\" loading=\"lazy\" src=\"data:image\/svg+xml,%3Csvg xmlns=%22http:\/\/www.w3.org\/2000\/svg%22 viewBox=%220 0 301 300%22 \/%3E\" alt=\"\" data-src=\"https:\/\/www.whw.de\/wp-content\/uploads\/Group-8917-2.png\" width=\"301\" height=\"300\"><\/picture><span class=\"number\">650<\/span><span>\u00e7al\u0131\u015fan<\/span><\/div>\n\n\n\n<div class=\"icon-item\"><picture class=\"image icon\"><source media=\"(min-width: 0px)\" data-srcset=\"https:\/\/www.whw.de\/wp-content\/uploads\/Group-8917-1.png\"\/><img decoding=\"async\" loading=\"lazy\" src=\"data:image\/svg+xml,%3Csvg xmlns=%22http:\/\/www.w3.org\/2000\/svg%22 viewBox=%220 0 301 300%22 \/%3E\" alt=\"\" data-src=\"https:\/\/www.whw.de\/wp-content\/uploads\/Group-8917-1.png\" width=\"301\" height=\"300\"><\/picture><span class=\"number\">8%<\/span><span>Y\u0131lda daha fazla \u00e7al\u0131\u015fan<\/span><\/div>\n\n\n\n<div class=\"icon-item\"><picture class=\"image icon\"><source media=\"(min-width: 0px)\" data-srcset=\"https:\/\/www.whw.de\/wp-content\/uploads\/Group-8917-3.png\"\/><img decoding=\"async\" loading=\"lazy\" src=\"data:image\/svg+xml,%3Csvg xmlns=%22http:\/\/www.w3.org\/2000\/svg%22 viewBox=%220 0 301 300%22 \/%3E\" alt=\"\" data-src=\"https:\/\/www.whw.de\/wp-content\/uploads\/Group-8917-3.png\" width=\"301\" height=\"300\"><\/picture><span class=\"number\">1937<\/span><span>kurulu\u015f<\/span><\/div>\n<\/div>\n<\/div><\/div><\/div>\n\n\n\n<div class=\"container width-xl\"><div class=\"cols\">\n<div class=\"col\">\n<div class=\"image-card\"><picture class=\"image\"><source media=\"(min-width: 0px)\" data-srcset=\"https:\/\/www.whw.de\/wp-content\/uploads\/180418_Leistungen_vor_der_Beschichtung_Header-555x300-2.jpg\"\/><img decoding=\"async\" loading=\"lazy\" src=\"data:image\/svg+xml,%3Csvg xmlns=%22http:\/\/www.w3.org\/2000\/svg%22 viewBox=%220 0 37 20%22 \/%3E\" alt=\"\" data-src=\"https:\/\/www.whw.de\/wp-content\/uploads\/180418_Leistungen_vor_der_Beschichtung_Header-555x300-2.jpg\" width=\"555\" height=\"300\"><\/picture><div class=\"image-overlay\"><h4>Kaplama \u00f6ncesi hizmetler<\/h4>\n<a class=\"btn btn-primary bg-leaf btn-left\" href=\"https:\/\/www.whw.de\/tr\/kaplama-oencesi-hizmetler\/\" rel=\"noopener\">Ke\u015ffedin<\/a>\n<\/div><\/div>\n<\/div>\n\n\n\n<div class=\"col\">\n<div class=\"image-card\"><picture class=\"image\"><source media=\"(min-width: 0px)\" data-srcset=\"https:\/\/www.whw.de\/wp-content\/uploads\/Leist.-n.-Besch-1.jpg\"\/><img decoding=\"async\" loading=\"lazy\" src=\"data:image\/svg+xml,%3Csvg xmlns=%22http:\/\/www.w3.org\/2000\/svg%22 viewBox=%220 0 11 6%22 \/%3E\" alt=\"\" data-src=\"https:\/\/www.whw.de\/wp-content\/uploads\/Leist.-n.-Besch-1.jpg\" width=\"550\" height=\"300\"><\/picture><div class=\"image-overlay\"><h4>Kaplama sonras\u0131 hizmetlerimiz<\/h4>\n<a class=\"btn btn-primary bg-leaf btn-left\" href=\"https:\/\/www.whw.de\/tr\/kaplama-sonrasi-hizmetlerimiz\/\" rel=\"noopener\">Ke\u015ffedin<\/a>\n<\/div><\/div>\n<\/div>\n<\/div><\/div>\n","protected":false},"excerpt":{"rendered":"","protected":false},"author":3,"featured_media":0,"parent":3234,"menu_order":0,"comment_status":"closed","ping_status":"closed","template":"","meta":{"footnotes":""},"class_list":["post-3226","page","type-page","status-publish","hentry"],"_links":{"self":[{"href":"https:\/\/www.whw.de\/tr\/wp-json\/wp\/v2\/pages\/3226","targetHints":{"allow":["GET"]}}],"collection":[{"href":"https:\/\/www.whw.de\/tr\/wp-json\/wp\/v2\/pages"}],"about":[{"href":"https:\/\/www.whw.de\/tr\/wp-json\/wp\/v2\/types\/page"}],"author":[{"embeddable":true,"href":"https:\/\/www.whw.de\/tr\/wp-json\/wp\/v2\/users\/3"}],"replies":[{"embeddable":true,"href":"https:\/\/www.whw.de\/tr\/wp-json\/wp\/v2\/comments?post=3226"}],"version-history":[{"count":3,"href":"https:\/\/www.whw.de\/tr\/wp-json\/wp\/v2\/pages\/3226\/revisions"}],"predecessor-version":[{"id":3259,"href":"https:\/\/www.whw.de\/tr\/wp-json\/wp\/v2\/pages\/3226\/revisions\/3259"}],"up":[{"embeddable":true,"href":"https:\/\/www.whw.de\/tr\/wp-json\/wp\/v2\/pages\/3234"}],"wp:attachment":[{"href":"https:\/\/www.whw.de\/tr\/wp-json\/wp\/v2\/media?parent=3226"}],"curies":[{"name":"wp","href":"https:\/\/api.w.org\/{rel}","templated":true}]}}