{"id":3225,"date":"2024-10-09T15:36:55","date_gmt":"2024-10-09T13:36:55","guid":{"rendered":"https:\/\/www.whw.de\/leistungen-nach-der-beschichtung\/"},"modified":"2025-07-16T15:26:40","modified_gmt":"2025-07-16T13:26:40","slug":"kaplama-sonrasi-hizmetlerimiz","status":"publish","type":"page","link":"https:\/\/www.whw.de\/tr\/whw-hillebrand\/kaplama-sonrasi-hizmetlerimiz\/","title":{"rendered":"Kaplama sonras\u0131 hizmetlerimiz"},"content":{"rendered":"\n<div class=\"container \"><div class=\"banner bg bg-grey-lighter overlay\"><video src=\"https:\/\/www.whw.de\/wp-content\/uploads\/leist-VOR-besch.mp4\" autoplay muted loop playsinline><\/video><div class=\"content fc-white\">\n<h2 class=\"heading wp-block-heading\"><strong>peSizin i\u00e7in \u00e7ok y\u00f6nl\u00fc m\u00fckemmel \u00e7\u00f6z\u00fcmler:<br>Kaplama sonras\u0131 WHW hizmetleri<\/strong><\/h2>\n<\/div><\/div><\/div>\n\n\n\n<div class=\"container width-xl\"><div class=\"cols\">\n<div class=\"col\">\n<div class=\"text-column\"><h3 class=\"headline\">% 100 ay\u0131klama<\/h3><h5 class=\"sub-headline\">KAL\u0130TEY\u0130 SONUNA KADAR G\u00dcVENCE ALTINA ALIYORUZ<\/h5><div class=\"hr-leaf\"><\/div><p>Otomatik montaj sistemlerinde son derece hassas besleyiciler ve vida istasyonlar\u0131, yap\u0131 par\u00e7alar\u0131n\u0131n ek bir i\u015flemde otomatik olarak ay\u0131klanmas\u0131n\u0131 ve \u201c0 hata\u201d i\u00e7in kontrol edilmesini gerektirmektedir. Optik \u00f6l\u00e7\u00fcm y\u00f6ntemiyle \u00e7ok say\u0131da \u00f6zellik belirlenebilir. Yap\u0131 par\u00e7alar\u0131n\u0131n, m\u00fc\u015fteri taraf\u0131ndan belirtilen tolerans aral\u0131klar\u0131n\u0131n d\u0131\u015f\u0131nda olmas\u0131 halinde bunlar g\u00fcvenilir bir \u015fekilde ay\u0131klan\u0131r. Buna ek olarak test sayesinde yabanc\u0131 par\u00e7alarla kar\u0131\u015ft\u0131r\u0131lmas\u0131 ve \u00e7izimle uyumlu olmayan yap\u0131 par\u00e7alar\u0131n\u0131n uygulanmas\u0131 engellenir. WHW Hillebrand testleri, yap\u0131 par\u00e7as\u0131 geometrilerinde m\u00fcmk\u00fcn olan en geni\u015f \u00e7e\u015fitlilikte \u00f6rnekleyebilmek i\u00e7in farkl\u0131 ay\u0131klama ve de\u011ferlendirme teknolojilerine sahip 19 tam otomatik ay\u0131klama sisteminde ger\u00e7ekle\u015ftirmektedir. A\u015fa\u011f\u0131da baz\u0131 \u00f6rnek test kriterlerini g\u00f6steriyoruz.<\/p><\/div>\n<\/div>\n\n\n\n<div class=\"col\">\n<div class=\"image-column align-center\"><picture class=\"image\"><source media=\"(min-width: 0px)\" data-srcset=\"https:\/\/www.whw.de\/wp-content\/uploads\/sortierung.jpg\"\/><img decoding=\"async\" loading=\"lazy\" src=\"data:image\/svg+xml,%3Csvg xmlns=%22http:\/\/www.w3.org\/2000\/svg%22 viewBox=%220 0 109 86%22 \/%3E\" alt=\"\" data-src=\"https:\/\/www.whw.de\/wp-content\/uploads\/sortierung.jpg\" width=\"545\" height=\"430\"><\/picture><\/div>\n<\/div>\n<\/div><\/div>\n\n\n\n<div class=\"container width-xl\"><div class=\"banner bg bg-grey-lighter\"><div class=\"content fc-black\">\n<h3 class=\"heading wp-block-heading\">100 VIDA VE SOMUN AYIRMA<\/h3>\n\n\n\n<p>Vida di\u015fi korumas\u0131, d\u0131\u015f etkiler nedeniyle vida ba\u011flant\u0131s\u0131n\u0131n istenmeden gev\u015femesini ve b\u00f6ylece \u00f6n gerilme kuvveti kayb\u0131n\u0131 \u00f6nleyen tedbirleri i\u00e7erir.<\/p>\n\n\n\n<a class=\"btn btn-primary bg-leaf btn-left\" href=\"https:\/\/www.whw.de\/tr\/vida-disi-korumasi\/\" rel=\"noopener\">T\u00fcm di\u015f kilitleme \u00e7\u00f6z\u00fcmleri<\/a>\n<\/div><\/div><\/div>\n\n\n\n<div class=\"container width-xl\">\n<figure class=\"figure size-large\"><picture class=\"image\"><source media=\"(min-width: 0px)\" data-srcset=\"https:\/\/www.whw.de\/wp-content\/uploads\/sortieren_all_01_1140x887_07.jpg\"\/><img decoding=\"async\" loading=\"lazy\" src=\"data:image\/svg+xml,%3Csvg xmlns=%22http:\/\/www.w3.org\/2000\/svg%22 viewBox=%220 0 128 101%22 \/%3E\" alt=\"\" data-src=\"https:\/\/www.whw.de\/wp-content\/uploads\/sortieren_all_01_1140x887_07.jpg\" width=\"1024\" height=\"808\"><\/picture><\/figure>\n<\/div>\n\n\n\n<div class=\"container width-xl\"><div class=\"cols\">\n<div class=\"col\">\n<div class=\"image-column align-center\"><picture class=\"image\"><source media=\"(min-width: 0px)\" data-srcset=\"https:\/\/www.whw.de\/wp-content\/uploads\/180508_Bild_Montage_1000x500px-740x370-1.jpg\"\/><img decoding=\"async\" loading=\"lazy\" src=\"data:image\/svg+xml,%3Csvg xmlns=%22http:\/\/www.w3.org\/2000\/svg%22 viewBox=%220 0 2 1%22 \/%3E\" alt=\"\" data-src=\"https:\/\/www.whw.de\/wp-content\/uploads\/180508_Bild_Montage_1000x500px-740x370-1.jpg\" width=\"740\" height=\"370\"><\/picture><\/div>\n<\/div>\n\n\n\n<div class=\"col\">\n<div class=\"text-column\"><h3 class=\"headline\">Montaj ve test i\u015flemleri<\/h3><h5 class=\"sub-headline\">B\u00fct\u00fcn, par\u00e7alar\u0131n\u0131n toplam\u0131ndan daha fazlad\u0131r.<\/h5><div class=\"hr-leaf\"><\/div><p>Tam hizmet alan\u0131m\u0131z\u0131n bir ba\u015fka teklifi de manuel yap\u0131 par\u00e7as\u0131 montaj\u0131d\u0131r. Bu servis, per\u00e7inleme ve presleme i\u015flemlerine ek olarak, etiketlerin, klipslerin ve koruyucu kapaklar\u0131n uygulanmas\u0131n\u0131 da i\u00e7erir. Eksiksiz bir hizmet olarak, yap\u0131 par\u00e7alar\u0131n\u0131z\u0131n \u00fcretimi ve kontrol\u00fcn\u00fc kaplamadan hemen sonra do\u011frudan ve mallar\u0131n\u0131z\u0131n VDA standard\u0131na g\u00f6re etiketlenmesi ve do\u011frudan OEM\u2019lere teslim edilmesi gibi hizmetler sunuyoruz. Ekonomik ve ekolojik olarak \u00e7ok mant\u0131kl\u0131 bir hizmet. Otomatik test yap\u0131lmas\u0131na izin vermeyen yap\u0131 par\u00e7alar\u0131 i\u00e7in y\u00fczey, malzeme ve \u00fcretim hatalar\u0131 i\u00e7in g\u00f6rsel denetim yoluyla % 100 kalite kontrol sa\u011fl\u0131yoruz. Veya manuel kalite kontrol\u00fcn\u00fcn bilin\u00e7li olarak gerekli oldu\u011fu yap\u0131 par\u00e7alar\u0131 i\u00e7in.<\/p><\/div>\n<\/div>\n<\/div><\/div>\n\n\n\n<div class=\"container width-xl\"><div class=\"cols\">\n<div class=\"col\">\n<div class=\"text-column\"><h3 class=\"headline\">Paketleme<\/h3><h5 class=\"sub-headline\">\u0130htiya\u00e7lar\u0131n\u0131za g\u00f6re paketleme \u00e7\u00f6z\u00fcmleri sunuyoruz.<\/h5><div class=\"hr-leaf\"><\/div><p>Yap\u0131 par\u00e7alar\u0131n\u0131z\u0131n ba\u015far\u0131yla kaplanmas\u0131ndan ve kontrol\u00fcnden sonra, mallar\u0131n\u0131z\u0131 m\u00fc\u015fteri direktiflerine g\u00f6re kutulara veya k\u00fc\u00e7\u00fck y\u00fck ta\u015f\u0131y\u0131c\u0131lar\u0131na (KLT) otomatik veya manuel olarak paketliyoruz. Manuel olarak monte etti\u011fimiz yap\u0131 par\u00e7as\u0131 gruplar\u0131, m\u00fc\u015fteri kaplar\u0131na paketlenir ve VDA standard\u0131na g\u00f6re etiketlenir.<br>Buna ek olarak, mallar\u0131n\u0131z\u0131 \u201c0 hata ay\u0131klamas\u0131ndan\u201d hemen sonra hat\u0131r i\u00e7inde ve daha fazla i\u015flenmeden folyo torbalara paketleme ve kaynaklama se\u00e7ene\u011fi sunuyoruz. Bu, yap\u0131 par\u00e7alar\u0131n\u0131 korur ve sonraki i\u015flem s\u0131ras\u0131nda par\u00e7alar\u0131n kar\u0131\u015fmas\u0131n\u0131 \u00f6nler. Folyo torbalarda k\u00fc\u00e7\u00fck par\u00e7alar\u0131n par\u00e7a halinde paketlenmesi i\u00e7in ayr\u0131ca otomatik paketleme otomatlar\u0131 bulunmaktad\u0131r.<\/p><\/div>\n<\/div>\n\n\n\n<div class=\"col\">\n<div class=\"image-column align-center\"><picture class=\"image\"><source media=\"(min-width: 0px)\" data-srcset=\"https:\/\/www.whw.de\/wp-content\/uploads\/180508_Bild_Verpackung_1000x500px-740x370-1.jpg\"\/><img decoding=\"async\" loading=\"lazy\" src=\"data:image\/svg+xml,%3Csvg xmlns=%22http:\/\/www.w3.org\/2000\/svg%22 viewBox=%220 0 2 1%22 \/%3E\" alt=\"\" data-src=\"https:\/\/www.whw.de\/wp-content\/uploads\/180508_Bild_Verpackung_1000x500px-740x370-1.jpg\" width=\"740\" height=\"370\"><\/picture><\/div>\n<\/div>\n<\/div><\/div>\n\n\n\n<div class=\"container width-xl\"><div class=\"cols\">\n<div class=\"col\">\n<div class=\"image-column align-center\"><picture class=\"image\"><source media=\"(min-width: 0px)\" data-srcset=\"https:\/\/www.whw.de\/wp-content\/uploads\/180507_Bild_Logistik_LKW_1000x500px-740x370-1-e1739967669114.jpg\"\/><img decoding=\"async\" loading=\"lazy\" src=\"data:image\/svg+xml,%3Csvg xmlns=%22http:\/\/www.w3.org\/2000\/svg%22 viewBox=%220 0 353 370%22 \/%3E\" alt=\"\" data-src=\"https:\/\/www.whw.de\/wp-content\/uploads\/180507_Bild_Logistik_LKW_1000x500px-740x370-1-e1739967669114.jpg\" width=\"353\" height=\"370\"><\/picture><\/div>\n<\/div>\n\n\n\n<div class=\"col\">\n<div class=\"text-column\"><h3 class=\"headline\">Lojistik<\/h3><h5 class=\"sub-headline\">\u00dcr\u00fcn\u00fcn\u00fcz\u00fc istedi\u011finiz yere getiriyoruz.<\/h5><div class=\"hr-leaf\"><\/div><p>2014 y\u0131l\u0131nda \u015firket yaz\u0131l\u0131m\u0131m\u0131z\u0131n SAP\u2019ye ge\u00e7i\u015fini ba\u015far\u0131yla ger\u00e7ekle\u015ftirdik. D\u00fcnya \u00e7ap\u0131nda ilk galvano tekni\u011fi \u015firketi olarak, WHW Hillebrand Grubunun neredeyse t\u00fcm b\u00f6l\u00fcmlerini ve merkezlerini SAP ile a\u011fa ba\u011flad\u0131k. \u00dcretim s\u00fcre\u00e7leri basitle\u015ftirildi ve sipari\u015flerin d\u00fczenlenmesi optimize edildi. Kaplama alan\u0131ndaki \u00e7ok say\u0131da olanaklar ve \u00e7e\u015fitli, s\u00fcrekli olarak geni\u015fleyen tam hizmet yelpazesinde say\u0131s\u0131z olanaklar bu de\u011fi\u015fimi gerekli k\u0131ld\u0131 \u2013 b\u00fcy\u00fck bir ba\u015far\u0131 ile.<br>Lojistik alan\u0131nda size sundu\u011fumuz hizmetler, nakliye i\u015flemlerinin devral\u0131nmas\u0131, konsinye mal depolar\u0131m\u0131za mal teslimi ve konsinye mal depolar\u0131m\u0131zdan mal \u00e7\u0131kar\u0131lmas\u0131 ve mallar\u0131n\u0131z\u0131n toplanmas\u0131d\u0131r.<\/p><\/div>\n<\/div>\n<\/div><\/div>\n\n\n\n<div class=\"container width-xl\"><div class=\"banner bg bg-grey-lighter overlay\"><picture class=\"image\"><source media=\"(min-width: 0px)\" data-srcset=\"https:\/\/www.whw.de\/wp-content\/uploads\/180508_Anlage_2_Header-1-1000x250-1-800x250.jpg\"\/><img decoding=\"async\" loading=\"lazy\" src=\"data:image\/svg+xml,%3Csvg xmlns=%22http:\/\/www.w3.org\/2000\/svg%22 viewBox=%220 0 16 5%22 \/%3E\" alt=\"\" data-src=\"https:\/\/www.whw.de\/wp-content\/uploads\/180508_Anlage_2_Header-1-1000x250-1-800x250.jpg\" width=\"800\" height=\"250\"><\/picture><div class=\"content fc-white\">\n<p><strong>Fr\u00f6ndenberg\u2019deki hizmet \u015firketimizde, kaplamadan sonra hizmet i\u00e7in 29 tesis i\u015fletiyoruz. 4 tesis k\u0131smi kaplamalar i\u00e7in, 6 tesis vida di\u015fi korumas\u0131 i\u00e7in ve 19 tesis ay\u0131rma ve testler i\u00e7in<\/strong><\/p>\n\n\n\n<p><a href=\"https:\/\/archive.whw.de\/tr\/whw-hillebrand\/kaplama-oencesi-hizmetler\/\"><\/a><\/p>\n<\/div><\/div><\/div>\n\n\n\n<div class=\"container width-xl\"><div class=\"cols\">\n<div class=\"col\">\n<div class=\"image-card\"><picture class=\"image\"><source media=\"(min-width: 0px)\" data-srcset=\"https:\/\/www.whw.de\/wp-content\/uploads\/180418_Leistungen_vor_der_Beschichtung_Header-555x300-2.jpg\"\/><img decoding=\"async\" loading=\"lazy\" src=\"data:image\/svg+xml,%3Csvg xmlns=%22http:\/\/www.w3.org\/2000\/svg%22 viewBox=%220 0 37 20%22 \/%3E\" alt=\"\" data-src=\"https:\/\/www.whw.de\/wp-content\/uploads\/180418_Leistungen_vor_der_Beschichtung_Header-555x300-2.jpg\" width=\"555\" height=\"300\"><\/picture><div class=\"image-overlay\"><h4>Kaplama \u00f6ncesi hizmetler<\/h4>\n<a class=\"btn btn-primary bg-leaf btn-left\" href=\"https:\/\/www.whw.de\/tr\/kaplama-oencesi-hizmetler\/\" rel=\"noopener\">Ke\u015ffedin<\/a>\n<\/div><\/div>\n<\/div>\n\n\n\n<div class=\"col\">\n<div class=\"image-card\"><picture class=\"image\"><source media=\"(min-width: 0px)\" data-srcset=\"https:\/\/www.whw.de\/wp-content\/uploads\/Beschichtungstechnologie-1.png\"\/><img decoding=\"async\" loading=\"lazy\" src=\"data:image\/svg+xml,%3Csvg xmlns=%22http:\/\/www.w3.org\/2000\/svg%22 viewBox=%220 0 550 301%22 \/%3E\" alt=\"\" data-src=\"https:\/\/www.whw.de\/wp-content\/uploads\/Beschichtungstechnologie-1.png\" width=\"550\" height=\"301\"><\/picture><div class=\"image-overlay\"><h4>Kaplama teknolojileri<\/h4>\n<a class=\"btn btn-primary bg-leaf btn-left\" href=\"https:\/\/www.whw.de\/tr\/kaplama-teknolojileri\/\" rel=\"noopener\">Ke\u015ffedin<\/a>\n<\/div><\/div>\n<\/div>\n<\/div><\/div>\n\n\n\n<div class=\"container width-xl\"><div class=\"cols\">\n<div class=\"col\"><\/div>\n\n\n\n<div class=\"col\"><\/div>\n<\/div><\/div>\n\n\n\n\n","protected":false},"excerpt":{"rendered":"","protected":false},"author":3,"featured_media":0,"parent":3234,"menu_order":0,"comment_status":"closed","ping_status":"closed","template":"","meta":{"footnotes":""},"class_list":["post-3225","page","type-page","status-publish","hentry"],"_links":{"self":[{"href":"https:\/\/www.whw.de\/tr\/wp-json\/wp\/v2\/pages\/3225","targetHints":{"allow":["GET"]}}],"collection":[{"href":"https:\/\/www.whw.de\/tr\/wp-json\/wp\/v2\/pages"}],"about":[{"href":"https:\/\/www.whw.de\/tr\/wp-json\/wp\/v2\/types\/page"}],"author":[{"embeddable":true,"href":"https:\/\/www.whw.de\/tr\/wp-json\/wp\/v2\/users\/3"}],"replies":[{"embeddable":true,"href":"https:\/\/www.whw.de\/tr\/wp-json\/wp\/v2\/comments?post=3225"}],"version-history":[{"count":3,"href":"https:\/\/www.whw.de\/tr\/wp-json\/wp\/v2\/pages\/3225\/revisions"}],"predecessor-version":[{"id":3257,"href":"https:\/\/www.whw.de\/tr\/wp-json\/wp\/v2\/pages\/3225\/revisions\/3257"}],"up":[{"embeddable":true,"href":"https:\/\/www.whw.de\/tr\/wp-json\/wp\/v2\/pages\/3234"}],"wp:attachment":[{"href":"https:\/\/www.whw.de\/tr\/wp-json\/wp\/v2\/media?parent=3225"}],"curies":[{"name":"wp","href":"https:\/\/api.w.org\/{rel}","templated":true}]}}