{"id":3220,"date":"2024-10-11T11:30:58","date_gmt":"2024-10-11T09:30:58","guid":{"rendered":"https:\/\/www.whw.de\/beschichtungstechnologie\/"},"modified":"2025-07-16T15:26:31","modified_gmt":"2025-07-16T13:26:31","slug":"kaplama-teknolojileri","status":"publish","type":"page","link":"https:\/\/www.whw.de\/tr\/whw-hillebrand\/kaplama-teknolojileri\/","title":{"rendered":"Kaplama teknolojileri"},"content":{"rendered":"\n<div class=\"container \"><div class=\"banner bg bg-grey-lighter overlay\"><video src=\"https:\/\/www.whw.de\/wp-content\/uploads\/WHW_Videoheader_Beschichtungstechnologie_mobile.mp4\" autoplay muted loop playsinline><\/video><div class=\"content fc-white\">\n<h2 class=\"heading wp-block-heading\"><strong>Kaplama teknolojileri<\/strong><\/h2>\n<\/div><\/div><\/div>\n\n\n\n<div class=\"container width-xl\"><div class=\"accordion-wrapper\"><div class=\"accordion\">\n<div id=\"accordion-item-1737382127154\" class=\"item\"><button class=\"control\" type=\"button\" aria-expanded=\"false\"><h5>\u00c7inko-nikel sistemleri<\/h5><\/button><div class=\"content\"><div class=\"selected-services\">\n                        \n            <div class=\"content-column content\">\n                <picture class=\"image\">\n                                            <img decoding=\"async\" src=\"https:\/\/www.whw.de\/wp-content\/uploads\/180417_Premium_Black_Kachel.jpg\" alt=\"PREMIUM BLACK\"\/>\n                                    <\/picture>\n                <h5>PREMIUM BLACK<\/h5>\n                                    <p>\u00d6zellikle otomotiv end\u00fcstrisi i\u00e7in koyu siyah bir g\u00f6r\u00fcn\u00fcme ve m\u00fckemmel korozyon korumas\u0131na sahip y\u00fcksek performansl\u0131 ala\u015f\u0131m.<\/p>\n                                <a class=\"btn btn-secondary bg-black\" href=\"https:\/\/www.whw.de\/tr\/whw-hillebrand\/service\/premium-black\/\">\n                    Daha fazlas\u0131n\u0131 g\u00f6ster \n                <\/a>\n            <\/div>\n\n                    \n            <div class=\"content-column content\">\n                <picture class=\"image\">\n                                            <img decoding=\"async\" src=\"https:\/\/www.whw.de\/wp-content\/uploads\/180417_Premium_Plus_Kachel-500x270-1.jpg\" alt=\"PREMIUM PLUS\"\/>\n                                    <\/picture>\n                <h5>PREMIUM PLUS<\/h5>\n                                    <p>Paslanmaz \u00e7elik g\u00f6r\u00fcn\u00fcm\u00fcnde maksimum korozyon korumas\u0131 ve i\u015flevsel \u00f6zellikler.<\/p>\n                                <a class=\"btn btn-secondary bg-black\" href=\"https:\/\/www.whw.de\/tr\/whw-hillebrand\/service\/premium-plus\/\">\n                    Daha fazlas\u0131n\u0131 g\u00f6ster \n                <\/a>\n            <\/div>\n\n                    \n            <div class=\"content-column content\">\n                <picture class=\"image\">\n                                            <img decoding=\"async\" src=\"https:\/\/www.whw.de\/wp-content\/uploads\/180417_Premium_Silver_Kachel.jpg\" alt=\"PREMIUM SILVER\"\/>\n                                    <\/picture>\n                <h5>PREMIUM SILVER<\/h5>\n                                    <p>G\u00fcm\u00fc\u015f g\u00f6r\u00fcn\u00fcml\u00fc ve m\u00fckemmel korozyon korumas\u0131na sahip y\u00fcksek performansl\u0131 ala\u015f\u0131m &#8211; \u00f6zellikle otomotiv end\u00fcstrisi i\u00e7in.<\/p>\n                                <a class=\"btn btn-secondary bg-black\" href=\"https:\/\/www.whw.de\/tr\/whw-hillebrand\/service\/premium-silver\/\">\n                    Daha fazlas\u0131n\u0131 g\u00f6ster \n                <\/a>\n            <\/div>\n\n            <\/div>\n<\/div><\/div>\n\n\n\n<div id=\"accordion-item-1742907421167\" class=\"item\"><button class=\"control\" type=\"button\" aria-expanded=\"false\"><h5>Kalay-nikel sistemleri<\/h5><\/button><div class=\"content\"><div class=\"selected-services\">\n                        \n            <div class=\"content-column content\">\n                <picture class=\"image\">\n                                            <img decoding=\"async\" src=\"https:\/\/www.whw.de\/wp-content\/uploads\/Synogard_KeyVisual-1-1750x1292-1.jpg\" alt=\"SYNOGARD\"\/>\n                                    <\/picture>\n                <h5>SYNOGARD<\/h5>\n                                    <p>Die innovative Zinn-Nickel-Beschichtung mit Graphitpartikeln \u2013 f\u00fcr \u00fcberlegene Korrosionsbest\u00e4ndigkeit, optimierte Gleiteigenschaften und exzellente Leitf\u00e4higkeit. Perfekt f\u00fcr h\u00f6chste Anspr\u00fcche in der Elektromobilit\u00e4t.<\/p>\n                                <a class=\"btn btn-secondary bg-black\" href=\"https:\/\/www.whw.de\/whw-hillebrand\/service\/synogard\/\">\n                    Daha fazlas\u0131n\u0131 g\u00f6ster \n                <\/a>\n            <\/div>\n\n            <\/div>\n<\/div><\/div>\n\n\n\n<div id=\"accordion-item-1737382190894\" class=\"item\"><button class=\"control\" type=\"button\" aria-expanded=\"false\"><h5>\u00c7inko sistemleri<\/h5><\/button><div class=\"content\"><div class=\"selected-services\">\n                        \n            <div class=\"content-column content\">\n                <picture class=\"image\">\n                                            <img decoding=\"async\" src=\"https:\/\/www.whw.de\/wp-content\/uploads\/180418_High_Quality_Zinc_Kachel-500x270-1.jpg\" alt=\"HIGH QUALITY ZINC\"\/>\n                                    <\/picture>\n                <h5>HIGH QUALITY ZINC<\/h5>\n                                    <p>G\u00fcm\u00fc\u015f g\u00f6r\u00fcn\u00fcml\u00fc ve m\u00fckemmel korozyon korumas\u0131na sahip y\u00fcksek performansl\u0131 ala\u015f\u0131m &#8211; \u00f6zellikle otomotiv end\u00fcstrisi i\u00e7in.<\/p>\n                                <a class=\"btn btn-secondary bg-black\" href=\"https:\/\/www.whw.de\/tr\/whw-hillebrand\/service\/high-quality-zinc\/\">\n                    Daha fazlas\u0131n\u0131 g\u00f6ster \n                <\/a>\n            <\/div>\n\n            <\/div>\n<\/div><\/div>\n\n\n\n<div id=\"accordion-item-1737382223073\" class=\"item\"><button class=\"control\" type=\"button\" aria-expanded=\"false\"><h5>Birle\u015fik kaplamalar<\/h5><\/button><div class=\"content\"><div class=\"selected-services\">\n                        \n            <div class=\"content-column content\">\n                <picture class=\"image\">\n                                            <img decoding=\"async\" src=\"https:\/\/www.whw.de\/wp-content\/uploads\/180417_Dublex_Kachel.jpg\" alt=\"DUPLEX\"\/>\n                                    <\/picture>\n                <h5>DUPLEX<\/h5>\n                                    <p>En y\u00fcksek g\u00f6rsel talepler i\u00e7in koyu siyah kaplama \u00e7\u00f6z\u00fcm\u00fc\nve KTL ile birlikte \u00e7inko-nikel sayesinde \u00e7ok y\u00fcksek korozyon korumas\u0131.<\/p>\n                                <a class=\"btn btn-secondary bg-black\" href=\"https:\/\/www.whw.de\/tr\/whw-hillebrand\/service\/duplex\/\">\n                    Daha fazlas\u0131n\u0131 g\u00f6ster \n                <\/a>\n            <\/div>\n\n            <\/div>\n<\/div><\/div>\n\n\n\n<div id=\"accordion-item-1737382253414\" class=\"item\"><button class=\"control\" type=\"button\" aria-expanded=\"false\"><h5>Lamelli sistemler<\/h5><\/button><div class=\"content\"><div class=\"selected-services\">\n                        \n            <div class=\"content-column content\">\n                <picture class=\"image\">\n                                            <img decoding=\"async\" src=\"https:\/\/www.whw.de\/wp-content\/uploads\/180417_Premium_Zincflake_black_Kachel.jpg\" alt=\"PREMIUM ZINCFLAKE BLACK\"\/>\n                                    <\/picture>\n                <h5>PREMIUM ZINCFLAKE BLACK<\/h5>\n                                    <p>Dip-spin i\u015fleminde d\u00f6kme mallar i\u00e7in siyah kaplamal\u0131 \u00e7ok y\u00fcksek korozyon korumas\u0131.<\/p>\n                                <a class=\"btn btn-secondary bg-black\" href=\"https:\/\/www.whw.de\/tr\/whw-hillebrand\/service\/premium-zincflake-black\/\">\n                    Daha fazlas\u0131n\u0131 g\u00f6ster \n                <\/a>\n            <\/div>\n\n                    \n            <div class=\"content-column content\">\n                <picture class=\"image\">\n                                            <img decoding=\"async\" src=\"https:\/\/www.whw.de\/wp-content\/uploads\/180416_Premium_Zincflake_silver_Header.jpg\" alt=\"PREMIUM ZINCFLAKE SILVER\"\/>\n                                    <\/picture>\n                <h5>PREMIUM ZINCFLAKE SILVER<\/h5>\n                                    <p>Dip-spin i\u015fleminde d\u00f6kme mallar i\u00e7in g\u00fcm\u00fc\u015f g\u00f6r\u00fcn\u00fcml\u00fc \u00e7ok y\u00fcksek korozyon korumas\u0131.<\/p>\n                                <a class=\"btn btn-secondary bg-black\" href=\"https:\/\/www.whw.de\/tr\/whw-hillebrand\/service\/premium-zincflake-silver\/\">\n                    Daha fazlas\u0131n\u0131 g\u00f6ster \n                <\/a>\n            <\/div>\n\n            <\/div>\n<\/div><\/div>\n\n\n\n<div id=\"accordion-item-1737382276224\" class=\"item\"><button class=\"control\" type=\"button\" aria-expanded=\"false\"><h5>\u00c7inko bas\u0131n\u00e7l\u0131 d\u00f6k\u00fcm sistemleri<\/h5><\/button><div class=\"content\"><div class=\"selected-services\">\n                        \n            <div class=\"content-column content\">\n                <picture class=\"image\">\n                                            <img decoding=\"async\" src=\"https:\/\/www.whw.de\/wp-content\/uploads\/180417_Premium_die_Cast_Finish_Kachel.jpg\" alt=\"PREMIUM DIE CAST FINISH\"\/>\n                                    <\/picture>\n                <h5>PREMIUM DIE CAST FINISH<\/h5>\n                                    <p>Y\u00fcksek korozyon korumas\u0131 i\u00e7in do\u011frudan pasivasyon\n\u00f6zellikle otomotiv end\u00fcstrisi i\u00e7in karma\u015f\u0131k geometrilerde bile.<\/p>\n                                <a class=\"btn btn-secondary bg-black\" href=\"https:\/\/www.whw.de\/tr\/whw-hillebrand\/service\/premium-die-cast-finish\/\">\n                    Daha fazlas\u0131n\u0131 g\u00f6ster \n                <\/a>\n            <\/div>\n\n            <\/div>\n<\/div><\/div>\n\n\n\n<div id=\"accordion-item-1737382308481\" class=\"item\"><button class=\"control\" type=\"button\" aria-expanded=\"false\"><h5>Di\u011fer i\u015flemler<\/h5><\/button><div class=\"content\"><div class=\"selected-services\">\n                        \n            <div class=\"content-column content\">\n                <picture class=\"image\">\n                                            <img decoding=\"async\" src=\"https:\/\/www.whw.de\/wp-content\/uploads\/chemisches_entgraten_01.jpg\" alt=\"K\u0130MYASAL \u00c7APAK ALMA\"\/>\n                                    <\/picture>\n                <h5>K\u0130MYASAL \u00c7APAK ALMA<\/h5>\n                                    <p>Dar tolerans aral\u0131klar\u0131nda y\u00fcksek hassasiyetli \u00e7apak alma\nzorlu uygulamalar ve i\u00e7 \u00e7apakl\u0131 geometriler i\u00e7in.<\/p>\n                                <a class=\"btn btn-secondary bg-black\" href=\"https:\/\/www.whw.de\/tr\/whw-hillebrand\/service\/kimyasal-capak-alma\/\">\n                    Daha fazlas\u0131n\u0131 g\u00f6ster \n                <\/a>\n            <\/div>\n\n            <\/div>\n<\/div><\/div>\n<\/div><\/div><\/div>\n\n\n\n<div class=\"container width-xl\"><div class=\"banner bg bg-grey-lighter\"><picture class=\"image\"><source media=\"(max-width: 799px)\" data-srcset=\"https:\/\/www.whw.de\/wp-content\/uploads\/whw_verlauf-final-800x800.png\"\/><source media=\"(max-width: 1199px)\" data-srcset=\"https:\/\/www.whw.de\/wp-content\/uploads\/whw_verlauf-final-1200x670.png\"\/><source media=\"(min-width: 1200px)\" data-srcset=\"https:\/\/www.whw.de\/wp-content\/uploads\/whw_verlauf-final-2000x670.png\"\/><img decoding=\"async\" loading=\"lazy\" src=\"data:image\/svg+xml,%3Csvg xmlns=%22http:\/\/www.w3.org\/2000\/svg%22 viewBox=%220 0 200 67%22 \/%3E\" alt=\"\" data-src=\"https:\/\/www.whw.de\/wp-content\/uploads\/whw_verlauf-final-2000x670.png\" width=\"2000\" height=\"670\"><\/picture><div class=\"content fc-white\">\n<div class=\"icon-list items-5\">\n<div class=\"icon-item\"><picture class=\"image icon\"><source media=\"(min-width: 0px)\" data-srcset=\"https:\/\/www.whw.de\/wp-content\/uploads\/Group-8917.png\"\/><img decoding=\"async\" loading=\"lazy\" src=\"data:image\/svg+xml,%3Csvg xmlns=%22http:\/\/www.w3.org\/2000\/svg%22 viewBox=%220 0 301 300%22 \/%3E\" alt=\"\" data-src=\"https:\/\/www.whw.de\/wp-content\/uploads\/Group-8917.png\" width=\"301\" height=\"300\"><\/picture><span class=\"number\">6<\/span><span>merkez<\/span><\/div>\n\n\n\n<div class=\"icon-item\"><picture class=\"image icon\"><source media=\"(min-width: 0px)\" data-srcset=\"https:\/\/www.whw.de\/wp-content\/uploads\/Group-8917-2.png\"\/><img decoding=\"async\" loading=\"lazy\" src=\"data:image\/svg+xml,%3Csvg xmlns=%22http:\/\/www.w3.org\/2000\/svg%22 viewBox=%220 0 301 300%22 \/%3E\" alt=\"\" data-src=\"https:\/\/www.whw.de\/wp-content\/uploads\/Group-8917-2.png\" width=\"301\" height=\"300\"><\/picture><span class=\"number\">650<\/span><span>\u00e7al\u0131\u015fan<\/span><\/div>\n\n\n\n<div class=\"icon-item\"><picture class=\"image icon\"><source media=\"(min-width: 0px)\" data-srcset=\"https:\/\/www.whw.de\/wp-content\/uploads\/Group-8917-3.png\"\/><img decoding=\"async\" loading=\"lazy\" src=\"data:image\/svg+xml,%3Csvg xmlns=%22http:\/\/www.w3.org\/2000\/svg%22 viewBox=%220 0 301 300%22 \/%3E\" alt=\"\" data-src=\"https:\/\/www.whw.de\/wp-content\/uploads\/Group-8917-3.png\" width=\"301\" height=\"300\"><\/picture><span class=\"number\">1937<\/span><span>kurulu\u015f<\/span><\/div>\n<\/div>\n<\/div><\/div><\/div>\n\n\n\n<div class=\"container width-xl\"><div class=\"cols\">\n<div class=\"col\">\n<div class=\"image-card\"><picture class=\"image\"><source media=\"(min-width: 0px)\" data-srcset=\"https:\/\/www.whw.de\/wp-content\/uploads\/Leist.-n.-Besch-1.jpg\"\/><img decoding=\"async\" loading=\"lazy\" src=\"data:image\/svg+xml,%3Csvg xmlns=%22http:\/\/www.w3.org\/2000\/svg%22 viewBox=%220 0 11 6%22 \/%3E\" alt=\"\" data-src=\"https:\/\/www.whw.de\/wp-content\/uploads\/Leist.-n.-Besch-1.jpg\" width=\"550\" height=\"300\"><\/picture><div class=\"image-overlay\"><h4>Kaplama sonras\u0131 hizmetlerimiz<\/h4>\n<a class=\"btn btn-primary bg-leaf btn-left\" href=\"https:\/\/www.whw.de\/tr\/kaplama-sonrasi-hizmetlerimiz\/\" rel=\"noopener\">Ke\u015ffedin<\/a>\n<\/div><\/div>\n<\/div>\n\n\n\n<div class=\"col\">\n<div class=\"image-card\"><picture class=\"image\"><source media=\"(min-width: 0px)\" data-srcset=\"https:\/\/www.whw.de\/wp-content\/uploads\/180418_Leistungen_vor_der_Beschichtung_Header-555x300-2.jpg\"\/><img decoding=\"async\" loading=\"lazy\" src=\"data:image\/svg+xml,%3Csvg xmlns=%22http:\/\/www.w3.org\/2000\/svg%22 viewBox=%220 0 37 20%22 \/%3E\" alt=\"\" data-src=\"https:\/\/www.whw.de\/wp-content\/uploads\/180418_Leistungen_vor_der_Beschichtung_Header-555x300-2.jpg\" width=\"555\" height=\"300\"><\/picture><div class=\"image-overlay\"><h4>Kaplama \u00f6ncesi hizmetler<\/h4>\n<a class=\"btn btn-primary bg-leaf btn-left\" href=\"https:\/\/www.whw.de\/tr\/kaplama-oencesi-hizmetler\/\" rel=\"noopener\">Ke\u015ffedin<\/a>\n<\/div><\/div>\n<\/div>\n<\/div><\/div>\n\n\n\n\n","protected":false},"excerpt":{"rendered":"","protected":false},"author":3,"featured_media":0,"parent":3234,"menu_order":0,"comment_status":"closed","ping_status":"closed","template":"","meta":{"footnotes":""},"class_list":["post-3220","page","type-page","status-publish","hentry"],"_links":{"self":[{"href":"https:\/\/www.whw.de\/tr\/wp-json\/wp\/v2\/pages\/3220","targetHints":{"allow":["GET"]}}],"collection":[{"href":"https:\/\/www.whw.de\/tr\/wp-json\/wp\/v2\/pages"}],"about":[{"href":"https:\/\/www.whw.de\/tr\/wp-json\/wp\/v2\/types\/page"}],"author":[{"embeddable":true,"href":"https:\/\/www.whw.de\/tr\/wp-json\/wp\/v2\/users\/3"}],"replies":[{"embeddable":true,"href":"https:\/\/www.whw.de\/tr\/wp-json\/wp\/v2\/comments?post=3220"}],"version-history":[{"count":4,"href":"https:\/\/www.whw.de\/tr\/wp-json\/wp\/v2\/pages\/3220\/revisions"}],"predecessor-version":[{"id":3243,"href":"https:\/\/www.whw.de\/tr\/wp-json\/wp\/v2\/pages\/3220\/revisions\/3243"}],"up":[{"embeddable":true,"href":"https:\/\/www.whw.de\/tr\/wp-json\/wp\/v2\/pages\/3234"}],"wp:attachment":[{"href":"https:\/\/www.whw.de\/tr\/wp-json\/wp\/v2\/media?parent=3220"}],"curies":[{"name":"wp","href":"https:\/\/api.w.org\/{rel}","templated":true}]}}