{"id":3218,"date":"2024-10-09T13:47:19","date_gmt":"2024-10-09T11:47:19","guid":{"rendered":"https:\/\/www.whw.de\/leistungen-vor-der-beschichtung\/"},"modified":"2025-07-16T15:26:00","modified_gmt":"2025-07-16T13:26:00","slug":"kaplama-oencesi-hizmetler","status":"publish","type":"page","link":"https:\/\/www.whw.de\/tr\/whw-hillebrand\/kaplama-oencesi-hizmetler\/","title":{"rendered":"KAPLAMA \u00d6NCES\u0130 H\u0130zmetler"},"content":{"rendered":"\n<div class=\"container \"><div class=\"banner bg bg-grey-lighter overlay\"><video src=\"https:\/\/www.whw.de\/wp-content\/uploads\/Leistung-nach-der-Beschichtung.mp4\" autoplay muted loop playsinline><\/video><div class=\"content fc-white\">\n<h2 class=\"heading wp-block-heading\"><strong>KAPLAMA \u00d6NCES\u0130<\/strong> H\u0130zmetler <\/h2>\n<\/div><\/div><\/div>\n\n\n\n<div class=\"container width-xl\"><div class=\"cols\">\n<div class=\"col\">\n<div class=\"text-column\"><h3 class=\"headline\">Kaygan cilalama<\/h3><h5 class=\"sub-headline\">M\u00fckemmel bir kaplama sonucu i\u00e7in \u00f6n y\u00fczeylerin kusursuz bir \u00f6n i\u015fleme tabi tutulmas\u0131 \u015fartt\u0131r<\/h5><div class=\"hr-leaf\"><\/div><p>Kaygan cilalama, y\u00fczeyin mekanik-kimyasal olarak i\u015flenmesini sa\u011flar ve boya s\u0131y\u0131rma, \u00e7apak alma, cilalama, yuvarlama, parlatma, temizleme veya perdahlama i\u00e7in kullan\u0131l\u0131r. \u00d6n planda, \u00f6ncelikle y\u00fczey kusurlar\u0131n\u0131n giderilmesi ve belirli y\u00fczey \u00f6zelliklerinin \u00fcretilmesi s\u00f6z konusudur. Bunun i\u00e7in, perdahlama par\u00e7alar\u0131 (tala\u015flar) dahil olmak \u00fczere i\u015flenecek yap\u0131 par\u00e7alar\u0131 bir \u00e7al\u0131\u015fma kab\u0131 i\u00e7erisinde merkezka\u00e7 kuvveti ve titre\u015fim yoluyla birbirleri ile g\u00f6receli olarak harekete ge\u00e7irilir. Baz\u0131 durumlarda kaygan cilalama, as\u0131l kaplamadan \u00f6nce gerekli bir \u00f6nlemdir.<\/p><\/div>\n<\/div>\n\n\n\n<div class=\"col\">\n<div class=\"image-column align-center\"><picture class=\"image\"><source media=\"(min-width: 0px)\" data-srcset=\"https:\/\/www.whw.de\/wp-content\/uploads\/gleitschleifen_2b.jpg\"\/><img decoding=\"async\" loading=\"lazy\" src=\"data:image\/svg+xml,%3Csvg xmlns=%22http:\/\/www.w3.org\/2000\/svg%22 viewBox=%220 0 184 127%22 \/%3E\" alt=\"\" data-src=\"https:\/\/www.whw.de\/wp-content\/uploads\/gleitschleifen_2b.jpg\" width=\"368\" height=\"254\"><\/picture><\/div>\n<\/div>\n<\/div><\/div>\n\n\n\n<div class=\"container width-xl\"><div class=\"cols\">\n<div class=\"col\">\n<div class=\"image-column align-center\"><picture class=\"image\"><source media=\"(min-width: 0px)\" data-srcset=\"https:\/\/www.whw.de\/wp-content\/uploads\/beschichtungsvorbereitung.jpg\"\/><img decoding=\"async\" loading=\"lazy\" src=\"data:image\/svg+xml,%3Csvg xmlns=%22http:\/\/www.w3.org\/2000\/svg%22 viewBox=%220 0 83 49%22 \/%3E\" alt=\"\" data-src=\"https:\/\/www.whw.de\/wp-content\/uploads\/beschichtungsvorbereitung.jpg\" width=\"415\" height=\"245\"><\/picture><\/div>\n<\/div>\n\n\n\n<div class=\"col\">\n<div class=\"text-column\"><h3 class=\"headline\">Kaplama haz\u0131rl\u0131\u011f\u0131<\/h3><h5 class=\"sub-headline\">M\u00fckemmel sonu\u00e7lar y\u0131llar\u0131n deneyiminin eseridir<\/h5><div class=\"hr-leaf\"><\/div><p>Kaplama \u00f6n haz\u0131rl\u0131\u011f\u0131nda, kaplama i\u015flemi s\u0131ras\u0131nda bir yap\u0131 par\u00e7as\u0131 \u00fczerinde gerekli alanlar\u0131 izole eden hizmetler ger\u00e7ekle\u015ftirilir. \u00d6rne\u011fin, kaplanmas\u0131na izin verilmeyen bo\u015fluklar t\u0131kan\u0131r veya kapat\u0131l\u0131r. K\u0131smi kaplama i\u00e7in belirli alanlar\u0131n maskelenmesi de bu i\u015flem ad\u0131m\u0131nda sunulmaktad\u0131r.<\/p><\/div>\n<\/div>\n<\/div><\/div>\n\n\n\n<div class=\"container width-xl\"><div class=\"banner bg bg-leaf\"><div class=\"content fc-white\">\n<p>Normen erm\u00f6glichen es, Leistung abzustimmen und mit Risiken umzugehen, w\u00e4hrend Sie effizienter und nachhaltiger agieren. Unsere Beschichtungssysteme erf\u00fcllen daher alle g\u00e4ngigen Vorgaben und Normen. Hier k\u00f6nnen Sie die richtige Beschichtung direkt nach Ihrer ben\u00f6tigten Norm filtern und vergleichen.<\/p>\n\n\n\n<a class=\"btn btn-secondary bg-grey-lighter btn-left\" href=\"https:\/\/www.whw.de\/tr\/standartkar\/\" rel=\"noopener\">Standartlar\u0131 aray\u0131n<\/a>\n<\/div><\/div><\/div>\n\n\n\n<div class=\"container width-xl\"><div class=\"cols\">\n<div class=\"col\">\n<div class=\"image-card\"><picture class=\"image\"><source media=\"(min-width: 0px)\" data-srcset=\"https:\/\/www.whw.de\/wp-content\/uploads\/Beschichtungstechnologie-1.png\"\/><img decoding=\"async\" loading=\"lazy\" src=\"data:image\/svg+xml,%3Csvg xmlns=%22http:\/\/www.w3.org\/2000\/svg%22 viewBox=%220 0 550 301%22 \/%3E\" alt=\"\" data-src=\"https:\/\/www.whw.de\/wp-content\/uploads\/Beschichtungstechnologie-1.png\" width=\"550\" height=\"301\"><\/picture><div class=\"image-overlay\"><h4>Kaplama teknolojileri<\/h4>\n<a class=\"btn btn-primary bg-leaf btn-left\" href=\"https:\/\/www.whw.de\/tr\/kaplama-teknolojileri\/\" rel=\"noopener\">Ke\u015ffedin<\/a>\n<\/div><\/div>\n<\/div>\n\n\n\n<div class=\"col\">\n<div class=\"image-card\"><picture class=\"image\"><source media=\"(min-width: 0px)\" data-srcset=\"https:\/\/www.whw.de\/wp-content\/uploads\/Leist.-n.-Besch-1.jpg\"\/><img decoding=\"async\" loading=\"lazy\" src=\"data:image\/svg+xml,%3Csvg xmlns=%22http:\/\/www.w3.org\/2000\/svg%22 viewBox=%220 0 11 6%22 \/%3E\" alt=\"\" data-src=\"https:\/\/www.whw.de\/wp-content\/uploads\/Leist.-n.-Besch-1.jpg\" width=\"550\" height=\"300\"><\/picture><div class=\"image-overlay\"><h4>Kaplama sonras\u0131 hizmetlerimiz<\/h4>\n<a class=\"btn btn-primary bg-leaf btn-left\" href=\"https:\/\/www.whw.de\/tr\/kaplama-sonrasi-hizmetlerimiz\/\" rel=\"noopener\">Ke\u015ffedin<\/a>\n<\/div><\/div>\n<\/div>\n<\/div><\/div>\n\n\n\n<div class=\"container width-xl\"><div class=\"cols\">\n<div class=\"col\">\n<div class=\"image-card\"><picture class=\"image\"><source media=\"(max-width: 599px)\" data-srcset=\"https:\/\/www.whw.de\/wp-content\/uploads\/180509_Gewindesicherung_Neu_Header-1750x400-NEU2-600x400.jpg\"\/><source media=\"(min-width: 600px)\" data-srcset=\"https:\/\/www.whw.de\/wp-content\/uploads\/180509_Gewindesicherung_Neu_Header-1750x400-NEU2-800x400.jpg\"\/><img decoding=\"async\" loading=\"lazy\" src=\"data:image\/svg+xml,%3Csvg xmlns=%22http:\/\/www.w3.org\/2000\/svg%22 viewBox=%220 0 2 1%22 \/%3E\" alt=\"\" data-src=\"https:\/\/www.whw.de\/wp-content\/uploads\/180509_Gewindesicherung_Neu_Header-1750x400-NEU2-800x400.jpg\" width=\"800\" height=\"400\"><\/picture><div class=\"image-overlay\"><h4>Vida di\u015fi korumas\u0131<\/h4>\n<a class=\"btn btn-primary bg-leaf btn-left\" href=\"https:\/\/www.whw.de\/tr\/vida-disi-korumasi\/\" rel=\"noopener\">Ke\u015ffedin<\/a>\n<\/div><\/div>\n<\/div>\n\n\n\n<div class=\"col\">\n<div class=\"image-card\"><picture class=\"image\"><source media=\"(min-width: 0px)\" data-srcset=\"https:\/\/www.whw.de\/wp-content\/uploads\/180508_WHW_Normen_Bildcollage_Kachel_4.jpg\"\/><img decoding=\"async\" loading=\"lazy\" src=\"data:image\/svg+xml,%3Csvg xmlns=%22http:\/\/www.w3.org\/2000\/svg%22 viewBox=%220 0 37 20%22 \/%3E\" alt=\"\" data-src=\"https:\/\/www.whw.de\/wp-content\/uploads\/180508_WHW_Normen_Bildcollage_Kachel_4.jpg\" width=\"555\" height=\"300\"><\/picture><div class=\"image-overlay\"><h4>\nStandartlar<\/h4>\n<a class=\"btn btn-primary bg-leaf btn-left\" href=\"https:\/\/www.whw.de\/tr\/standartkar\/\" rel=\"noopener\">Ke\u015ffedin<\/a>\n<\/div><\/div>\n<\/div>\n<\/div><\/div>\n\n\n\n<div class=\"container width-xl\"><div class=\"banner bg bg-leaf\"><picture class=\"image\"><source media=\"(max-width: 799px)\" data-srcset=\"https:\/\/www.whw.de\/wp-content\/uploads\/whw_verlauf-final-800x800.png\"\/><source media=\"(max-width: 1199px)\" data-srcset=\"https:\/\/www.whw.de\/wp-content\/uploads\/whw_verlauf-final-1200x670.png\"\/><source media=\"(min-width: 1200px)\" data-srcset=\"https:\/\/www.whw.de\/wp-content\/uploads\/whw_verlauf-final-2000x670.png\"\/><img decoding=\"async\" loading=\"lazy\" src=\"data:image\/svg+xml,%3Csvg xmlns=%22http:\/\/www.w3.org\/2000\/svg%22 viewBox=%220 0 200 67%22 \/%3E\" alt=\"\" data-src=\"https:\/\/www.whw.de\/wp-content\/uploads\/whw_verlauf-final-2000x670.png\" width=\"2000\" height=\"670\"><\/picture><div class=\"content fc-white\">\n<div class=\"icon-list items-5\">\n<div class=\"icon-item\"><picture class=\"image icon\"><source media=\"(min-width: 0px)\" data-srcset=\"https:\/\/www.whw.de\/wp-content\/uploads\/Group-8917.png\"\/><img decoding=\"async\" loading=\"lazy\" src=\"data:image\/svg+xml,%3Csvg xmlns=%22http:\/\/www.w3.org\/2000\/svg%22 viewBox=%220 0 301 300%22 \/%3E\" alt=\"\" data-src=\"https:\/\/www.whw.de\/wp-content\/uploads\/Group-8917.png\" width=\"301\" height=\"300\"><\/picture><span class=\"number\">6<\/span><span>merkez<\/span><\/div>\n\n\n\n<div class=\"icon-item\"><picture class=\"image icon\"><source media=\"(min-width: 0px)\" data-srcset=\"https:\/\/www.whw.de\/wp-content\/uploads\/Group-8917-2.png\"\/><img decoding=\"async\" loading=\"lazy\" src=\"data:image\/svg+xml,%3Csvg xmlns=%22http:\/\/www.w3.org\/2000\/svg%22 viewBox=%220 0 301 300%22 \/%3E\" alt=\"\" data-src=\"https:\/\/www.whw.de\/wp-content\/uploads\/Group-8917-2.png\" width=\"301\" height=\"300\"><\/picture><span class=\"number\">650<\/span><span>\u00e7al\u0131\u015fan<\/span><\/div>\n\n\n\n<div class=\"icon-item\"><picture class=\"image icon\"><source media=\"(min-width: 0px)\" data-srcset=\"https:\/\/www.whw.de\/wp-content\/uploads\/Group-8917-1-1.png\"\/><img decoding=\"async\" loading=\"lazy\" src=\"data:image\/svg+xml,%3Csvg xmlns=%22http:\/\/www.w3.org\/2000\/svg%22 viewBox=%220 0 301 300%22 \/%3E\" alt=\"\" data-src=\"https:\/\/www.whw.de\/wp-content\/uploads\/Group-8917-1-1.png\" width=\"301\" height=\"300\"><\/picture><span class=\"number\">8%<\/span><span>Y\u0131lda daha fazla \u00e7al\u0131\u015fan<\/span><\/div>\n\n\n\n<div class=\"icon-item\"><picture class=\"image icon\"><source media=\"(min-width: 0px)\" data-srcset=\"https:\/\/www.whw.de\/wp-content\/uploads\/Group-8917-3.png\"\/><img decoding=\"async\" loading=\"lazy\" src=\"data:image\/svg+xml,%3Csvg xmlns=%22http:\/\/www.w3.org\/2000\/svg%22 viewBox=%220 0 301 300%22 \/%3E\" alt=\"\" data-src=\"https:\/\/www.whw.de\/wp-content\/uploads\/Group-8917-3.png\" width=\"301\" height=\"300\"><\/picture><span class=\"number\">1937<\/span><span>kurulu\u015f<\/span><\/div>\n<\/div>\n<\/div><\/div><\/div>\n","protected":false},"excerpt":{"rendered":"","protected":false},"author":3,"featured_media":0,"parent":3234,"menu_order":0,"comment_status":"closed","ping_status":"closed","template":"","meta":{"footnotes":""},"class_list":["post-3218","page","type-page","status-publish","hentry"],"_links":{"self":[{"href":"https:\/\/www.whw.de\/tr\/wp-json\/wp\/v2\/pages\/3218","targetHints":{"allow":["GET"]}}],"collection":[{"href":"https:\/\/www.whw.de\/tr\/wp-json\/wp\/v2\/pages"}],"about":[{"href":"https:\/\/www.whw.de\/tr\/wp-json\/wp\/v2\/types\/page"}],"author":[{"embeddable":true,"href":"https:\/\/www.whw.de\/tr\/wp-json\/wp\/v2\/users\/3"}],"replies":[{"embeddable":true,"href":"https:\/\/www.whw.de\/tr\/wp-json\/wp\/v2\/comments?post=3218"}],"version-history":[{"count":7,"href":"https:\/\/www.whw.de\/tr\/wp-json\/wp\/v2\/pages\/3218\/revisions"}],"predecessor-version":[{"id":3233,"href":"https:\/\/www.whw.de\/tr\/wp-json\/wp\/v2\/pages\/3218\/revisions\/3233"}],"up":[{"embeddable":true,"href":"https:\/\/www.whw.de\/tr\/wp-json\/wp\/v2\/pages\/3234"}],"wp:attachment":[{"href":"https:\/\/www.whw.de\/tr\/wp-json\/wp\/v2\/media?parent=3218"}],"curies":[{"name":"wp","href":"https:\/\/api.w.org\/{rel}","templated":true}]}}