{"id":3215,"date":"2024-09-04T15:04:07","date_gmt":"2024-09-04T13:04:07","guid":{"rendered":"https:\/\/www.whw.de\/normen\/"},"modified":"2025-07-16T11:27:17","modified_gmt":"2025-07-16T09:27:17","slug":"standartkar","status":"publish","type":"page","link":"https:\/\/www.whw.de\/tr\/standartkar\/","title":{"rendered":"Standartlar"},"content":{"rendered":"\n<div class=\"container \"><div class=\"banner bg bg-leaf\"><picture class=\"image\"><source media=\"(max-width: 799px)\" data-srcset=\"https:\/\/www.whw.de\/wp-content\/uploads\/WHW_Farbverlauf_CMYK-800x800.jpg\"\/><source media=\"(max-width: 1199px)\" data-srcset=\"https:\/\/www.whw.de\/wp-content\/uploads\/WHW_Farbverlauf_CMYK-1200x670.jpg\"\/><source media=\"(min-width: 1200px)\" data-srcset=\"https:\/\/www.whw.de\/wp-content\/uploads\/WHW_Farbverlauf_CMYK-2000x670.jpg\"\/><img decoding=\"async\" loading=\"lazy\" src=\"data:image\/svg+xml,%3Csvg xmlns=%22http:\/\/www.w3.org\/2000\/svg%22 viewBox=%220 0 200 67%22 \/%3E\" alt=\"\" data-src=\"https:\/\/www.whw.de\/wp-content\/uploads\/WHW_Farbverlauf_CMYK-2000x670.jpg\" width=\"2000\" height=\"670\"><\/picture><div class=\"content fc-white\">\n<h2 class=\"heading wp-block-heading\">Standartlar<\/h2>\n\n\n\n<h3 class=\"heading wp-block-heading\">G\u00dcNL\u00dcK I\u015eLERIMIZ<\/h3>\n<\/div><\/div><\/div>\n\n\n<div class=\"container width-xl\">\n    <div class=\"norms-services\">\n\n        <a class=\"btn btn-secondary bg-leaf manufacturers-filter\" data-selected-manufacturer=\"\">Auswahl anpassen<\/a>\n\n        <div id=\"manufacturer-list\">\n                            <a class=\"btn btn-secondary bg-black manufacturer-toggle\" data-manufacturer-id=\"17\">\n                    ATE\n                <\/a>\n                            <a class=\"btn btn-secondary bg-black manufacturer-toggle\" data-manufacturer-id=\"29\">\n                    BMW\n                <\/a>\n                            <a class=\"btn btn-secondary bg-black manufacturer-toggle\" data-manufacturer-id=\"30\">\n                    Bosch\n                <\/a>\n                            <a class=\"btn btn-secondary bg-black manufacturer-toggle\" data-manufacturer-id=\"31\">\n                    Brose\n                <\/a>\n                            <a class=\"btn btn-secondary bg-black manufacturer-toggle\" data-manufacturer-id=\"32\">\n                    DAF\n                <\/a>\n                            <a class=\"btn btn-secondary bg-black manufacturer-toggle\" data-manufacturer-id=\"33\">\n                    DIN\n                <\/a>\n                            <a class=\"btn btn-secondary bg-black manufacturer-toggle\" data-manufacturer-id=\"34\">\n                    Festo\n                <\/a>\n                            <a class=\"btn btn-secondary bg-black manufacturer-toggle\" data-manufacturer-id=\"35\">\n                    Fiat\n                <\/a>\n                            <a class=\"btn btn-secondary bg-black manufacturer-toggle\" data-manufacturer-id=\"36\">\n                    Ford\n                <\/a>\n                            <a class=\"btn btn-secondary bg-black manufacturer-toggle\" data-manufacturer-id=\"37\">\n                    FTE Automotive\n                <\/a>\n                            <a class=\"btn btn-secondary bg-black manufacturer-toggle\" data-manufacturer-id=\"38\">\n                    General Motors GME\n                <\/a>\n                            <a class=\"btn btn-secondary bg-black manufacturer-toggle\" data-manufacturer-id=\"39\">\n                    General Motors GMW\n                <\/a>\n                            <a class=\"btn btn-secondary bg-black manufacturer-toggle\" data-manufacturer-id=\"40\">\n                    Hella\n                <\/a>\n                            <a class=\"btn btn-secondary bg-black manufacturer-toggle\" data-manufacturer-id=\"41\">\n                    ISRI\n                <\/a>\n                            <a class=\"btn btn-secondary bg-black manufacturer-toggle\" data-manufacturer-id=\"42\">\n                    Jaguar\n                <\/a>\n                            <a class=\"btn btn-secondary bg-black manufacturer-toggle\" data-manufacturer-id=\"43\">\n                    Knorr-Bremse\n                <\/a>\n                            <a class=\"btn btn-secondary bg-black manufacturer-toggle\" data-manufacturer-id=\"44\">\n                    Litens\n                <\/a>\n                            <a class=\"btn btn-secondary bg-black manufacturer-toggle\" data-manufacturer-id=\"45\">\n                    Mahle\n                <\/a>\n                            <a class=\"btn btn-secondary bg-black manufacturer-toggle\" data-manufacturer-id=\"46\">\n                    MAN\n                <\/a>\n                            <a class=\"btn btn-secondary bg-black manufacturer-toggle\" data-manufacturer-id=\"47\">\n                    Mercedes-Benz\n                <\/a>\n                            <a class=\"btn btn-secondary bg-black manufacturer-toggle\" data-manufacturer-id=\"48\">\n                    Miele\n                <\/a>\n                            <a class=\"btn btn-secondary bg-black manufacturer-toggle\" data-manufacturer-id=\"49\">\n                    Peugeot PSA\n                <\/a>\n                            <a class=\"btn btn-secondary bg-black manufacturer-toggle\" data-manufacturer-id=\"50\">\n                    Pierburg\n                <\/a>\n                            <a class=\"btn btn-secondary bg-black manufacturer-toggle\" data-manufacturer-id=\"51\">\n                    Porsche\n                <\/a>\n                            <a class=\"btn btn-secondary bg-black manufacturer-toggle\" data-manufacturer-id=\"52\">\n                    Renault\n                <\/a>\n                            <a class=\"btn btn-secondary bg-black manufacturer-toggle\" data-manufacturer-id=\"53\">\n                    Siemens\n                <\/a>\n                            <a class=\"btn btn-secondary bg-black manufacturer-toggle\" data-manufacturer-id=\"54\">\n                    Triumph\n                <\/a>\n                            <a class=\"btn btn-secondary bg-black manufacturer-toggle\" data-manufacturer-id=\"55\">\n                    TRW Automotive\n                <\/a>\n                            <a class=\"btn btn-secondary bg-black manufacturer-toggle\" data-manufacturer-id=\"56\">\n                    VDA\n                <\/a>\n                            <a class=\"btn btn-secondary bg-black manufacturer-toggle\" data-manufacturer-id=\"57\">\n                    Volkswagen\n                <\/a>\n                            <a class=\"btn btn-secondary bg-black manufacturer-toggle\" data-manufacturer-id=\"58\">\n                    Volvo\n                <\/a>\n                            <a class=\"btn btn-secondary bg-black manufacturer-toggle\" data-manufacturer-id=\"59\">\n                    Wabco\n                <\/a>\n                            <a class=\"btn btn-secondary bg-black manufacturer-toggle\" data-manufacturer-id=\"60\">\n                    ZF\n                <\/a>\n                    <\/div>\n\n        <div id=\"norm-list\" data-load-more-container=\"norm\">\n            <div class=\"norm-item\">\n    <div class=\"norm-title\" aria-expanded=\"false\">\n        <span>ATE N 106 61.00<\/span>\n    <\/div>\n    <div class=\"service-list\">\n                                                    <a class=\"service-item\" href=\"https:\/\/www.whw.de\/tr\/whw-hillebrand\/service\/premium-silver\/\">\n                    PREMIUM SILVER\n                <\/a>\n                                            <a class=\"service-item\" href=\"https:\/\/www.whw.de\/tr\/whw-hillebrand\/service\/high-quality-zinc\/\">\n                    HIGH QUALITY ZINC\n                <\/a>\n                                            <a class=\"service-item\" href=\"https:\/\/www.whw.de\/tr\/whw-hillebrand\/service\/premium-black\/\">\n                    PREMIUM BLACK\n                <\/a>\n                                \n            <\/div>\n<\/div>\n    <div class=\"norm-item\">\n    <div class=\"norm-title\" aria-expanded=\"false\">\n        <span>BMW GS 90010<\/span>\n    <\/div>\n    <div class=\"service-list\">\n                                                    <a class=\"service-item\" href=\"https:\/\/www.whw.de\/tr\/whw-hillebrand\/service\/premium-zincflake-silver\/\">\n                    PREMIUM ZINCFLAKE SILVER\n                <\/a>\n                                            <a class=\"service-item\" href=\"https:\/\/www.whw.de\/tr\/whw-hillebrand\/service\/premium-silver\/\">\n                    PREMIUM SILVER\n                <\/a>\n                                            <a class=\"service-item\" href=\"https:\/\/www.whw.de\/tr\/whw-hillebrand\/service\/high-quality-zinc\/\">\n                    HIGH QUALITY ZINC\n                <\/a>\n                                            <a class=\"service-item\" href=\"https:\/\/www.whw.de\/tr\/whw-hillebrand\/service\/duplex\/\">\n                    DUPLEX\n                <\/a>\n                                            <a class=\"service-item\" href=\"https:\/\/www.whw.de\/tr\/whw-hillebrand\/service\/brilliant-silver\/\">\n                    BRILLIANT SILVER\n                <\/a>\n                                            <a class=\"service-item\" href=\"https:\/\/www.whw.de\/tr\/whw-hillebrand\/service\/brilliant-black\/\">\n                    BRILLIANT BLACK\n                <\/a>\n                                            <a class=\"service-item\" href=\"https:\/\/www.whw.de\/tr\/whw-hillebrand\/service\/premium-black\/\">\n                    PREMIUM BLACK\n                <\/a>\n                                \n            <\/div>\n<\/div>\n    <div class=\"norm-item\">\n    <div class=\"norm-title\" aria-expanded=\"false\">\n        <span>Bosch N67F (xxxxx) *<\/span>\n    <\/div>\n    <div class=\"service-list\">\n        \n            <\/div>\n<\/div>\n    <div class=\"norm-item\">\n    <div class=\"norm-title\" aria-expanded=\"false\">\n        <span>Bosch N67F CM-ZN-2<\/span>\n    <\/div>\n    <div class=\"service-list\">\n                                                    <a class=\"service-item\" href=\"https:\/\/www.whw.de\/tr\/whw-hillebrand\/service\/premium-silver\/\">\n                    PREMIUM SILVER\n                <\/a>\n                                            <a class=\"service-item\" href=\"https:\/\/www.whw.de\/tr\/whw-hillebrand\/service\/high-quality-zinc\/\">\n                    HIGH QUALITY ZINC\n                <\/a>\n                                            <a class=\"service-item\" href=\"https:\/\/www.whw.de\/tr\/whw-hillebrand\/service\/brilliant-silver\/\">\n                    BRILLIANT SILVER\n                <\/a>\n                                            <a class=\"service-item\" href=\"https:\/\/www.whw.de\/tr\/whw-hillebrand\/service\/brilliant-black\/\">\n                    BRILLIANT BLACK\n                <\/a>\n                                            <a class=\"service-item\" href=\"https:\/\/www.whw.de\/tr\/whw-hillebrand\/service\/premium-black\/\">\n                    PREMIUM BLACK\n                <\/a>\n                                \n            <\/div>\n<\/div>\n    <div class=\"norm-item\">\n    <div class=\"norm-title\" aria-expanded=\"false\">\n        <span>Brose BN 562926-106 *<\/span>\n    <\/div>\n    <div class=\"service-list\">\n                                                    <a class=\"service-item\" href=\"https:\/\/www.whw.de\/tr\/whw-hillebrand\/service\/premium-silver\/\">\n                    PREMIUM SILVER\n                <\/a>\n                                            <a class=\"service-item\" href=\"https:\/\/www.whw.de\/tr\/whw-hillebrand\/service\/high-quality-zinc\/\">\n                    HIGH QUALITY ZINC\n                <\/a>\n                                            <a class=\"service-item\" href=\"https:\/\/www.whw.de\/tr\/whw-hillebrand\/service\/brilliant-silver\/\">\n                    BRILLIANT SILVER\n                <\/a>\n                                            <a class=\"service-item\" href=\"https:\/\/www.whw.de\/tr\/whw-hillebrand\/service\/brilliant-black\/\">\n                    BRILLIANT BLACK\n                <\/a>\n                                            <a class=\"service-item\" href=\"https:\/\/www.whw.de\/tr\/whw-hillebrand\/service\/premium-black\/\">\n                    PREMIUM BLACK\n                <\/a>\n                                \n            <\/div>\n<\/div>\n    <div class=\"norm-item\">\n    <div class=\"norm-title\" aria-expanded=\"false\">\n        <span>Brose BN 590295-109<\/span>\n    <\/div>\n    <div class=\"service-list\">\n                                                    <a class=\"service-item\" href=\"https:\/\/www.whw.de\/tr\/whw-hillebrand\/service\/premium-zincflake-silver\/\">\n                    PREMIUM ZINCFLAKE SILVER\n                <\/a>\n                                            <a class=\"service-item\" href=\"https:\/\/www.whw.de\/tr\/whw-hillebrand\/service\/premium-zincflake-black\/\">\n                    PREMIUM ZINCFLAKE BLACK\n                <\/a>\n                                \n            <\/div>\n<\/div>\n    <div class=\"norm-item\">\n    <div class=\"norm-title\" aria-expanded=\"false\">\n        <span>DAF W+O **230\/**239 *<\/span>\n    <\/div>\n    <div class=\"service-list\">\n                                                    <a class=\"service-item\" href=\"https:\/\/www.whw.de\/tr\/whw-hillebrand\/service\/premium-silver\/\">\n                    PREMIUM SILVER\n                <\/a>\n                                            <a class=\"service-item\" href=\"https:\/\/www.whw.de\/tr\/whw-hillebrand\/service\/premium-black\/\">\n                    PREMIUM BLACK\n                <\/a>\n                                \n            <\/div>\n<\/div>\n    <div class=\"norm-item\">\n    <div class=\"norm-title\" aria-expanded=\"false\">\n        <span>DAF W+O **240\/**251<\/span>\n    <\/div>\n    <div class=\"service-list\">\n        \n            <\/div>\n<\/div>\n        <\/div>\n\n                    <button class=\"btn btn-secondary bg-leaf load-more\" data-load-more='{\"page\":1,\"type\":\"norm\"}'>\n                Daha fazla standart g\u00f6ster\n            <\/button>\n        \n        <div class=\"norm-list-info\">\n            <span>\n                *\n                S\u00fcre\u00e7le ilgili ayr\u0131nt\u0131lar standart spesifikasyondan sapabilir. Bu durumda, teklifimizle birlikte daha fazla bilgi alacaks\u0131n\u0131z.\n            <\/span>\n        <\/div>\n    <\/div>\n<\/div>\n\n\n\n\n","protected":false},"excerpt":{"rendered":"","protected":false},"author":3,"featured_media":0,"parent":0,"menu_order":0,"comment_status":"closed","ping_status":"closed","template":"","meta":{"footnotes":""},"class_list":["post-3215","page","type-page","status-publish","hentry"],"_links":{"self":[{"href":"https:\/\/www.whw.de\/tr\/wp-json\/wp\/v2\/pages\/3215","targetHints":{"allow":["GET"]}}],"collection":[{"href":"https:\/\/www.whw.de\/tr\/wp-json\/wp\/v2\/pages"}],"about":[{"href":"https:\/\/www.whw.de\/tr\/wp-json\/wp\/v2\/types\/page"}],"author":[{"embeddable":true,"href":"https:\/\/www.whw.de\/tr\/wp-json\/wp\/v2\/users\/3"}],"replies":[{"embeddable":true,"href":"https:\/\/www.whw.de\/tr\/wp-json\/wp\/v2\/comments?post=3215"}],"version-history":[{"count":2,"href":"https:\/\/www.whw.de\/tr\/wp-json\/wp\/v2\/pages\/3215\/revisions"}],"predecessor-version":[{"id":3217,"href":"https:\/\/www.whw.de\/tr\/wp-json\/wp\/v2\/pages\/3215\/revisions\/3217"}],"wp:attachment":[{"href":"https:\/\/www.whw.de\/tr\/wp-json\/wp\/v2\/media?parent=3215"}],"curies":[{"name":"wp","href":"https:\/\/api.w.org\/{rel}","templated":true}]}}