{"id":2815,"date":"2024-09-06T14:01:45","date_gmt":"2024-09-06T12:01:45","guid":{"rendered":"https:\/\/www.whw.de\/hillebrand-chemicals\/"},"modified":"2025-03-28T15:48:17","modified_gmt":"2025-03-28T14:48:17","slug":"hillebrand-chemicals","status":"publish","type":"page","link":"https:\/\/www.whw.de\/en\/hillebrand-chemicals\/","title":{"rendered":"Start"},"content":{"rendered":"\n<div class=\"container \"><div class=\"banner bg bg-grey-lighter overlay\"><picture class=\"image\"><source media=\"(max-width: 799px)\" data-srcset=\"https:\/\/www.whw.de\/wp-content\/uploads\/whw_farbwolke-1-1920x1400px-72dpi-800x800.jpg\"\/><source media=\"(max-width: 1199px)\" data-srcset=\"https:\/\/www.whw.de\/wp-content\/uploads\/whw_farbwolke-1-1920x1400px-72dpi-1200x670.jpg\"\/><source media=\"(min-width: 1200px)\" data-srcset=\"https:\/\/www.whw.de\/wp-content\/uploads\/whw_farbwolke-1-1920x1400px-72dpi-1920x670.jpg\"\/><img decoding=\"async\" loading=\"lazy\" src=\"data:image\/svg+xml,%3Csvg xmlns=%22http:\/\/www.w3.org\/2000\/svg%22 viewBox=%220 0 192 67%22 \/%3E\" alt=\"\" data-src=\"https:\/\/www.whw.de\/wp-content\/uploads\/whw_farbwolke-1-1920x1400px-72dpi-1920x670.jpg\" width=\"1920\" height=\"670\"><\/picture><video src=\"https:\/\/www.whw.de\/wp-content\/uploads\/WHW_Videoheader_Unternehmensgruppe_Innovation-Technologie.mp4\" autoplay muted loop playsinline><\/video><div class=\"content fc-white\">\n<h2 class=\"heading wp-block-heading\">COATING CHEMISTRY IS OUR DNA<\/h2>\n\n\n\n<p>THE BASIS FOR PERFECT SURFACE PROTECTION<\/p>\n<\/div><\/div><\/div>\n\n\n\n<div class=\"container width\">\n<p class=\"has-text-align-left\">Innovative chemistry for sustainable corrosion protection with <strong>Hillebrand Chemicals<\/strong>.<\/p>\n\n\n\n<p class=\"has-text-align-left\">Experience how our customised chemical solutions are revolutionising the world of corrosion protection while minimising environmental impact.<\/p>\n<\/div>\n\n\n\n<div class=\"container width-xl\"><div class=\"cols\">\n<div class=\"col\">\n<div class=\"text-column\"><h3 class=\"headline\">CHEMICAL DEVELOPMENT AND PRODUCTION<\/h3><h5 class=\"sub-headline\">Precision and innovation for the highest quality standards<\/h5><div class=\"hr-leaf\"><\/div><p>A high-performance surface coating requires precise coordination of chemistry and process. At Hillebrand Chemicals, quality is our top priority.<br><br>That is why we develop and produce our own chemicals. Our experts contribute comprehensive material and product knowledge as well as state-of-the-art process technologies to ensure the highest standards.<br><\/p>\n<a class=\"btn btn-secondary bg-black btn-left\" href=\"https:\/\/www.whw.de\/en\/hillebrand-chemicals\/products\/\" rel=\"noopener\">PRODUCTS<\/a>\n<\/div>\n<\/div>\n\n\n\n<div class=\"col\">\n<div class=\"image-column align-center\"><picture class=\"image\"><source media=\"(min-width: 0px)\" data-srcset=\"https:\/\/www.whw.de\/wp-content\/uploads\/ROMI9411-scaled.jpg\"\/><img decoding=\"async\" loading=\"lazy\" src=\"data:image\/svg+xml,%3Csvg xmlns=%22http:\/\/www.w3.org\/2000\/svg%22 viewBox=%220 0 2560 1707%22 \/%3E\" alt=\"\" data-src=\"https:\/\/www.whw.de\/wp-content\/uploads\/ROMI9411-scaled.jpg\" width=\"2560\" height=\"1707\"><\/picture><\/div>\n<\/div>\n<\/div><\/div>\n\n\n\n<div class=\"container width-xl\"><div class=\"cols\">\n<div class=\"col\">\n<div class=\"image-column align-center\"><picture class=\"image\"><source media=\"(min-width: 0px)\" data-srcset=\"https:\/\/www.whw.de\/wp-content\/uploads\/ROMI1036-scaled.jpg\"\/><img decoding=\"async\" loading=\"lazy\" src=\"data:image\/svg+xml,%3Csvg xmlns=%22http:\/\/www.w3.org\/2000\/svg%22 viewBox=%220 0 2560 1707%22 \/%3E\" alt=\"\" data-src=\"https:\/\/www.whw.de\/wp-content\/uploads\/ROMI1036-scaled.jpg\" width=\"2560\" height=\"1707\"><\/picture><\/div>\n<\/div>\n\n\n\n<div class=\"col\">\n<div class=\"text-column\"><h3 class=\"headline\">FUNCTIONALITY AND CUSTOMISABILITY<\/h3><h5 class=\"sub-headline\">Customised solutions for specific requirements<\/h5><div class=\"hr-leaf\"><\/div><p>Unsere Prozesschemikalien f\u00fcr kathodisch sch\u00fctzendesn Zink und Zinklegierungssysteme bieten nicht nur Korrosionsschutz, sondern werden auch an Ihre spezifischen Anforderungen angepasst.<br><br>Von Reibungszahlen bis zur Leitf\u00e4higkeit stellen wir sicher, dass unsere Produkte ma\u00dfgeschneidert auf Ihren Bedarf zugeschnitten sind.<br><\/p>\n<a class=\"btn btn-secondary bg-black btn-left\" rel=\"noopener\">services<\/a>\n<\/div>\n<\/div>\n<\/div><\/div>\n\n\n\n<div class=\"container width-xl\"><div class=\"banner bg bg-grey-lighter overlay\"><picture class=\"image\"><source media=\"(max-width: 799px)\" data-srcset=\"https:\/\/www.whw.de\/wp-content\/uploads\/whw_verlauf-final-800x800.png\"\/><source media=\"(max-width: 1199px)\" data-srcset=\"https:\/\/www.whw.de\/wp-content\/uploads\/whw_verlauf-final-1200x670.png\"\/><source media=\"(min-width: 1200px)\" data-srcset=\"https:\/\/www.whw.de\/wp-content\/uploads\/whw_verlauf-final-2000x670.png\"\/><img decoding=\"async\" loading=\"lazy\" src=\"data:image\/svg+xml,%3Csvg xmlns=%22http:\/\/www.w3.org\/2000\/svg%22 viewBox=%220 0 200 67%22 \/%3E\" alt=\"\" data-src=\"https:\/\/www.whw.de\/wp-content\/uploads\/whw_verlauf-final-2000x670.png\" width=\"2000\" height=\"670\"><\/picture><div class=\"content fc-white\">\n<h3 class=\"heading wp-block-heading\">READY FOR HIGH QUALITY CORROSION PROTECTION?<\/h3>\n\n\n\n<h6 class=\"heading wp-block-heading\"><strong>CONTACT US TODAY FOR CUSTOMISED SOLUTIONS FOR YOUR SURFACE COATING.<\/strong><\/h6>\n<\/div><\/div><\/div>\n\n\n\n<div class=\"container width-xl\"><div class=\"cols\">\n<div class=\"col\">\n<div class=\"text-column\"><h3 class=\"headline\">QUALITY ASSURANCE AND ENVIRONMENTAL AWARENESS<\/h3><h5 class=\"sub-headline\">Efficiency, quality and sustainability at every step<\/h5><div class=\"hr-leaf\"><\/div><p>We attach great importance to quality assurance and environmental compatibility. Our production is semi-automated and is monitored by experienced specialists. Every product is subject to strict validation before it leaves our warehouse. We also rely on environmentally friendly and resource-saving processes our company site in Wickede<br><\/p>\n<a class=\"btn btn-secondary bg-black btn-left\" href=\"https:\/\/www.whw.de\/en\/sustainability\/\" rel=\"noopener\">SUSTAINABILITY<\/a>\n<\/div>\n<\/div>\n\n\n\n<div class=\"col\">\n<div class=\"image-column align-center\"><picture class=\"image\"><source media=\"(min-width: 0px)\" data-srcset=\"https:\/\/www.whw.de\/wp-content\/uploads\/Umweltchemie.png\"\/><img decoding=\"async\" loading=\"lazy\" src=\"data:image\/svg+xml,%3Csvg xmlns=%22http:\/\/www.w3.org\/2000\/svg%22 viewBox=%220 0 437 310%22 \/%3E\" alt=\"\" data-src=\"https:\/\/www.whw.de\/wp-content\/uploads\/Umweltchemie.png\" width=\"1748\" height=\"1240\"><\/picture><\/div>\n<\/div>\n<\/div><\/div>\n\n\n\n<div class=\"container width-xl\"><div class=\"cols\">\n<div class=\"col bg bg-grey-lighter\">\n<div class=\"simple-card fc-white\"><picture class=\"image\"><source media=\"(max-width: 575px)\" data-srcset=\"https:\/\/www.whw.de\/wp-content\/uploads\/Kachel_KonzipZukunft-600x400.png\"\/><source media=\"(max-width: 991px)\" data-srcset=\"https:\/\/www.whw.de\/wp-content\/uploads\/Kachel_KonzipZukunft-638x270.png\"\/><source media=\"(max-width: 1199px)\" data-srcset=\"https:\/\/www.whw.de\/wp-content\/uploads\/Kachel_KonzipZukunft-600x400.png\"\/><source media=\"(min-width: 1200px)\" data-srcset=\"https:\/\/www.whw.de\/wp-content\/uploads\/Kachel_KonzipZukunft-638x270.png\"\/><img decoding=\"async\" loading=\"lazy\" src=\"data:image\/svg+xml,%3Csvg xmlns=%22http:\/\/www.w3.org\/2000\/svg%22 viewBox=%220 0 319 135%22 \/%3E\" alt=\"\" data-src=\"https:\/\/www.whw.de\/wp-content\/uploads\/Kachel_KonzipZukunft-638x270.png\" width=\"638\" height=\"270\"><\/picture><h5>SPECIALISED FIELDS<\/h5><p>Erfahren Sie, wie unsere interdisziplin\u00f6ren Experten Synergien schaffen und innovative L\u00f6sungen entwickeln.<\/p>\n<a class=\"btn btn-secondary-dark bg-grey-lighter btn-left\" href=\"https:\/\/www.whw.de\/en\/hillebrand-chemicals\/specialist-departments\/\" rel=\"noopener\">LEARN MORE<\/a>\n<\/div>\n<\/div>\n\n\n\n<div class=\"col bg bg-grey-lighter\">\n<div class=\"simple-card fc-white\"><picture class=\"image\"><source media=\"(max-width: 991px)\" data-srcset=\"https:\/\/www.whw.de\/wp-content\/uploads\/180507_HC_Chemikalienproduktion_Kachel-555x270.jpg\"\/><source media=\"(min-width: 992px)\" data-srcset=\"https:\/\/www.whw.de\/wp-content\/uploads\/180507_HC_Chemikalienproduktion_Kachel-555x270.jpg\"\/><img decoding=\"async\" loading=\"lazy\" src=\"data:image\/svg+xml,%3Csvg xmlns=%22http:\/\/www.w3.org\/2000\/svg%22 viewBox=%220 0 37 18%22 \/%3E\" alt=\"\" data-src=\"https:\/\/www.whw.de\/wp-content\/uploads\/180507_HC_Chemikalienproduktion_Kachel-555x270.jpg\" width=\"555\" height=\"270\"><\/picture><h5>CHEMICAL PRODUCTION<\/h5><p>Sicher, Vernetzt, Nachhaltig. Unsere hochmoderne Chemieproduktion setzt Ma\u00dfst\u00e4be in Flexibilit\u00e4t, Sicherheit und Kontrolle. Erfahren Sie mehr \u00fcber unsere Produktion f\u00fcr spezialisierte Chemieprodukte und Lacke.<\/p>\n<a class=\"btn btn-secondary-dark bg-grey-lighter btn-left\" href=\"https:\/\/www.whw.de\/hillebrand-chemicals\/chemiefertigung\/\" rel=\"noopener\">DISCOVER NOW<\/a>\n<\/div>\n<\/div>\n<\/div><\/div>\n\n\n\n<div class=\"container width-xl\"><div class=\"banner bg bg-grey-lighter\"><picture class=\"image\"><source media=\"(max-width: 799px)\" data-srcset=\"https:\/\/www.whw.de\/wp-content\/uploads\/whw_verlauf-final-800x800.png\"\/><source media=\"(max-width: 1199px)\" data-srcset=\"https:\/\/www.whw.de\/wp-content\/uploads\/whw_verlauf-final-1200x670.png\"\/><source media=\"(min-width: 1200px)\" data-srcset=\"https:\/\/www.whw.de\/wp-content\/uploads\/whw_verlauf-final-2000x670.png\"\/><img decoding=\"async\" loading=\"lazy\" src=\"data:image\/svg+xml,%3Csvg xmlns=%22http:\/\/www.w3.org\/2000\/svg%22 viewBox=%220 0 200 67%22 \/%3E\" alt=\"\" data-src=\"https:\/\/www.whw.de\/wp-content\/uploads\/whw_verlauf-final-2000x670.png\" width=\"2000\" height=\"670\"><\/picture><div class=\"content fc-white\">\n<div class=\"icon-list items-4\">\n<div class=\"icon-item\"><picture class=\"image icon\"><source media=\"(min-width: 0px)\" data-srcset=\"https:\/\/www.whw.de\/wp-content\/uploads\/chemie-fass.png\"\/><img decoding=\"async\" loading=\"lazy\" src=\"data:image\/svg+xml,%3Csvg xmlns=%22http:\/\/www.w3.org\/2000\/svg%22 viewBox=%220 0 401 400%22 \/%3E\" alt=\"\" data-src=\"https:\/\/www.whw.de\/wp-content\/uploads\/chemie-fass.png\" width=\"401\" height=\"400\"><\/picture><span class=\"number\">4.000 <\/span><span>tonnes of chemicals produced per year<\/span><\/div>\n\n\n\n<div class=\"icon-item\"><picture class=\"image icon\"><source media=\"(min-width: 0px)\" data-srcset=\"https:\/\/www.whw.de\/wp-content\/uploads\/Group-8917-1.png\"\/><img decoding=\"async\" loading=\"lazy\" src=\"data:image\/svg+xml,%3Csvg xmlns=%22http:\/\/www.w3.org\/2000\/svg%22 viewBox=%220 0 301 300%22 \/%3E\" alt=\"\" data-src=\"https:\/\/www.whw.de\/wp-content\/uploads\/Group-8917-1.png\" width=\"301\" height=\"300\"><\/picture><span class=\"number\">8%<\/span><span>more employees per year<\/span><\/div>\n\n\n\n<div class=\"icon-item\"><picture class=\"image icon\"><source media=\"(min-width: 0px)\" data-srcset=\"https:\/\/www.whw.de\/wp-content\/uploads\/gluehbirne.png\"\/><img decoding=\"async\" loading=\"lazy\" src=\"data:image\/svg+xml,%3Csvg xmlns=%22http:\/\/www.w3.org\/2000\/svg%22 viewBox=%220 0 401 400%22 \/%3E\" alt=\"\" data-src=\"https:\/\/www.whw.de\/wp-content\/uploads\/gluehbirne.png\" width=\"401\" height=\"400\"><\/picture><span class=\"number\">53 <\/span><span>successfully completed development projects<\/span><\/div>\n\n\n\n<div class=\"icon-item\"><picture class=\"image icon\"><source media=\"(min-width: 0px)\" data-srcset=\"https:\/\/www.whw.de\/wp-content\/uploads\/auszubildende.png\"\/><img decoding=\"async\" loading=\"lazy\" src=\"data:image\/svg+xml,%3Csvg xmlns=%22http:\/\/www.w3.org\/2000\/svg%22 viewBox=%220 0 401 400%22 \/%3E\" alt=\"\" data-src=\"https:\/\/www.whw.de\/wp-content\/uploads\/auszubildende.png\" width=\"401\" height=\"400\"><\/picture><span class=\"number\">32 <\/span><span>7rainees<\/span><\/div>\n<\/div>\n<\/div><\/div><\/div>\n\n\n\n<div class=\"container width-xl\"><div class=\"cols\">\n<div class=\"col\"><\/div>\n<\/div><\/div>\n","protected":false},"excerpt":{"rendered":"","protected":false},"author":3,"featured_media":0,"parent":0,"menu_order":0,"comment_status":"closed","ping_status":"closed","template":"","meta":{"footnotes":""},"class_list":["post-2815","page","type-page","status-publish","hentry"],"_links":{"self":[{"href":"https:\/\/www.whw.de\/en\/wp-json\/wp\/v2\/pages\/2815","targetHints":{"allow":["GET"]}}],"collection":[{"href":"https:\/\/www.whw.de\/en\/wp-json\/wp\/v2\/pages"}],"about":[{"href":"https:\/\/www.whw.de\/en\/wp-json\/wp\/v2\/types\/page"}],"author":[{"embeddable":true,"href":"https:\/\/www.whw.de\/en\/wp-json\/wp\/v2\/users\/3"}],"replies":[{"embeddable":true,"href":"https:\/\/www.whw.de\/en\/wp-json\/wp\/v2\/comments?post=2815"}],"version-history":[{"count":5,"href":"https:\/\/www.whw.de\/en\/wp-json\/wp\/v2\/pages\/2815\/revisions"}],"predecessor-version":[{"id":2868,"href":"https:\/\/www.whw.de\/en\/wp-json\/wp\/v2\/pages\/2815\/revisions\/2868"}],"wp:attachment":[{"href":"https:\/\/www.whw.de\/en\/wp-json\/wp\/v2\/media?parent=2815"}],"curies":[{"name":"wp","href":"https:\/\/api.w.org\/{rel}","templated":true}]}}