{"id":2556,"date":"2025-02-11T11:23:36","date_gmt":"2025-02-11T10:23:36","guid":{"rendered":"https:\/\/www.whw.de\/fachkraft-fuer-abwassertechnik\/"},"modified":"2026-03-02T10:11:22","modified_gmt":"2026-03-02T09:11:22","slug":"fachkraft-fuer-abwassertechnik","status":"publish","type":"page","link":"https:\/\/www.whw.de\/en\/fachkraft-fuer-abwassertechnik\/","title":{"rendered":"Fachkraft f\u00fcr Abwassertechnik"},"content":{"rendered":"\n<div class=\"container \"><div class=\"banner bg bg-grey-lighter overlay\"><picture class=\"image\"><source media=\"(min-width: 0px)\" data-srcset=\"https:\/\/www.whw.de\/wp-content\/uploads\/190812_WHW_Abwassertechnik_Header-1024x340-1-800x340.jpg\"\/><img decoding=\"async\" loading=\"lazy\" src=\"data:image\/svg+xml,%3Csvg xmlns=%22http:\/\/www.w3.org\/2000\/svg%22 viewBox=%220 0 40 17%22 \/%3E\" alt=\"\" data-src=\"https:\/\/www.whw.de\/wp-content\/uploads\/190812_WHW_Abwassertechnik_Header-1024x340-1-800x340.jpg\" width=\"800\" height=\"340\"><\/picture><div class=\"content fc-white\">\n<h2 class=\"heading wp-block-heading\">Umwelttechnologe f\u00fcr Abwasserwirtschaftung (M\/W\/D)<\/h2>\n<\/div><\/div><\/div>\n\n<div class=\"container width-xl\">\n<p><strong>Bist du ein verantwortungsvoller Mensch, der gerne Alles unter Kontrolle hat?<\/strong><\/p>\n\n\n\n<p><strong>Interessierst du dich f\u00fcr chemische und physikalische Themen und hast Spa\u00df am Messen, Steuern und Analysieren \u2013 speziell von Wasser?<\/strong><\/p>\n\n\n\n<p><strong>Wenn du dar\u00fcber hinaus noch ebenso gerne im Labor wie auch mal im Freien arbeitest, k\u00f6nnte eine Ausbildung zum Umwelttechnologen f\u00fcr Abwasserbewirtschaftung (m\/w\/d) wie f\u00fcr dich gemacht sein!<\/strong><\/p>\n\n\n\n<p><strong>Diese bieten wir in Zusammenarbeit mit dem Ruhrverband an.<\/strong><\/p>\n\n\n\n<h3 class=\"heading wp-block-heading\">Deine Auf\u00adga\u00adben<\/h3>\n\n\n\n<ul class=\"list wp-block-list\">\n<li>Als Umwelttechnologe f\u00fcr Abwasserbewirtschaftung (m\/w\/d) sorgst du daf\u00fcr, dass kein verschmutztes Wasser in unsere Gew\u00e4sser gelangt. Du steuerst die Abwasseranlage und stellst sicher, dass die Kriterien f\u00fcr die Behandlung des Wassers mit Chemikalien exakt eingehalten werden. Dazu entnimmst du regelm\u00e4\u00dfig Wasserproben und analysierst diese. Aber auch handwerkliche und organisatorische Aufgaben geh\u00f6ren zu deinem Berufsalltag: So wartest, pflegst und bedienst du zum Beispiel Filterpressen oder Pumpen und kalibrierst Messger\u00e4te. Du erteilst Ablass- und Chemiefreigaben, dokumentierst die Behandlungen des Abwassers und bist f\u00fcr die Bevorratung und den Transport von Chemikalien zust\u00e4ndig. Dabei stehst du im engen Kontakt mit der Fachabteilung Produktion, der Instandhaltung und Hillebrand Chemicals.<\/li>\n<\/ul>\n\n\n\n<h3 class=\"heading wp-block-heading\">Vorr\u00adaus\u00adset\u00adzun\u00adgen<\/h3>\n\n\n\n<p>Fachoberschulreife (mittlere Reife)<\/p>\n\n\n\n<h3 class=\"heading wp-block-heading\">Dauer der Aus\u00adbil\u00addung<\/h3>\n\n\n\n<ul class=\"list wp-block-list\">\n<li>3 Jahre<\/li>\n\n\n\n<li>Blockunterricht extern<\/li>\n\n\n\n<li>intensive Pr\u00fcfungsvorbereitung<\/li>\n<\/ul>\n\n\n\n<p><strong>Du m\u00f6chtest Teil der WHW Hillebrand Gruppe werden? Dann bewirb dich jetzt!<\/strong><\/p>\n\n\n\n<a class=\"btn btn-primary bg-leaf btn-left\" href=\"https:\/\/jobs.whw.de\/stellenangebote.html\" rel=\"noopener\">Jetzt bewerben<\/a>\n\n\n\n<div class=\"spacer height-xl\"><\/div>\n\n\n\n<div class=\"contact-list\">\n<div class=\"contact-item\"><picture class=\"image contact\"><source media=\"(min-width: 0px)\" data-srcset=\"https:\/\/www.whw.de\/wp-content\/uploads\/Nina-Dittkowski_web-400x400-1.png\"\/><img decoding=\"async\" loading=\"lazy\" src=\"data:image\/svg+xml,%3Csvg xmlns=%22http:\/\/www.w3.org\/2000\/svg%22 viewBox=%220 0 1 1%22 \/%3E\" alt=\"\" data-src=\"https:\/\/www.whw.de\/wp-content\/uploads\/Nina-Dittkowski_web-400x400-1.png\" width=\"400\" height=\"400\"><\/picture><h5 class=\"fc-leaf\">Nina Dittkowski<\/h5><span><\/span><a href=\"mailto:personal@whw.de\"><span class=\"mail\">personal@whw.de<\/span><\/a><\/div>\n\n\n\n<div class=\"contact-item\"><img data-picture-setting=\"1x1-icon\" class=\"wp-image-undefinedcontact\"\/><h5 class=\"fc-leaf\"><\/h5><span><\/span><\/div>\n\n\n\n<div class=\"contact-item\"><img data-picture-setting=\"1x1-icon\" class=\"wp-image-undefinedcontact\"\/><h5 class=\"fc-leaf\"><\/h5><span><\/span><\/div>\n<\/div>\n\n\n\n<h2 class=\"heading wp-block-heading\">Noch nicht das richtige DabeI?<\/h2>\n\n\n\n<a class=\"btn btn-primary bg-leaf btn-left\" href=\"https:\/\/www.whw.de\/karriere\/ausbildungsportal\/\" rel=\"noopener\">Zur\u00fcck zum Ausbildungsportal<\/a>\n<\/div>\n\n\n","protected":false},"excerpt":{"rendered":"","protected":false},"author":3,"featured_media":0,"parent":0,"menu_order":0,"comment_status":"closed","ping_status":"closed","template":"","meta":{"footnotes":""},"class_list":["post-2556","page","type-page","status-publish","hentry"],"_links":{"self":[{"href":"https:\/\/www.whw.de\/en\/wp-json\/wp\/v2\/pages\/2556","targetHints":{"allow":["GET"]}}],"collection":[{"href":"https:\/\/www.whw.de\/en\/wp-json\/wp\/v2\/pages"}],"about":[{"href":"https:\/\/www.whw.de\/en\/wp-json\/wp\/v2\/types\/page"}],"author":[{"embeddable":true,"href":"https:\/\/www.whw.de\/en\/wp-json\/wp\/v2\/users\/3"}],"replies":[{"embeddable":true,"href":"https:\/\/www.whw.de\/en\/wp-json\/wp\/v2\/comments?post=2556"}],"version-history":[{"count":1,"href":"https:\/\/www.whw.de\/en\/wp-json\/wp\/v2\/pages\/2556\/revisions"}],"predecessor-version":[{"id":3577,"href":"https:\/\/www.whw.de\/en\/wp-json\/wp\/v2\/pages\/2556\/revisions\/3577"}],"wp:attachment":[{"href":"https:\/\/www.whw.de\/en\/wp-json\/wp\/v2\/media?parent=2556"}],"curies":[{"name":"wp","href":"https:\/\/api.w.org\/{rel}","templated":true}]}}