{"id":2524,"date":"2024-12-03T16:02:22","date_gmt":"2024-12-03T15:02:22","guid":{"rendered":"https:\/\/www.whw.de\/beispielseite\/"},"modified":"2024-12-03T16:02:22","modified_gmt":"2024-12-03T15:02:22","slug":"beispielseite","status":"publish","type":"page","link":"https:\/\/www.whw.de\/en\/beispielseite\/","title":{"rendered":"Beispielseite"},"content":{"rendered":"\n<p>Hier sind alle Elemente f\u00fcr euch eingef\u00fcgt, so dass ihr sie f\u00fcr neue Seiten kopieren k\u00f6nnt oder euch generell einen \u00dcberblick verschaffen k\u00f6nnt! :)<\/p>\n\n\n\n<div class=\"container width-xl\"><div class=\"banner bg bg-grey-lighter\"><picture class=\"image\"><source media=\"(max-width: 799px)\" data-srcset=\"https:\/\/www.whw.de\/wp-content\/uploads\/whw_farbwolke-1-1920x1400px-72dpi-800x800.jpg\"\/><source media=\"(max-width: 1199px)\" data-srcset=\"https:\/\/www.whw.de\/wp-content\/uploads\/whw_farbwolke-1-1920x1400px-72dpi-1200x670.jpg\"\/><source media=\"(min-width: 1200px)\" data-srcset=\"https:\/\/www.whw.de\/wp-content\/uploads\/whw_farbwolke-1-1920x1400px-72dpi-1920x670.jpg\"\/><img decoding=\"async\" loading=\"lazy\" src=\"data:image\/svg+xml,%3Csvg xmlns=%22http:\/\/www.w3.org\/2000\/svg%22 viewBox=%220 0 192 67%22 \/%3E\" alt=\"\" data-src=\"https:\/\/www.whw.de\/wp-content\/uploads\/whw_farbwolke-1-1920x1400px-72dpi-1920x670.jpg\" width=\"1920\" height=\"670\"><\/picture><div class=\"content fc-black\">\n<h2 class=\"heading wp-block-heading\">Banner mit \u00dcberschrift<\/h2>\n\n\n\n<p>Lorem ipsum dolor sit amet, consetetur sadipscing elitr, sed diam nonumy eirmod tempor invidunt ut labore et dolore magna aliquyam erat, sed diam voluptua.<\/p>\n<\/div><\/div><div class=\"video\"><iframe src=\"https:\/\/www.youtube.com\/embed\/p6wBbvpWCv0\" title=\"YouTube video player\" frameborder=\"0\" allow=\"accelerometer; autoplay; clipboard-write; encrypted-media; gyroscope; picture-in-picture; web-share\" referrerpolicy=\"strict-origin-when-cross-origin\" allowfullscreen><\/iframe><\/div><\/div>\n\n\n\n<div class=\"container width-xl\"><div class=\"banner bg bg-grey-lighter\"><picture class=\"image\"><source media=\"(max-width: 799px)\" data-srcset=\"https:\/\/www.whw.de\/wp-content\/uploads\/whw_verlauf-final-800x800.png\"\/><source media=\"(max-width: 1199px)\" data-srcset=\"https:\/\/www.whw.de\/wp-content\/uploads\/whw_verlauf-final-1200x670.png\"\/><source media=\"(min-width: 1200px)\" data-srcset=\"https:\/\/www.whw.de\/wp-content\/uploads\/whw_verlauf-final-2000x670.png\"\/><img decoding=\"async\" loading=\"lazy\" src=\"data:image\/svg+xml,%3Csvg xmlns=%22http:\/\/www.w3.org\/2000\/svg%22 viewBox=%220 0 200 67%22 \/%3E\" alt=\"\" data-src=\"https:\/\/www.whw.de\/wp-content\/uploads\/whw_verlauf-final-2000x670.png\" width=\"2000\" height=\"670\"><\/picture><div class=\"content fc-black\">\n<h2 class=\"heading wp-block-heading\">Icon List<\/h2>\n\n\n\n<div class=\"icon-list\">\n<div class=\"icon-item\"><picture class=\"image icon\"><source media=\"(min-width: 0px)\" data-srcset=\"https:\/\/www.whw.de\/wp-content\/uploads\/auszubildende.png\"\/><img decoding=\"async\" loading=\"lazy\" src=\"data:image\/svg+xml,%3Csvg xmlns=%22http:\/\/www.w3.org\/2000\/svg%22 viewBox=%220 0 401 400%22 \/%3E\" alt=\"\" data-src=\"https:\/\/www.whw.de\/wp-content\/uploads\/auszubildende.png\" width=\"401\" height=\"400\"><\/picture><h6>\u00dcberschrift 1<\/h6><span>Lorem Ipsum<\/span><\/div>\n\n\n\n<div class=\"icon-item\"><picture class=\"image icon\"><source media=\"(min-width: 0px)\" data-srcset=\"https:\/\/www.whw.de\/wp-content\/uploads\/Group-8917-1-1.png\"\/><img decoding=\"async\" loading=\"lazy\" src=\"data:image\/svg+xml,%3Csvg xmlns=%22http:\/\/www.w3.org\/2000\/svg%22 viewBox=%220 0 301 300%22 \/%3E\" alt=\"\" data-src=\"https:\/\/www.whw.de\/wp-content\/uploads\/Group-8917-1-1.png\" width=\"301\" height=\"300\"><\/picture><h6>\u00dcberschrift 2<\/h6><span>Lorem Ipsum<\/span><\/div>\n\n\n\n<div class=\"icon-item\"><picture class=\"image icon\"><source media=\"(min-width: 0px)\" data-srcset=\"https:\/\/www.whw.de\/wp-content\/uploads\/gluehbirne.png\"\/><img decoding=\"async\" loading=\"lazy\" src=\"data:image\/svg+xml,%3Csvg xmlns=%22http:\/\/www.w3.org\/2000\/svg%22 viewBox=%220 0 401 400%22 \/%3E\" alt=\"\" data-src=\"https:\/\/www.whw.de\/wp-content\/uploads\/gluehbirne.png\" width=\"401\" height=\"400\"><\/picture><h6>\u00dcberschrift 3<\/h6><span>Lorem Ipsum<\/span><\/div>\n<\/div>\n<\/div><\/div><\/div>\n\n\n\n<h2 class=\"heading wp-block-heading\">Contact List<\/h2>\n\n\n\n<div class=\"contact-list\">\n<div class=\"contact-item\"><picture class=\"image contact\"><source media=\"(min-width: 0px)\" data-srcset=\"https:\/\/www.whw.de\/wp-content\/uploads\/Nico-Bajorat-M.Sc_.-400x400-1.jpg\"\/><img decoding=\"async\" loading=\"lazy\" src=\"data:image\/svg+xml,%3Csvg xmlns=%22http:\/\/www.w3.org\/2000\/svg%22 viewBox=%220 0 1 1%22 \/%3E\" alt=\"\" data-src=\"https:\/\/www.whw.de\/wp-content\/uploads\/Nico-Bajorat-M.Sc_.-400x400-1.jpg\" width=\"400\" height=\"400\"><\/picture><h5 class=\"fc-leaf\">Contact 1<\/h5><span>Position<\/span><a href=\"mailto:xy@whw.de\"><span class=\"mail\">xy@whw.de<\/span><\/a><\/div>\n\n\n\n<div class=\"contact-item\"><picture class=\"image contact\"><source media=\"(min-width: 0px)\" data-srcset=\"https:\/\/www.whw.de\/wp-content\/uploads\/Dr.-Sebastian-Gondzik-400x400-1.jpg\"\/><img decoding=\"async\" loading=\"lazy\" src=\"data:image\/svg+xml,%3Csvg xmlns=%22http:\/\/www.w3.org\/2000\/svg%22 viewBox=%220 0 1 1%22 \/%3E\" alt=\"\" data-src=\"https:\/\/www.whw.de\/wp-content\/uploads\/Dr.-Sebastian-Gondzik-400x400-1.jpg\" width=\"400\" height=\"400\"><\/picture><h5 class=\"fc-leaf\">Contact 2<\/h5><span>Position<\/span><a href=\"mailto:xy@whw.de\"><span class=\"mail\">xy@whw.de<\/span><\/a><\/div>\n<\/div>\n\n\n\n<div class=\"container width-xl\"><div class=\"sdgs bg bg-grey-lighter\"><h2>SDGS<\/h2><div class=\"cols\">\n<div class=\"sdgs-item\"><picture class=\"image icon\"><source media=\"(min-width: 0px)\" data-srcset=\"https:\/\/www.whw.de\/wp-content\/uploads\/Group-9004.png\"\/><img decoding=\"async\" loading=\"lazy\" src=\"data:image\/svg+xml,%3Csvg xmlns=%22http:\/\/www.w3.org\/2000\/svg%22 viewBox=%220 0 225 226%22 \/%3E\" alt=\"\" data-src=\"https:\/\/www.whw.de\/wp-content\/uploads\/Group-9004.png\" width=\"225\" height=\"226\"><\/picture><p>Lorem ipsum dolor sit amet, consetetur sadipscing elitr, sed diam nonumy eirmod tempor invidunt ut labore et dolore magna aliquyam erat, sed diam voluptua.<\/p><\/div>\n\n\n\n<div class=\"sdgs-item\"><picture class=\"image icon\"><source media=\"(min-width: 0px)\" data-srcset=\"https:\/\/www.whw.de\/wp-content\/uploads\/Group-9455.png\"\/><img decoding=\"async\" loading=\"lazy\" src=\"data:image\/svg+xml,%3Csvg xmlns=%22http:\/\/www.w3.org\/2000\/svg%22 viewBox=%220 0 225 226%22 \/%3E\" alt=\"\" data-src=\"https:\/\/www.whw.de\/wp-content\/uploads\/Group-9455.png\" width=\"225\" height=\"226\"><\/picture><p>Lorem ipsum dolor sit amet, consetetur sadipscing elitr, sed diam nonumy eirmod tempor invidunt ut labore et dolore magna aliquyam erat, sed diam voluptua.<\/p><\/div>\n<\/div><\/div><\/div>\n\n\n\n<h2 class=\"heading wp-block-heading\">Texte<\/h2>\n\n\n\n<p>Wenn ihr eine \u00dcberschrift und einen normalen Absatz ausw\u00e4hlt, ist die Schrift linksb\u00fcndig.<\/p>\n\n\n\n<div class=\"container width-xl\"><div class=\"simple-content\">\n<h2 class=\"heading wp-block-heading\">Simple Content<\/h2>\n\n\n\n<p>Wenn ihr den Block &#8220;Simple Content&#8221; ausw\u00e4hlt, ist die Schrift zentriert.<\/p>\n<\/div><\/div>\n\n\n\n<div class=\"container width-xl\"><div class=\"accordion-wrapper\"><h3>Accordion<\/h3><div class=\"hr-leaf\"><\/div><div class=\"accordion\">\n<div id=\"accordion-item-1730729252866\" class=\"item\"><button class=\"control\" type=\"button\" aria-expanded=\"false\"><h5>Nummer 1<\/h5><\/button><div class=\"content\">\n<p>Lorem ipsum dolor sit amet, consetetur sadipscing elitr, sed diam nonumy eirmod tempor invidunt ut labore et dolore magna aliquyam erat, sed diam voluptua.<\/p>\n\n\n\n<a class=\"btn btn-primary bg-leaf\" rel=\"noopener\">Button<\/a>\n<\/div><\/div>\n\n\n\n<div id=\"accordion-item-1730729286676\" class=\"item\"><button class=\"control\" type=\"button\" aria-expanded=\"false\"><h5>Nummer 2<\/h5><\/button><div class=\"content\">\n<p>Lorem ipsum dolor sit amet, consetetur sadipscing elitr, sed diam nonumy eirmod tempor invidunt ut labore et dolore magna aliquyam erat, sed diam voluptua.<\/p>\n<\/div><\/div>\n<\/div><\/div><\/div>\n\n\n\n<h2 class=\"heading wp-block-heading\">Columns<\/h2>\n\n\n\n<div class=\"container width-xl\"><div class=\"cols\">\n<div class=\"col\">\n<div class=\"content-column content\"><picture class=\"image\"><source media=\"(max-width: 599px)\" data-srcset=\"https:\/\/www.whw.de\/wp-content\/uploads\/whw_farbwolke-1-1920x1400px-72dpi-600x450.jpg\"\/><source media=\"(min-width: 600px)\" data-srcset=\"https:\/\/www.whw.de\/wp-content\/uploads\/whw_farbwolke-1-1920x1400px-72dpi-800x600.jpg\"\/><img decoding=\"async\" loading=\"lazy\" src=\"data:image\/svg+xml,%3Csvg xmlns=%22http:\/\/www.w3.org\/2000\/svg%22 viewBox=%220 0 4 3%22 \/%3E\" alt=\"\" data-src=\"https:\/\/www.whw.de\/wp-content\/uploads\/whw_farbwolke-1-1920x1400px-72dpi-800x600.jpg\" width=\"800\" height=\"600\"><\/picture><h4>Content Column<\/h4><p>Lorem ipsum dolor sit amet, consetetur sadipscing elitr, sed diam nonumy eirmod tempor invidunt ut labore et dolore magna aliquyam erat, sed diam voluptua.<\/p>\n<a class=\"btn btn-primary bg-leaf\" rel=\"noopener\">Button<\/a>\n<\/div>\n<\/div>\n\n\n\n<div class=\"col\">\n<div class=\"simple-card fc-black\"><picture class=\"image\"><source media=\"(max-width: 575px)\" data-srcset=\"https:\/\/www.whw.de\/wp-content\/uploads\/whw_farbwolke-1-1920x1400px-72dpi-600x400.jpg\"\/><source media=\"(max-width: 991px)\" data-srcset=\"https:\/\/www.whw.de\/wp-content\/uploads\/whw_farbwolke-1-1920x1400px-72dpi-800x270.jpg\"\/><source media=\"(max-width: 1199px)\" data-srcset=\"https:\/\/www.whw.de\/wp-content\/uploads\/whw_farbwolke-1-1920x1400px-72dpi-600x400.jpg\"\/><source media=\"(min-width: 1200px)\" data-srcset=\"https:\/\/www.whw.de\/wp-content\/uploads\/whw_farbwolke-1-1920x1400px-72dpi-800x270.jpg\"\/><img decoding=\"async\" loading=\"lazy\" src=\"data:image\/svg+xml,%3Csvg xmlns=%22http:\/\/www.w3.org\/2000\/svg%22 viewBox=%220 0 80 27%22 \/%3E\" alt=\"\" data-src=\"https:\/\/www.whw.de\/wp-content\/uploads\/whw_farbwolke-1-1920x1400px-72dpi-800x270.jpg\" width=\"800\" height=\"270\"><\/picture><h5>Simple Card<\/h5><p>Lorem ipsum dolor sit amet, consetetur sadipscing elitr, sed diam nonumy eirmod tempor invidunt ut labore et dolore magna aliquyam erat, sed diam voluptua.<\/p>\n<a class=\"btn btn-primary bg-leaf\" rel=\"noopener\">Button<\/a>\n<\/div>\n<\/div>\n<\/div><\/div>\n\n\n\n<div class=\"container width-xl\"><div class=\"cols\">\n<div class=\"col\">\n<div class=\"text-column\"><picture class=\"image\"><source media=\"(min-width: 0px)\" data-srcset=\"https:\/\/www.whw.de\/wp-content\/uploads\/whw_farbwolke-1-1920x1400px-72dpi.jpg\"\/><img decoding=\"async\" loading=\"lazy\" src=\"data:image\/svg+xml,%3Csvg xmlns=%22http:\/\/www.w3.org\/2000\/svg%22 viewBox=%220 0 48 35%22 \/%3E\" alt=\"\" data-src=\"https:\/\/www.whw.de\/wp-content\/uploads\/whw_farbwolke-1-1920x1400px-72dpi.jpg\" width=\"1920\" height=\"1400\"><\/picture><h3 class=\"headline\">Text Column<\/h3><div class=\"hr-leaf\"><\/div><p>Lorem ipsum dolor sit amet, consetetur sadipscing elitr, sed diam nonumy eirmod tempor invidunt ut labore et dolore magna aliquyam erat, sed diam voluptua.<\/p>\n<a class=\"btn btn-primary bg-leaf\" rel=\"noopener\">Button<\/a>\n<\/div>\n<\/div>\n\n\n\n<div class=\"col\">\n<div class=\"brand-card\"><picture class=\"image logo\"><source media=\"(min-width: 0px)\" data-srcset=\"https:\/\/www.whw.de\/wp-content\/uploads\/whw_farbwolke-1-1920x1400px-72dpi.jpg\"\/><img decoding=\"async\" loading=\"lazy\" src=\"data:image\/svg+xml,%3Csvg xmlns=%22http:\/\/www.w3.org\/2000\/svg%22 viewBox=%220 0 48 35%22 \/%3E\" alt=\"\" data-src=\"https:\/\/www.whw.de\/wp-content\/uploads\/whw_farbwolke-1-1920x1400px-72dpi.jpg\" width=\"1920\" height=\"1400\"><\/picture><h4>Brand Column<\/h4><p>Lorem ipsum dolor sit amet, consetetur sadipscing elitr, sed diam nonumy eirmod tempor invidunt ut labore et dolore magna aliquyam erat, sed diam voluptua.<\/p><img data-picture-setting=\"grid-image-1x1\" class=\"wp-image-undefinedicon\"\/><\/div>\n<\/div>\n<\/div><\/div>\n\n\n\n<div class=\"container width-xl\"><div class=\"cols\">\n<div class=\"col\">\n<picture class=\"image\"><source media=\"(max-width: 599px)\" data-srcset=\"https:\/\/www.whw.de\/wp-content\/uploads\/whw_farbwolke-1-1920x1400px-72dpi-600x450.jpg\"\/><source media=\"(min-width: 600px)\" data-srcset=\"https:\/\/www.whw.de\/wp-content\/uploads\/whw_farbwolke-1-1920x1400px-72dpi-800x600.jpg\"\/><img decoding=\"async\" loading=\"lazy\" src=\"data:image\/svg+xml,%3Csvg xmlns=%22http:\/\/www.w3.org\/2000\/svg%22 viewBox=%220 0 4 3%22 \/%3E\" alt=\"\" data-src=\"https:\/\/www.whw.de\/wp-content\/uploads\/whw_farbwolke-1-1920x1400px-72dpi-800x600.jpg\" width=\"800\" height=\"600\"><\/picture>\n<\/div>\n\n\n\n<div class=\"col\">\n<div class=\"image-card\"><picture class=\"image\"><source media=\"(max-width: 599px)\" data-srcset=\"https:\/\/www.whw.de\/wp-content\/uploads\/whw_farbwolke-1-1920x1400px-72dpi-600x450.jpg\"\/><source media=\"(min-width: 600px)\" data-srcset=\"https:\/\/www.whw.de\/wp-content\/uploads\/whw_farbwolke-1-1920x1400px-72dpi-800x600.jpg\"\/><img decoding=\"async\" loading=\"lazy\" src=\"data:image\/svg+xml,%3Csvg xmlns=%22http:\/\/www.w3.org\/2000\/svg%22 viewBox=%220 0 4 3%22 \/%3E\" alt=\"\" data-src=\"https:\/\/www.whw.de\/wp-content\/uploads\/whw_farbwolke-1-1920x1400px-72dpi-800x600.jpg\" width=\"800\" height=\"600\"><\/picture><div class=\"image-overlay\"><h4>Image Card<\/h4>\n<a class=\"btn btn-primary bg-leaf\" rel=\"noopener\">Button<\/a>\n<\/div><\/div>\n<\/div>\n<\/div><\/div>\n\n\n\n<p>image colum links<\/p>\n","protected":false},"excerpt":{"rendered":"Hier sind alle Elemente f\u00fcr euch eingef\u00fcgt, so dass ihr sie f\u00fcr neue Seiten kopieren k\u00f6nnt oder euch generell einen \u00dcberblick verschaffen k\u00f6nnt! :) Contact List Texte Wenn ihr eine \u00dcberschrift und einen normalen Absatz ausw\u00e4hlt, ist die Schrift linksb\u00fcndig. Columns image colum links","protected":false},"author":3,"featured_media":0,"parent":0,"menu_order":0,"comment_status":"closed","ping_status":"closed","template":"","meta":{"footnotes":""},"class_list":["post-2524","page","type-page","status-publish","hentry"],"_links":{"self":[{"href":"https:\/\/www.whw.de\/en\/wp-json\/wp\/v2\/pages\/2524","targetHints":{"allow":["GET"]}}],"collection":[{"href":"https:\/\/www.whw.de\/en\/wp-json\/wp\/v2\/pages"}],"about":[{"href":"https:\/\/www.whw.de\/en\/wp-json\/wp\/v2\/types\/page"}],"author":[{"embeddable":true,"href":"https:\/\/www.whw.de\/en\/wp-json\/wp\/v2\/users\/3"}],"replies":[{"embeddable":true,"href":"https:\/\/www.whw.de\/en\/wp-json\/wp\/v2\/comments?post=2524"}],"version-history":[{"count":0,"href":"https:\/\/www.whw.de\/en\/wp-json\/wp\/v2\/pages\/2524\/revisions"}],"wp:attachment":[{"href":"https:\/\/www.whw.de\/en\/wp-json\/wp\/v2\/media?parent=2524"}],"curies":[{"name":"wp","href":"https:\/\/api.w.org\/{rel}","templated":true}]}}